{"id":68251697,"date":"2021-09-15T16:41:09","date_gmt":"2021-09-15T14:41:09","guid":{"rendered":"https:\/\/kraftwerk-gruppe.de\/?post_type=product&#038;p=68251697"},"modified":"2026-04-17T14:14:28","modified_gmt":"2026-04-17T12:14:28","slug":"portowana-przepustnica-v8","status":"publish","type":"product","link":"https:\/\/kraftwerk-shop.cc\/pl\/produkt\/geportete-drosselklappe-v8\/","title":{"rendered":"Zamontowana przepustnica Mopar"},"content":{"rendered":"<h1>Portowany korpus przepustnicy do Chrysler 300C, Dodge Challenger, Charger, Durango, Magnum, Jeep Commander, Gladiator, Grand Cherokee, Wrangler, RAM<\/h1>\n<p>&nbsp;<\/p>\n<p>Portowana przepustnica bazuje na oryginalnych cz\u0119\u015bciach, kt\u00f3rych \u015brednica zosta\u0142a powi\u0119kszona w procesie obr\u00f3bki CNC. Efekt Venturiego zosta\u0142 osi\u0105gni\u0119ty dzi\u0119ki zmiennemu rozmiarowi przepustnicy, co skutkuje wy\u017cszym nat\u0119\u017ceniem przep\u0142ywu powietrza i lepszym zachowaniem podczas reakcji.<br \/>\nNajlepsz\u0105 rzecz\u0105 jest to, \u017ce nie s\u0105 wymagane \u017cadne modyfikacje pojazdu, poniewa\u017c przepustnica OEM jest u\u017cywana jako podstawa.<br \/>\nPonadto nie mo\u017cna go rozpozna\u0107 z zewn\u0105trz i nie ma \u017cadnych problem\u00f3w z elektronik\u0105, poniewa\u017c nadal u\u017cywany jest oryginalny serwomotor.<\/p>\n<p>&nbsp;<\/p>\n<p><strong>Zalety przepustnicy z portami:<\/strong><\/p>\n<ul>\n<li>Wi\u0119ksza moc i moment obrotowy<br \/>\nZe wzgl\u0119du na powi\u0119kszony przekr\u00f3j i wyg\u0142adzone kana\u0142y powietrzne, do silnika dop\u0142ywa wi\u0119cej powietrza przy wy\u017cszych obrotach.<br \/>\nMo\u017ce to prowadzi\u0107 do zauwa\u017calnego wzrostu mocy i momentu obrotowego - szczeg\u00f3lnie w dolnym i \u015brednim zakresie pr\u0119dko\u015bci.<\/li>\n<li>Szybsza reakcja<br \/>\nUlepszony dop\u0142yw powietrza oznacza, \u017ce silnik szybciej reaguje na ruchy peda\u0142u przyspieszenia.<\/li>\n<li>Lepsza wydajno\u015b\u0107 nawiewu powietrza<br \/>\nDzi\u0119ki zmniejszeniu strat przep\u0142ywu silnik pracuje wydajniej.<\/li>\n<li>Kompatybilno\u015b\u0107 z OEM i plug-and-play<br \/>\nOryginalna przepustnica jest konwertowana, tzn. wszystkie czujniki i serwomotory s\u0105 zachowane.<\/li>\n<li>Nie jest konieczna modyfikacja jednostki steruj\u0105cej ani dostosowanie urz\u0105dze\u0144 peryferyjnych.<\/li>\n<li>Niezmieniony wygl\u0105d zewn\u0119trzny<br \/>\nPoniewa\u017c obudowa pozostaje oryginalna, zmiana jest ledwo rozpoznawalna z zewn\u0105trz - dobre dla os\u00f3b, kt\u00f3re preferuj\u0105 niepozorny tuning.<\/li>\n<\/ul>\n<p>&nbsp;<\/p>\n<p><strong>Liczby por\u00f3wnawcze Mopar:<\/strong><\/p>\n<p><strong>3.5:<\/strong> 4861694AA, 4861691AA<br \/>\n<strong>3.6:<\/strong> 5184349AB, 5184349AC, 5184349AD, 5184349AE, 5184349AF<br \/>\n<strong>5.7:<\/strong> 68060354AA, 4591847AB, 4591847AC, 53034251AB, 53034251AC, 53034251AD<br \/>\n<strong>6.1<\/strong>68060354AA, 4591847AB, 4591847AC<br \/>\n<strong>6.2:<\/strong> 68184386AA, 68184386AB, 68184386AC, 68184386AD, 68184386AE<br \/>\n<strong>6.4:<\/strong> 53034251AB, 53034251AC, 53034251AD<\/p>\n<p>&nbsp;<\/p>\n<p><strong>Odpowiedni dla:<\/strong><\/p>\n<table width=\"370\">\n<tbody>\n<tr>\n<td width=\"122\"><strong>Marka<\/strong><\/td>\n<td width=\"83\"><strong>Model\u00a0<\/strong><\/td>\n<td width=\"165\"><strong>Silnik<\/strong><\/td>\n<\/tr>\n<tr>\n<td width=\"122\">Chrysler<\/td>\n<td width=\"83\">300C<\/td>\n<td width=\"165\">2.7, 3.5, 3.6, 5.7, 6.1, 6.4<\/td>\n<\/tr>\n<tr>\n<td width=\"122\">Dodge<\/td>\n<td width=\"83\">Challenger<\/td>\n<td width=\"165\">3.5, 3.6, 5.7, 6.1, 6.2 Hellcat, 6.4<\/td>\n<\/tr>\n<tr>\n<td width=\"122\">Dodge<\/td>\n<td width=\"83\">Charger<\/td>\n<td width=\"165\">2.7, 3.5, 3.6, 5.7, 6.1, 6.2 Hellcat, 6.4<\/td>\n<\/tr>\n<tr>\n<td width=\"122\">Dodge<\/td>\n<td width=\"83\">Magnum<\/td>\n<td width=\"165\">2.7, 3.5, 5.7, 6.1<\/td>\n<\/tr>\n<tr>\n<td width=\"122\">Dodge<\/td>\n<td width=\"83\">Durango<\/td>\n<td width=\"165\">5.7, 6.2 Hellcat, 6.4<\/td>\n<\/tr>\n<tr>\n<td width=\"122\">Jeep<\/td>\n<td width=\"83\">Commander<\/td>\n<td width=\"165\">5.7<\/td>\n<\/tr>\n<tr>\n<td width=\"122\">Jeep<\/td>\n<td width=\"83\">Gladiator<\/td>\n<td width=\"165\">3.6<\/td>\n<\/tr>\n<tr>\n<td width=\"122\">Jeep<\/td>\n<td width=\"83\">Grand Cherokee<\/td>\n<td width=\"165\">3.6, 5.7, 6.1, 6.2 Trackhawk, 6.4<\/td>\n<\/tr>\n<tr>\n<td>Jeep<\/td>\n<td>Grand Wagonner<\/td>\n<td>6.4<\/td>\n<\/tr>\n<tr>\n<td width=\"122\">Jeep<\/td>\n<td width=\"83\">Wrangler<\/td>\n<td width=\"165\">3.6<\/td>\n<\/tr>\n<tr>\n<td width=\"122\">RAM<\/td>\n<td width=\"83\">1500<\/td>\n<td width=\"165\">3.6, 5.7, TRX<\/td>\n<\/tr>\n<\/tbody>\n<\/table>\n<p>&nbsp;<\/p>\n<p>Uwaga: poniewa\u017c stara konstrukcja nie jest obecnie dost\u0119pna, otrzymasz now\u0105 konstrukcj\u0119 wraz z przewodem adaptera. Wraz z przewodem adaptera nowe przepustnice s\u0105 w pe\u0142ni kompatybilne ze star\u0105 wersj\u0105.<\/p>\n<p>&nbsp;<\/p>\n<p>W latach 2012-2013 zmieniono konstrukcj\u0119 przepustnic w 8-cylindrowych modelach z silnikami o pojemno\u015bci 5,7 i 6,4 litra.<br \/>\nJe\u015bli nie masz pewno\u015bci, kt\u00f3ry wariant posiadasz, mo\u017cesz przypisa\u0107 go za pomoc\u0105 tego obrazu:<\/p>\n<p><img decoding=\"async\" class=\"aligncenter wp-image-68256634\" src=\"https:\/\/kraftwerk-shop.cc\/wp-content\/uploads\/2021\/09\/Drosselklappe-Zuordnung-Chrylser_Dodge_Jeep-1024x977.jpg\" alt=\"Przepustnica Chrysler, Dodge, Jeep\" width=\"450\" height=\"429\" \/><\/p>","protected":false},"excerpt":{"rendered":"<p>Portowy zaw\u00f3r d\u0142awi\u0105cy dla Chrysler 300C, Dodge Challenger, Charger, Durango, Magnum, Jeep Commander, Gladiator, Grand Cherokee, Wrangler, RAM Portowy zaw\u00f3r d\u0142awi\u0105cy dla<\/p>","protected":false},"featured_media":68317712,"comment_status":"open","ping_status":"closed","template":"","meta":{"_acf_changed":false},"product_brand":[19068],"product_cat":[2728,2522,2506,4973,2507,2517,2647,2729,2523,2501,2514,1790,2512,2589,2524,2502,5151,2504,2515,2516,2525,2521,2711,2520,2651,2726,2503,2505,2745,3008,2526,4798,2500,2499,2668,2518,6784,2946,2700],"product_tag":[18110,18111,18109,18112,18113,18114,18115,18116,18117,18118,18119,87,88,169,52,217,11090,11091,11083,11082,91,11084,11085,11086,11087,11088,11092,11093,11094,92,93,11089,181,2386,2387,2388,11095,161,54,53,48,536,94,49,3853,3854,158,162,56,159,160,100,126,50,4425,4427,4426,36,55,96,102,2353],"class_list":{"0":"post-68251697","1":"product","2":"type-product","3":"status-publish","4":"has-post-thumbnail","6":"product_brand-kraftwerk","7":"product_cat-300c-35-ansaugung","8":"product_cat-300c-36-ansaugung","9":"product_cat-300c-57-2005-2010-ansaugung","10":"product_cat-300c-57-2011-2023-ansaugung","11":"product_cat-300c-61-ansaugung","12":"product_cat-300c-64-ansaugung","13":"product_cat-avenger-motor","14":"product_cat-challenger-35-ansaugung","15":"product_cat-challenger-36-ansaugung","16":"product_cat-challenger-57-ansaugung","17":"product_cat-challenger-61-ansaugung","18":"product_cat-challenger-hellcat-ansaugung","19":"product_cat-challenger-64-ansaugung","20":"product_cat-charger-35-ansaugung","21":"product_cat-charger-36-ansaugung","22":"product_cat-charger-57-ansaugung","23":"product_cat-charger-57-2011-2023-ansaugung","24":"product_cat-charger-61-ansaugung","25":"product_cat-charger-hellcat-ansaugung","26":"product_cat-charger-64-ansaugung","27":"product_cat-durango-36-ansaugung","28":"product_cat-durango-57-ansaugung","29":"product_cat-durango-hellcat-ansaugung","30":"product_cat-durango-64-ansaugung","31":"product_cat-dodge-journey-motor","32":"product_cat-magnum-35-ansaugung","33":"product_cat-magnum-57-ansaugung","34":"product_cat-magnum-61-ansaugung","35":"product_cat-commander-ansaugung","36":"product_cat-gladiator-36-ansaugung","37":"product_cat-grand-cherokee-36-ansaugung","38":"product_cat-grand-cherokee-57-2005-2010-ansaugung","39":"product_cat-grand-cherokee-57-2011-2021-ansaugung","40":"product_cat-grand-cherokee-61-ansaugung","41":"product_cat-trackhawk-ansaugung","42":"product_cat-grand-cherokee-64-ansaugung","43":"product_cat-wagoneer-64-ansaugung","44":"product_cat-wrangler-36-ansaugung","45":"product_cat-trx-ansaugung","46":"product_tag-04591847ab","47":"product_tag-04591847ac","48":"product_tag-04861691aa","49":"product_tag-04861694aa","50":"product_tag-05184349ab","51":"product_tag-05184349ac","52":"product_tag-05184349ae","53":"product_tag-05184349af","54":"product_tag-053034251ab","55":"product_tag-053034251ac","56":"product_tag-053034251ad","57":"product_tag-2-7","58":"product_tag-3-5","59":"product_tag-3-6","60":"product_tag-300c","61":"product_tag-217","62":"product_tag-4591847ab","63":"product_tag-4591847ac","64":"product_tag-4861691aa","65":"product_tag-4861694aa","66":"product_tag-5-7","67":"product_tag-5184349ab","68":"product_tag-5184349ac","69":"product_tag-5184349ad","70":"product_tag-5184349ae","71":"product_tag-5184349af","72":"product_tag-53034251ab","73":"product_tag-53034251ac","74":"product_tag-53034251ad","75":"product_tag-6-1","76":"product_tag-6-4","77":"product_tag-68060354aa","78":"product_tag-68184386aa","79":"product_tag-68184386ab","80":"product_tag-68184386ac","81":"product_tag-68184386ad","82":"product_tag-68184386ae","83":"product_tag-87-mm","84":"product_tag-challenger","85":"product_tag-charger","86":"product_tag-chrysler","87":"product_tag-chrysler-300c","88":"product_tag-commander","89":"product_tag-dodge","90":"product_tag-dodge-challenger","91":"product_tag-dodge-charger","92":"product_tag-drosselklappe","93":"product_tag-geportet","94":"product_tag-grand-cherokee","95":"product_tag-gross","96":"product_tag-groesser","97":"product_tag-hellcat","98":"product_tag-hemi","99":"product_tag-jeep","100":"product_tag-jeep-grand-cherokee","101":"product_tag-jeep-grand-cherokee-trackhawk","102":"product_tag-jeep-trackhawk","103":"product_tag-kraftwerk","104":"product_tag-magnum","105":"product_tag-srt","106":"product_tag-trackhawk","107":"product_tag-trx","108":"product_shipping_class-deutschlandohne","110":"first","111":"instock","112":"taxable","113":"shipping-taxable","114":"purchasable","115":"product-type-variable"},"bundled_by":[],"bundle_stock_status":"instock","bundle_stock_quantity":3,"bundle_virtual":false,"bundle_layout":"","bundle_add_to_cart_form_location":"","bundle_editable_in_cart":false,"bundle_sold_individually_context":"","bundle_item_grouping":"","bundle_min_size":"","bundle_max_size":"","bundle_price":[],"bundled_items":[],"bundle_sell_ids":[],"exclude_global_add_ons":[],"addons":[],"acf":[],"_links":{"self":[{"href":"https:\/\/kraftwerk-shop.cc\/pl\/wp-json\/wp\/v2\/product\/68251697","targetHints":{"allow":["GET"]}}],"collection":[{"href":"https:\/\/kraftwerk-shop.cc\/pl\/wp-json\/wp\/v2\/product"}],"about":[{"href":"https:\/\/kraftwerk-shop.cc\/pl\/wp-json\/wp\/v2\/types\/product"}],"replies":[{"embeddable":true,"href":"https:\/\/kraftwerk-shop.cc\/pl\/wp-json\/wp\/v2\/comments?post=68251697"}],"version-history":[{"count":0,"href":"https:\/\/kraftwerk-shop.cc\/pl\/wp-json\/wp\/v2\/product\/68251697\/revisions"}],"wp:featuredmedia":[{"embeddable":true,"href":"https:\/\/kraftwerk-shop.cc\/pl\/wp-json\/wp\/v2\/media\/68317712"}],"wp:attachment":[{"href":"https:\/\/kraftwerk-shop.cc\/pl\/wp-json\/wp\/v2\/media?parent=68251697"}],"wp:term":[{"taxonomy":"product_brand","embeddable":true,"href":"https:\/\/kraftwerk-shop.cc\/pl\/wp-json\/wp\/v2\/product_brand?post=68251697"},{"taxonomy":"product_cat","embeddable":true,"href":"https:\/\/kraftwerk-shop.cc\/pl\/wp-json\/wp\/v2\/product_cat?post=68251697"},{"taxonomy":"product_tag","embeddable":true,"href":"https:\/\/kraftwerk-shop.cc\/pl\/wp-json\/wp\/v2\/product_tag?post=68251697"}],"curies":[{"name":"wp","href":"https:\/\/api.w.org\/{rel}","templated":true}]}}