{"id":68251746,"date":"2021-09-15T16:50:22","date_gmt":"2021-09-15T14:50:22","guid":{"rendered":"https:\/\/kraftwerk-gruppe.de\/?post_type=product&#038;p=68251746"},"modified":"2026-03-26T18:08:57","modified_gmt":"2026-03-26T17:08:57","slug":"ported-throttle-valve-ram-57","status":"publish","type":"product","link":"https:\/\/kraftwerk-shop.cc\/pl\/produkt\/geportete-drosselklappe-ram-57\/","title":{"rendered":"Zamontowana przepustnica do RAM 5.7 od 2013 roku"},"content":{"rendered":"<h1>Zamontowana przepustnica do RAM 5.7 od 2013 roku<\/h1>\n<p>&nbsp;<\/p>\n<p>\u015arednica przepustnicy zosta\u0142a zwi\u0119kszona z 80 do 87 mm.<\/p>\n<p>Rozmiar przepustnicy zmienia si\u0119 w celu uzyskania tzw. efektu Venturiego.<\/p>\n<p>Wy\u017cszy przep\u0142yw powietrza i lepsza reakcja.<br \/>\nPoniewa\u017c jest to przebudowana oryginalna cz\u0119\u015b\u0107, z zewn\u0105trz nie ma \u017cadnej rozpoznawalnej r\u00f3\u017cnicy w stosunku do cz\u0119\u015bci standardowej.<\/p>\n<p>Szczeg\u00f3lnie nadaje si\u0119 do pojazd\u00f3w o zwi\u0119kszonych osi\u0105gach.<\/p>\n<p>Oryginalny korpus przepustnicy 80 mm okaza\u0142 si\u0119 w\u0105skim gard\u0142em w wielu zastosowaniach w pojazdach, ale dzi\u0119ki nowej konstrukcji przypominaj\u0105cej otw\u00f3r wentylacyjny, przep\u0142yw powietrza przez oryginalny korpus przepustnicy zosta\u0142 zwi\u0119kszony bez po\u015bwi\u0119cania pr\u0119dko\u015bci powietrza (jak w przypadku korpus\u00f3w przepustnicy o prostym otworze 85 mm i 90 mm), umo\u017cliwiaj\u0105c jeszcze wi\u0119ksz\u0105 moc, b\u0119d\u0105c jednocze\u015bnie bezpo\u015brednim zamiennikiem.<\/p>\n<p>Korpusy przepustnicy o wysokiej pr\u0119dko\u015bci obrotowej to zupe\u0142nie nowe, obrabiane CNC korpusy przepustnicy OEM.<\/p>\n<p>&nbsp;<\/p>\n<p><strong>Odpowiedni dla:<\/strong><\/p>\n<table width=\"371\">\n<tbody>\n<tr>\n<td width=\"122\"><strong>Marka<\/strong><\/td>\n<td width=\"83\"><strong>Model<\/strong><\/td>\n<td width=\"83\"><strong>Silnik<\/strong><\/td>\n<td width=\"83\"><strong>Rok<\/strong><\/td>\n<\/tr>\n<tr>\n<td>RAM<\/td>\n<td>1500<\/td>\n<td>5.7<\/td>\n<td>2013\u20132023<\/td>\n<\/tr>\n<\/tbody>\n<\/table>\n<p>&nbsp;<\/p>","protected":false},"excerpt":{"rendered":"<p>Przepustnica pasuj\u0105ca do RAM 5.7 od 2013 roku \u015arednica przepustnicy zosta\u0142a zwi\u0119kszona z 80 do 87 mm.<\/p>","protected":false},"featured_media":68275150,"comment_status":"open","ping_status":"closed","template":"","meta":{"_acf_changed":false},"product_brand":[19068],"product_cat":[1512,5009],"product_tag":[165,91,161,49,158,162,159,160,126,36,86],"class_list":{"0":"post-68251746","1":"product","2":"type-product","3":"status-publish","4":"has-post-thumbnail","6":"product_brand-kraftwerk","7":"product_cat-1500-57-2009-2018-classic-ansaugung","8":"product_cat-1500-57-dt-ansaugung","9":"product_tag-165","10":"product_tag-5-7","11":"product_tag-87-mm","12":"product_tag-dodge","13":"product_tag-drosselklappe","14":"product_tag-geportet","15":"product_tag-gross","16":"product_tag-groesser","17":"product_tag-hemi","18":"product_tag-kraftwerk","19":"product_tag-ram","21":"first","22":"outofstock","23":"taxable","24":"shipping-taxable","25":"purchasable","26":"product-type-simple"},"bundled_by":[],"bundle_stock_status":"outofstock","bundle_stock_quantity":0,"bundle_virtual":false,"bundle_layout":"","bundle_add_to_cart_form_location":"","bundle_editable_in_cart":false,"bundle_sold_individually_context":"","bundle_item_grouping":"","bundle_min_size":"","bundle_max_size":"","bundle_price":[],"bundled_items":[],"bundle_sell_ids":[],"exclude_global_add_ons":[],"addons":[],"acf":[],"_links":{"self":[{"href":"https:\/\/kraftwerk-shop.cc\/pl\/wp-json\/wp\/v2\/product\/68251746","targetHints":{"allow":["GET"]}}],"collection":[{"href":"https:\/\/kraftwerk-shop.cc\/pl\/wp-json\/wp\/v2\/product"}],"about":[{"href":"https:\/\/kraftwerk-shop.cc\/pl\/wp-json\/wp\/v2\/types\/product"}],"replies":[{"embeddable":true,"href":"https:\/\/kraftwerk-shop.cc\/pl\/wp-json\/wp\/v2\/comments?post=68251746"}],"version-history":[{"count":0,"href":"https:\/\/kraftwerk-shop.cc\/pl\/wp-json\/wp\/v2\/product\/68251746\/revisions"}],"wp:featuredmedia":[{"embeddable":true,"href":"https:\/\/kraftwerk-shop.cc\/pl\/wp-json\/wp\/v2\/media\/68275150"}],"wp:attachment":[{"href":"https:\/\/kraftwerk-shop.cc\/pl\/wp-json\/wp\/v2\/media?parent=68251746"}],"wp:term":[{"taxonomy":"product_brand","embeddable":true,"href":"https:\/\/kraftwerk-shop.cc\/pl\/wp-json\/wp\/v2\/product_brand?post=68251746"},{"taxonomy":"product_cat","embeddable":true,"href":"https:\/\/kraftwerk-shop.cc\/pl\/wp-json\/wp\/v2\/product_cat?post=68251746"},{"taxonomy":"product_tag","embeddable":true,"href":"https:\/\/kraftwerk-shop.cc\/pl\/wp-json\/wp\/v2\/product_tag?post=68251746"}],"curies":[{"name":"wp","href":"https:\/\/api.w.org\/{rel}","templated":true}]}}