{"id":68251822,"date":"2021-09-17T08:01:05","date_gmt":"2021-09-17T06:01:05","guid":{"rendered":"https:\/\/kraftwerk-gruppe.de\/?post_type=product&#038;p=68251822"},"modified":"2026-02-15T00:45:29","modified_gmt":"2026-02-14T23:45:29","slug":"bbk-100-mm-przepustnica-hellcat-trackhawk","status":"publish","type":"product","link":"https:\/\/kraftwerk-shop.cc\/pl\/produkt\/bbk-100-mm-drosselklappe-hellcat-trackhawk\/","title":{"rendered":"Przepustnica BBK 100 mm Hellcat, Trackhawk i TRX"},"content":{"rendered":"<h1>Korpus przepustnicy BBK 100 mm dla Dodge Hellcat, Jeep Trackhawk i RAM TRX<\/h1>\n<p>&nbsp;<\/p>\n<p>\u015arednica zaworu motylkowego BBK wynosi 100 mm.<\/p>\n<p>Wi\u0119kszy przep\u0142yw powietrza i lepsza reakcja ni\u017c w przypadku oryginalnej przepustnicy.<\/p>\n<p>Korpusy przepustnic BBK Hemi s\u0105 obrabiane CNC z wysokiej jako\u015bci odlewu aluminiowego 356, aby zapewni\u0107 doskona\u0142\u0105 jako\u015b\u0107 i dopasowanie OEM.<br \/>\nPrzek\u0142adnia przepustnicy w jako\u015bci OEM, podw\u00f3jnie uszczelnione \u0142o\u017cyska i dr\u0105\u017cki przepustnicy wyposa\u017cone w o-ringi.<\/p>\n<p>&nbsp;<\/p>\n<p><strong>Odpowiedni dla:<\/strong><\/p>\n<table width=\"449\">\n<tbody>\n<tr>\n<td width=\"115\"><strong>Marka<\/strong><\/td>\n<td width=\"145\"><strong>Model<\/strong><\/td>\n<td width=\"106\"><strong>Silnik<\/strong><\/td>\n<td width=\"83\"><strong>Rok<\/strong><\/td>\n<\/tr>\n<tr>\n<td width=\"115\">Dodge<\/td>\n<td width=\"145\">Charger<\/td>\n<td width=\"106\">6.2 Hellcat<\/td>\n<td width=\"83\">2015\u20132023<\/td>\n<\/tr>\n<tr>\n<td width=\"115\">Dodge<\/td>\n<td width=\"145\">Challenger<\/td>\n<td width=\"106\">6.2 Hellcat<\/td>\n<td width=\"83\">2015\u20132023<\/td>\n<\/tr>\n<tr>\n<td width=\"115\">Dodge<\/td>\n<td width=\"145\">Durango<\/td>\n<td width=\"106\">6.2 Hellcat<\/td>\n<td width=\"83\">2021\u20132025<\/td>\n<\/tr>\n<tr>\n<td width=\"115\">Jeep<\/td>\n<td width=\"145\">Grand Cherokee<\/td>\n<td width=\"106\">6.2 Trackhawk<\/td>\n<td width=\"83\">2018\u20132021<\/td>\n<\/tr>\n<tr>\n<td width=\"115\">RAM<\/td>\n<td width=\"145\">1500<\/td>\n<td width=\"106\">TRX<\/td>\n<td width=\"83\">2021\u20132024<\/td>\n<\/tr>\n<\/tbody>\n<\/table>","protected":false},"excerpt":{"rendered":"<p>Przepustnica BBK 100 mm do Dodge, Hellcat, Jeep, Trackhawk i RAM TRX \u015arednica przepustnicy BBK jest ci\u0105g\u0142a.<\/p>","protected":false},"featured_media":68275095,"comment_status":"open","ping_status":"closed","template":"","meta":{"_acf_changed":false},"product_brand":[17174],"product_cat":[1790,2515,2711,2668,2700],"product_tag":[1390,1791,1388,3365,54,53,49,3853,3854,158,95,159,160,100,50,4425,4427,4426,36,184,186,86,102,2353],"class_list":{"0":"post-68251822","1":"product","2":"type-product","3":"status-publish","4":"has-post-thumbnail","6":"product_brand-bbk","7":"product_cat-challenger-hellcat-ansaugung","8":"product_cat-charger-hellcat-ansaugung","9":"product_cat-durango-hellcat-ansaugung","10":"product_cat-trackhawk-ansaugung","11":"product_cat-trx-ansaugung","12":"product_tag-1390","13":"product_tag-1791","14":"product_tag-bbk","15":"product_tag-bbkdk","16":"product_tag-challenger","17":"product_tag-charger","18":"product_tag-dodge","19":"product_tag-dodge-challenger","20":"product_tag-dodge-charger","21":"product_tag-drosselklappe","22":"product_tag-durango","23":"product_tag-gross","24":"product_tag-groesser","25":"product_tag-hellcat","26":"product_tag-jeep","27":"product_tag-jeep-grand-cherokee","28":"product_tag-jeep-grand-cherokee-trackhawk","29":"product_tag-jeep-trackhawk","30":"product_tag-kraftwerk","31":"product_tag-mm","32":"product_tag-performance","33":"product_tag-ram","34":"product_tag-trackhawk","35":"product_tag-trx","37":"first","38":"onbackorder","39":"taxable","40":"shipping-taxable","41":"purchasable","42":"product-type-simple"},"bundled_by":[],"bundle_stock_status":"onbackorder","bundle_stock_quantity":0,"bundle_virtual":false,"bundle_layout":"","bundle_add_to_cart_form_location":"","bundle_editable_in_cart":false,"bundle_sold_individually_context":"","bundle_item_grouping":"","bundle_min_size":"","bundle_max_size":"","bundle_price":[],"bundled_items":[],"bundle_sell_ids":[],"exclude_global_add_ons":[],"addons":[],"acf":[],"_links":{"self":[{"href":"https:\/\/kraftwerk-shop.cc\/pl\/wp-json\/wp\/v2\/product\/68251822","targetHints":{"allow":["GET"]}}],"collection":[{"href":"https:\/\/kraftwerk-shop.cc\/pl\/wp-json\/wp\/v2\/product"}],"about":[{"href":"https:\/\/kraftwerk-shop.cc\/pl\/wp-json\/wp\/v2\/types\/product"}],"replies":[{"embeddable":true,"href":"https:\/\/kraftwerk-shop.cc\/pl\/wp-json\/wp\/v2\/comments?post=68251822"}],"version-history":[{"count":0,"href":"https:\/\/kraftwerk-shop.cc\/pl\/wp-json\/wp\/v2\/product\/68251822\/revisions"}],"wp:featuredmedia":[{"embeddable":true,"href":"https:\/\/kraftwerk-shop.cc\/pl\/wp-json\/wp\/v2\/media\/68275095"}],"wp:attachment":[{"href":"https:\/\/kraftwerk-shop.cc\/pl\/wp-json\/wp\/v2\/media?parent=68251822"}],"wp:term":[{"taxonomy":"product_brand","embeddable":true,"href":"https:\/\/kraftwerk-shop.cc\/pl\/wp-json\/wp\/v2\/product_brand?post=68251822"},{"taxonomy":"product_cat","embeddable":true,"href":"https:\/\/kraftwerk-shop.cc\/pl\/wp-json\/wp\/v2\/product_cat?post=68251822"},{"taxonomy":"product_tag","embeddable":true,"href":"https:\/\/kraftwerk-shop.cc\/pl\/wp-json\/wp\/v2\/product_tag?post=68251822"}],"curies":[{"name":"wp","href":"https:\/\/api.w.org\/{rel}","templated":true}]}}