{"id":68252015,"date":"2021-09-17T09:02:40","date_gmt":"2021-09-17T07:02:40","guid":{"rendered":"https:\/\/kraftwerk-gruppe.de\/?post_type=product&#038;p=68252015"},"modified":"2026-02-15T00:00:00","modified_gmt":"2026-02-14T23:00:00","slug":"blok-elektrozaworow-nag1-performance","status":"publish","type":"product","link":"https:\/\/kraftwerk-shop.cc\/pl\/produkt\/nag1-performance-magnetventilblock\/","title":{"rendered":"Blok elektrozawor\u00f3w NAG1 Performance"},"content":{"rendered":"<h1>Blok elektrozawor\u00f3w NAG1 Performance<\/h1>\n<p>&nbsp;<\/p>\n<p>Zmodyfikowany blok zaworu elektromagnetycznego zwi\u0119ksza ci\u015bnienie prze\u0142\u0105czania.<br \/>\nIm bardziej agresywna jazda, tym bardziej agresywna zmiana bieg\u00f3w.<\/p>\n<p>&nbsp;<\/p>\n<p><strong>Odpowiedni dla:<\/strong><\/p>\n<table width=\"449\">\n<tbody>\n<tr>\n<td width=\"115\"><strong>Marka<\/strong><\/td>\n<td width=\"145\"><strong>Model<\/strong><\/td>\n<td width=\"106\"><strong>Silnik<\/strong><\/td>\n<td width=\"83\"><strong>Rok<\/strong><\/td>\n<\/tr>\n<tr>\n<td>Chrysler<\/td>\n<td>300C<\/td>\n<td>3.0 CRD<\/td>\n<td>2005\u20132010<\/td>\n<\/tr>\n<tr>\n<td>Chrysler<\/td>\n<td>300C<\/td>\n<td>5.7<\/td>\n<td>2005\u20132014<\/td>\n<\/tr>\n<tr>\n<td>Chrysler<\/td>\n<td>300C<\/td>\n<td>6.1<\/td>\n<td>2005\u20132010<\/td>\n<\/tr>\n<tr>\n<td width=\"115\">Chrysler<\/td>\n<td width=\"145\">300C<\/td>\n<td>6.4<\/td>\n<td width=\"83\">2012\u20132014<\/td>\n<\/tr>\n<tr>\n<td>Dodge<\/td>\n<td>Challenger<\/td>\n<td>5.7<\/td>\n<td>2008\u20132014<\/td>\n<\/tr>\n<tr>\n<td>Dodge<\/td>\n<td>Challenger<\/td>\n<td>6.1<\/td>\n<td>2008\u20132010<\/td>\n<\/tr>\n<tr>\n<td width=\"115\">Dodge<\/td>\n<td width=\"145\">Challenger<\/td>\n<td>6.4<\/td>\n<td width=\"83\">2011\u20132014<\/td>\n<\/tr>\n<tr>\n<td>Dodge<\/td>\n<td>Charger<\/td>\n<td>5.7<\/td>\n<td>2005\u20132014<\/td>\n<\/tr>\n<tr>\n<td>Dodge<\/td>\n<td>Charger<\/td>\n<td>6.1<\/td>\n<td>2005\u20132010<\/td>\n<\/tr>\n<tr>\n<td width=\"115\">Dodge<\/td>\n<td width=\"145\">Charger<\/td>\n<td>6.4<\/td>\n<td width=\"83\">2011\u20132014<\/td>\n<\/tr>\n<tr>\n<td>Dodge<\/td>\n<td>Magnum<\/td>\n<td>5.7<\/td>\n<td>2005\u20132008<\/td>\n<\/tr>\n<tr>\n<td>Dodge<\/td>\n<td>Magnum<\/td>\n<td>6.1<\/td>\n<td>2006\u20132008<\/td>\n<\/tr>\n<tr>\n<td>Jeep<\/td>\n<td>Grand Cherokee<\/td>\n<td>6.1<\/td>\n<td>2006\u20132010<\/td>\n<\/tr>\n<tr>\n<td>Jeep<\/td>\n<td>Grand Cherokee<\/td>\n<td>6.4<\/td>\n<td>2011\u20132013<\/td>\n<\/tr>\n<\/tbody>\n<\/table>\n<p>&nbsp;<\/p>\n<p>Nadaje si\u0119 tylko do pojazd\u00f3w ze skrzyni\u0105 bieg\u00f3w NAG1 (5-biegow\u0105)<\/p>","protected":false},"excerpt":{"rendered":"<p>Zestaw do konwersji skrzyni bieg\u00f3w NAG1 dla wy\u017cszych ci\u015bnie\u0144 zmiany bieg\u00f3w<\/p>","protected":false},"featured_media":68275086,"comment_status":"open","ping_status":"closed","template":"","meta":{"_acf_changed":false},"product_brand":[],"product_cat":[1549,1557,1565,1573,4978,1581,1589,2572,1670,1678,1686,1702,1597,1613,5157,1621,1637,1710,1718,1726,1734,1742,1758,1774],"product_tag":[52,54,53,48,536,49,3853,3854,115,56,50,4425,36,234,55,143,235,233,180,236],"class_list":{"0":"post-68252015","1":"product","2":"type-product","3":"status-publish","4":"has-post-thumbnail","6":"product_cat-300c-30-diesel-getriebe","7":"product_cat-300c-35-getriebe","8":"product_cat-300c-36-getriebe","9":"product_cat-300c-57-2005-2010-getriebe","10":"product_cat-300c-57-2011-2023-getriebe","11":"product_cat-300c-61-getriebe","12":"product_cat-300c-64-getriebe","13":"product_cat-challenger-35-getriebe","14":"product_cat-challenger-36-getriebe","15":"product_cat-challenger-57-getriebe","16":"product_cat-challenger-61-getriebe","17":"product_cat-challenger-64-getriebe","18":"product_cat-charger-35-getriebe","19":"product_cat-charger-57-getriebe","20":"product_cat-charger-57-2011-2023-getriebe","21":"product_cat-charger-61-getriebe","22":"product_cat-charger-64-getriebe","23":"product_cat-magnum-35-getriebe","24":"product_cat-magnum-57-getriebe","25":"product_cat-magnum-61-getriebe","26":"product_cat-grand-cherokee-30-diesel-getriebe","27":"product_cat-grand-cherokee-36-getriebe","28":"product_cat-grand-cherokee-61-getriebe","29":"product_cat-grand-cherokee-64-getriebe","30":"product_tag-300c","31":"product_tag-challenger","32":"product_tag-charger","33":"product_tag-chrysler","34":"product_tag-chrysler-300c","35":"product_tag-dodge","36":"product_tag-dodge-challenger","37":"product_tag-dodge-charger","38":"product_tag-getriebe","39":"product_tag-grand-cherokee","40":"product_tag-jeep","41":"product_tag-jeep-grand-cherokee","42":"product_tag-kraftwerk","43":"product_tag-magnetventilblock","44":"product_tag-magnum","45":"product_tag-nag1","46":"product_tag-schaltzeiten","47":"product_tag-tuning","48":"product_tag-umbau","49":"product_tag-verstaerkung","51":"first","52":"onbackorder","53":"taxable","54":"shipping-taxable","55":"purchasable","56":"product-type-simple"},"bundled_by":[],"bundle_stock_status":"onbackorder","bundle_stock_quantity":0,"bundle_virtual":false,"bundle_layout":"","bundle_add_to_cart_form_location":"","bundle_editable_in_cart":false,"bundle_sold_individually_context":"","bundle_item_grouping":"","bundle_min_size":"","bundle_max_size":"","bundle_price":[],"bundled_items":[],"bundle_sell_ids":[],"exclude_global_add_ons":[],"addons":[],"acf":[],"_links":{"self":[{"href":"https:\/\/kraftwerk-shop.cc\/pl\/wp-json\/wp\/v2\/product\/68252015","targetHints":{"allow":["GET"]}}],"collection":[{"href":"https:\/\/kraftwerk-shop.cc\/pl\/wp-json\/wp\/v2\/product"}],"about":[{"href":"https:\/\/kraftwerk-shop.cc\/pl\/wp-json\/wp\/v2\/types\/product"}],"replies":[{"embeddable":true,"href":"https:\/\/kraftwerk-shop.cc\/pl\/wp-json\/wp\/v2\/comments?post=68252015"}],"version-history":[{"count":0,"href":"https:\/\/kraftwerk-shop.cc\/pl\/wp-json\/wp\/v2\/product\/68252015\/revisions"}],"wp:featuredmedia":[{"embeddable":true,"href":"https:\/\/kraftwerk-shop.cc\/pl\/wp-json\/wp\/v2\/media\/68275086"}],"wp:attachment":[{"href":"https:\/\/kraftwerk-shop.cc\/pl\/wp-json\/wp\/v2\/media?parent=68252015"}],"wp:term":[{"taxonomy":"product_brand","embeddable":true,"href":"https:\/\/kraftwerk-shop.cc\/pl\/wp-json\/wp\/v2\/product_brand?post=68252015"},{"taxonomy":"product_cat","embeddable":true,"href":"https:\/\/kraftwerk-shop.cc\/pl\/wp-json\/wp\/v2\/product_cat?post=68252015"},{"taxonomy":"product_tag","embeddable":true,"href":"https:\/\/kraftwerk-shop.cc\/pl\/wp-json\/wp\/v2\/product_tag?post=68252015"}],"curies":[{"name":"wp","href":"https:\/\/api.w.org\/{rel}","templated":true}]}}