{"id":68252018,"date":"2021-09-17T09:17:15","date_gmt":"2021-09-17T07:17:15","guid":{"rendered":"https:\/\/kraftwerk-gruppe.de\/?post_type=product&#038;p=68252018"},"modified":"2026-02-15T00:44:07","modified_gmt":"2026-02-14T23:44:07","slug":"zestaw-sprezarki-edelbrock-e-force-6-4-srt8","status":"publish","type":"product","link":"https:\/\/kraftwerk-shop.cc\/pl\/produkt\/edelbrock-e-force-kompressorkit-6-4-srt8\/","title":{"rendered":"Zestaw do\u0142adowania Edelbrock E-Force 6.4 SRT"},"content":{"rendered":"<h1>Zestaw do\u0142adowania Edelbrock E-Force dla Chrysler 300C, Dodge Challenger i Charger 6.4 SRT<\/h1>\n<p>&nbsp;<\/p>\n<p>Nowy zestaw wirnik\u00f3w Eaton TVS R2650 sz\u00f3stej generacji jest o 15% wi\u0119kszy od serii TVS R2300 poprzednio stosowanej w uk\u0142adach spr\u0119\u017carek Edelbrock. Wi\u0119kszy zestaw wirnik\u00f3w R2650 nie ma wp\u0142ywu na og\u00f3lne wymiary spr\u0119\u017carki, dzi\u0119ki czemu mie\u015bci si\u0119 ona pod mask\u0105 bez \u017cadnych modyfikacji.<\/p>\n<p>Systemy te wykorzystuj\u0105 r\u00f3wnie\u017c ekskluzywny intercooler DP-3C firmy Edelbrock. DP-3C oferuje o 45% wi\u0119ksz\u0105 powierzchni\u0119 ni\u017c poprzednia konstrukcja, umo\u017cliwiaj\u0105c temu systemowi osi\u0105gni\u0119cie ni\u017cszych temperatur powietrza dolotowego w celu lepszego dostarczania mocy i wi\u0119kszej liczby opcji strojenia, takich jak wyprzedzenie zap\u0142onu. Razem, R2650 i DP-3C stanowi\u0105 najlepsze po\u0142\u0105czenie dla pojazdu o wysokich osi\u0105gach.<\/p>\n<p>Wi\u0119ksze \u0142o\u017cyska i grubsze ko\u0142a z\u0119bate rozrz\u0105du dla zwi\u0119kszenia trwa\u0142o\u015bci, otwory odci\u0105\u017caj\u0105ce w p\u0142ycie \u0142o\u017cyskowej dla zmniejszenia tarcia i elementy spr\u0119\u017carki o k\u0105cie 170 stopni w por\u00f3wnaniu do 160 stopni w serii R2300 zapewniaj\u0105 o 25% wi\u0119kszy przep\u0142yw powietrza przy 18 000 obr \/ min i ci\u015bnieniu do\u0142adowania 14 psi w por\u00f3wnaniu do serii R2300.<\/p>\n<p>Systemy spr\u0119\u017carek Edelbrock s\u0105 znane z niskiego poziomu ha\u0142asu w przeciwie\u0144stwie do innych dostawc\u00f3w.<\/p>\n<p>&nbsp;<\/p>\n<p><strong>Odpowiedni dla:<\/strong><\/p>\n<table width=\"437\">\n<tbody>\n<tr>\n<td width=\"83\"><strong>Marka<\/strong><\/td>\n<td width=\"122\"><strong>Model<\/strong><\/td>\n<td width=\"136\"><strong>Silnik<\/strong><\/td>\n<td width=\"96\"><strong>Rok<\/strong><\/td>\n<\/tr>\n<tr>\n<td width=\"83\">Chrysler<\/td>\n<td width=\"122\">300C<\/td>\n<td>6.4<\/td>\n<td width=\"96\">2012\u20132014<\/td>\n<\/tr>\n<tr>\n<td width=\"83\">Dodge<\/td>\n<td width=\"122\">Challenger<\/td>\n<td>6.4<\/td>\n<td width=\"96\">2011\u20132023<\/td>\n<\/tr>\n<tr>\n<td width=\"83\">Dodge<\/td>\n<td width=\"122\">Charger<\/td>\n<td>6.4<\/td>\n<td width=\"96\">2011\u20132023<\/td>\n<\/tr>\n<\/tbody>\n<\/table>\n<p>&nbsp;<\/p>","protected":false},"excerpt":{"rendered":"<p>Kompletny zestaw do konwersji do\u0142adowania dla 6.4 SRT<\/p>","protected":false},"featured_media":68278735,"comment_status":"open","ping_status":"closed","template":"","meta":{"_acf_changed":false},"product_brand":[20091],"product_cat":[1794,1792,1795,3024],"product_tag":[52,217,93,54,53,48,536,49,3853,3854,2854,247,56,50,20273,242,244,20102,243,426,36,55,96,164,246,20103,233,245,216],"class_list":{"0":"post-68252018","1":"product","2":"type-product","3":"status-publish","4":"has-post-thumbnail","6":"product_brand-edelbrock","7":"product_cat-300c-64-kompressor","8":"product_cat-challenger-64-kompressor","9":"product_cat-charger-64-kompressor","10":"product_cat-nicht-nach-eu","11":"product_tag-300c","12":"product_tag-217","13":"product_tag-6-4","14":"product_tag-challenger","15":"product_tag-charger","16":"product_tag-chrysler","17":"product_tag-chrysler-300c","18":"product_tag-dodge","19":"product_tag-dodge-challenger","20":"product_tag-dodge-charger","21":"product_tag-e-force","22":"product_tag-edelbrock","23":"product_tag-grand-cherokee","24":"product_tag-jeep","25":"product_tag-keintuev","26":"product_tag-kompressor","27":"product_tag-kompressorkit","28":"product_tag-kompressorsystem","29":"product_tag-kompressorumbau","30":"product_tag-kompressorupgrade","31":"product_tag-kraftwerk","32":"product_tag-magnum","33":"product_tag-srt","34":"product_tag-srt8","35":"product_tag-supercharger","36":"product_tag-supercharger-kit","37":"product_tag-tuning","38":"product_tag-umbaukit","39":"product_tag-upgrade","40":"product_shipping_class-spedition-1","42":"first","43":"onbackorder","44":"taxable","45":"shipping-taxable","46":"purchasable","47":"product-type-simple"},"bundled_by":[],"bundle_stock_status":"onbackorder","bundle_stock_quantity":0,"bundle_virtual":false,"bundle_layout":"","bundle_add_to_cart_form_location":"","bundle_editable_in_cart":false,"bundle_sold_individually_context":"","bundle_item_grouping":"","bundle_min_size":"","bundle_max_size":"","bundle_price":[],"bundled_items":[],"bundle_sell_ids":[],"exclude_global_add_ons":[],"addons":[],"acf":[],"_links":{"self":[{"href":"https:\/\/kraftwerk-shop.cc\/pl\/wp-json\/wp\/v2\/product\/68252018","targetHints":{"allow":["GET"]}}],"collection":[{"href":"https:\/\/kraftwerk-shop.cc\/pl\/wp-json\/wp\/v2\/product"}],"about":[{"href":"https:\/\/kraftwerk-shop.cc\/pl\/wp-json\/wp\/v2\/types\/product"}],"replies":[{"embeddable":true,"href":"https:\/\/kraftwerk-shop.cc\/pl\/wp-json\/wp\/v2\/comments?post=68252018"}],"version-history":[{"count":0,"href":"https:\/\/kraftwerk-shop.cc\/pl\/wp-json\/wp\/v2\/product\/68252018\/revisions"}],"wp:featuredmedia":[{"embeddable":true,"href":"https:\/\/kraftwerk-shop.cc\/pl\/wp-json\/wp\/v2\/media\/68278735"}],"wp:attachment":[{"href":"https:\/\/kraftwerk-shop.cc\/pl\/wp-json\/wp\/v2\/media?parent=68252018"}],"wp:term":[{"taxonomy":"product_brand","embeddable":true,"href":"https:\/\/kraftwerk-shop.cc\/pl\/wp-json\/wp\/v2\/product_brand?post=68252018"},{"taxonomy":"product_cat","embeddable":true,"href":"https:\/\/kraftwerk-shop.cc\/pl\/wp-json\/wp\/v2\/product_cat?post=68252018"},{"taxonomy":"product_tag","embeddable":true,"href":"https:\/\/kraftwerk-shop.cc\/pl\/wp-json\/wp\/v2\/product_tag?post=68252018"}],"curies":[{"name":"wp","href":"https:\/\/api.w.org\/{rel}","templated":true}]}}