{"id":68252020,"date":"2021-09-17T09:25:00","date_gmt":"2021-09-17T07:25:00","guid":{"rendered":"https:\/\/kraftwerk-gruppe.de\/?post_type=product&#038;p=68252020"},"modified":"2026-02-15T00:43:17","modified_gmt":"2026-02-14T23:43:17","slug":"zestaw-sprezarki-edelbrock-e-force-5-7-2011-2014","status":"publish","type":"product","link":"https:\/\/kraftwerk-shop.cc\/pl\/produkt\/edelbrock-e-force-kompressorkit-5-7-2011-2014\/","title":{"rendered":"Zestaw spr\u0119\u017carki Edelbrock E-Force 5.7"},"content":{"rendered":"<h1>Kompletny zestaw do konwersji do\u0142adowania dla Chrysler 300C, Dodge Challenger i Charger 5.7 od 2011 do 2014 r.<\/h1>\n<p>&nbsp;<\/p>\n<p>Do\u0142adowania Edelbrock oferuj\u0105 bezpo\u015bredni\u0105 reakcj\u0119, p\u0142ynne przyspieszenie i \u0142atw\u0105 instalacj\u0119 bez dodatkowych modyfikacji.<br \/>\nZestawy Edelbrock zosta\u0142y opracowane na stanowisku testowym i s\u0105 sprawdzone w wy\u015bcigach, aby zapewni\u0107 najwy\u017csz\u0105 wydajno\u015b\u0107 i niezawodno\u015b\u0107 w codziennej je\u017adzie po ulicach.<br \/>\nKompresor Edelbrock jest jednym z najcichszych kompresor\u00f3w na rynku. Kompresor Edelbrock zapewnia cich\u0105 prac\u0119 i doskona\u0142\u0105 reakcj\u0119 przepustnicy.<\/p>\n<p>&nbsp;<\/p>\n<p>&nbsp;<\/p>\n<p><strong>Zakres dostawy:<\/strong><\/p>\n<ul>\n<li>Spr\u0119\u017carka Eaton z kolektorem dolotowym<\/li>\n<li>Pasek klinowy<\/li>\n<li>Wi\u0119ksze dysze wtryskowe<\/li>\n<li>Mocniejsza pompa benzynowa<\/li>\n<li>Linie benzynowe<\/li>\n<li>Czujnik MAP 2 bar<\/li>\n<li>Ch\u0142odzenie powietrze\/woda z wymiennikiem ciep\u0142a<\/li>\n<li>Zbiornik wyr\u00f3wnawczy<\/li>\n<li>Elektryczna pompa wody ch\u0142odz\u0105cej<\/li>\n<li>P\u0142yty adaptera<\/li>\n<li>Rury po\u0142\u0105czeniowe, adaptery<\/li>\n<li>Zmywalny wk\u0142ad filtra powietrza<\/li>\n<li>Os\u0142ony silnika Edelbrock<\/li>\n<li>Programowanie urz\u0105dzenia za pomoc\u0105 podstawowego oprogramowania<\/li>\n<\/ul>\n<p>&nbsp;<\/p>\n<p><strong>Odpowiedni dla:<\/strong><\/p>\n<table width=\"437\">\n<tbody>\n<tr>\n<td width=\"83\"><strong>Marka<\/strong><\/td>\n<td width=\"122\"><strong>Model<\/strong><\/td>\n<td width=\"136\"><strong>Silnik<\/strong><\/td>\n<td width=\"96\"><strong>Rok<\/strong><\/td>\n<\/tr>\n<tr>\n<td>Chrysler<\/td>\n<td>300C<\/td>\n<td>5.7<\/td>\n<td width=\"96\">2011\u20132014<\/td>\n<\/tr>\n<tr>\n<td>Dodge<\/td>\n<td>Challenger<\/td>\n<td>5.7<\/td>\n<td width=\"96\">2011\u20132014<\/td>\n<\/tr>\n<tr>\n<td>Dodge<\/td>\n<td>Charger<\/td>\n<td>5.7<\/td>\n<td width=\"96\">2011\u20132014<\/td>\n<\/tr>\n<\/tbody>\n<\/table>\n<p>&nbsp;<\/p>","protected":false},"excerpt":{"rendered":"<p>2011\u20132014<\/p>","protected":false},"featured_media":68278732,"comment_status":"open","ping_status":"closed","template":"","meta":{"_acf_changed":false},"product_brand":[20091],"product_cat":[4979,2508,5158,3024],"product_tag":[52,91,54,53,48,536,49,3853,3854,2854,247,56,126,50,20273,242,244,20102,243,426,36,55,246,20103,233,245,216],"class_list":{"0":"post-68252020","1":"product","2":"type-product","3":"status-publish","4":"has-post-thumbnail","6":"product_brand-edelbrock","7":"product_cat-300c-57-2011-2023-kompressor","8":"product_cat-challenger-57-kompressor","9":"product_cat-charger-57-2011-2023-kompressor","10":"product_cat-nicht-nach-eu","11":"product_tag-300c","12":"product_tag-5-7","13":"product_tag-challenger","14":"product_tag-charger","15":"product_tag-chrysler","16":"product_tag-chrysler-300c","17":"product_tag-dodge","18":"product_tag-dodge-challenger","19":"product_tag-dodge-charger","20":"product_tag-e-force","21":"product_tag-edelbrock","22":"product_tag-grand-cherokee","23":"product_tag-hemi","24":"product_tag-jeep","25":"product_tag-keintuev","26":"product_tag-kompressor","27":"product_tag-kompressorkit","28":"product_tag-kompressorsystem","29":"product_tag-kompressorumbau","30":"product_tag-kompressorupgrade","31":"product_tag-kraftwerk","32":"product_tag-magnum","33":"product_tag-supercharger","34":"product_tag-supercharger-kit","35":"product_tag-tuning","36":"product_tag-umbaukit","37":"product_tag-upgrade","38":"product_shipping_class-spedition-1","40":"first","41":"onbackorder","42":"taxable","43":"shipping-taxable","44":"purchasable","45":"product-type-simple"},"bundled_by":[],"bundle_stock_status":"onbackorder","bundle_stock_quantity":0,"bundle_virtual":false,"bundle_layout":"","bundle_add_to_cart_form_location":"","bundle_editable_in_cart":false,"bundle_sold_individually_context":"","bundle_item_grouping":"","bundle_min_size":"","bundle_max_size":"","bundle_price":[],"bundled_items":[],"bundle_sell_ids":[],"exclude_global_add_ons":[],"addons":[],"acf":[],"_links":{"self":[{"href":"https:\/\/kraftwerk-shop.cc\/pl\/wp-json\/wp\/v2\/product\/68252020","targetHints":{"allow":["GET"]}}],"collection":[{"href":"https:\/\/kraftwerk-shop.cc\/pl\/wp-json\/wp\/v2\/product"}],"about":[{"href":"https:\/\/kraftwerk-shop.cc\/pl\/wp-json\/wp\/v2\/types\/product"}],"replies":[{"embeddable":true,"href":"https:\/\/kraftwerk-shop.cc\/pl\/wp-json\/wp\/v2\/comments?post=68252020"}],"version-history":[{"count":0,"href":"https:\/\/kraftwerk-shop.cc\/pl\/wp-json\/wp\/v2\/product\/68252020\/revisions"}],"wp:featuredmedia":[{"embeddable":true,"href":"https:\/\/kraftwerk-shop.cc\/pl\/wp-json\/wp\/v2\/media\/68278732"}],"wp:attachment":[{"href":"https:\/\/kraftwerk-shop.cc\/pl\/wp-json\/wp\/v2\/media?parent=68252020"}],"wp:term":[{"taxonomy":"product_brand","embeddable":true,"href":"https:\/\/kraftwerk-shop.cc\/pl\/wp-json\/wp\/v2\/product_brand?post=68252020"},{"taxonomy":"product_cat","embeddable":true,"href":"https:\/\/kraftwerk-shop.cc\/pl\/wp-json\/wp\/v2\/product_cat?post=68252020"},{"taxonomy":"product_tag","embeddable":true,"href":"https:\/\/kraftwerk-shop.cc\/pl\/wp-json\/wp\/v2\/product_tag?post=68252020"}],"curies":[{"name":"wp","href":"https:\/\/api.w.org\/{rel}","templated":true}]}}