{"id":68252023,"date":"2021-09-17T09:30:28","date_gmt":"2021-09-17T07:30:28","guid":{"rendered":"https:\/\/kraftwerk-gruppe.de\/?post_type=product&#038;p=68252023"},"modified":"2026-02-15T00:44:57","modified_gmt":"2026-02-14T23:44:57","slug":"zestaw-sprezarki-edelbrock-e-force-dodge-ram-5-7-2009-2018","status":"publish","type":"product","link":"https:\/\/kraftwerk-shop.cc\/pl\/produkt\/edelbrock-e-force-kompressorkit-dodge-ram-5-7-2009-2018\/","title":{"rendered":"Zestaw spr\u0119\u017carki Edelbrock E-Force RAM 5.7"},"content":{"rendered":"<h1>Kompletny zestaw do konwersji do\u0142adowania dla RAM 5.7 Hemi od 2009 do 2014 roku<\/h1>\n<p>&nbsp;<\/p>\n<p>Do\u0142adowania Edelbrock oferuj\u0105 bezpo\u015bredni\u0105 reakcj\u0119, p\u0142ynne przyspieszenie i \u0142atw\u0105 instalacj\u0119 bez dodatkowych modyfikacji.<br \/>\nZestawy Edelbrock zosta\u0142y opracowane na stanowisku testowym i s\u0105 sprawdzone w wy\u015bcigach, aby zapewni\u0107 najwy\u017csz\u0105 wydajno\u015b\u0107 i niezawodno\u015b\u0107 w codziennej je\u017adzie po ulicach.<br \/>\nKompresor Edelbrock jest jednym z najcichszych kompresor\u00f3w na rynku. Kompresor Edelbrock zapewnia cich\u0105 prac\u0119 i doskona\u0142\u0105 reakcj\u0119 przepustnicy.<\/p>\n<p>&nbsp;<\/p>\n<p><strong>Zakres dostawy:<\/strong><\/p>\n<ul>\n<li>Spr\u0119\u017carka Eaton z kolektorem dolotowym<\/li>\n<li>Pasek klinowy<\/li>\n<li>Wi\u0119ksze dysze wtryskowe<\/li>\n<li>Mocniejsza pompa benzynowa<\/li>\n<li>Linie benzynowe<\/li>\n<li>Czujnik MAP 2 bar<\/li>\n<li>Ch\u0142odzenie powietrze\/woda z wymiennikiem ciep\u0142a<\/li>\n<li>Zbiornik wyr\u00f3wnawczy<\/li>\n<li>Elektryczna pompa wody ch\u0142odz\u0105cej<\/li>\n<li>P\u0142yty adaptera<\/li>\n<li>Rury po\u0142\u0105czeniowe, adaptery<\/li>\n<li>Zmywalny wk\u0142ad filtra powietrza<\/li>\n<li>Os\u0142ony silnika Edelbrock<\/li>\n<\/ul>\n<p>&nbsp;<\/p>\n<p><strong>Odpowiedni dla:<\/strong><\/p>\n<table width=\"449\">\n<tbody>\n<tr>\n<td width=\"115\"><strong>Marka<\/strong><\/td>\n<td width=\"145\"><strong>Model<\/strong><\/td>\n<td width=\"106\"><strong>Silnik<\/strong><\/td>\n<td width=\"83\"><strong>Rok<\/strong><\/td>\n<\/tr>\n<tr>\n<td>RAM<\/td>\n<td>1500<\/td>\n<td>5.7<\/td>\n<td>2009\u20132014<\/td>\n<\/tr>\n<\/tbody>\n<\/table>\n<p>&nbsp;<\/p>","protected":false},"excerpt":{"rendered":"<p>2009\u20132014<\/p>","protected":false},"featured_media":68278726,"comment_status":"open","ping_status":"closed","template":"","meta":{"_acf_changed":false},"product_brand":[20091],"product_cat":[3024,1513],"product_tag":[213,214,176,177,165,248,91,49,2854,247,126,20273,242,244,20102,243,426,36,86,246,20103,233,245,216],"class_list":{"0":"post-68252023","1":"product","2":"type-product","3":"status-publish","4":"has-post-thumbnail","6":"product_brand-edelbrock","7":"product_cat-nicht-nach-eu","8":"product_cat-1500-57-2009-2018-classic-kompressor","9":"product_tag-213","10":"product_tag-214","11":"product_tag-176","12":"product_tag-177","13":"product_tag-165","14":"product_tag-248","15":"product_tag-5-7","16":"product_tag-dodge","17":"product_tag-e-force","18":"product_tag-edelbrock","19":"product_tag-hemi","20":"product_tag-keintuev","21":"product_tag-kompressor","22":"product_tag-kompressorkit","23":"product_tag-kompressorsystem","24":"product_tag-kompressorumbau","25":"product_tag-kompressorupgrade","26":"product_tag-kraftwerk","27":"product_tag-ram","28":"product_tag-supercharger","29":"product_tag-supercharger-kit","30":"product_tag-tuning","31":"product_tag-umbaukit","32":"product_tag-upgrade","33":"product_shipping_class-spedition-1","35":"first","36":"onbackorder","37":"taxable","38":"shipping-taxable","39":"purchasable","40":"product-type-simple"},"bundled_by":[],"bundle_stock_status":"onbackorder","bundle_stock_quantity":0,"bundle_virtual":false,"bundle_layout":"","bundle_add_to_cart_form_location":"","bundle_editable_in_cart":false,"bundle_sold_individually_context":"","bundle_item_grouping":"","bundle_min_size":"","bundle_max_size":"","bundle_price":[],"bundled_items":[],"bundle_sell_ids":[],"exclude_global_add_ons":[],"addons":[],"acf":[],"_links":{"self":[{"href":"https:\/\/kraftwerk-shop.cc\/pl\/wp-json\/wp\/v2\/product\/68252023","targetHints":{"allow":["GET"]}}],"collection":[{"href":"https:\/\/kraftwerk-shop.cc\/pl\/wp-json\/wp\/v2\/product"}],"about":[{"href":"https:\/\/kraftwerk-shop.cc\/pl\/wp-json\/wp\/v2\/types\/product"}],"replies":[{"embeddable":true,"href":"https:\/\/kraftwerk-shop.cc\/pl\/wp-json\/wp\/v2\/comments?post=68252023"}],"version-history":[{"count":0,"href":"https:\/\/kraftwerk-shop.cc\/pl\/wp-json\/wp\/v2\/product\/68252023\/revisions"}],"wp:featuredmedia":[{"embeddable":true,"href":"https:\/\/kraftwerk-shop.cc\/pl\/wp-json\/wp\/v2\/media\/68278726"}],"wp:attachment":[{"href":"https:\/\/kraftwerk-shop.cc\/pl\/wp-json\/wp\/v2\/media?parent=68252023"}],"wp:term":[{"taxonomy":"product_brand","embeddable":true,"href":"https:\/\/kraftwerk-shop.cc\/pl\/wp-json\/wp\/v2\/product_brand?post=68252023"},{"taxonomy":"product_cat","embeddable":true,"href":"https:\/\/kraftwerk-shop.cc\/pl\/wp-json\/wp\/v2\/product_cat?post=68252023"},{"taxonomy":"product_tag","embeddable":true,"href":"https:\/\/kraftwerk-shop.cc\/pl\/wp-json\/wp\/v2\/product_tag?post=68252023"}],"curies":[{"name":"wp","href":"https:\/\/api.w.org\/{rel}","templated":true}]}}