{"id":68252645,"date":"2021-09-17T12:53:31","date_gmt":"2021-09-17T10:53:31","guid":{"rendered":"https:\/\/kraftwerk-gruppe.de\/?post_type=product&#038;p=68252645"},"modified":"2026-02-15T00:02:52","modified_gmt":"2026-02-14T23:02:52","slug":"termostat-corvette-c6-ls3","status":"publish","type":"product","link":"https:\/\/kraftwerk-shop.cc\/pl\/produkt\/thermostat-corvette-c6-ls3\/","title":{"rendered":"Termostat 83 stopnie dla Chevrolet Corvette C6 (LS3 6.2)"},"content":{"rendered":"<h1>83-stopniowy termostat o wysokim przep\u0142ywie dla ni\u017cszej temperatury wody ch\u0142odz\u0105cej \/ temperatury silnika dla Chevrolet Corvette C6 (LS3 6.2)<\/h1>\n<p>&nbsp;<\/p>\n<p>Zadaniem standardowego termostatu jest regulacja temperatury silnika i utrzymywanie go w idealnym zakresie roboczym, aby zapewni\u0107 najlepsz\u0105 wydajno\u015b\u0107 i trwa\u0142o\u015b\u0107.<\/p>\n<p>Gdy silnik jest zimny, wosk wewn\u0105trz termostatu jest sta\u0142y, a termostat pozostaje zamkni\u0119ty, zapobiegaj\u0105c przep\u0142ywowi p\u0142ynu ch\u0142odz\u0105cego przez silnik. W miar\u0119 rozgrzewania si\u0119 silnika wosk zaczyna si\u0119 topi\u0107 i rozszerza\u0107, otwieraj\u0105c zaw\u00f3r termostatyczny i umo\u017cliwiaj\u0105c przep\u0142yw p\u0142ynu ch\u0142odz\u0105cego przez silnik. Gdy silnik osi\u0105gnie optymaln\u0105 temperatur\u0119 pracy, wosk w termostacie ca\u0142kowicie si\u0119 rozpr\u0119\u017cy, a zaw\u00f3r pozostanie otwarty, aby utrzyma\u0107 \u017c\u0105dan\u0105 temperatur\u0119.<\/p>\n<p>Termostat woskowy jest skuteczn\u0105 metod\u0105 regulacji temperatury silnika, poniewa\u017c szybko reaguje na zmiany temperatury i mo\u017ce odpowiednio dostosowa\u0107 przep\u0142yw p\u0142ynu ch\u0142odz\u0105cego. Jest r\u00f3wnie\u017c trwa\u0142y i stosunkowo \u0142atwy w utrzymaniu, co czyni go popularnym wyborem do zastosowa\u0144 motoryzacyjnych.<\/p>\n<p>&nbsp;<\/p>\n<p><strong>Zakres dostawy:<\/strong><\/p>\n<p>- Termostat 83 stopnie dla Chevrolet Corvette C6 (LS3 6.2)<br \/>\n- Uszczelka<\/p>\n<p>&nbsp;<\/p>\n<p>Uwaga: poniewa\u017c uszczelka wchodzi w zakres dostawy, nie ma potrzeby oddzielnego zamawiania uszczelki obudowy termostatu!<\/p>","protected":false},"excerpt":{"rendered":"<p>83 Grad High Flow Thermostat f\u00fcr geringere K\u00fchlwassertemperatur \/ Motortemperatur f\u00fcr Chevrolet Corvette C6 (LS3 6.2) &nbsp; Die Aufgabe eines<\/p>","protected":false},"featured_media":68300369,"comment_status":"open","ping_status":"closed","template":"","meta":{"_acf_changed":false},"product_brand":[],"product_cat":[1526],"product_tag":[276,277,282,189,190,281,2375,1318,266,1126,2374,664,193,267,2456],"class_list":{"0":"post-68252645","1":"product","2":"type-product","3":"status-publish","4":"has-post-thumbnail","6":"product_cat-corvette","7":"product_tag-276","8":"product_tag-277","9":"product_tag-c6","10":"product_tag-chevrolet","11":"product_tag-chevy","12":"product_tag-corvette","13":"product_tag-degree","14":"product_tag-gm","15":"product_tag-grad","16":"product_tag-kaelter","17":"product_tag-kuehlsystem","18":"product_tag-kuehlung","19":"product_tag-ls3","20":"product_tag-thermostat","21":"product_tag-tstat15","23":"first","24":"instock","25":"taxable","26":"shipping-taxable","27":"purchasable","28":"product-type-simple"},"bundled_by":[],"bundle_stock_status":"instock","bundle_stock_quantity":2,"bundle_virtual":false,"bundle_layout":"","bundle_add_to_cart_form_location":"","bundle_editable_in_cart":false,"bundle_sold_individually_context":"","bundle_item_grouping":"","bundle_min_size":"","bundle_max_size":"","bundle_price":[],"bundled_items":[],"bundle_sell_ids":[],"exclude_global_add_ons":[],"addons":[],"acf":[],"_links":{"self":[{"href":"https:\/\/kraftwerk-shop.cc\/pl\/wp-json\/wp\/v2\/product\/68252645","targetHints":{"allow":["GET"]}}],"collection":[{"href":"https:\/\/kraftwerk-shop.cc\/pl\/wp-json\/wp\/v2\/product"}],"about":[{"href":"https:\/\/kraftwerk-shop.cc\/pl\/wp-json\/wp\/v2\/types\/product"}],"replies":[{"embeddable":true,"href":"https:\/\/kraftwerk-shop.cc\/pl\/wp-json\/wp\/v2\/comments?post=68252645"}],"version-history":[{"count":0,"href":"https:\/\/kraftwerk-shop.cc\/pl\/wp-json\/wp\/v2\/product\/68252645\/revisions"}],"wp:featuredmedia":[{"embeddable":true,"href":"https:\/\/kraftwerk-shop.cc\/pl\/wp-json\/wp\/v2\/media\/68300369"}],"wp:attachment":[{"href":"https:\/\/kraftwerk-shop.cc\/pl\/wp-json\/wp\/v2\/media?parent=68252645"}],"wp:term":[{"taxonomy":"product_brand","embeddable":true,"href":"https:\/\/kraftwerk-shop.cc\/pl\/wp-json\/wp\/v2\/product_brand?post=68252645"},{"taxonomy":"product_cat","embeddable":true,"href":"https:\/\/kraftwerk-shop.cc\/pl\/wp-json\/wp\/v2\/product_cat?post=68252645"},{"taxonomy":"product_tag","embeddable":true,"href":"https:\/\/kraftwerk-shop.cc\/pl\/wp-json\/wp\/v2\/product_tag?post=68252645"}],"curies":[{"name":"wp","href":"https:\/\/api.w.org\/{rel}","templated":true}]}}