{"id":68252654,"date":"2021-09-17T12:53:31","date_gmt":"2021-09-17T12:53:31","guid":{"rendered":"https:\/\/kraftwerk-gruppe.de\/?post_type=product&#038;p=68252654"},"modified":"2026-04-17T12:13:21","modified_gmt":"2026-04-17T10:13:21","slug":"granatelli-termostat-hemi","status":"publish","type":"product","link":"https:\/\/kraftwerk-shop.cc\/pl\/produkt\/granatelli-thermostat-hemi\/","title":{"rendered":"Termostat Granatelli 83 stopnie dla silnik\u00f3w 5.7 \/ 6.1 \/ 6.2 \/ 6.4"},"content":{"rendered":"<h1>Termostat Granatelli 83 stopnie o wysokim przep\u0142ywie dla ni\u017cszej temperatury wody ch\u0142odz\u0105cej \/ temperatury silnika <strong><br \/>\n<\/strong><\/h1>\n<p>&nbsp;<\/p>\n<p>Oryginalny termostat otwiera si\u0119 przy 95 stopniach.<\/p>\n<p>Aby jeszcze bardziej poprawi\u0107 ch\u0142odzenie silnika, zalecamy regulacj\u0119 sterowania wentylatorem opr\u00f3cz termostatu.<br \/>\nBez regulacji temperatura wody ch\u0142odz\u0105cej spada podczas jazdy z powodu strumienia powietrza, ale spada znacznie mniej podczas postoju i powolnej jazdy.<\/p>\n<p>Poprzez regulacj\u0119 sterowania wentylatorem, temperatura w\u0142\u0105czenia wentylator\u00f3w elektrycznych jest zmniejszana, dzi\u0119ki czemu temperatura wody ch\u0142odz\u0105cej pozostaje stale niska, nawet podczas powolnej jazdy i postoju. Zapewnia to optymalne ch\u0142odzenie silnika i zapobiega jego przegrzaniu.<\/p>\n<p>Sterowanie wentylatorem mo\u017cna dostosowa\u0107, na przyk\u0142ad za pomoc\u0105 Diablosport <a href=\"https:\/\/kraftwerk-shop.cc\/pl\/produkt\/diablosport-trinity-t2-platinum-programmiergerat-fur-chrysler-dodge-jeep-und-ram\/\" target=\"_blank\" rel=\"noopener\" data-link-type=\"external\" data-type=\"linkpicker\">Tr\u00f3jca<\/a> oraz <a href=\"https:\/\/kraftwerk-shop.cc\/pl\/produkt\/diablosport-intune-i3-platinum-chrysler-dodge-jeep-und-ram-programmiergerat\/\" target=\"_blank\" rel=\"noopener\" data-link-type=\"external\" data-type=\"linkpicker\">inTune<\/a> mo\u017cliwe.<br \/>\nAlternatywnie mo\u017cemy r\u00f3wnie\u017c zaprogramowa\u0107 jednostk\u0119 steruj\u0105c\u0105 silnika we w\u0142asnym zakresie bez tych urz\u0105dze\u0144, co jest znacznie ta\u0144sze.<br \/>\nW tym celu nale\u017cy wzi\u0105\u0107 <a href=\"http:\/\/www.kraftwerk.cc\/de\/kontakt\" target=\"_blank\" rel=\"noopener\" data-link-type=\"external\" data-type=\"linkpicker\">Skontaktuj si\u0119 z nami<\/a> z nami.<\/p>\n<p>&nbsp;<\/p>\n<p><strong>Odpowiedni dla:<\/strong><\/p>\n<table width=\"449\">\n<tbody>\n<tr>\n<td width=\"115\"><strong>Marka<\/strong><\/td>\n<td width=\"145\"><strong>Model\u00a0<\/strong><\/td>\n<td width=\"106\"><strong>Silnik<\/strong><\/td>\n<td width=\"83\"><strong>Rok<\/strong><\/td>\n<\/tr>\n<tr>\n<td>Chrysler<\/td>\n<td>300C<\/td>\n<td>5.7<\/td>\n<td>2005\u20132023<\/td>\n<\/tr>\n<tr>\n<td>Chrysler<\/td>\n<td>300C<\/td>\n<td>6.1<\/td>\n<td>2005\u20132010<\/td>\n<\/tr>\n<tr>\n<td width=\"115\">Chrysler<\/td>\n<td width=\"145\">300C<\/td>\n<td>6.4<\/td>\n<td width=\"83\">2012\u20132014<\/td>\n<\/tr>\n<tr>\n<td>Dodge<\/td>\n<td>Challenger<\/td>\n<td>5.7<\/td>\n<td>2008\u20132023<\/td>\n<\/tr>\n<tr>\n<td>Dodge<\/td>\n<td>Challenger<\/td>\n<td>6.1<\/td>\n<td>2008\u20132010<\/td>\n<\/tr>\n<tr>\n<td width=\"115\">Dodge<\/td>\n<td width=\"145\">Challenger<\/td>\n<td width=\"106\">6.2 Hellcat<\/td>\n<td width=\"83\">2015\u20132023<\/td>\n<\/tr>\n<tr>\n<td width=\"115\">Dodge<\/td>\n<td width=\"145\">Challenger<\/td>\n<td>6.4<\/td>\n<td width=\"83\">2011\u20132023<\/td>\n<\/tr>\n<tr>\n<td>Dodge<\/td>\n<td>Charger<\/td>\n<td>5.7<\/td>\n<td>2005\u20132023<\/td>\n<\/tr>\n<tr>\n<td>Dodge<\/td>\n<td>Charger<\/td>\n<td>6.1<\/td>\n<td>2005\u20132010<\/td>\n<\/tr>\n<tr>\n<td width=\"115\">Dodge<\/td>\n<td width=\"145\">Charger<\/td>\n<td width=\"106\">6.2 Hellcat<\/td>\n<td width=\"83\">2015\u20132023<\/td>\n<\/tr>\n<tr>\n<td width=\"115\">Dodge<\/td>\n<td width=\"145\">Charger<\/td>\n<td>6.4<\/td>\n<td width=\"83\">2011\u20132023<\/td>\n<\/tr>\n<tr>\n<td>Dodge<\/td>\n<td>Durango<\/td>\n<td>5.7<\/td>\n<td>2013\u20132025<\/td>\n<\/tr>\n<tr>\n<td width=\"115\">Dodge<\/td>\n<td width=\"145\">Durango<\/td>\n<td width=\"106\">6.2 Hellcat<\/td>\n<td width=\"83\">2021\u20132025<\/td>\n<\/tr>\n<tr>\n<td>Dodge<\/td>\n<td>Durango<\/td>\n<td>6.4<\/td>\n<td>2018\u20132024<\/td>\n<\/tr>\n<tr>\n<td>Dodge<\/td>\n<td>Magnum<\/td>\n<td>6.1<\/td>\n<td>2006\u20132008<\/td>\n<\/tr>\n<tr>\n<td>Dodge<\/td>\n<td>Magnum<\/td>\n<td>5.7<\/td>\n<td>2005\u20132008<\/td>\n<\/tr>\n<tr>\n<td>Jeep<\/td>\n<td>Commander<\/td>\n<td>5.7<\/td>\n<td>2006\u20132010<\/td>\n<\/tr>\n<tr>\n<td>Jeep<\/td>\n<td>Grand Cherokee<\/td>\n<td>5.7<\/td>\n<td>2005\u20132022<\/td>\n<\/tr>\n<tr>\n<td>Jeep<\/td>\n<td>Grand Cherokee<\/td>\n<td>6.1<\/td>\n<td>2006\u20132010<\/td>\n<\/tr>\n<tr>\n<td width=\"115\">Jeep<\/td>\n<td width=\"145\">Grand Cherokee<\/td>\n<td width=\"106\">6.2 Trackhawk<\/td>\n<td width=\"83\">2018\u20132021<\/td>\n<\/tr>\n<tr>\n<td>Jeep<\/td>\n<td>Grand Cherokee<\/td>\n<td>6.4<\/td>\n<td>2011\u20132021<\/td>\n<\/tr>\n<tr>\n<td>Jeep<\/td>\n<td>Wrangler<\/td>\n<td>6.4<\/td>\n<td>2021\u20132025<\/td>\n<\/tr>\n<tr>\n<td>RAM<\/td>\n<td>1500<\/td>\n<td>5.7<\/td>\n<td>2009\u20132024<\/td>\n<\/tr>\n<tr>\n<td width=\"115\">RAM<\/td>\n<td width=\"145\">1500<\/td>\n<td width=\"106\">6.2 TRX<\/td>\n<td width=\"83\">2021\u20132024<\/td>\n<\/tr>\n<tr>\n<td><\/td>\n<td><\/td>\n<td><\/td>\n<td><\/td>\n<\/tr>\n<\/tbody>\n<\/table>\n<p><strong>\u00a0<\/strong><\/p>\n<p>&nbsp;<\/p>\n<p><strong>Zakres dostawy:<\/strong><\/p>\n<p>- Termostat 83 stopnie<br \/>\n- Uszczelka<\/p>\n<p>Uwaga: poniewa\u017c uszczelka wchodzi w zakres dostawy, nie ma potrzeby oddzielnego zamawiania uszczelki obudowy termostatu!<\/p>\n<p>&nbsp;<\/p>\n<p>Zadaniem standardowego termostatu jest regulacja temperatury silnika i utrzymywanie go w idealnym zakresie roboczym, aby zapewni\u0107 najlepsz\u0105 wydajno\u015b\u0107 i trwa\u0142o\u015b\u0107.<\/p>\n<p>Gdy silnik jest zimny, wosk wewn\u0105trz termostatu jest sta\u0142y, a termostat pozostaje zamkni\u0119ty, zapobiegaj\u0105c przep\u0142ywowi p\u0142ynu ch\u0142odz\u0105cego przez silnik. W miar\u0119 rozgrzewania si\u0119 silnika wosk zaczyna si\u0119 topi\u0107 i rozszerza\u0107, otwieraj\u0105c zaw\u00f3r termostatyczny i umo\u017cliwiaj\u0105c przep\u0142yw p\u0142ynu ch\u0142odz\u0105cego przez silnik. Gdy silnik osi\u0105gnie optymaln\u0105 temperatur\u0119 pracy, wosk w termostacie ca\u0142kowicie si\u0119 rozpr\u0119\u017cy, a zaw\u00f3r pozostanie otwarty, aby utrzyma\u0107 \u017c\u0105dan\u0105 temperatur\u0119.<\/p>\n<p>Termostat woskowy jest skuteczn\u0105 metod\u0105 regulacji temperatury silnika, poniewa\u017c szybko reaguje na zmiany temperatury i mo\u017ce odpowiednio dostosowa\u0107 przep\u0142yw p\u0142ynu ch\u0142odz\u0105cego. Jest r\u00f3wnie\u017c trwa\u0142y i stosunkowo \u0142atwy w utrzymaniu, co czyni go popularnym wyborem do zastosowa\u0144 motoryzacyjnych.<\/p>","protected":false},"excerpt":{"rendered":"<p>Termostat Granatelli 83 stopnie o wysokim przep\u0142ywie dla ni\u017cszej temperatury wody ch\u0142odz\u0105cej \/ temperatury silnika Oryginalny termostat otwiera si\u0119 przy 95 stopniach. Dla<\/p>","protected":false},"featured_media":68300222,"comment_status":"open","ping_status":"closed","template":"","meta":{"_acf_changed":false},"product_brand":[20094],"product_cat":[2549,4981,2545,2546,2530,2548,2550,2547,2537,5160,2536,2535,2534,2533,2730,2531,2544,2543,6383,4806,2541,2540,2539,2538,2957,7762,1517,5017,9951,2702],"product_tag":[11105,11103,11104,11102,295,52,51,6840,6841,4480,6839,101,93,296,297,54,53,48,536,49,3853,3854,266,6847,56,50,4425,4427,4426,273,36,664,269,271,272,55,274,275,34,86,270,267,102,2353,2456],"class_list":{"0":"post-68252654","1":"product","2":"type-product","3":"status-publish","4":"has-post-thumbnail","6":"product_brand-granatelli-motor-sports","7":"product_cat-300c-57-2005-2010-kuehlung","8":"product_cat-300c-57-2011-2023-kuehlung","9":"product_cat-300c-61-kuehlung","10":"product_cat-300c-64-kuehlung","11":"product_cat-challenger-57-kuehlung","12":"product_cat-challenger-61-kuehlung","13":"product_cat-challenger-hellcat-kuehlung","14":"product_cat-challenger-64-kuehlung","15":"product_cat-charger-57-kuehlung","16":"product_cat-charger-57-2011-2023-kuehlung","17":"product_cat-charger-61-kuehlung","18":"product_cat-charger-hellcat-kuehlung","19":"product_cat-charger-64-kuehlung","20":"product_cat-durango-57-kuehlung","21":"product_cat-durango-hellcat-kuehlung","22":"product_cat-durango-64-kuehlung","23":"product_cat-magnum-57-kuehlung","24":"product_cat-magnum-61-kuehlung","25":"product_cat-commander-kuehlung","26":"product_cat-grand-cherokee-57-2005-2010-kuehlung","27":"product_cat-grand-cherokee-57-2011-2021-kuehlung","28":"product_cat-grand-cherokee-61-kuehlung","29":"product_cat-trackhawk-kuehlung","30":"product_cat-grand-cherokee-64-kuehlung","31":"product_cat-wrangler-64-kuehlung","32":"product_cat-1500-57-2003-2008-kuehlung","33":"product_cat-1500-57-2009-2018-classic-kuehlung","34":"product_cat-1500-57-dt-kuehlung","35":"product_cat-2500-3500-57-kuehlung","36":"product_cat-trx-kuehlung","37":"product_tag-052028898ad","38":"product_tag-052028898ae","39":"product_tag-052028898ai","40":"product_tag-052028898aj","41":"product_tag-295","42":"product_tag-300c","43":"product_tag-5-7-6-1","44":"product_tag-52028898ad","45":"product_tag-52028898ae","46":"product_tag-52028898ai","47":"product_tag-52028898aj","48":"product_tag-6-2","49":"product_tag-6-4","50":"product_tag-296","51":"product_tag-297","52":"product_tag-challenger","53":"product_tag-charger","54":"product_tag-chrysler","55":"product_tag-chrysler-300c","56":"product_tag-dodge","57":"product_tag-dodge-challenger","58":"product_tag-dodge-charger","59":"product_tag-grad","60":"product_tag-granatelli","61":"product_tag-grand-cherokee","62":"product_tag-jeep","63":"product_tag-jeep-grand-cherokee","64":"product_tag-jeep-grand-cherokee-trackhawk","65":"product_tag-jeep-trackhawk","66":"product_tag-jet","67":"product_tag-kraftwerk","68":"product_tag-kuehlung","69":"product_tag-kuehlwasser","70":"product_tag-luefter","71":"product_tag-lueftersteuerung","72":"product_tag-magnum","73":"product_tag-mishimoto","74":"product_tag-motorad","75":"product_tag-original","76":"product_tag-ram","77":"product_tag-temperatur","78":"product_tag-thermostat","79":"product_tag-trackhawk","80":"product_tag-trx","81":"product_tag-tstat15","82":"product_shipping_class-deutschlandohne","84":"first","85":"instock","86":"taxable","87":"shipping-taxable","88":"purchasable","89":"product-type-simple"},"bundled_by":[],"bundle_stock_status":"instock","bundle_stock_quantity":60,"bundle_virtual":false,"bundle_layout":"","bundle_add_to_cart_form_location":"","bundle_editable_in_cart":false,"bundle_sold_individually_context":"","bundle_item_grouping":"","bundle_min_size":"","bundle_max_size":"","bundle_price":[],"bundled_items":[],"bundle_sell_ids":[],"exclude_global_add_ons":[],"addons":[],"acf":[],"_links":{"self":[{"href":"https:\/\/kraftwerk-shop.cc\/pl\/wp-json\/wp\/v2\/product\/68252654","targetHints":{"allow":["GET"]}}],"collection":[{"href":"https:\/\/kraftwerk-shop.cc\/pl\/wp-json\/wp\/v2\/product"}],"about":[{"href":"https:\/\/kraftwerk-shop.cc\/pl\/wp-json\/wp\/v2\/types\/product"}],"replies":[{"embeddable":true,"href":"https:\/\/kraftwerk-shop.cc\/pl\/wp-json\/wp\/v2\/comments?post=68252654"}],"version-history":[{"count":0,"href":"https:\/\/kraftwerk-shop.cc\/pl\/wp-json\/wp\/v2\/product\/68252654\/revisions"}],"wp:featuredmedia":[{"embeddable":true,"href":"https:\/\/kraftwerk-shop.cc\/pl\/wp-json\/wp\/v2\/media\/68300222"}],"wp:attachment":[{"href":"https:\/\/kraftwerk-shop.cc\/pl\/wp-json\/wp\/v2\/media?parent=68252654"}],"wp:term":[{"taxonomy":"product_brand","embeddable":true,"href":"https:\/\/kraftwerk-shop.cc\/pl\/wp-json\/wp\/v2\/product_brand?post=68252654"},{"taxonomy":"product_cat","embeddable":true,"href":"https:\/\/kraftwerk-shop.cc\/pl\/wp-json\/wp\/v2\/product_cat?post=68252654"},{"taxonomy":"product_tag","embeddable":true,"href":"https:\/\/kraftwerk-shop.cc\/pl\/wp-json\/wp\/v2\/product_tag?post=68252654"}],"curies":[{"name":"wp","href":"https:\/\/api.w.org\/{rel}","templated":true}]}}