{"id":68252723,"date":"2021-09-17T12:53:34","date_gmt":"2021-09-17T12:53:34","guid":{"rendered":"https:\/\/kraftwerk-gruppe.de\/?post_type=product&#038;p=68252723"},"modified":"2026-02-15T00:00:07","modified_gmt":"2026-02-14T23:00:07","slug":"adapter-do-cewka-zaplonowa-57-hemi","status":"publish","type":"product","link":"https:\/\/kraftwerk-shop.cc\/pl\/produkt\/adapter-zuendspulenumruestung-57-hemi\/","title":{"rendered":"Zestaw adapter\u00f3w do konwersji cewki zap\u0142onowej 5.7 Hemi"},"content":{"rendered":"<h1>Zestaw adapter\u00f3w do konwersji cewek zap\u0142onowych 5.7 Hemi na nowsz\u0105 wersj\u0119<\/h1>\n<p>&nbsp;<\/p>\n<p>Adaptery te umo\u017cliwiaj\u0105 korzystanie z mocniejszych cewek zap\u0142onowych 6.1L HEMI w silnikach 5.7L HEMI z lat 2003-2005 w celu wytworzenia mocniejszej iskry.<br \/>\nDo konwersji na nowe cewki zap\u0142onowe nie s\u0105 wymagane \u017cadne skomplikowane prace zwi\u0105zane z okablowaniem.<\/p>\n<p>&nbsp;<\/p>\n<p><strong>Zakres dostawy:<\/strong><\/p>\n<ul>\n<li>Kompletny zestaw do konwersji (8 adapter\u00f3w)<\/li>\n<\/ul>\n<p>&nbsp;<\/p>","protected":false},"excerpt":{"rendered":"<p>Zestaw adapter\u00f3w do konwersji cewek zap\u0142onowych 5.7 Hemi na nowszy wariant Dzi\u0119ki tym adapterom mo\u017cna przekonwertowa\u0107 mocniejszy silnik 6.1L na nowszy wariant.<\/p>","protected":false},"featured_media":68348835,"comment_status":"open","ping_status":"closed","template":"","meta":{"_acf_changed":false},"product_brand":[19068],"product_cat":[7261,7316,7343,7362,7373,7393],"product_tag":[52,91,122,54,53,48,94,49,56,50,375,55,220,216,374,2379],"class_list":{"0":"post-68252723","1":"product","2":"type-product","3":"status-publish","4":"has-post-thumbnail","6":"product_brand-kraftwerk","7":"product_cat-300c-57-2005-2010-zuendung","8":"product_cat-charger-57-zuendung","9":"product_cat-durango-57-zuendung","10":"product_cat-magnum-57-zuendung","11":"product_cat-commander-zuendung","12":"product_cat-grand-cherokee-57-2005-2010-zuendung","13":"product_tag-300c","14":"product_tag-5-7","15":"product_tag-adapter","16":"product_tag-challenger","17":"product_tag-charger","18":"product_tag-chrysler","19":"product_tag-commander","20":"product_tag-dodge","21":"product_tag-grand-cherokee","22":"product_tag-jeep","23":"product_tag-kabel","24":"product_tag-magnum","25":"product_tag-umruestung","26":"product_tag-upgrade","27":"product_tag-zuendspule","28":"product_tag-zuendstecker","29":"product_shipping_class-deutschlandohne","31":"first","32":"onbackorder","33":"taxable","34":"shipping-taxable","35":"purchasable","36":"product-type-simple"},"bundled_by":[],"bundle_stock_status":"onbackorder","bundle_stock_quantity":0,"bundle_virtual":false,"bundle_layout":"","bundle_add_to_cart_form_location":"","bundle_editable_in_cart":false,"bundle_sold_individually_context":"","bundle_item_grouping":"","bundle_min_size":"","bundle_max_size":"","bundle_price":[],"bundled_items":[],"bundle_sell_ids":[],"exclude_global_add_ons":[],"addons":[],"acf":[],"_links":{"self":[{"href":"https:\/\/kraftwerk-shop.cc\/pl\/wp-json\/wp\/v2\/product\/68252723","targetHints":{"allow":["GET"]}}],"collection":[{"href":"https:\/\/kraftwerk-shop.cc\/pl\/wp-json\/wp\/v2\/product"}],"about":[{"href":"https:\/\/kraftwerk-shop.cc\/pl\/wp-json\/wp\/v2\/types\/product"}],"replies":[{"embeddable":true,"href":"https:\/\/kraftwerk-shop.cc\/pl\/wp-json\/wp\/v2\/comments?post=68252723"}],"version-history":[{"count":0,"href":"https:\/\/kraftwerk-shop.cc\/pl\/wp-json\/wp\/v2\/product\/68252723\/revisions"}],"wp:featuredmedia":[{"embeddable":true,"href":"https:\/\/kraftwerk-shop.cc\/pl\/wp-json\/wp\/v2\/media\/68348835"}],"wp:attachment":[{"href":"https:\/\/kraftwerk-shop.cc\/pl\/wp-json\/wp\/v2\/media?parent=68252723"}],"wp:term":[{"taxonomy":"product_brand","embeddable":true,"href":"https:\/\/kraftwerk-shop.cc\/pl\/wp-json\/wp\/v2\/product_brand?post=68252723"},{"taxonomy":"product_cat","embeddable":true,"href":"https:\/\/kraftwerk-shop.cc\/pl\/wp-json\/wp\/v2\/product_cat?post=68252723"},{"taxonomy":"product_tag","embeddable":true,"href":"https:\/\/kraftwerk-shop.cc\/pl\/wp-json\/wp\/v2\/product_tag?post=68252723"}],"curies":[{"name":"wp","href":"https:\/\/api.w.org\/{rel}","templated":true}]}}