{"id":68252735,"date":"2021-09-17T12:54:04","date_gmt":"2021-09-17T12:54:04","guid":{"rendered":"https:\/\/kraftwerk-gruppe.de\/?post_type=product&#038;p=68252735"},"modified":"2026-02-15T00:45:31","modified_gmt":"2026-02-14T23:45:31","slug":"regulator-cisnienia-doladowania-smoothboost-know-bell-compressor","status":"publish","type":"product","link":"https:\/\/kraftwerk-shop.cc\/pl\/produkt\/smoothboost-ladedruckregler-kenne-bell-kompressor\/","title":{"rendered":"Regulator ci\u015bnienia do\u0142adowania Smoothboost dla do\u0142adowa\u0144 Kenne Bell"},"content":{"rendered":"<h1>Regulator ci\u015bnienia do\u0142adowania Smoothboost<\/h1>\n<p>&nbsp;<\/p>\n<p><strong>SmoothBoost<\/strong> jest pierwszym elektronicznym zaworem obej\u015bciowym przeznaczonym do monta\u017cu w <strong>Znajomo\u015b\u0107 spr\u0119\u017carek Bell.<\/strong><\/p>\n<p>Ta kontrola ci\u015bnienia do\u0142adowania zast\u0119puje sterowany podci\u015bnieniowo zaw\u00f3r obej\u015bciowy elektronicznie sterowanym zaworem precyzyjnym, kt\u00f3ry umo\u017cliwia \"wyg\u0142adzenie\" krzywej momentu obrotowego.<br \/>\nTa kontrola sprawia, \u017ce zachowanie podczas jazdy w obszarze przej\u015bciowym do ci\u015bnienia do\u0142adowania jest znacznie bardziej przewidywalne, a przej\u015bcie nie jest ju\u017c szarpane.<\/p>\n<p>Najlepsz\u0105 rzecz\u0105 jest to, \u017ce mo\u017cna \u0142atwo ograniczy\u0107 ci\u015bnienie do\u0142adowania zgodnie z wymaganiami za pomoc\u0105 pokr\u0119t\u0142a.<br \/>\nZa\u0142\u00f3\u017cmy, \u017ce ci\u015bnienie do\u0142adowania wynosi maksymalnie 15 PSI. W codziennym u\u017cytkowaniu mo\u017cna je ustawi\u0107 na przyk\u0142ad na 5 PSI lub nawet 0 PSI.<br \/>\nJe\u015bli potrzebujesz wi\u0119kszego ci\u015bnienia do\u0142adowania, po prostu wyreguluj regulator i b\u0119dzie ono natychmiast dost\u0119pne.<\/p>\n<p>System Smoothboost umo\u017cliwia bardziej kontrolowane przyspieszanie i jazd\u0119, poniewa\u017c zaw\u00f3r obej\u015bciowy otwiera si\u0119 i zamyka p\u0142ynnie, a nie gwa\u0142townie.<br \/>\nIm wy\u017csze ci\u015bnienie do\u0142adowania, tym wi\u0119ksze korzy\u015bci z lepszych w\u0142a\u015bciwo\u015bci jezdnych.<\/p>\n<p>&nbsp;<\/p>\n<p><strong>Odpowiedni dla:<\/strong><\/p>\n<p>Poznaj spr\u0119\u017carki Bell<\/p>\n<p>Jednostka steruj\u0105ca silnika mo\u017ce wymaga\u0107 odpowiedniego zaprogramowania.<\/p>\n<p>&nbsp;<\/p>\n<p><img decoding=\"async\" class=\"ep-gadget epgadget-externalvideo\" style=\"max-width: 100%; display: block; margin-bottom: 10px; width: 201px; height: 111px;\" title=\"Aplikacja\" src=\"data:image\/png;base64,iVBORw0KGgoAAANSUhEUgAAEAAAABCAQAAAC1HAwCAAAAC0lEQVR4nGP6zwAAgcBApocMXEAAAASUVORK5CYII=\" alt=\"Aplikacja\" data-ep-gadget=\"{&quot;options&quot;:{&quot;width&quot;:560,&quot;height&quot;:315,&quot;provider&quot;:&quot;youtube&quot;,&quot;id&quot;:&quot;E7yZe808sso&quot;},&quot;alias&quot;:&quot;externalvideo&quot;,&quot;cartridge&quot;:&quot;externalcontent&quot;}\" \/><\/p>\n<p>&nbsp;<\/p>\n<p><img decoding=\"async\" class=\"ep-gadget epgadget-externalvideo\" style=\"max-width: 100%; display: block; margin-bottom: 10px; width: 201px; height: 111px;\" title=\"Aplikacja\" src=\"data:image\/png;base64,iVBORw0KGgoAAANSUhEUgAAEAAAABCAQAAAC1HAwCAAAAC0lEQVR4nGP6zwAAgcBApocMXEAAAASUVORK5CYII=\" alt=\"Aplikacja\" data-ep-gadget=\"{&quot;options&quot;:{&quot;width&quot;:560,&quot;height&quot;:315,&quot;provider&quot;:&quot;youtube&quot;,&quot;id&quot;:&quot;3k0f2MPBKa4&quot;},&quot;alias&quot;:&quot;externalvideo&quot;,&quot;cartridge&quot;:&quot;externalcontent&quot;}\" \/><\/p>\n<p>&nbsp;<\/p>","protected":false},"excerpt":{"rendered":"<p>Zmodernizowana kontrola ci\u015bnienia do\u0142adowania dla spr\u0119\u017carek Kenne Bell<\/p>","protected":false},"featured_media":68275015,"comment_status":"open","ping_status":"closed","template":"","meta":{"_acf_changed":false},"product_brand":[20098],"product_cat":[2509,4979,2529,1794,2508,2528,1792,2511,5158,2551,1795,2553,2552,2510,2554,2555,2556,2557,1513],"product_tag":[52,383,191,54,53,189,48,381,49,384,56,50,387,242,36,382,379,380,55,2455,86,385,378],"class_list":{"0":"post-68252735","1":"product","2":"type-product","3":"status-publish","4":"has-post-thumbnail","6":"product_brand-smoothboost","7":"product_cat-300c-57-2005-2010-kompressor","8":"product_cat-300c-57-2011-2023-kompressor","9":"product_cat-300c-61-kompressor","10":"product_cat-300c-64-kompressor","11":"product_cat-challenger-57-kompressor","12":"product_cat-challenger-61-kompressor","13":"product_cat-challenger-64-kompressor","14":"product_cat-charger-57-kompressor","15":"product_cat-charger-57-2011-2023-kompressor","16":"product_cat-charger-61-kompressor","17":"product_cat-charger-64-kompressor","18":"product_cat-durango-57-kompressor","19":"product_cat-durango-64-kompressor","20":"product_cat-magnum-57-kompressor","21":"product_cat-magnum-61-kompressor","22":"product_cat-grand-cherokee-57-2011-2021-kompressor","23":"product_cat-grand-cherokee-61-kompressor","24":"product_cat-grand-cherokee-64-kompressor","25":"product_cat-1500-57-2009-2018-classic-kompressor","26":"product_tag-300c","27":"product_tag-begrenzen","28":"product_tag-camaro","29":"product_tag-challenger","30":"product_tag-charger","31":"product_tag-chevrolet","32":"product_tag-chrysler","33":"product_tag-dampfrad","34":"product_tag-dodge","35":"product_tag-einstellen","36":"product_tag-grand-cherokee","37":"product_tag-jeep","38":"product_tag-kenne-bell","39":"product_tag-kompressor","40":"product_tag-kraftwerk","41":"product_tag-ladedruck","42":"product_tag-ladedruckregelung","43":"product_tag-ladedruckregler","44":"product_tag-magnum","45":"product_tag-mm5","46":"product_tag-ram","47":"product_tag-regeln","48":"product_tag-smoothboost","50":"first","51":"onbackorder","52":"taxable","53":"shipping-taxable","54":"purchasable","55":"product-type-simple"},"bundled_by":[],"bundle_stock_status":"onbackorder","bundle_stock_quantity":0,"bundle_virtual":false,"bundle_layout":"","bundle_add_to_cart_form_location":"","bundle_editable_in_cart":false,"bundle_sold_individually_context":"","bundle_item_grouping":"","bundle_min_size":"","bundle_max_size":"","bundle_price":[],"bundled_items":[],"bundle_sell_ids":[],"exclude_global_add_ons":[],"addons":[],"acf":[],"_links":{"self":[{"href":"https:\/\/kraftwerk-shop.cc\/pl\/wp-json\/wp\/v2\/product\/68252735","targetHints":{"allow":["GET"]}}],"collection":[{"href":"https:\/\/kraftwerk-shop.cc\/pl\/wp-json\/wp\/v2\/product"}],"about":[{"href":"https:\/\/kraftwerk-shop.cc\/pl\/wp-json\/wp\/v2\/types\/product"}],"replies":[{"embeddable":true,"href":"https:\/\/kraftwerk-shop.cc\/pl\/wp-json\/wp\/v2\/comments?post=68252735"}],"version-history":[{"count":0,"href":"https:\/\/kraftwerk-shop.cc\/pl\/wp-json\/wp\/v2\/product\/68252735\/revisions"}],"wp:featuredmedia":[{"embeddable":true,"href":"https:\/\/kraftwerk-shop.cc\/pl\/wp-json\/wp\/v2\/media\/68275015"}],"wp:attachment":[{"href":"https:\/\/kraftwerk-shop.cc\/pl\/wp-json\/wp\/v2\/media?parent=68252735"}],"wp:term":[{"taxonomy":"product_brand","embeddable":true,"href":"https:\/\/kraftwerk-shop.cc\/pl\/wp-json\/wp\/v2\/product_brand?post=68252735"},{"taxonomy":"product_cat","embeddable":true,"href":"https:\/\/kraftwerk-shop.cc\/pl\/wp-json\/wp\/v2\/product_cat?post=68252735"},{"taxonomy":"product_tag","embeddable":true,"href":"https:\/\/kraftwerk-shop.cc\/pl\/wp-json\/wp\/v2\/product_tag?post=68252735"}],"curies":[{"name":"wp","href":"https:\/\/api.w.org\/{rel}","templated":true}]}}