{"id":68252827,"date":"2021-09-17T12:54:09","date_gmt":"2021-09-17T12:54:09","guid":{"rendered":"https:\/\/kraftwerk-gruppe.de\/?post_type=product&#038;p=68252827"},"modified":"2026-02-15T00:59:51","modified_gmt":"2026-02-14T23:59:51","slug":"kuty-tlok-61-srt8-2618","status":"publish","type":"product","link":"https:\/\/kraftwerk-shop.cc\/pl\/produkt\/schmiedekolben-61-srt8-2618\/","title":{"rendered":"Kuty t\u0142ok dla 6.1 SRT8 (2618)"},"content":{"rendered":"<h1>Kute t\u0142oki do silnik\u00f3w 6.1 SRT8 jako bezpo\u015bredni zamiennik standardowych cz\u0119\u015bci.<\/h1>\n<p>&nbsp;<\/p>\n<ul>\n<li>Bezpo\u015bredni zamiennik standardowych t\u0142ok\u00f3w<\/li>\n<li>kute aluminium 2618<\/li>\n<li>dla silnik\u00f3w z turbodo\u0142adowaniem<\/li>\n<li>do u\u017cytku ze standardowymi pier\u015bcieniami t\u0142okowymi<\/li>\n<li>do u\u017cytku ze standardowymi korbowodami<\/li>\n<li>Rowek do przechowywania w drugiej wst\u0119dze<\/li>\n<li>Powlekane koszulki t\u0142okowe<\/li>\n<li>Anodowane ko\u0144c\u00f3wki pier\u015bcieni t\u0142okowych<\/li>\n<li>T\u0142oczenie mi\u0119dzy 10,0 a 10,5 (w zale\u017cno\u015bci od uszczelki g\u0142owicy cylindr\u00f3w)<\/li>\n<li>Kieszenie zaworowe dla wa\u0142k\u00f3w rozrz\u0105du o du\u017cym skoku zawor\u00f3w<\/li>\n<\/ul>\n<p>&nbsp;<\/p>\n<p><strong>Odpowiedni dla<\/strong>:<\/p>\n<table width=\"437\">\n<tbody>\n<tr>\n<td width=\"83\"><strong>Marka<\/strong><\/td>\n<td width=\"122\"><strong>Model<\/strong><\/td>\n<td width=\"136\"><strong>Silnik<\/strong><\/td>\n<td width=\"96\"><strong>Rok<\/strong><\/td>\n<\/tr>\n<tr>\n<td>Chrysler<\/td>\n<td>300C<\/td>\n<td>6.1<\/td>\n<td>2005\u20132010<\/td>\n<\/tr>\n<tr>\n<td>Dodge<\/td>\n<td>Challenger<\/td>\n<td>6.1<\/td>\n<td>2008\u20132010<\/td>\n<\/tr>\n<tr>\n<td>Dodge<\/td>\n<td>Charger<\/td>\n<td>6.1<\/td>\n<td>2005\u20132010<\/td>\n<\/tr>\n<tr>\n<td>Dodge<\/td>\n<td>Magnum<\/td>\n<td>6.1<\/td>\n<td>2006\u20132008<\/td>\n<\/tr>\n<tr>\n<td>Jeep<\/td>\n<td>Grand Cherokee<\/td>\n<td>6.1<\/td>\n<td>2006\u20132010<\/td>\n<\/tr>\n<\/tbody>\n<\/table>\n<p>&nbsp;<\/p>\n<p><strong>Zakres dostawy:<\/strong><\/p>\n<ul>\n<li>8 Kute t\u0142oki<\/li>\n<li>Pier\u015bcienie t\u0142okowe<\/li>\n<li>Sworze\u0144 t\u0142okowy<\/li>\n<\/ul>","protected":false},"excerpt":{"rendered":"<p>Schmiedekolben f\u00fcr 6.1 SRT8 Motoren als direkter Ersatz f\u00fcr die Serienteile &nbsp; direkter Ersatz f\u00fcr die Serienkolben geschmiedetes 2618 Aluminium<\/p>","protected":false},"featured_media":68278644,"comment_status":"open","ping_status":"closed","template":"","meta":{"_acf_changed":false},"product_brand":[],"product_cat":[6684,6689,6694,6698,6703],"product_tag":[52,92,54,53,48,536,49,3853,3854,56,50,4425,409,413,36,55,411,2455,412,414,407,164],"class_list":{"0":"post-68252827","1":"product","2":"type-product","3":"status-publish","4":"has-post-thumbnail","6":"product_cat-300c-61-kurbelwelle-kolben","7":"product_cat-challenger-61-kurbelwelle-kolben","8":"product_cat-charger-61-kurbelwelle-kolben","9":"product_cat-magnum-61-kurbelwelle-kolben","10":"product_cat-grand-cherokee-61-kurbelwelle-kolben","11":"product_tag-300c","12":"product_tag-6-1","13":"product_tag-challenger","14":"product_tag-charger","15":"product_tag-chrysler","16":"product_tag-chrysler-300c","17":"product_tag-dodge","18":"product_tag-dodge-challenger","19":"product_tag-dodge-charger","20":"product_tag-grand-cherokee","21":"product_tag-jeep","22":"product_tag-jeep-grand-cherokee","23":"product_tag-kolben","24":"product_tag-kolbenringe","25":"product_tag-kraftwerk","26":"product_tag-magnum","27":"product_tag-mahle","28":"product_tag-mm5","29":"product_tag-molnar","30":"product_tag-pleuelschrauben","31":"product_tag-schmiedekolben","32":"product_tag-srt8","33":"product_shipping_class-deutschlandohne","34":"pa_kolbenmass-010-uebermass","35":"pa_kolbenmass-serienmab","37":"first","38":"onbackorder","39":"taxable","40":"shipping-taxable","41":"purchasable","42":"product-type-variable"},"bundled_by":[],"bundle_stock_status":"onbackorder","bundle_stock_quantity":0,"bundle_virtual":false,"bundle_layout":"","bundle_add_to_cart_form_location":"","bundle_editable_in_cart":false,"bundle_sold_individually_context":"","bundle_item_grouping":"","bundle_min_size":"","bundle_max_size":"","bundle_price":[],"bundled_items":[],"bundle_sell_ids":[],"exclude_global_add_ons":[],"addons":[],"acf":[],"_links":{"self":[{"href":"https:\/\/kraftwerk-shop.cc\/pl\/wp-json\/wp\/v2\/product\/68252827","targetHints":{"allow":["GET"]}}],"collection":[{"href":"https:\/\/kraftwerk-shop.cc\/pl\/wp-json\/wp\/v2\/product"}],"about":[{"href":"https:\/\/kraftwerk-shop.cc\/pl\/wp-json\/wp\/v2\/types\/product"}],"replies":[{"embeddable":true,"href":"https:\/\/kraftwerk-shop.cc\/pl\/wp-json\/wp\/v2\/comments?post=68252827"}],"version-history":[{"count":0,"href":"https:\/\/kraftwerk-shop.cc\/pl\/wp-json\/wp\/v2\/product\/68252827\/revisions"}],"wp:featuredmedia":[{"embeddable":true,"href":"https:\/\/kraftwerk-shop.cc\/pl\/wp-json\/wp\/v2\/media\/68278644"}],"wp:attachment":[{"href":"https:\/\/kraftwerk-shop.cc\/pl\/wp-json\/wp\/v2\/media?parent=68252827"}],"wp:term":[{"taxonomy":"product_brand","embeddable":true,"href":"https:\/\/kraftwerk-shop.cc\/pl\/wp-json\/wp\/v2\/product_brand?post=68252827"},{"taxonomy":"product_cat","embeddable":true,"href":"https:\/\/kraftwerk-shop.cc\/pl\/wp-json\/wp\/v2\/product_cat?post=68252827"},{"taxonomy":"product_tag","embeddable":true,"href":"https:\/\/kraftwerk-shop.cc\/pl\/wp-json\/wp\/v2\/product_tag?post=68252827"}],"curies":[{"name":"wp","href":"https:\/\/api.w.org\/{rel}","templated":true}]}}