{"id":68252835,"date":"2021-09-17T12:54:10","date_gmt":"2021-09-17T12:54:10","guid":{"rendered":"https:\/\/kraftwerk-gruppe.de\/?post_type=product&#038;p=68252835"},"modified":"2026-02-15T00:49:45","modified_gmt":"2026-02-14T23:49:45","slug":"kuty-korbowod-61-srt8","status":"publish","type":"product","link":"https:\/\/kraftwerk-shop.cc\/pl\/produkt\/schmiedepleuel-61-srt8\/","title":{"rendered":"Kuty korbow\u00f3d dla 6.1 SRT8"},"content":{"rendered":"<h1>Kuty korbow\u00f3d do silnik\u00f3w 6.1 SRT8 do u\u017cytku z kutymi t\u0142okami<\/h1>\n<p>&nbsp;<\/p>\n<p><strong>Odpowiedni dla:<\/strong><\/p>\n<table width=\"437\">\n<tbody>\n<tr>\n<td width=\"83\"><strong>Marka<\/strong><\/td>\n<td width=\"122\"><strong>Model<\/strong><\/td>\n<td width=\"136\"><strong>Silnik<\/strong><\/td>\n<td width=\"96\"><strong>Rok<\/strong><\/td>\n<\/tr>\n<tr>\n<td>Chrysler<\/td>\n<td>300C<\/td>\n<td>6.1<\/td>\n<td>2005\u20132010<\/td>\n<\/tr>\n<tr>\n<td>Dodge<\/td>\n<td>Challenger<\/td>\n<td>6.1<\/td>\n<td>2008\u20132010<\/td>\n<\/tr>\n<tr>\n<td>Dodge<\/td>\n<td>Charger<\/td>\n<td>6.1<\/td>\n<td>2005\u20132010<\/td>\n<\/tr>\n<tr>\n<td>Dodge<\/td>\n<td>Magnum<\/td>\n<td>6.1<\/td>\n<td>2006\u20132008<\/td>\n<\/tr>\n<tr>\n<td>Jeep<\/td>\n<td>Grand Cherokee<\/td>\n<td>6.1<\/td>\n<td>2006\u20132010<\/td>\n<\/tr>\n<\/tbody>\n<\/table>\n<p>&nbsp;<\/p>\n<p><strong><span style=\"font-size: 16px;\">Zakres dostawy:\u00a0<\/span><\/strong><\/p>\n<ul>\n<li><span style=\"font-size: 16px;\">8 Kute korbowody<\/span><\/li>\n<li><span style=\"font-size: 16px;\">Wzmocnione \u015bruby ARP 2000<\/span><\/li>\n<\/ul>","protected":false},"excerpt":{"rendered":"<p>Schmiedepleuel f\u00fcr 6.1 SRT8 Motoren zur Verwendung mit Schmiedekolben &nbsp; Passend f\u00fcr: Marke Modell Motor Baujahr Chrysler 300C 6.1 2005<\/p>","protected":false},"featured_media":68278638,"comment_status":"open","ping_status":"closed","template":"","meta":{"_acf_changed":false},"product_brand":[],"product_cat":[6684,6689,6694,6698,6703],"product_tag":[52,92,54,53,48,536,49,3853,3854,56,50,4425,413,36,55,411,2455,412,410,414,408,1056,164],"class_list":{"0":"post-68252835","1":"product","2":"type-product","3":"status-publish","4":"has-post-thumbnail","6":"product_cat-300c-61-kurbelwelle-kolben","7":"product_cat-challenger-61-kurbelwelle-kolben","8":"product_cat-charger-61-kurbelwelle-kolben","9":"product_cat-magnum-61-kurbelwelle-kolben","10":"product_cat-grand-cherokee-61-kurbelwelle-kolben","11":"product_tag-300c","12":"product_tag-6-1","13":"product_tag-challenger","14":"product_tag-charger","15":"product_tag-chrysler","16":"product_tag-chrysler-300c","17":"product_tag-dodge","18":"product_tag-dodge-challenger","19":"product_tag-dodge-charger","20":"product_tag-grand-cherokee","21":"product_tag-jeep","22":"product_tag-jeep-grand-cherokee","23":"product_tag-kolbenringe","24":"product_tag-kraftwerk","25":"product_tag-magnum","26":"product_tag-mahle","27":"product_tag-mm5","28":"product_tag-molnar","29":"product_tag-pleuel","30":"product_tag-pleuelschrauben","31":"product_tag-schmiedepleuel","32":"product_tag-srt-8","33":"product_tag-srt8","35":"first","36":"onbackorder","37":"taxable","38":"shipping-taxable","39":"purchasable","40":"product-type-simple"},"bundled_by":[],"bundle_stock_status":"onbackorder","bundle_stock_quantity":0,"bundle_virtual":false,"bundle_layout":"","bundle_add_to_cart_form_location":"","bundle_editable_in_cart":false,"bundle_sold_individually_context":"","bundle_item_grouping":"","bundle_min_size":"","bundle_max_size":"","bundle_price":[],"bundled_items":[],"bundle_sell_ids":[],"exclude_global_add_ons":[],"addons":[],"acf":[],"_links":{"self":[{"href":"https:\/\/kraftwerk-shop.cc\/pl\/wp-json\/wp\/v2\/product\/68252835","targetHints":{"allow":["GET"]}}],"collection":[{"href":"https:\/\/kraftwerk-shop.cc\/pl\/wp-json\/wp\/v2\/product"}],"about":[{"href":"https:\/\/kraftwerk-shop.cc\/pl\/wp-json\/wp\/v2\/types\/product"}],"replies":[{"embeddable":true,"href":"https:\/\/kraftwerk-shop.cc\/pl\/wp-json\/wp\/v2\/comments?post=68252835"}],"version-history":[{"count":0,"href":"https:\/\/kraftwerk-shop.cc\/pl\/wp-json\/wp\/v2\/product\/68252835\/revisions"}],"wp:featuredmedia":[{"embeddable":true,"href":"https:\/\/kraftwerk-shop.cc\/pl\/wp-json\/wp\/v2\/media\/68278638"}],"wp:attachment":[{"href":"https:\/\/kraftwerk-shop.cc\/pl\/wp-json\/wp\/v2\/media?parent=68252835"}],"wp:term":[{"taxonomy":"product_brand","embeddable":true,"href":"https:\/\/kraftwerk-shop.cc\/pl\/wp-json\/wp\/v2\/product_brand?post=68252835"},{"taxonomy":"product_cat","embeddable":true,"href":"https:\/\/kraftwerk-shop.cc\/pl\/wp-json\/wp\/v2\/product_cat?post=68252835"},{"taxonomy":"product_tag","embeddable":true,"href":"https:\/\/kraftwerk-shop.cc\/pl\/wp-json\/wp\/v2\/product_tag?post=68252835"}],"curies":[{"name":"wp","href":"https:\/\/api.w.org\/{rel}","templated":true}]}}