{"id":68252860,"date":"2021-09-17T12:54:12","date_gmt":"2021-09-17T12:54:12","guid":{"rendered":"https:\/\/kraftwerk-gruppe.de\/?post_type=product&#038;p=68252860"},"modified":"2026-03-01T00:41:43","modified_gmt":"2026-02-28T23:41:43","slug":"kuty-tlok-kuty-korbowod-hellcat-trackhawk-trx","status":"publish","type":"product","link":"https:\/\/kraftwerk-shop.cc\/pl\/produkt\/schmiedekolben-schmiedepleuel-hellcat-trackhawk-trx\/","title":{"rendered":"Kute t\u0142oki i kute korbowody do silnik\u00f3w 6.2 Hellcat, Trackhawk i TRX"},"content":{"rendered":"<h1>Kute t\u0142oki i kute korbowody do silnik\u00f3w 6.2 Hellcat \/ Trackhawk \/ TRX jako bezpo\u015bredni zamiennik standardowych cz\u0119\u015bci.<\/h1>\n<p>&nbsp;<\/p>\n<ul>\n<li>\u00a0Kute t\u0142oki MAHLE wykonane z materia\u0142u M142, stosowanego w silnikach wy\u015bcigowych Demon i Viper.<\/li>\n<li>G\u00f3rny pier\u015bcie\u0144 przesuni\u0119ty w d\u00f3\u0142 dla dodatkowej stabilno\u015bci<\/li>\n<li>Rowek do przechowywania w drugiej wst\u0119dze<\/li>\n<li>Powlekane koszulki t\u0142okowe<\/li>\n<li>Powlekane pier\u015bcienie t\u0142okowe<\/li>\n<li>Kute korbowody Molnar<\/li>\n<li>945 \u015brub z pow\u0142ok\u0105 DLC<\/li>\n<\/ul>\n<p>&nbsp;<\/p>\n<p><strong>Odpowiedni dla:<\/strong><\/p>\n<table width=\"449\">\n<tbody>\n<tr>\n<td width=\"115\"><strong>Marka<\/strong><\/td>\n<td width=\"145\"><strong>Model<\/strong><\/td>\n<td width=\"106\"><strong>Silnik<\/strong><\/td>\n<td width=\"83\"><strong>Rok<\/strong><\/td>\n<\/tr>\n<tr>\n<td width=\"115\">Dodge<\/td>\n<td width=\"145\">Charger<\/td>\n<td width=\"106\">6.2 Hellcat<\/td>\n<td width=\"83\">2015\u20132023<\/td>\n<\/tr>\n<tr>\n<td width=\"115\">Dodge<\/td>\n<td width=\"145\">Challenger<\/td>\n<td width=\"106\">6.2 Hellcat<\/td>\n<td width=\"83\">2015\u20132023<\/td>\n<\/tr>\n<tr>\n<td width=\"115\">Dodge<\/td>\n<td width=\"145\">Durango<\/td>\n<td width=\"106\">6.2 Hellcat<\/td>\n<td width=\"83\">2021\u20132025<\/td>\n<\/tr>\n<tr>\n<td width=\"115\">Jeep<\/td>\n<td width=\"145\">Grand Cherokee<\/td>\n<td width=\"106\">6.2 Trackhawk<\/td>\n<td width=\"83\">2018\u20132021<\/td>\n<\/tr>\n<tr>\n<td width=\"115\">RAM<\/td>\n<td width=\"145\">1500<\/td>\n<td width=\"106\">TRX<\/td>\n<td width=\"83\">2021\u20132024<\/td>\n<\/tr>\n<\/tbody>\n<\/table>\n<p>&nbsp;<\/p>\n<p><strong><span style=\"font-size: 16px;\">Zakres dostawy:\u00a0<\/span><\/strong><\/p>\n<ul>\n<li><span style=\"font-size: 16px;\">8 t\u0142ok\u00f3w<\/span><\/li>\n<li><span style=\"font-size: 16px;\">8 Korbow\u00f3d<\/span><\/li>\n<li><span style=\"font-size: 16px;\">Pier\u015bcienie t\u0142okowe<\/span><\/li>\n<li><span style=\"font-size: 16px;\">\u015aruby korbowodu<\/span><\/li>\n<li><span style=\"font-size: 16px;\">\u015aruba<\/span><\/li>\n<\/ul>\n<p>&nbsp;<\/p>","protected":false},"excerpt":{"rendered":"<p>Schmiedekolben und Schmiedepleuel f\u00fcr 6.2 Hellcat \/ Trackhawk \/ TRX Motoren als direkter Ersatz f\u00fcr die Serienteile &nbsp; \u00a0MAHLE Schmiedekolben<\/p>","protected":false},"featured_media":68252838,"comment_status":"open","ping_status":"closed","template":"","meta":{"_acf_changed":false},"product_brand":[19065],"product_cat":[6659,6664,6669,6674,6679],"product_tag":[101,54,53,49,3853,3854,95,56,100,50,4425,4427,4426,409,413,36,411,2455,412,410,414,86,151,407,408,102,2353],"class_list":{"0":"post-68252860","1":"product","2":"type-product","3":"status-publish","4":"has-post-thumbnail","6":"product_brand-mahle","7":"product_cat-challenger-hellcat-kurbelwelle-kolben","8":"product_cat-charger-hellcat-kurbelwelle-kolben","9":"product_cat-durango-hellcat-kurbelwelle-kolben","10":"product_cat-trackhawk-kurbelwelle-kolben","11":"product_cat-trx-kurbelwelle-kolben","12":"product_tag-6-2","13":"product_tag-challenger","14":"product_tag-charger","15":"product_tag-dodge","16":"product_tag-dodge-challenger","17":"product_tag-dodge-charger","18":"product_tag-durango","19":"product_tag-grand-cherokee","20":"product_tag-hellcat","21":"product_tag-jeep","22":"product_tag-jeep-grand-cherokee","23":"product_tag-jeep-grand-cherokee-trackhawk","24":"product_tag-jeep-trackhawk","25":"product_tag-kolben","26":"product_tag-kolbenringe","27":"product_tag-kraftwerk","28":"product_tag-mahle","29":"product_tag-mm5","30":"product_tag-molnar","31":"product_tag-pleuel","32":"product_tag-pleuelschrauben","33":"product_tag-ram","34":"product_tag-redeye","35":"product_tag-schmiedekolben","36":"product_tag-schmiedepleuel","37":"product_tag-trackhawk","38":"product_tag-trx","39":"product_shipping_class-deutschlandohne","40":"pa_kolbenmass-010-uebermass","41":"pa_kolbenmass-serienmab","43":"first","44":"onbackorder","45":"taxable","46":"shipping-taxable","47":"purchasable","48":"product-type-variable"},"bundled_by":[],"bundle_stock_status":"onbackorder","bundle_stock_quantity":0,"bundle_virtual":false,"bundle_layout":"","bundle_add_to_cart_form_location":"","bundle_editable_in_cart":false,"bundle_sold_individually_context":"","bundle_item_grouping":"","bundle_min_size":"","bundle_max_size":"","bundle_price":[],"bundled_items":[],"bundle_sell_ids":[],"exclude_global_add_ons":[],"addons":[],"acf":[],"_links":{"self":[{"href":"https:\/\/kraftwerk-shop.cc\/pl\/wp-json\/wp\/v2\/product\/68252860","targetHints":{"allow":["GET"]}}],"collection":[{"href":"https:\/\/kraftwerk-shop.cc\/pl\/wp-json\/wp\/v2\/product"}],"about":[{"href":"https:\/\/kraftwerk-shop.cc\/pl\/wp-json\/wp\/v2\/types\/product"}],"replies":[{"embeddable":true,"href":"https:\/\/kraftwerk-shop.cc\/pl\/wp-json\/wp\/v2\/comments?post=68252860"}],"version-history":[{"count":0,"href":"https:\/\/kraftwerk-shop.cc\/pl\/wp-json\/wp\/v2\/product\/68252860\/revisions"}],"wp:featuredmedia":[{"embeddable":true,"href":"https:\/\/kraftwerk-shop.cc\/pl\/wp-json\/wp\/v2\/media\/68252838"}],"wp:attachment":[{"href":"https:\/\/kraftwerk-shop.cc\/pl\/wp-json\/wp\/v2\/media?parent=68252860"}],"wp:term":[{"taxonomy":"product_brand","embeddable":true,"href":"https:\/\/kraftwerk-shop.cc\/pl\/wp-json\/wp\/v2\/product_brand?post=68252860"},{"taxonomy":"product_cat","embeddable":true,"href":"https:\/\/kraftwerk-shop.cc\/pl\/wp-json\/wp\/v2\/product_cat?post=68252860"},{"taxonomy":"product_tag","embeddable":true,"href":"https:\/\/kraftwerk-shop.cc\/pl\/wp-json\/wp\/v2\/product_tag?post=68252860"}],"curies":[{"name":"wp","href":"https:\/\/api.w.org\/{rel}","templated":true}]}}