{"id":68252938,"date":"2021-09-17T12:54:15","date_gmt":"2021-09-17T12:54:15","guid":{"rendered":"https:\/\/kraftwerk-gruppe.de\/?post_type=product&#038;p=68252938"},"modified":"2026-02-15T00:50:18","modified_gmt":"2026-02-14T23:50:18","slug":"zestaw-sprezarki-whipple-dodge-durango-5-7","status":"publish","type":"product","link":"https:\/\/kraftwerk-shop.cc\/pl\/produkt\/whipple-kompressorkit-dodge-durango-5-7\/","title":{"rendered":"Zestaw do\u0142adowania Whipple Dodge Durango 5.7"},"content":{"rendered":"<h1>Najwi\u0119kszy, najbardziej wydajny i najmocniejszy system do\u0142adowania dla Dodge Durango 5.7<\/h1>\n<p>&nbsp;<\/p>\n<p>Ca\u0142kowicie nowy system do\u0142adowania Whipple Gen 5 dla Dodge Durango 5.7 wykorzystuje t\u0119 sam\u0105 technologi\u0119, kt\u00f3r\u0105 Dodge stosuje w swoim fabrycznym programie Drag Pak, pomagaj\u0105c zespo\u0142om ustanawia\u0107 nowe rekordy niemal w ka\u017cdy weekend wy\u015bcigowy. Nie myli\u0107 z Gen 3 lub 4, ta ca\u0142kowicie nowa turbospr\u0119\u017carka oferuje wiod\u0105c\u0105 w bran\u017cy wydajno\u015b\u0107 od obrot\u00f3w biegu ja\u0142owego do maksymalnych obrot\u00f3w na minut\u0119. Zoptymalizowane \u0142o\u017cyska, ko\u0142a z\u0119bate, wirniki i obudowa zapewniaj\u0105, \u017ce nowa turbospr\u0119\u017carka dzia\u0142a szybciej, d\u0142u\u017cej i bezpieczniej, wytwarzaj\u0105c jednocze\u015bnie wi\u0119cej mocy ni\u017c jakakolwiek inna turbospr\u0119\u017carka kiedykolwiek zbudowana. Nowa Generacja 5 posiada ca\u0142kowicie now\u0105 kombinacj\u0119 wirnik\u00f3w 3\/4 w por\u00f3wnaniu do poprzedniej kombinacji wirnik\u00f3w 3\/5, wolant o 285 stopniach w por\u00f3wnaniu do poprzedniego wolantu o 270 stopniach, nowy dzwon wlotowy, zoptymalizowany port wylotowy i wi\u0119ksz\u0105 \u015brednic\u0119 w por\u00f3wnaniu do d\u0142ugo\u015bci dla wi\u0119kszej wydajno\u015bci.<\/p>\n<p>System do\u0142adowania Whipple zawiera nowe wtryskiwacze o wysokim przep\u0142ywie, k\u0119sowe przewody paliwowe, ponadwymiarowy wymiennik ciep\u0142a, wysokowydajn\u0105 pomp\u0119 intercoolera, wszystkie wst\u0119pnie uformowane i zmontowane w\u0119\u017ce oraz wszystkie niezb\u0119dne po\u0142\u0105czenia kablowe dla \u0142atwej instalacji.<\/p>\n<p>*Modele z lat 2019-2022 i nowsze wymagaj\u0105 odblokowanych jednostek steruj\u0105cych silnika.<br \/>\nFirma Whipple dostarcza kod aktywacyjny HP Tuner wraz z zakupem uk\u0142adu do\u0142adowania.<br \/>\nPCM musi zosta\u0107 wys\u0142any do HP Tuners w celu odblokowania.<\/p>\n<p>* Zestawy na lata modelowe 2019-2022 wymagaj\u0105 r\u00f3wnie\u017c modu\u0142u obej\u015bciowego dla bramki bezpiecze\u0144stwa, kt\u00f3ry umo\u017cliwia odczyt\/zapis PCM.<\/p>\n<p>&nbsp;<\/p>\n<p><strong>W\u0142a\u015bciwo\u015bci:<\/strong><\/p>\n<ul>\n<li>Najpot\u0119\u017cniejszy system spr\u0119\u017carek na rynku<\/li>\n<li>Ta sama technologia zastosowana w Dodge Drag Pak<\/li>\n<li>Montowana z przodu, odwr\u00f3cona turbospr\u0119\u017carka dwu\u015blimakowa Whipple 3.0L Gen 5, kt\u00f3ra znacznie przewy\u017csza konkurencyjne systemy Roots 1.9L, 2.3L i 2.65L.<\/li>\n<li>Zintegrowany okr\u0105g\u0142y wlot Crusher\u2122 112 mm przewy\u017csza mniejsze wloty 90 i 93 mm, kt\u00f3re mo\u017cna znale\u017a\u0107 w innych systemach Eaton.<\/li>\n<li>Zintegrowany okr\u0105g\u0142y wlot Crusher\u2122 112 mm dla opcjonalnych ponadwymiarowych korpus\u00f3w przepustnicy<\/li>\n<li>Zg\u0142oszona do opatentowania technologia podw\u00f3jnego rdzenia ch\u0142odnicy mi\u0119dzystopniowej i podw\u00f3jnego przep\u0142ywu zapewnia wiod\u0105c\u0105 w bran\u017cy wydajno\u015b\u0107 ch\u0142odzenia, umo\u017cliwiaj\u0105c Whipple osi\u0105gni\u0119cie ni\u017cszych temperatur powietrza do\u0142adowuj\u0105cego ni\u017c jakikolwiek inny system do\u0142adowania.<\/li>\n<li>Masywne aluminiowe ch\u0142odnice mi\u0119dzystopniowe powietrze-woda oferuj\u0105 wi\u0119ksz\u0105 wydajno\u015b\u0107 ch\u0142odzenia ni\u017c jakikolwiek inny system spr\u0119\u017carek na rynku.<\/li>\n<li>Masywny aluminiowy zbiornik na ch\u0142odziwo uk\u0142adu ch\u0142odzenia powietrza do\u0142adowuj\u0105cego ma ponad dwukrotnie wi\u0119ksz\u0105 obj\u0119to\u015b\u0107 ni\u017c jakikolwiek inny konkurent. Wi\u0119cej wody - lepsze ch\u0142odzenie - wi\u0119ksza moc<\/li>\n<li>Spr\u0119\u017carki Whipple oferuj\u0105 masywny, ponadwymiarowy system obej\u015bcia powietrza, kt\u00f3ry redukuje stukanie silnika, podczas gdy inne systemy recyrkuluj\u0105 gor\u0105ce powietrze<\/li>\n<li>Ekskluzywna kombinacja wirnik\u00f3w 3\u00d74 zapewnia wiod\u0105c\u0105 w bran\u017cy wydajno\u015b\u0107<\/li>\n<li>Wlot z pojedynczym zagi\u0119ciem zapewnia ni\u017csze straty wlotowe w por\u00f3wnaniu do system\u00f3w z tylnym wlotem i zagi\u0119ciami 180 stopni<\/li>\n<li>P\u0142aska krzywa momentu obrotowego dla niesamowitego przyspieszenia<\/li>\n<li>Ponadwymiarowy wymiennik ciep\u0142a zapewnia niewiarygodnie niskie temperatury wody w ch\u0142odnicy powietrza do\u0142adowuj\u0105cego<\/li>\n<li>Pompa uk\u0142adu ch\u0142odzenia powietrza do\u0142adowuj\u0105cego o wysokim nat\u0119\u017ceniu przep\u0142ywu do szybkiej regeneracji temperatury<\/li>\n<li>Kompletna instalacja wygl\u0105da jak fabryczna<\/li>\n<li>Zestawy s\u0105 dostarczane w komplecie ze wszystkimi niezb\u0119dnymi cz\u0119\u015bciami i sprz\u0119tem do instalacji<\/li>\n<li>Okablowanie typu plug-and-play ze z\u0142\u0105czami m\u0119skimi i \u017ce\u0144skimi<\/li>\n<li>Opcjonalny system wysokoprzep\u0142ywowego filtra powietrza z filtrem S&amp;B True-Flow<\/li>\n<li>Dysze wtryskowe o wysokim przep\u0142ywie wchodz\u0105 w zakres dostawy<\/li>\n<li>Sprawdzony system 6-\u017cebrowego paska z regulowanym ko\u0142em pasowym umo\u017cliwia \u0142atw\u0105 wymian\u0119 paska i r\u00f3\u017cne konfiguracje k\u00f3\u0142 pasowych.<\/li>\n<li>Szybkoz\u0142\u0105cza OEM dla \u0142atwej instalacji, bez brzydkich mosi\u0119\u017cnych lub stalowych po\u0142\u0105cze\u0144 na spr\u0119\u017carce<\/li>\n<li>\u0141atwa rozbudowa o wi\u0119ksze przepustnice<\/li>\n<li>Wi\u0119kszy moment obrotowy podczas \"rozruchu\" ni\u017c w jakimkolwiek por\u00f3wnywalnym systemie spr\u0119\u017carki<\/li>\n<li>Ko\u0142a pasowe mo\u017cna wymieni\u0107 w zaledwie kilka minut<\/li>\n<li>Narz\u0119dzie Flash, za pomoc\u0105 kt\u00f3rego mo\u017cna zaprogramowa\u0107 jednostk\u0119 steruj\u0105c\u0105 silnika oraz odczytywa\u0107 i usuwa\u0107 dane czujnik\u00f3w i kody b\u0142\u0119d\u00f3w.<\/li>\n<li>Nowe, zimniejsze \u015bwiece zap\u0142onowe wchodz\u0105 w zakres dostawy<\/li>\n<\/ul>\n<p>&nbsp;<\/p>\n<p><strong>Odpowiedni dla:<\/strong><\/p>\n<table width=\"437\">\n<tbody>\n<tr>\n<td width=\"83\"><strong>Marka<\/strong><\/td>\n<td width=\"122\"><strong>Model<\/strong><\/td>\n<td width=\"136\"><strong>Silnik<\/strong><\/td>\n<td width=\"96\"><strong>Rok<\/strong><\/td>\n<\/tr>\n<tr>\n<td>Dodge<\/td>\n<td>Durango<\/td>\n<td>5.7<\/td>\n<td>2011\u20132023<\/td>\n<\/tr>\n<\/tbody>\n<\/table>\n<p>&nbsp;<\/p>\n<p>&nbsp;<\/p>\n<p><strong>O Whipple<\/strong><\/p>\n<p>Whipple Superchargers\u2122 jest pionierem i pionierem w dziedzinie spr\u0119\u017carek dwu\u015brubowych od 1987 roku.<br \/>\nDzi\u0119ki ponad 30-letniemu do\u015bwiadczeniu w produkcji tych turbospr\u0119\u017carek, zesp\u00f3\u0142 Whipple opracowa\u0142 najpot\u0119\u017cniejsze dost\u0119pne obecnie dwu\u015brubowe uk\u0142ady do\u0142adowania ch\u0142odzone powietrzem do silnik\u00f3w V8 Chryslera \/ Dodge'a \/ Jeepa.<br \/>\nZupe\u0142nie nowy system Whipple zapewnia wi\u0119ksz\u0105 moc ni\u017c jakikolwiek inny system spr\u0119\u017carek na rynku.<br \/>\nJest kompletny z 100% i zosta\u0142 opracowany dla silnik\u00f3w seryjnych, ale ma wystarczaj\u0105ce rezerwy, aby osi\u0105gn\u0105\u0107 jeszcze lepsze wyniki z mocno zmodyfikowanymi silnikami.<\/p>","protected":false},"excerpt":{"rendered":"<p>Das gr\u00f6\u00dfte, effizienteste und leistungsf\u00e4higste Kompressorsystem f\u00fcr Dodge Durango 5.7 &nbsp; Das brandneue Whipple Gen 5 Kompressorsystem f\u00fcr den Dodge<\/p>","protected":false},"featured_media":68275994,"comment_status":"open","ping_status":"closed","template":"","meta":{"_acf_changed":false},"product_brand":[19061],"product_cat":[2553,3024],"product_tag":[91,49,95,126,20273,242,244,243,36,246,233,245,376,6811],"class_list":{"0":"post-68252938","1":"product","2":"type-product","3":"status-publish","4":"has-post-thumbnail","6":"product_brand-whipple","7":"product_cat-durango-57-kompressor","8":"product_cat-nicht-nach-eu","9":"product_tag-5-7","10":"product_tag-dodge","11":"product_tag-durango","12":"product_tag-hemi","13":"product_tag-keintuev","14":"product_tag-kompressor","15":"product_tag-kompressorkit","16":"product_tag-kompressorumbau","17":"product_tag-kraftwerk","18":"product_tag-supercharger","19":"product_tag-tuning","20":"product_tag-umbaukit","21":"product_tag-whipple","22":"product_tag-whipple5","23":"product_shipping_class-spedition-1","25":"first","26":"onbackorder","27":"taxable","28":"shipping-taxable","29":"purchasable","30":"product-type-simple"},"bundled_by":[],"bundle_stock_status":"onbackorder","bundle_stock_quantity":0,"bundle_virtual":false,"bundle_layout":"","bundle_add_to_cart_form_location":"","bundle_editable_in_cart":false,"bundle_sold_individually_context":"","bundle_item_grouping":"","bundle_min_size":"","bundle_max_size":"","bundle_price":[],"bundled_items":[],"bundle_sell_ids":[],"exclude_global_add_ons":[],"addons":[],"acf":[],"_links":{"self":[{"href":"https:\/\/kraftwerk-shop.cc\/pl\/wp-json\/wp\/v2\/product\/68252938","targetHints":{"allow":["GET"]}}],"collection":[{"href":"https:\/\/kraftwerk-shop.cc\/pl\/wp-json\/wp\/v2\/product"}],"about":[{"href":"https:\/\/kraftwerk-shop.cc\/pl\/wp-json\/wp\/v2\/types\/product"}],"replies":[{"embeddable":true,"href":"https:\/\/kraftwerk-shop.cc\/pl\/wp-json\/wp\/v2\/comments?post=68252938"}],"version-history":[{"count":0,"href":"https:\/\/kraftwerk-shop.cc\/pl\/wp-json\/wp\/v2\/product\/68252938\/revisions"}],"wp:featuredmedia":[{"embeddable":true,"href":"https:\/\/kraftwerk-shop.cc\/pl\/wp-json\/wp\/v2\/media\/68275994"}],"wp:attachment":[{"href":"https:\/\/kraftwerk-shop.cc\/pl\/wp-json\/wp\/v2\/media?parent=68252938"}],"wp:term":[{"taxonomy":"product_brand","embeddable":true,"href":"https:\/\/kraftwerk-shop.cc\/pl\/wp-json\/wp\/v2\/product_brand?post=68252938"},{"taxonomy":"product_cat","embeddable":true,"href":"https:\/\/kraftwerk-shop.cc\/pl\/wp-json\/wp\/v2\/product_cat?post=68252938"},{"taxonomy":"product_tag","embeddable":true,"href":"https:\/\/kraftwerk-shop.cc\/pl\/wp-json\/wp\/v2\/product_tag?post=68252938"}],"curies":[{"name":"wp","href":"https:\/\/api.w.org\/{rel}","templated":true}]}}