{"id":68252952,"date":"2021-09-17T12:54:16","date_gmt":"2021-09-17T12:54:16","guid":{"rendered":"https:\/\/kraftwerk-gruppe.de\/?post_type=product&#038;p=68252952"},"modified":"2026-02-15T00:03:11","modified_gmt":"2026-02-14T23:03:11","slug":"zestaw-sprezarki-whipple-ram-5-7-2013-2018","status":"publish","type":"product","link":"https:\/\/kraftwerk-shop.cc\/pl\/produkt\/whipple-kompressorkit-ram-5-7-2013-2018\/","title":{"rendered":"Zestaw spr\u0119\u017carki Whipple RAM 5.7"},"content":{"rendered":"<h1>Najwi\u0119kszy, najbardziej wydajny i najmocniejszy uk\u0142ad spr\u0119\u017carki dla RAM 5.7 od 2013 do 2018 roku.<\/h1>\n<p>&nbsp;<\/p>\n<p>System dla RAM 5.7 obejmuje now\u0105 2,9-litrow\u0105 turbospr\u0119\u017cark\u0119 czwartej generacji, masywny uk\u0142ad intercoolera o wysokim przep\u0142ywie, wi\u0119ksze wtryskiwacze, wzmacniacz pompy paliwa MSD, 2-barowy czujnik MAP, z\u0142\u0105cza plug-and-play, wst\u0119pnie zmontowane w\u0119\u017ce i wszystko, czego potrzebujesz do codziennej pracy z ci\u015bnieniem do\u0142adowania 6,5 PSI (0,45 bara)*.<\/p>\n<p><span style=\"font-size: 14px;\">*Modele 2015 i nowsze wymagaj\u0105 aktywowanego modu\u0142u PCM. Nie wchodzi w zakres dostawy.<br \/>\n*Ci\u015bnienie do\u0142adowania s\u0142u\u017cy jako odniesienie, wyniki mog\u0105 si\u0119 r\u00f3\u017cni\u0107.<\/span><\/p>\n<p><strong>Opis<\/strong><\/p>\n<ul>\n<li>Nie s\u0105 wymagane dalsze aktualizacje<\/li>\n<li>Do\u0142adowanie dwu\u015blimakowe Whipple W175ax (2,9 litra) z przednim wlotem, kt\u00f3re znacznie przewy\u017csza konkurencyjne uk\u0142ady o pojemno\u015bci 1,9 l i 2,3 l.<\/li>\n<li>Spr\u0119\u017carka z przednim wlotem wykorzystuje precyzyjnie szlifowane przek\u0142adnie \u015brubowe, w przeciwie\u0144stwie do problematycznego paska lub wa\u0142u przechodz\u0105cego przez wlot, co spowodowa\u0142oby znaczn\u0105 utrat\u0119 wydajno\u015bci<\/li>\n<li>Zintegrowany okr\u0105g\u0142y otw\u00f3r wlotowy Crusher\u2122 102 mm przewy\u017csza mniejsze otwory wlotowe 90 i 93 mm, takie jak w innych systemach opartych na Eaton.<\/li>\n<li>Zintegrowany okr\u0105g\u0142y wlot Crusher\u2122 102 mm dla opcjonalnego wi\u0119kszego korpusu przepustnicy<\/li>\n<li>Konstrukcja pozwala na zastosowanie wi\u0119kszego rdzenia intercoolera w por\u00f3wnaniu z innymi mniejszymi systemami, dzi\u0119ki czemu Whipple osi\u0105ga ni\u017csze temperatury powietrza do\u0142adowuj\u0105cego<\/li>\n<li>Masywny aluminiowy intercooler powietrze-woda zapewnia lepsze ch\u0142odzenie ni\u017c jakikolwiek inny dost\u0119pny system.<\/li>\n<li>Masywny aluminiowy zbiornik na ch\u0142odziwo uk\u0142adu ch\u0142odzenia powietrza do\u0142adowuj\u0105cego ma ponad dwukrotnie wi\u0119ksz\u0105 obj\u0119to\u015b\u0107 ni\u017c jakikolwiek inny konkurent. Wi\u0119cej wody - lepsze ch\u0142odzenie - wi\u0119ksza moc<\/li>\n<li>Samowystarczalny, przewymiarowany uk\u0142ad olejowy zapewniaj\u0105cy znacznie ni\u017csze temperatury oleju nawet w najtrudniejszych warunkach.<\/li>\n<li>Ekskluzywna kombinacja wirnik\u00f3w 3\u00d75 zapewnia znaczny wzrost przep\u0142ywu powietrza pod krzyw\u0105 w por\u00f3wnaniu z mniej wydajnymi kombinacjami wirnik\u00f3w 4\u00d76.<\/li>\n<li>Wlot zapewnia ni\u017csze straty indukcyjne w por\u00f3wnaniu do tylnych uk\u0142ad\u00f3w wlotowych z zagi\u0119ciami 180\u00b0.<\/li>\n<li>Centralny port wydechowy zapewniaj\u0105cy lepsz\u0105 dystrybucj\u0119 mi\u0119dzy cylindrami ni\u017c inne systemy z po\u0142\u0105czonymi adapterami \u015brubowymi i wylotem skierowanym do przodu<\/li>\n<li>Konstrukcja wylotu zapewnia ni\u017csze straty ci\u015bnienia, co skutkuje wi\u0119ksz\u0105 moc\u0105 przy ni\u017cszych poziomach ci\u015bnienia do\u0142adowania<\/li>\n<li>Konstrukcja montowana od g\u00f3ry umo\u017cliwia ch\u0142odniejsz\u0105 prac\u0119<\/li>\n<li>Wi\u0119kszy moment obrotowy podczas \"rozruchu\" ni\u017c w jakimkolwiek por\u00f3wnywalnym systemie spr\u0119\u017carki<\/li>\n<li>P\u0142aska krzywa momentu obrotowego dla niesamowitego przyspieszenia<\/li>\n<li>Ponadwymiarowy wymiennik ciep\u0142a zapewniaj\u0105cy nisk\u0105 temperatur\u0119 wody w ch\u0142odnicy powietrza do\u0142adowuj\u0105cego<\/li>\n<li>Nie wymaga modyfikacji wewn\u0119trznych element\u00f3w silnika<\/li>\n<li>Zestawy spr\u0119\u017carek s\u0105 dostarczane w komplecie ze wszystkimi niezb\u0119dnymi cz\u0119\u015bciami i osprz\u0119tem do instalacji<\/li>\n<li>Unikalny wziernik u\u0142atwiaj\u0105cy kontrol\u0119 poziomu oleju i jako\u015bci<\/li>\n<li>Okablowanie typu plug-and-play z po\u0142\u0105czeniami wtykowymi i gniazdowymi<\/li>\n<li>Opcjonalny system filtracji powietrza z filtrem o wysokim przep\u0142ywie<\/li>\n<li>W tym dysze wtrysku paliwa o wysokim nat\u0119\u017ceniu przep\u0142ywu<\/li>\n<li>Sprawdzony system 6-\u017cebrowego paska z regulowanym systemem ugi\u0119cia dla \u0142atwej wymiany paska i r\u00f3\u017cnych konfiguracji k\u00f3\u0142 pasowych<\/li>\n<li>Wa\u0142 nap\u0119dowy ze stali nierdzewnej z plastikow\u0105 os\u0142on\u0105 (opcjonalnie r\u00f3wnie\u017c z w\u0142\u00f3kna w\u0119glowego) dla wi\u0119kszego bezpiecze\u0144stwa<\/li>\n<li>Szybkoz\u0142\u0105czki OEM dla \u0142atwej instalacji, bez brzydkich mosi\u0119\u017cnych lub stalowych z\u0142\u0105czek na spr\u0119\u017carce<\/li>\n<li>Standardowy kolor to czarny, inne kolory s\u0105 dost\u0119pne na zam\u00f3wienie<\/li>\n<li>\u0141atwa rozbudowa o du\u017ce filtry powietrza i wi\u0119ksze przepustnice<\/li>\n<li>Ko\u0142a pasowe mo\u017cna wymieni\u0107 w zaledwie kilka minut<\/li>\n<li>Narz\u0119dzie Flash, za pomoc\u0105 kt\u00f3rego mo\u017cna zaprogramowa\u0107 jednostk\u0119 steruj\u0105c\u0105 silnika oraz odczytywa\u0107 i usuwa\u0107 dane czujnik\u00f3w i kody b\u0142\u0119d\u00f3w.<\/li>\n<\/ul>\n<p>&nbsp;<\/p>\n<p><strong>Odpowiedni dla:<\/strong><\/p>\n<table width=\"437\">\n<tbody>\n<tr>\n<td width=\"83\"><strong>Marka<\/strong><\/td>\n<td width=\"122\"><strong>Model<\/strong><\/td>\n<td width=\"136\"><strong>Silnik<\/strong><\/td>\n<td width=\"96\"><strong>Rok<\/strong><\/td>\n<\/tr>\n<tr>\n<td>RAM<\/td>\n<td>1500<\/td>\n<td>5.7<\/td>\n<td>2013\u20132018<\/td>\n<\/tr>\n<\/tbody>\n<\/table>\n<p>&nbsp;<\/p>\n<p>&nbsp;<\/p>\n<p><strong>O Whipple<\/strong><\/p>\n<p>Whipple Superchargers\u2122 jest pionierem i pionierem w dziedzinie spr\u0119\u017carek dwu\u015brubowych od 1987 roku.<br \/>\nDzi\u0119ki ponad 30-letniemu do\u015bwiadczeniu w produkcji tych turbospr\u0119\u017carek, zesp\u00f3\u0142 Whipple opracowa\u0142 najpot\u0119\u017cniejsze dost\u0119pne obecnie dwu\u015brubowe uk\u0142ady do\u0142adowania ch\u0142odzone powietrzem do silnik\u00f3w V8 Chryslera \/ Dodge'a \/ Jeepa.<br \/>\nZar\u00f3wno systemy poziomu 1, jak i poziomu 2 s\u0105 wyposa\u017cone w najnowsz\u0105 technologi\u0119 i oferuj\u0105 mo\u017cliwo\u015b\u0107 wyboru \u017c\u0105danego poziomu wyj\u015bciowego.<br \/>\nZupe\u0142nie nowy system Whipple zapewnia wi\u0119ksz\u0105 moc ni\u017c jakikolwiek inny system spr\u0119\u017carek na rynku.<br \/>\nJest kompletny z 100% i zosta\u0142 opracowany dla silnik\u00f3w seryjnych, ale ma wystarczaj\u0105ce rezerwy, aby osi\u0105gn\u0105\u0107 jeszcze lepsze wyniki z mocno zmodyfikowanymi silnikami.<\/p>\n<p>&nbsp;<\/p>\n<p>&nbsp;<\/p>\n<p>&nbsp;<\/p>","protected":false},"excerpt":{"rendered":"<p>2013\u20132018<\/p>","protected":false},"featured_media":68276002,"comment_status":"open","ping_status":"closed","template":"","meta":{"_acf_changed":false},"product_brand":[19061],"product_cat":[3024,1513],"product_tag":[91,49,3854,126,20273,242,244,243,36,86,246,233,245,376,6811],"class_list":{"0":"post-68252952","1":"product","2":"type-product","3":"status-publish","4":"has-post-thumbnail","6":"product_brand-whipple","7":"product_cat-nicht-nach-eu","8":"product_cat-1500-57-2009-2018-classic-kompressor","9":"product_tag-5-7","10":"product_tag-dodge","11":"product_tag-dodge-charger","12":"product_tag-hemi","13":"product_tag-keintuev","14":"product_tag-kompressor","15":"product_tag-kompressorkit","16":"product_tag-kompressorumbau","17":"product_tag-kraftwerk","18":"product_tag-ram","19":"product_tag-supercharger","20":"product_tag-tuning","21":"product_tag-umbaukit","22":"product_tag-whipple","23":"product_tag-whipple5","24":"product_shipping_class-spedition-1","26":"first","27":"outofstock","28":"taxable","29":"shipping-taxable","30":"purchasable","31":"product-type-simple"},"bundled_by":[],"bundle_stock_status":"outofstock","bundle_stock_quantity":0,"bundle_virtual":false,"bundle_layout":"","bundle_add_to_cart_form_location":"","bundle_editable_in_cart":false,"bundle_sold_individually_context":"","bundle_item_grouping":"","bundle_min_size":"","bundle_max_size":"","bundle_price":[],"bundled_items":[],"bundle_sell_ids":[],"exclude_global_add_ons":[],"addons":[],"acf":[],"_links":{"self":[{"href":"https:\/\/kraftwerk-shop.cc\/pl\/wp-json\/wp\/v2\/product\/68252952","targetHints":{"allow":["GET"]}}],"collection":[{"href":"https:\/\/kraftwerk-shop.cc\/pl\/wp-json\/wp\/v2\/product"}],"about":[{"href":"https:\/\/kraftwerk-shop.cc\/pl\/wp-json\/wp\/v2\/types\/product"}],"replies":[{"embeddable":true,"href":"https:\/\/kraftwerk-shop.cc\/pl\/wp-json\/wp\/v2\/comments?post=68252952"}],"version-history":[{"count":0,"href":"https:\/\/kraftwerk-shop.cc\/pl\/wp-json\/wp\/v2\/product\/68252952\/revisions"}],"wp:featuredmedia":[{"embeddable":true,"href":"https:\/\/kraftwerk-shop.cc\/pl\/wp-json\/wp\/v2\/media\/68276002"}],"wp:attachment":[{"href":"https:\/\/kraftwerk-shop.cc\/pl\/wp-json\/wp\/v2\/media?parent=68252952"}],"wp:term":[{"taxonomy":"product_brand","embeddable":true,"href":"https:\/\/kraftwerk-shop.cc\/pl\/wp-json\/wp\/v2\/product_brand?post=68252952"},{"taxonomy":"product_cat","embeddable":true,"href":"https:\/\/kraftwerk-shop.cc\/pl\/wp-json\/wp\/v2\/product_cat?post=68252952"},{"taxonomy":"product_tag","embeddable":true,"href":"https:\/\/kraftwerk-shop.cc\/pl\/wp-json\/wp\/v2\/product_tag?post=68252952"}],"curies":[{"name":"wp","href":"https:\/\/api.w.org\/{rel}","templated":true}]}}