{"id":68252963,"date":"2021-09-17T12:54:16","date_gmt":"2021-09-17T12:54:16","guid":{"rendered":"https:\/\/kraftwerk-gruppe.de\/?post_type=product&#038;p=68252963"},"modified":"2026-02-15T01:00:15","modified_gmt":"2026-02-15T00:00:15","slug":"zestaw-kompresora-kraftwerks-camaro-ls3","status":"publish","type":"product","link":"https:\/\/kraftwerk-shop.cc\/pl\/produkt\/kraftwerks-camaro-ls3-kompressorkit\/","title":{"rendered":"Zestaw do\u0142adowania Kraftwerks Camaro LS3"},"content":{"rendered":"<h1>Kompletny uk\u0142ad do\u0142adowania Kraftwerks dla Chevroleta Camaro LS3 od 2010 do 2015 r.<\/h1>\n<p>&nbsp;<\/p>\n<p><strong>Zestaw sk\u0142ada si\u0119 z:<\/strong><\/p>\n<ul>\n<li>Spr\u0119\u017carka od\u015brodkowa Rotrex C38-91 ze smarowaniem olejowym oddzielnym od silnika<\/li>\n<li>Wtryskiwacze paliwa Grams Performance 550cc\/52lbs<\/li>\n<li>Ch\u0142odnica mi\u0119dzystopniowa (3-calowy wlot i wylot - wymiary 600 x 300 x 100 mm)<\/li>\n<li>Filtr powietrza<\/li>\n<li>Rury aluminiowe<\/li>\n<li>Ch\u0142odnica oleju dla spr\u0119\u017carki<\/li>\n<li>Filtr oleju do spr\u0119\u017carki<\/li>\n<li>Zaw\u00f3r obej\u015bciowy<\/li>\n<li>Wsporniki frezowane CNC<\/li>\n<li>Rolki napinaj\u0105ce<\/li>\n<li>Ko\u0142o pasowe ATI Super Damper (precyzyjnie wywa\u017cone)<\/li>\n<li>Pasek z\u0119baty<\/li>\n<li>Napinacz paska (regulowany)<\/li>\n<li>W\u0119\u017ce silikonowe<\/li>\n<li>Opaski zaciskowe<\/li>\n<li>\u015awiece zap\u0142onowe<\/li>\n<\/ul>\n<p>W przeciwie\u0144stwie do innych system\u00f3w wykorzystuj\u0105cych zwyk\u0142y pasek klinowy, pasek z\u0119baty zapobiega \u015blizganiu si\u0119 paska pod du\u017cym obci\u0105\u017ceniem.<\/p>\n<p>Poniewa\u017c do\u0142adowanie nie jest montowane na silniku, ale obok niego, temperatury powietrza wlotowego s\u0105 znacznie ni\u017csze ni\u017c w przypadku system\u00f3w montowanych na silniku. Oznacza to, \u017ce mo\u017cna oczekiwa\u0107 wi\u0119kszego wzrostu wydajno\u015bci przy identycznym ci\u015bnieniu do\u0142adowania.<\/p>\n<p>Ci\u015bnienie do\u0142adowania w wersji standardowej wynosi oko\u0142o 7 PSI (0,48 bara).<br \/>\nDzi\u0119ki ko\u0142u z\u0119batemu High Boost 75 mm ci\u015bnienie do\u0142adowania mo\u017cna zwi\u0119kszy\u0107 o 2 PSI (opcja High Boost).<br \/>\nW takim przypadku wymagane s\u0105 wi\u0119ksze dysze wtryskowe (750 cm3 lub 1000 cm3), a tak\u017ce zalecamy mocniejsz\u0105 pomp\u0119 benzynow\u0105.<br \/>\nNie wchodzi to w zakres dostawy.<\/p>","protected":false},"excerpt":{"rendered":"<p>2010\u20132015<\/p>","protected":false},"featured_media":68278596,"comment_status":"open","ping_status":"closed","template":"","meta":{"_acf_changed":false},"product_brand":[19068],"product_cat":[1534,3024],"product_tag":[191,189,429,427,428,222,242,243,426,421,425,393,193,422,246,424,233,423],"class_list":{"0":"post-68252963","1":"product","2":"type-product","3":"status-publish","4":"has-post-thumbnail","6":"product_brand-kraftwerk","7":"product_cat-camaro-62-2010-2015-kompressor","8":"product_cat-nicht-nach-eu","9":"product_tag-camaro","10":"product_tag-chevrolet","11":"product_tag-deutschland","12":"product_tag-diablosport","13":"product_tag-intune","14":"product_tag-kit","15":"product_tag-kompressor","16":"product_tag-kompressorumbau","17":"product_tag-kompressorupgrade","18":"product_tag-kraftwerks","19":"product_tag-ladeluftkuehler","20":"product_tag-leistungssteigerung","21":"product_tag-ls3","22":"product_tag-rotrex","23":"product_tag-supercharger","24":"product_tag-system","25":"product_tag-tuning","26":"product_tag-zentrifugal","27":"product_shipping_class-spedition-1","28":"pa_einspritzduesen-1000-cc","29":"pa_einspritzduesen-550-cc","30":"pa_einspritzduesen-750-cc","31":"pa_programmer-mit-intune","32":"pa_programmer-ohne-intune","33":"pa_pulley-high-boost-9-psi","34":"pa_pulley-standard-7-psi","36":"first","37":"onbackorder","38":"taxable","39":"shipping-taxable","40":"purchasable","41":"product-type-variable"},"bundled_by":[],"bundle_stock_status":"onbackorder","bundle_stock_quantity":0,"bundle_virtual":false,"bundle_layout":"","bundle_add_to_cart_form_location":"","bundle_editable_in_cart":false,"bundle_sold_individually_context":"","bundle_item_grouping":"","bundle_min_size":"","bundle_max_size":"","bundle_price":[],"bundled_items":[],"bundle_sell_ids":[],"exclude_global_add_ons":[],"addons":[],"acf":[],"_links":{"self":[{"href":"https:\/\/kraftwerk-shop.cc\/pl\/wp-json\/wp\/v2\/product\/68252963","targetHints":{"allow":["GET"]}}],"collection":[{"href":"https:\/\/kraftwerk-shop.cc\/pl\/wp-json\/wp\/v2\/product"}],"about":[{"href":"https:\/\/kraftwerk-shop.cc\/pl\/wp-json\/wp\/v2\/types\/product"}],"replies":[{"embeddable":true,"href":"https:\/\/kraftwerk-shop.cc\/pl\/wp-json\/wp\/v2\/comments?post=68252963"}],"version-history":[{"count":0,"href":"https:\/\/kraftwerk-shop.cc\/pl\/wp-json\/wp\/v2\/product\/68252963\/revisions"}],"wp:featuredmedia":[{"embeddable":true,"href":"https:\/\/kraftwerk-shop.cc\/pl\/wp-json\/wp\/v2\/media\/68278596"}],"wp:attachment":[{"href":"https:\/\/kraftwerk-shop.cc\/pl\/wp-json\/wp\/v2\/media?parent=68252963"}],"wp:term":[{"taxonomy":"product_brand","embeddable":true,"href":"https:\/\/kraftwerk-shop.cc\/pl\/wp-json\/wp\/v2\/product_brand?post=68252963"},{"taxonomy":"product_cat","embeddable":true,"href":"https:\/\/kraftwerk-shop.cc\/pl\/wp-json\/wp\/v2\/product_cat?post=68252963"},{"taxonomy":"product_tag","embeddable":true,"href":"https:\/\/kraftwerk-shop.cc\/pl\/wp-json\/wp\/v2\/product_tag?post=68252963"}],"curies":[{"name":"wp","href":"https:\/\/api.w.org\/{rel}","templated":true}]}}