{"id":68253001,"date":"2021-09-17T12:54:18","date_gmt":"2021-09-17T12:54:18","guid":{"rendered":"https:\/\/kraftwerk-gruppe.de\/?post_type=product&#038;p=68253001"},"modified":"2026-02-15T00:04:16","modified_gmt":"2026-02-14T23:04:16","slug":"modul-blokady-liniowej-burnbox-gen1","status":"publish","type":"product","link":"https:\/\/kraftwerk-shop.cc\/pl\/produkt\/burnbox-gen1-line-lock-modul\/","title":{"rendered":"BurnBox Gen 1 (modu\u0142 elektronicznej blokady linii)"},"content":{"rendered":"<h1>BurnBox Gen 1 (modu\u0142 elektronicznej blokady linii) - idealne rozwi\u0105zanie do prostych wypale\u0144<\/h1>\n<p><strong>\u00a0<\/strong><\/p>\n<p>W przeciwie\u0144stwie do zestaw\u00f3w mechanicznych blokad przewod\u00f3w, nie s\u0105 wymagane \u017cadne modyfikacje uk\u0142adu hamulcowego.<br \/>\nSkrzynka wypalania jest po prostu pod\u0142\u0105czana do z\u0142\u0105cza diagnostycznego (z\u0142\u0105cze OBD).<br \/>\nNaci\u015bni\u0119cie prze\u0142\u0105cznika tempomatu powoduje zablokowanie przednich k\u00f3\u0142 przez hamulec do momentu zwolnienia prze\u0142\u0105cznika.<\/p>\n<p>W przeciwie\u0144stwie do \"normalnego\" wypalenia, tylne hamulce nie s\u0105 uruchamiane przez blokad\u0119 linki.<br \/>\nBurnout jest znacznie uproszczony i \u0142atwiejszy do kontrolowania, szczeg\u00f3lnie w pojazdach z manualn\u0105 skrzyni\u0105 bieg\u00f3w.<\/p>\n<p>Urz\u0105dzenie oferuje r\u00f3wnie\u017c funkcj\u0119 pokazu \u015bwietlnego, w kt\u00f3rej migaj\u0105 kierunkowskazy, reflektory, \u015bwiat\u0142a przeciwmgielne, \u015bwiat\u0142a hamowania i \u015bwiat\u0142a tylne.<br \/>\nFunkcja ta jest przeznaczona wy\u0142\u0105cznie do cel\u00f3w pokazowych i dzia\u0142a tylko podczas postoju pojazdu. Nie mo\u017cna jej aktywowa\u0107 podczas jazdy.<\/p>\n<p>Urz\u0105dzenie mo\u017cna zaktualizowa\u0107 za pomoc\u0105 oprogramowania dost\u0119pnego do pobrania przez port USB.<\/p>\n<p>&nbsp;<\/p>\n<p>BurnBox jest odpowiedni dla nast\u0119puj\u0105cych pojazd\u00f3w:<\/p>\n<table border=\"0\" width=\"261\" cellspacing=\"0\" cellpadding=\"0\">\n<colgroup>\n<col \/>\n<col \/> <\/colgroup>\n<tbody>\n<tr>\n<td style=\"height: 20px; width: 127px;\" height=\"20\">Chrysler 300C<\/td>\n<td style=\"width: 89px;\">2005\u20132010<\/td>\n<\/tr>\n<tr>\n<td style=\"height: 20px;\" height=\"20\">Dodge Charger<\/td>\n<td>2006\u20132010<\/td>\n<\/tr>\n<tr>\n<td style=\"height: 20px;\" height=\"20\">Dodge Magnum<\/td>\n<td>2005\u20132008<\/td>\n<\/tr>\n<tr>\n<td style=\"height: 20px;\" height=\"20\">Dodge Challenger<\/td>\n<td>2008\u20132014<\/td>\n<\/tr>\n<\/tbody>\n<\/table>\n<p>&nbsp;<\/p>\n<p>Nale\u017cy zwr\u00f3ci\u0107 szczeg\u00f3ln\u0105 uwag\u0119 na model i rok produkcji.<br \/>\nJe\u015bli Twojego pojazdu nie ma na li\u015bcie, sprawd\u017a r\u00f3wnie\u017c <a href=\"https:\/\/kraftwerk-shop.cc\/pl\/produkt\/burnout-box-gen-2-elektronisches-line-lock-modul\/\" data-link-type=\"external\" data-type=\"linkpicker\">BurnBox Gen 2<\/a> oraz <a href=\"https:\/\/kraftwerk-shop.cc\/pl\/produkt\/burnout-box-hellcat-elektronisches-line-lock-modul\/\" data-link-type=\"external\" data-type=\"linkpicker\">BurnBox Hellcat<\/a> do.<\/p>\n<h3>Jeste\u015bmy autoryzowanym dealerem Z-Automotive!<\/h3>","protected":false},"excerpt":{"rendered":"<p>Elektroniczna blokada linii zapewniaj\u0105ca doskona\u0142e spalanie<\/p>","protected":false},"featured_media":68278593,"comment_status":"open","ping_status":"closed","template":"","meta":{"_acf_changed":false},"product_brand":[17480],"product_cat":[2573,1673,1681,1689,1705,1600,1616,1624,1713,1721,1729],"product_tag":[52,432,2996,431,54,53,48,536,429,439,49,3853,3854,437,430,441,222,434,433,435,55,436,438,470,440],"class_list":{"0":"post-68253001","1":"product","2":"type-product","3":"status-publish","4":"has-post-thumbnail","6":"product_brand-z-automotive","7":"product_cat-challenger-35-programmiergerate","8":"product_cat-challenger-36-programmiergeraete","9":"product_cat-challenger-57-programmiergeraete","10":"product_cat-challenger-61-programmiergeraete","11":"product_cat-challenger-64-programmiergeraete","12":"product_cat-charger-35-programmiergeraete","13":"product_cat-charger-57-programmiergeraete","14":"product_cat-charger-61-programmiergeraete","15":"product_cat-magnum-35-programmiergeraete","16":"product_cat-magnum-57-programmiergeraete","17":"product_cat-magnum-61-programmiergeraete","18":"product_tag-300c","19":"product_tag-box","20":"product_tag-burnbox","21":"product_tag-burnout","22":"product_tag-challenger","23":"product_tag-charger","24":"product_tag-chrysler","25":"product_tag-chrysler-300c","26":"product_tag-deutschland","27":"product_tag-diagnosestecker","28":"product_tag-dodge","29":"product_tag-dodge-challenger","30":"product_tag-dodge-charger","31":"product_tag-elektronisch","32":"product_tag-gen-1","33":"product_tag-kaufen","34":"product_tag-kit","35":"product_tag-line","36":"product_tag-linelock","37":"product_tag-lock","38":"product_tag-magnum","39":"product_tag-module","40":"product_tag-obd","41":"product_tag-z-auto","42":"product_tag-zautotech","44":"first","45":"instock","46":"taxable","47":"shipping-taxable","48":"purchasable","49":"product-type-simple"},"bundled_by":[],"bundle_stock_status":"instock","bundle_stock_quantity":3,"bundle_virtual":false,"bundle_layout":"","bundle_add_to_cart_form_location":"","bundle_editable_in_cart":false,"bundle_sold_individually_context":"","bundle_item_grouping":"","bundle_min_size":"","bundle_max_size":"","bundle_price":[],"bundled_items":[],"bundle_sell_ids":[],"exclude_global_add_ons":[],"addons":[],"acf":[],"_links":{"self":[{"href":"https:\/\/kraftwerk-shop.cc\/pl\/wp-json\/wp\/v2\/product\/68253001","targetHints":{"allow":["GET"]}}],"collection":[{"href":"https:\/\/kraftwerk-shop.cc\/pl\/wp-json\/wp\/v2\/product"}],"about":[{"href":"https:\/\/kraftwerk-shop.cc\/pl\/wp-json\/wp\/v2\/types\/product"}],"replies":[{"embeddable":true,"href":"https:\/\/kraftwerk-shop.cc\/pl\/wp-json\/wp\/v2\/comments?post=68253001"}],"version-history":[{"count":0,"href":"https:\/\/kraftwerk-shop.cc\/pl\/wp-json\/wp\/v2\/product\/68253001\/revisions"}],"wp:featuredmedia":[{"embeddable":true,"href":"https:\/\/kraftwerk-shop.cc\/pl\/wp-json\/wp\/v2\/media\/68278593"}],"wp:attachment":[{"href":"https:\/\/kraftwerk-shop.cc\/pl\/wp-json\/wp\/v2\/media?parent=68253001"}],"wp:term":[{"taxonomy":"product_brand","embeddable":true,"href":"https:\/\/kraftwerk-shop.cc\/pl\/wp-json\/wp\/v2\/product_brand?post=68253001"},{"taxonomy":"product_cat","embeddable":true,"href":"https:\/\/kraftwerk-shop.cc\/pl\/wp-json\/wp\/v2\/product_cat?post=68253001"},{"taxonomy":"product_tag","embeddable":true,"href":"https:\/\/kraftwerk-shop.cc\/pl\/wp-json\/wp\/v2\/product_tag?post=68253001"}],"curies":[{"name":"wp","href":"https:\/\/api.w.org\/{rel}","templated":true}]}}