{"id":68253015,"date":"2021-09-17T12:54:20","date_gmt":"2021-09-17T12:54:20","guid":{"rendered":"https:\/\/kraftwerk-gruppe.de\/?post_type=product&#038;p=68253015"},"modified":"2026-03-06T13:18:05","modified_gmt":"2026-03-06T12:18:05","slug":"modul-blokady-linii-burnbox-hellcat","status":"publish","type":"product","link":"https:\/\/kraftwerk-shop.cc\/pl\/produkt\/burnbox-hellcat-line-lock-modul\/","title":{"rendered":"BurnBox Dodge Hellcat (modu\u0142 elektronicznej blokady liniowej)"},"content":{"rendered":"<h1>BurnBox Dodge Hellcat - idealne rozwi\u0105zanie do prostych wypale\u0144<\/h1>\n<p>&nbsp;<\/p>\n<p>W przeciwie\u0144stwie do zestaw\u00f3w mechanicznych blokad przewod\u00f3w, nie s\u0105 wymagane \u017cadne modyfikacje uk\u0142adu hamulcowego.<br \/>\nSkrzynka wypalania jest po prostu pod\u0142\u0105czana do z\u0142\u0105cza diagnostycznego (z\u0142\u0105cze OBD).<br \/>\nNaci\u015bni\u0119cie prze\u0142\u0105cznika tempomatu powoduje zablokowanie przednich k\u00f3\u0142 przez hamulec do momentu zwolnienia prze\u0142\u0105cznika.<\/p>\n<p>W przeciwie\u0144stwie do \"normalnego\" wypalenia, tylne hamulce nie s\u0105 uruchamiane przez blokad\u0119 linki.<br \/>\nBurnout jest znacznie uproszczony i \u0142atwiejszy do kontrolowania, szczeg\u00f3lnie w pojazdach z manualn\u0105 skrzyni\u0105 bieg\u00f3w.<\/p>\n<p>Urz\u0105dzenie oferuje r\u00f3wnie\u017c funkcj\u0119 pokazu \u015bwietlnego, w kt\u00f3rej migaj\u0105 kierunkowskazy, reflektory, \u015bwiat\u0142a przeciwmgielne, \u015bwiat\u0142a hamowania i \u015bwiat\u0142a tylne.<br \/>\nFunkcja ta jest przeznaczona wy\u0142\u0105cznie do cel\u00f3w pokazowych i dzia\u0142a tylko podczas postoju pojazdu. Nie mo\u017cna jej aktywowa\u0107 podczas jazdy.<\/p>\n<p>Hellcat posiada r\u00f3wnie\u017c funkcj\u0119 \"cooldown\". Pozwala to na aktywacj\u0119 zar\u00f3wno wentylator\u00f3w ch\u0142odnicy, jak i pompy ch\u0142odzenia powietrza do\u0142adowuj\u0105cego, gdy silnik jest wy\u0142\u0105czony, w celu utrzymania niskich temperatur wlotowych na 1\/4 mili.<\/p>\n<p>Urz\u0105dzenie mo\u017cna zaktualizowa\u0107 za pomoc\u0105 oprogramowania dost\u0119pnego do pobrania przez port USB.<\/p>\n<p>&nbsp;<\/p>\n<p><strong>BurnBox jest odpowiedni dla nast\u0119puj\u0105cych pojazd\u00f3w:<\/strong><\/p>\n<table width=\"539\">\n<tbody>\n<tr>\n<td width=\"158\">Dodge<\/td>\n<td width=\"117\">Charger<\/td>\n<td width=\"146\">6.2 Hellcat<\/td>\n<td width=\"118\">2015\u20132023<\/td>\n<\/tr>\n<tr>\n<td width=\"158\">Dodge<\/td>\n<td width=\"117\">Challenger<\/td>\n<td width=\"146\">6.2 Hellcat<\/td>\n<td width=\"118\">2015\u20132023<\/td>\n<\/tr>\n<\/tbody>\n<\/table>\n<p>* Model 2018 i nowsze tylko w po\u0142\u0105czeniu z <a href=\"https:\/\/kraftwerk-shop.cc\/pl\/produkt\/podwojny-kabel-obejsciowy\/\">Podw\u00f3jny kabel obej\u015bciowy<\/a><\/p>\n<p>&nbsp;<\/p>\n<p><strong>Zakres dostawy:<\/strong><\/p>\n<ul>\n<li>Burnbox Hellcat<\/li>\n<li>Niemiecka instrukcja obs\u0142ugi<\/li>\n<\/ul>\n<p>&nbsp;<\/p>\n<p>Nale\u017cy zwr\u00f3ci\u0107 szczeg\u00f3ln\u0105 uwag\u0119 na model i rok produkcji.<br \/>\nJe\u015bli Twojego pojazdu nie ma na li\u015bcie, sprawd\u017a r\u00f3wnie\u017c <a href=\"https:\/\/kraftwerk-shop.cc\/pl\/produkt\/burnout-box-gen-1-elektronisches-line-lock-modul\/\" data-link-type=\"external\" data-type=\"linkpicker\">BurnBox Gen 1<\/a> oraz <a href=\"https:\/\/kraftwerk-shop.cc\/pl\/produkt\/burnout-box-gen-2-elektronisches-line-lock-modul\/\" data-link-type=\"external\" data-type=\"linkpicker\">BurnBox Gen 2<\/a> do.<\/p>\n<h3>Jeste\u015bmy autoryzowanym dealerem Z-Automotive!<\/h3>","protected":false},"excerpt":{"rendered":"<p>Elektroniczna blokada linii zapewniaj\u0105ca doskona\u0142e spalanie<\/p>","protected":false},"featured_media":68278580,"comment_status":"open","ping_status":"closed","template":"","meta":{"_acf_changed":false},"product_brand":[17480],"product_cat":[1697,1632],"product_tag":[432,2996,431,54,53,429,439,49,3853,3854,437,100,441,222,434,433,435,436,438,470,440],"class_list":{"0":"post-68253015","1":"product","2":"type-product","3":"status-publish","4":"has-post-thumbnail","6":"product_brand-z-automotive","7":"product_cat-challenger-hellcat-programmiergeraete","8":"product_cat-charger-hellcat-programmiergeraete","9":"product_tag-box","10":"product_tag-burnbox","11":"product_tag-burnout","12":"product_tag-challenger","13":"product_tag-charger","14":"product_tag-deutschland","15":"product_tag-diagnosestecker","16":"product_tag-dodge","17":"product_tag-dodge-challenger","18":"product_tag-dodge-charger","19":"product_tag-elektronisch","20":"product_tag-hellcat","21":"product_tag-kaufen","22":"product_tag-kit","23":"product_tag-line","24":"product_tag-linelock","25":"product_tag-lock","26":"product_tag-module","27":"product_tag-obd","28":"product_tag-z-auto","29":"product_tag-zautotech","31":"first","32":"outofstock","33":"taxable","34":"shipping-taxable","35":"purchasable","36":"product-type-simple"},"bundled_by":[],"bundle_stock_status":"outofstock","bundle_stock_quantity":0,"bundle_virtual":false,"bundle_layout":"","bundle_add_to_cart_form_location":"","bundle_editable_in_cart":false,"bundle_sold_individually_context":"","bundle_item_grouping":"","bundle_min_size":"","bundle_max_size":"","bundle_price":[],"bundled_items":[],"bundle_sell_ids":[],"exclude_global_add_ons":[],"addons":[],"acf":[],"_links":{"self":[{"href":"https:\/\/kraftwerk-shop.cc\/pl\/wp-json\/wp\/v2\/product\/68253015","targetHints":{"allow":["GET"]}}],"collection":[{"href":"https:\/\/kraftwerk-shop.cc\/pl\/wp-json\/wp\/v2\/product"}],"about":[{"href":"https:\/\/kraftwerk-shop.cc\/pl\/wp-json\/wp\/v2\/types\/product"}],"replies":[{"embeddable":true,"href":"https:\/\/kraftwerk-shop.cc\/pl\/wp-json\/wp\/v2\/comments?post=68253015"}],"version-history":[{"count":0,"href":"https:\/\/kraftwerk-shop.cc\/pl\/wp-json\/wp\/v2\/product\/68253015\/revisions"}],"wp:featuredmedia":[{"embeddable":true,"href":"https:\/\/kraftwerk-shop.cc\/pl\/wp-json\/wp\/v2\/media\/68278580"}],"wp:attachment":[{"href":"https:\/\/kraftwerk-shop.cc\/pl\/wp-json\/wp\/v2\/media?parent=68253015"}],"wp:term":[{"taxonomy":"product_brand","embeddable":true,"href":"https:\/\/kraftwerk-shop.cc\/pl\/wp-json\/wp\/v2\/product_brand?post=68253015"},{"taxonomy":"product_cat","embeddable":true,"href":"https:\/\/kraftwerk-shop.cc\/pl\/wp-json\/wp\/v2\/product_cat?post=68253015"},{"taxonomy":"product_tag","embeddable":true,"href":"https:\/\/kraftwerk-shop.cc\/pl\/wp-json\/wp\/v2\/product_tag?post=68253015"}],"curies":[{"name":"wp","href":"https:\/\/api.w.org\/{rel}","templated":true}]}}