{"id":68253022,"date":"2021-09-17T12:54:21","date_gmt":"2021-09-17T12:54:21","guid":{"rendered":"https:\/\/kraftwerk-gruppe.de\/?post_type=product&#038;p=68253022"},"modified":"2026-04-14T10:53:41","modified_gmt":"2026-04-14T08:53:41","slug":"modul-obejscia-bramki-bezpieczenstwa","status":"publish","type":"product","link":"https:\/\/kraftwerk-shop.cc\/pl\/produkt\/security-gateway-bypass-modul\/","title":{"rendered":"Modu\u0142 obej\u015bcia bramy bezpiecze\u0144stwa"},"content":{"rendered":"<h1>Modu\u0142 obej\u015bcia bramy bezpiecze\u0144stwa<\/h1>\n<p>&nbsp;<\/p>\n<p>Wszystkie samochody Chryler, Dodge, Jeep i RAM od 2018 roku s\u0105 wyposa\u017cone w modu\u0142 Safety Gateway Module (SGW), kt\u00f3ry umo\u017cliwia dost\u0119p do pojazdu przez port OBD2 tylko dla narz\u0119dzi diagnostycznych dealera.<\/p>\n<p>Wystarczy znale\u017a\u0107 modu\u0142 SGW, od\u0142\u0105czy\u0107 go i w\u0142o\u017cy\u0107 w jego miejsce blok obej\u015bciowy SGW.<br \/>\nPort OBD2 staje si\u0119 wtedy w pe\u0142ni dost\u0119pny dla urz\u0105dze\u0144 z rynku wt\u00f3rnego, takich jak Tazer lub BurnBox firmy Z Automotive, narz\u0119dzi tuningowych i urz\u0105dze\u0144 diagnostycznych z rynku wt\u00f3rnego.<\/p>\n<p>Prosta instalacja, bez lutowania itp.<\/p>\n<p><strong>Uwaga:<\/strong> Jak dot\u0105d dost\u0119pne s\u0105 tylko instrukcje monta\u017cu dla Jeep Grand Cherokee, Dodge Durango i RAM 2018.<br \/>\nOznacza to, \u017ce mo\u017ce nie by\u0107 jeszcze \u017cadnych informacji na temat instalacji w innych pojazdach.<\/p>\n<p>&nbsp;<\/p>","protected":false},"excerpt":{"rendered":"<p>Security Gateway Bypass Modul &nbsp; Alle Chryler, Dodge, Jeep und RAM ab 2018 sind mit einem Sicherheits-Gateway-Modul (SGW) ausgestattet, das<\/p>","protected":false},"featured_media":68272805,"comment_status":"open","ping_status":"closed","template":"","meta":{"_acf_changed":false},"product_brand":[17480],"product_cat":[1649,1657,2718,1665,1737,1745,1753,1769,1777,4241,19417,4760,19690,1518,5020,2705],"product_tag":[252,419,420,2066,2373,455,456,460,452,149,431,471,462,429,49,95,461,447,115,454,56,453,50,4425,441,36,450,451,457,472,445,449,448,444,459,446,469,468,463,443,442,464,470,2991,440,458],"class_list":{"0":"post-68253022","1":"product","2":"type-product","3":"status-publish","4":"has-post-thumbnail","6":"product_brand-z-automotive","7":"product_cat-durango-36-programmiergeraete","8":"product_cat-durango-57-programmiergeraete","9":"product_cat-durango-hellcat-programmiergeraete","10":"product_cat-durango-64-programmiergeraete","11":"product_cat-grand-cherokee-30-diesel-programmiergeraete","12":"product_cat-grand-cherokee-36-programmiergeraete","13":"product_cat-grand-cherokee-57-2011-2021-programmiergeraete","14":"product_cat-trackhawk-programmiergeraete","15":"product_cat-grand-cherokee-64-programmiergeraete","16":"product_cat-1500-ecodiesel-programmiergeraete","17":"product_cat-1500-ecodiesel-2020-2023-programmiergeraete","18":"product_cat-1500-36-programmiergeraete","19":"product_cat-1500-36-dt-programmiergeraete","20":"product_cat-1500-57-2009-2018-classic-programmiergeraete","21":"product_cat-1500-57-dt-programmiergeraete","22":"product_cat-trx-programmiergeraete","23":"product_tag-252","24":"product_tag-419","25":"product_tag-420","26":"product_tag-2066","27":"product_tag-2373","28":"product_tag-adaption","29":"product_tag-adaptionswerte","30":"product_tag-aktivieren","31":"product_tag-allrad","32":"product_tag-anschluss","33":"product_tag-burnout","34":"product_tag-bypass","35":"product_tag-codieren","36":"product_tag-deutschland","37":"product_tag-dodge","38":"product_tag-durango","39":"product_tag-einschalten","40":"product_tag-evic","41":"product_tag-getriebe","42":"product_tag-getriebesteuerung","43":"product_tag-grand-cherokee","44":"product_tag-heckantrieb","45":"product_tag-jeep","46":"product_tag-jeep-grand-cherokee","47":"product_tag-kaufen","48":"product_tag-kraftwerk","49":"product_tag-lenkradschaltung","50":"product_tag-line-lock","51":"product_tag-loeschen","52":"product_tag-modul","53":"product_tag-nebelleuchten","54":"product_tag-paddle-shifter","55":"product_tag-paddles","56":"product_tag-performance-pages","57":"product_tag-programmieren","58":"product_tag-rueckfahrkamera","59":"product_tag-security-gateway","60":"product_tag-sgw","61":"product_tag-shop","62":"product_tag-sport-modus","63":"product_tag-tazer","64":"product_tag-webshop","65":"product_tag-z-auto","66":"product_tag-zauto","67":"product_tag-zautotech","68":"product_tag-zuruecksetzen","69":"product_shipping_class-deutschlandohne","71":"first","72":"instock","73":"taxable","74":"shipping-taxable","75":"purchasable","76":"product-type-simple"},"bundled_by":[],"bundle_stock_status":"instock","bundle_stock_quantity":7,"bundle_virtual":false,"bundle_layout":"","bundle_add_to_cart_form_location":"","bundle_editable_in_cart":false,"bundle_sold_individually_context":"","bundle_item_grouping":"","bundle_min_size":"","bundle_max_size":"","bundle_price":[],"bundled_items":[],"bundle_sell_ids":[],"exclude_global_add_ons":[],"addons":[],"acf":[],"_links":{"self":[{"href":"https:\/\/kraftwerk-shop.cc\/pl\/wp-json\/wp\/v2\/product\/68253022","targetHints":{"allow":["GET"]}}],"collection":[{"href":"https:\/\/kraftwerk-shop.cc\/pl\/wp-json\/wp\/v2\/product"}],"about":[{"href":"https:\/\/kraftwerk-shop.cc\/pl\/wp-json\/wp\/v2\/types\/product"}],"replies":[{"embeddable":true,"href":"https:\/\/kraftwerk-shop.cc\/pl\/wp-json\/wp\/v2\/comments?post=68253022"}],"version-history":[{"count":0,"href":"https:\/\/kraftwerk-shop.cc\/pl\/wp-json\/wp\/v2\/product\/68253022\/revisions"}],"wp:featuredmedia":[{"embeddable":true,"href":"https:\/\/kraftwerk-shop.cc\/pl\/wp-json\/wp\/v2\/media\/68272805"}],"wp:attachment":[{"href":"https:\/\/kraftwerk-shop.cc\/pl\/wp-json\/wp\/v2\/media?parent=68253022"}],"wp:term":[{"taxonomy":"product_brand","embeddable":true,"href":"https:\/\/kraftwerk-shop.cc\/pl\/wp-json\/wp\/v2\/product_brand?post=68253022"},{"taxonomy":"product_cat","embeddable":true,"href":"https:\/\/kraftwerk-shop.cc\/pl\/wp-json\/wp\/v2\/product_cat?post=68253022"},{"taxonomy":"product_tag","embeddable":true,"href":"https:\/\/kraftwerk-shop.cc\/pl\/wp-json\/wp\/v2\/product_tag?post=68253022"}],"curies":[{"name":"wp","href":"https:\/\/api.w.org\/{rel}","templated":true}]}}