{"id":68253372,"date":"2021-09-17T12:55:51","date_gmt":"2021-09-17T12:55:51","guid":{"rendered":"https:\/\/kraftwerk-gruppe.de\/?post_type=product&#038;p=68253372"},"modified":"2026-03-31T13:48:13","modified_gmt":"2026-03-31T11:48:13","slug":"filtr-oleju-kn-dodge-charger","status":"publish","type":"product","link":"https:\/\/kraftwerk-shop.cc\/pl\/produkt\/kn-oelfilter-dodge-charger\/","title":{"rendered":"Filtr oleju K&amp;N Dodge Charger"},"content":{"rendered":"<h1>Filtr oleju K&amp;N Pro Series Dodge Charger<\/h1>\n<p>&nbsp;<\/p>\n<p>Filtry oleju K&amp;N Performance zosta\u0142y opracowane specjalnie do profesjonalnego u\u017cytku w warsztatach i serwisach.<br \/>\nIch wysokoprzep\u0142ywowa konstrukcja mo\u017ce pom\u00f3c poprawi\u0107 osi\u0105gi silnika Dodge Charger poprzez zmniejszenie ogranicze\u0144 filtra oleju.<br \/>\nFiltry oleju K&amp;N Pro Series maj\u0105 \u017cebrowany kszta\u0142t obudowy, dzi\u0119ki czemu mo\u017cna je wymienia\u0107 za pomoc\u0105 konwencjonalnego klucza do filtr\u00f3w oleju.<br \/>\nZapewniaj\u0105 one doskona\u0142\u0105 filtracj\u0119 i ochron\u0119 silnika Dodge Charger przez ca\u0142y okres eksploatacji.<br \/>\nFiltry oleju K&amp;N nadaj\u0105 si\u0119 do wszystkich syntetycznych, konwencjonalnych i mieszanych olej\u00f3w silnikowych. Plisowane wk\u0142ady filtracyjne zapewniaj\u0105 wysok\u0105 wydajno\u015b\u0107 filtracji, dzi\u0119ki czemu nadaj\u0105 si\u0119 do wyd\u0142u\u017conych okres\u00f3w wymiany oleju, je\u015bli s\u0105 u\u017cywane zgodnie z zaleceniami producenta pojazdu i oleju silnikowego.<\/p>\n<p>Chro\u0144 sw\u00f3j silnik dzi\u0119ki wysokiej jako\u015bci filtrom oleju K&amp;N\u00ae, kt\u00f3re niezawodnie odfiltrowuj\u0105 zanieczyszczenia z oleju silnikowego.<br \/>\nFiltry oleju K&amp;N s\u0105 opracowywane zgodnie z tymi samymi rygorystycznymi standardami jako\u015bci, co znane na ca\u0142ym \u015bwiecie filtry powietrza K&amp;N i charakteryzuj\u0105 si\u0119 trwa\u0142\u0105 konstrukcj\u0105 i wysokoprzep\u0142ywowymi wk\u0142adami filtracyjnymi, aby zapewni\u0107 doskona\u0142\u0105 filtracj\u0119 oleju.<\/p>\n<p>&nbsp;<\/p>\n<p><span lang=\"DE\">Dzi\u0119ki specjalnej syntetycznej mieszance materia\u0142u filtruj\u0105cego filtrowana jest wi\u0119ksza ilo\u015b\u0107 zanieczyszcze\u0144 przy wy\u017cszym nat\u0119\u017ceniu przep\u0142ywu.<\/span><\/p>\n<ul>\n<li>Opracowany dla wsp\u00f3\u0142czesnych wysokowydajnych olej\u00f3w syntetycznych<\/li>\n<li>Zaw\u00f3r zwrotny zapobiega opr\u00f3\u017cnieniu filtra i uruchomieniu go na sucho<\/li>\n<li>Zaw\u00f3r obej\u015bciowy<\/li>\n<li>Przekracza wszystkie specyfikacje producenta oryginalnego sprz\u0119tu<\/li>\n<\/ul>","protected":false},"excerpt":{"rendered":"<p>Filtry oleju K&amp;N Pro Series Dodge Charger Wydajne filtry oleju K&amp;N s\u0105 specjalnie zaprojektowane do profesjonalnego u\u017cytku w warsztatach i firmach serwisowych.<\/p>","protected":false},"featured_media":68271473,"comment_status":"open","ping_status":"closed","template":"","meta":{"_acf_changed":false},"product_brand":[19067],"product_cat":[1598,1614,5163,1622,1630,1638],"product_tag":[217,91,92,101,93,53,49,3854,648,100,126,675,670,36,404,2320,406,647,2453,655,672,674,96,1056,164,37,673],"class_list":{"0":"post-68253372","1":"product","2":"type-product","3":"status-publish","4":"has-post-thumbnail","6":"product_brand-kn","7":"product_cat-charger-35-wartung","8":"product_cat-charger-57-wartung","9":"product_cat-dodge-charger-57-2011-2023-wartung","10":"product_cat-charger-61-wartung","11":"product_cat-charger-hellcat-wartung","12":"product_cat-charger-64-wartung","13":"product_tag-217","14":"product_tag-5-7","15":"product_tag-6-1","16":"product_tag-6-2","17":"product_tag-6-4","18":"product_tag-charger","19":"product_tag-dodge","20":"product_tag-dodge-charger","21":"product_tag-filter","22":"product_tag-hellcat","23":"product_tag-hemi","24":"product_tag-inspektion","25":"product_tag-kn","26":"product_tag-kraftwerk","27":"product_tag-motoroel","28":"product_tag-motoroelfilter","29":"product_tag-oel","30":"product_tag-oelfilter","31":"product_tag-oelfilter10","32":"product_tag-oelwechsel","33":"product_tag-pro-series","34":"product_tag-service","35":"product_tag-srt","36":"product_tag-srt-8","37":"product_tag-srt8","38":"product_tag-wartung","39":"product_tag-zubehoer","40":"pa_baujahr-2007-2","41":"pa_baujahr-2008-2","42":"pa_baujahr-alle-baujahre","43":"pa_motor-2-7-2","44":"pa_motor-3-5-2","45":"pa_motor-5-7-2","46":"pa_motor-6-1-2","47":"pa_motor-6-2-hellcat","48":"pa_motor-6-4-2","50":"first","51":"instock","52":"taxable","53":"shipping-taxable","54":"purchasable","55":"product-type-variable"},"bundled_by":[],"bundle_stock_status":"instock","bundle_stock_quantity":48,"bundle_virtual":false,"bundle_layout":"","bundle_add_to_cart_form_location":"","bundle_editable_in_cart":false,"bundle_sold_individually_context":"","bundle_item_grouping":"","bundle_min_size":"","bundle_max_size":"","bundle_price":[],"bundled_items":[],"bundle_sell_ids":[],"exclude_global_add_ons":[],"addons":[],"acf":[],"_links":{"self":[{"href":"https:\/\/kraftwerk-shop.cc\/pl\/wp-json\/wp\/v2\/product\/68253372","targetHints":{"allow":["GET"]}}],"collection":[{"href":"https:\/\/kraftwerk-shop.cc\/pl\/wp-json\/wp\/v2\/product"}],"about":[{"href":"https:\/\/kraftwerk-shop.cc\/pl\/wp-json\/wp\/v2\/types\/product"}],"replies":[{"embeddable":true,"href":"https:\/\/kraftwerk-shop.cc\/pl\/wp-json\/wp\/v2\/comments?post=68253372"}],"version-history":[{"count":0,"href":"https:\/\/kraftwerk-shop.cc\/pl\/wp-json\/wp\/v2\/product\/68253372\/revisions"}],"wp:featuredmedia":[{"embeddable":true,"href":"https:\/\/kraftwerk-shop.cc\/pl\/wp-json\/wp\/v2\/media\/68271473"}],"wp:attachment":[{"href":"https:\/\/kraftwerk-shop.cc\/pl\/wp-json\/wp\/v2\/media?parent=68253372"}],"wp:term":[{"taxonomy":"product_brand","embeddable":true,"href":"https:\/\/kraftwerk-shop.cc\/pl\/wp-json\/wp\/v2\/product_brand?post=68253372"},{"taxonomy":"product_cat","embeddable":true,"href":"https:\/\/kraftwerk-shop.cc\/pl\/wp-json\/wp\/v2\/product_cat?post=68253372"},{"taxonomy":"product_tag","embeddable":true,"href":"https:\/\/kraftwerk-shop.cc\/pl\/wp-json\/wp\/v2\/product_tag?post=68253372"}],"curies":[{"name":"wp","href":"https:\/\/api.w.org\/{rel}","templated":true}]}}