{"id":68253552,"date":"2021-09-17T12:56:47","date_gmt":"2021-09-17T12:56:47","guid":{"rendered":"https:\/\/kraftwerk-gruppe.de\/?post_type=product&#038;p=68253552"},"modified":"2026-04-16T11:28:12","modified_gmt":"2026-04-16T09:28:12","slug":"filtr-oleju-mopar-dodge-durango","status":"publish","type":"product","link":"https:\/\/kraftwerk-shop.cc\/pl\/produkt\/mopar-oelfilter-dodge-durango\/","title":{"rendered":"Filtr oleju Mopar Dodge Durango"},"content":{"rendered":"<h1>Filtr oleju Mopar Dodge Durango -. <span lang=\"DE\">Oryginalna cz\u0119\u015b\u0107 zamienna<\/span><\/h1>\n<p>&nbsp;<\/p>\n<p><strong>Numer cz\u0119\u015bci Mopar:<\/strong> 5281090AB, 04884899AC, 4884899AC, 04892339AB, 4892339AB<br \/>\n<strong>Zast\u0105piony:<\/strong> 5281090AA, 04884899AA, 04884899AB, 4884899AA, 4884899AB, 04892339AA, 4892339AA<\/p>\n<p>&nbsp;<\/p>\n<p>Aby silnik Dodge Durango dzia\u0142a\u0142 prawid\u0142owo, musi by\u0107 zasilany czystym olejem silnikowym.<br \/>\nProblem polega na tym, \u017ce nawet nowy olej silnikowy mo\u017ce zawiera\u0107 zanieczyszczenia. Kiedy przep\u0142ywaj\u0105 one przez silnik, zbieraj\u0105 si\u0119 na r\u00f3\u017cnych jego cz\u0119\u015bciach i pogarszaj\u0105 jego wydajno\u015b\u0107.<br \/>\nWraz z innymi zanieczyszczeniami, kt\u00f3re olej silnikowy zbiera na swojej drodze przez silnik, mo\u017ce to prowadzi\u0107 do jego uszkodzenia.<br \/>\nW tym miejscu do gry wkracza oryginalny filtr oleju Mopar.<br \/>\nPrzechwytuje on te mikroskopijne zanieczyszczenia na drodze oleju, dzi\u0119ki czemu tylko czysty olej przep\u0142ywa z powrotem do silnika i smaruje r\u00f3\u017cne jego cz\u0119\u015bci. Z czasem jednak nawet wysokiej jako\u015bci filtr oleju ulega uszkodzeniu lub zatkaniu.<\/p>\n<p>Je\u015bli filtr oleju wymaga wymiany, nale\u017cy upewni\u0107 si\u0119, \u017ce u\u017cywany jest oryginalny filtr oleju Mopar.<br \/>\nS\u0105 to jedyne filtry, kt\u00f3re s\u0105 kompatybilne z silnikiem Dodge Durango, wi\u0119c mo\u017cesz polega\u0107 na ich dopasowaniu i wydajno\u015bci.<br \/>\nFiltr oleju od zewn\u0119trznego dostawcy mo\u017ce nie by\u0107 idealnie dopasowany, co mo\u017ce prowadzi\u0107 do wyciek\u00f3w lub nawet powa\u017cniejszych problem\u00f3w z silnikiem.<\/p>\n<p>W naszym sklepie internetowym znajdziesz oryginalne filtry oleju Mopar pasuj\u0105ce do Twojego Dodge Durango.<\/p>\n<p>Ta oryginalna cz\u0119\u015b\u0107 Mopar spe\u0142nia wszystkie wymagania gwarancji fabrycznej.<\/p>\n<p>&nbsp;<\/p>\n<p><strong>Uwaga dotycz\u0105ca wariant\u00f3w Durango 5.7:<\/strong><\/p>\n<p>Od 2015 roku pojazdy by\u0142y wyposa\u017cone w <strong>MO-899<\/strong> jak r\u00f3wnie\u017c z <strong>MO-339<\/strong> dostarczone.<br \/>\nMO-339 ma mniejsz\u0105 obudow\u0119 filtra ni\u017c MO-899.<br \/>\nOba warianty pasuj\u0105 i oba warianty mog\u0105 by\u0107 u\u017cywane.<\/p>","protected":false},"excerpt":{"rendered":"<p><span lang=\"DE\" style=\"display: inline;\">Oryginalna cz\u0119\u015b\u0107 Mopar<\/span><\/p>","protected":false},"featured_media":68271423,"comment_status":"open","ping_status":"closed","template":"","meta":{"_acf_changed":false},"product_brand":[16270],"product_cat":[1655,2710,1663],"product_tag":[4988,4989,4993,4249,4250,20573,20574,18178,18176,20570,217,4990,4991,685,4992,689,91,20571,20572,5081,686,101,93,49,95,2321,648,100,126,675,36,31,8813,9424,16271,16273,16275,16272,16274,7221,404,2320,1091,647,2453,655,34,35,674,96,164,38,37,673],"class_list":{"0":"post-68253552","1":"product","2":"type-product","3":"status-publish","4":"has-post-thumbnail","6":"product_brand-mopar","7":"product_cat-durango-57-wartung","8":"product_cat-durango-hellcat-wartung","9":"product_cat-durango-64-wartung","10":"product_tag-04884899aa","11":"product_tag-04884899ab","12":"product_tag-04884899ac","13":"product_tag-04892339aa","14":"product_tag-04892339ab","15":"product_tag-05013780aa","16":"product_tag-20574","17":"product_tag-05281090aa","18":"product_tag-05281090ab","19":"product_tag-20570","20":"product_tag-217","21":"product_tag-4884899aa","22":"product_tag-4884899ab","23":"product_tag-4884899ac","24":"product_tag-4892339aa","25":"product_tag-4892339ab","26":"product_tag-5-7","27":"product_tag-5013780aa","28":"product_tag-20572","29":"product_tag-5281090aa","30":"product_tag-5281090ab","31":"product_tag-6-2","32":"product_tag-6-4","33":"product_tag-dodge","34":"product_tag-durango","35":"product_tag-erstausruester","36":"product_tag-filter","37":"product_tag-hellcat","38":"product_tag-hemi","39":"product_tag-inspektion","40":"product_tag-kraftwerk","41":"product_tag-mopar","42":"product_tag-mopar-autoteile","43":"product_tag-mopar-ersatzteile","44":"product_tag-mopar-ersatzteile-kaufen","45":"product_tag-mopar-performance-teile","46":"product_tag-mopar-teile-katalog","47":"product_tag-mopar-teile-online","48":"product_tag-mopar-tuningteile","49":"product_tag-mopar10","50":"product_tag-motoroel","51":"product_tag-motoroelfilter","52":"product_tag-oem","53":"product_tag-oelfilter","54":"product_tag-oelfilter10","55":"product_tag-oelwechsel","56":"product_tag-original","57":"product_tag-originalersatzteil","58":"product_tag-service","59":"product_tag-srt","60":"product_tag-srt8","61":"product_tag-teile","62":"product_tag-wartung","63":"product_tag-zubehoer","65":"first","66":"instock","67":"taxable","68":"shipping-taxable","69":"purchasable","70":"product-type-variable"},"bundled_by":[],"bundle_stock_status":"instock","bundle_stock_quantity":600,"bundle_virtual":false,"bundle_layout":"","bundle_add_to_cart_form_location":"","bundle_editable_in_cart":false,"bundle_sold_individually_context":"","bundle_item_grouping":"","bundle_min_size":"","bundle_max_size":"","bundle_price":[],"bundled_items":[],"bundle_sell_ids":[],"exclude_global_add_ons":[],"addons":[],"acf":[],"_links":{"self":[{"href":"https:\/\/kraftwerk-shop.cc\/pl\/wp-json\/wp\/v2\/product\/68253552","targetHints":{"allow":["GET"]}}],"collection":[{"href":"https:\/\/kraftwerk-shop.cc\/pl\/wp-json\/wp\/v2\/product"}],"about":[{"href":"https:\/\/kraftwerk-shop.cc\/pl\/wp-json\/wp\/v2\/types\/product"}],"replies":[{"embeddable":true,"href":"https:\/\/kraftwerk-shop.cc\/pl\/wp-json\/wp\/v2\/comments?post=68253552"}],"version-history":[{"count":0,"href":"https:\/\/kraftwerk-shop.cc\/pl\/wp-json\/wp\/v2\/product\/68253552\/revisions"}],"wp:featuredmedia":[{"embeddable":true,"href":"https:\/\/kraftwerk-shop.cc\/pl\/wp-json\/wp\/v2\/media\/68271423"}],"wp:attachment":[{"href":"https:\/\/kraftwerk-shop.cc\/pl\/wp-json\/wp\/v2\/media?parent=68253552"}],"wp:term":[{"taxonomy":"product_brand","embeddable":true,"href":"https:\/\/kraftwerk-shop.cc\/pl\/wp-json\/wp\/v2\/product_brand?post=68253552"},{"taxonomy":"product_cat","embeddable":true,"href":"https:\/\/kraftwerk-shop.cc\/pl\/wp-json\/wp\/v2\/product_cat?post=68253552"},{"taxonomy":"product_tag","embeddable":true,"href":"https:\/\/kraftwerk-shop.cc\/pl\/wp-json\/wp\/v2\/product_tag?post=68253552"}],"curies":[{"name":"wp","href":"https:\/\/api.w.org\/{rel}","templated":true}]}}