{"id":68253607,"date":"2021-09-17T12:56:52","date_gmt":"2021-09-17T12:56:52","guid":{"rendered":"https:\/\/kraftwerk-gruppe.de\/?post_type=product&#038;p=68253607"},"modified":"2026-04-19T22:23:22","modified_gmt":"2026-04-19T20:23:22","slug":"filtr-powietrza-mopar-dodge-charger","status":"publish","type":"product","link":"https:\/\/kraftwerk-shop.cc\/pl\/produkt\/mopar-luftfilter-dodge-charger\/","title":{"rendered":"Filtr powietrza Mopar Dodge Charger"},"content":{"rendered":"<h1>Oryginalny filtr powietrza Mopar do Dodge Charger<\/h1>\n<p>&nbsp;<\/p>\n<p><strong>Numery cz\u0119\u015bci Mopar:<\/strong> 5019002AA, 5037615AA, 68172459AA, 4861746AB, 05019002AA, 05037615AA, 04861746AB<\/p>\n<p>&nbsp;<\/p>\n<p>Oryginalne filtry powietrza Mopar w Twoim poje\u017adzie maj\u0105 za zadanie chroni\u0107 silnik Twojego Dodge Durango. Bez nich brud i zanieczyszczenia utrudnia\u0142yby prawid\u0142owe dzia\u0142anie silnika, a jako\u015b\u0107 powietrza znacznie by na tym ucierpia\u0142a.<br \/>\nSilnik wykorzystuje powietrze do ch\u0142odzenia i generowania energii, wi\u0119c stale zu\u017cywa du\u017ce ilo\u015bci powietrza.<br \/>\nFiltr powietrza silnika wy\u0142apuje brud i kurz, zanim przedostan\u0105 si\u0119 one do silnika i spowoduj\u0105 jego uszkodzenie.<br \/>\nJe\u015bli filtr jest brudny lub zatkany, spada jego wydajno\u015b\u0107. W\u0119giel gromadzi si\u0119, do silnika dostaje si\u0119 mniej powietrza i dochodzi do przerw w zap\u0142onie.<br \/>\nMo\u017cna nawet zauwa\u017cy\u0107 spadek wydajno\u015bci paliwowej.<\/p>\n<p>Nie podejmuj ryzyka, decyduj\u0105c si\u0119 na filtr powietrza z rynku wt\u00f3rnego. Je\u015bli cz\u0105steczki brudu przedostan\u0105 si\u0119 przez nieprawid\u0142owo zamontowany filtr powietrza, mog\u0105 spowodowa\u0107 uszkodzenie bloku silnika lub cylindr\u00f3w.<br \/>\nOryginalne filtry powietrza Mopar\u00ae w naszym asortymencie online s\u0105 dopasowane do Twojego Dodge Charger, wi\u0119c mo\u017cesz polega\u0107 na ich przydatno\u015bci.<\/p>","protected":false},"excerpt":{"rendered":"<p><span lang=\"DE\" style=\"display: inline;\">Oryginalna cz\u0119\u015b\u0107 Mopar<\/span><\/p>","protected":false},"featured_media":68274823,"comment_status":"open","ping_status":"closed","template":"","meta":{"_acf_changed":false},"product_brand":[16270],"product_cat":[1598,1606,1614,5163,1622,1630,1638],"product_tag":[58,59,4479,87,88,169,706,91,708,4478,92,101,93,707,53,49,3854,692,100,126,57,31,7221,34,96],"class_list":{"0":"post-68253607","1":"product","2":"type-product","3":"status-publish","4":"has-post-thumbnail","6":"product_brand-mopar","7":"product_cat-charger-35-wartung","8":"product_cat-charger-36-wartung","9":"product_cat-charger-57-wartung","10":"product_cat-dodge-charger-57-2011-2023-wartung","11":"product_cat-charger-61-wartung","12":"product_cat-charger-hellcat-wartung","13":"product_cat-charger-64-wartung","14":"product_tag-04861746ab","15":"product_tag-05019002aa","16":"product_tag-05037615aa","17":"product_tag-2-7","18":"product_tag-3-5","19":"product_tag-3-6","20":"product_tag-4861746ab","21":"product_tag-5-7","22":"product_tag-5019002aa","23":"product_tag-5037615aa","24":"product_tag-6-1","25":"product_tag-6-2","26":"product_tag-6-4","27":"product_tag-68172459aa","28":"product_tag-charger","29":"product_tag-dodge","30":"product_tag-dodge-charger","31":"product_tag-ersatzteil","32":"product_tag-hellcat","33":"product_tag-hemi","34":"product_tag-luftfilter","35":"product_tag-mopar","36":"product_tag-mopar10","37":"product_tag-original","38":"product_tag-srt","39":"product_shipping_class-deutschlandohne","40":"pa_motor-3-5-2","41":"pa_motor-3-6-2","42":"pa_motor-5-7-ab-2011","43":"pa_motor-5-7-bis-2011","44":"pa_motor-6-1-srt8","45":"pa_motor-6-2-hellcat-2015-2023","46":"pa_motor-6-4-srt-2","48":"first","49":"instock","50":"taxable","51":"shipping-taxable","52":"purchasable","53":"product-type-variable"},"bundled_by":[],"bundle_stock_status":"instock","bundle_stock_quantity":96,"bundle_virtual":false,"bundle_layout":"","bundle_add_to_cart_form_location":"","bundle_editable_in_cart":false,"bundle_sold_individually_context":"","bundle_item_grouping":"","bundle_min_size":"","bundle_max_size":"","bundle_price":[],"bundled_items":[],"bundle_sell_ids":[],"exclude_global_add_ons":[],"addons":[],"acf":[],"_links":{"self":[{"href":"https:\/\/kraftwerk-shop.cc\/pl\/wp-json\/wp\/v2\/product\/68253607","targetHints":{"allow":["GET"]}}],"collection":[{"href":"https:\/\/kraftwerk-shop.cc\/pl\/wp-json\/wp\/v2\/product"}],"about":[{"href":"https:\/\/kraftwerk-shop.cc\/pl\/wp-json\/wp\/v2\/types\/product"}],"replies":[{"embeddable":true,"href":"https:\/\/kraftwerk-shop.cc\/pl\/wp-json\/wp\/v2\/comments?post=68253607"}],"version-history":[{"count":0,"href":"https:\/\/kraftwerk-shop.cc\/pl\/wp-json\/wp\/v2\/product\/68253607\/revisions"}],"wp:featuredmedia":[{"embeddable":true,"href":"https:\/\/kraftwerk-shop.cc\/pl\/wp-json\/wp\/v2\/media\/68274823"}],"wp:attachment":[{"href":"https:\/\/kraftwerk-shop.cc\/pl\/wp-json\/wp\/v2\/media?parent=68253607"}],"wp:term":[{"taxonomy":"product_brand","embeddable":true,"href":"https:\/\/kraftwerk-shop.cc\/pl\/wp-json\/wp\/v2\/product_brand?post=68253607"},{"taxonomy":"product_cat","embeddable":true,"href":"https:\/\/kraftwerk-shop.cc\/pl\/wp-json\/wp\/v2\/product_cat?post=68253607"},{"taxonomy":"product_tag","embeddable":true,"href":"https:\/\/kraftwerk-shop.cc\/pl\/wp-json\/wp\/v2\/product_tag?post=68253607"}],"curies":[{"name":"wp","href":"https:\/\/api.w.org\/{rel}","templated":true}]}}