{"id":68253618,"date":"2021-09-17T12:56:52","date_gmt":"2021-09-17T12:56:52","guid":{"rendered":"https:\/\/kraftwerk-gruppe.de\/?post_type=product&#038;p=68253618"},"modified":"2026-02-15T01:01:28","modified_gmt":"2026-02-15T00:01:28","slug":"filtr-powietrza-mopar-dodge-magnum","status":"publish","type":"product","link":"https:\/\/kraftwerk-shop.cc\/pl\/produkt\/mopar-luftfilter-dodge-magnum\/","title":{"rendered":"Filtr powietrza Mopar Dodge Magnum"},"content":{"rendered":"<h1>Oryginalny filtr powietrza Mopar do Dodge Magnum<\/h1>\n<p>&nbsp;<\/p>\n<p><strong>Numery cz\u0119\u015bci Mopar:<\/strong> 5019002AA, 5037615AA, 05019002AA, 05037615AA<\/p>\n<p>&nbsp;<\/p>\n<p>Oryginalne filtry powietrza Mopar w Twoim poje\u017adzie maj\u0105 za zadanie chroni\u0107 silnik Twojego Dodge Durango. Bez nich brud i zanieczyszczenia utrudnia\u0142yby prawid\u0142owe dzia\u0142anie silnika, a jako\u015b\u0107 powietrza znacznie by na tym ucierpia\u0142a.<br \/>\nSilnik wykorzystuje powietrze do ch\u0142odzenia i generowania energii, wi\u0119c stale zu\u017cywa du\u017ce ilo\u015bci powietrza.<br \/>\nFiltr powietrza silnika wy\u0142apuje brud i kurz, zanim przedostan\u0105 si\u0119 one do silnika i spowoduj\u0105 jego uszkodzenie.<br \/>\nJe\u015bli filtr jest brudny lub zatkany, spada jego wydajno\u015b\u0107. W\u0119giel gromadzi si\u0119, do silnika dostaje si\u0119 mniej powietrza i dochodzi do przerw w zap\u0142onie.<br \/>\nMo\u017cna nawet zauwa\u017cy\u0107 spadek wydajno\u015bci paliwowej.<\/p>\n<p>Nie podejmuj ryzyka, decyduj\u0105c si\u0119 na filtr powietrza z rynku wt\u00f3rnego. Je\u015bli cz\u0105steczki brudu przedostan\u0105 si\u0119 przez nieprawid\u0142owo zamontowany filtr powietrza, mog\u0105 spowodowa\u0107 uszkodzenie bloku silnika lub cylindr\u00f3w.<br \/>\nOryginalne filtry powietrza Mopar\u00ae w naszym asortymencie online s\u0105 dopasowane do Twojego Dodge Magnum, wi\u0119c mo\u017cesz polega\u0107 na ich przydatno\u015bci.<\/p>\n<p>&nbsp;<\/p>","protected":false},"excerpt":{"rendered":"<p><span lang=\"DE\" style=\"display: inline;\">Oryginalna cz\u0119\u015b\u0107 Mopar<\/span><\/p>","protected":false},"featured_media":68274817,"comment_status":"open","ping_status":"closed","template":"","meta":{"_acf_changed":false},"product_brand":[16270],"product_cat":[1711,1719,1727],"product_tag":[59,4479,87,88,91,708,4478,92,49,692,126,57,55,31,7221,34,96],"class_list":{"0":"post-68253618","1":"product","2":"type-product","3":"status-publish","4":"has-post-thumbnail","6":"product_brand-mopar","7":"product_cat-magnum-35-wartung","8":"product_cat-magnum-57-wartung","9":"product_cat-magnum-61-wartung","10":"product_tag-05019002aa","11":"product_tag-05037615aa","12":"product_tag-2-7","13":"product_tag-3-5","14":"product_tag-5-7","15":"product_tag-5019002aa","16":"product_tag-5037615aa","17":"product_tag-6-1","18":"product_tag-dodge","19":"product_tag-ersatzteil","20":"product_tag-hemi","21":"product_tag-luftfilter","22":"product_tag-magnum","23":"product_tag-mopar","24":"product_tag-mopar10","25":"product_tag-original","26":"product_tag-srt","27":"pa_motor-2-7-2","28":"pa_motor-3-5-2","29":"pa_motor-5-7-2","30":"pa_motor-6-1-srt8","32":"first","33":"instock","34":"taxable","35":"shipping-taxable","36":"purchasable","37":"product-type-variable"},"bundled_by":[],"bundle_stock_status":"instock","bundle_stock_quantity":8,"bundle_virtual":false,"bundle_layout":"","bundle_add_to_cart_form_location":"","bundle_editable_in_cart":false,"bundle_sold_individually_context":"","bundle_item_grouping":"","bundle_min_size":"","bundle_max_size":"","bundle_price":[],"bundled_items":[],"bundle_sell_ids":[],"exclude_global_add_ons":[],"addons":[],"acf":[],"_links":{"self":[{"href":"https:\/\/kraftwerk-shop.cc\/pl\/wp-json\/wp\/v2\/product\/68253618","targetHints":{"allow":["GET"]}}],"collection":[{"href":"https:\/\/kraftwerk-shop.cc\/pl\/wp-json\/wp\/v2\/product"}],"about":[{"href":"https:\/\/kraftwerk-shop.cc\/pl\/wp-json\/wp\/v2\/types\/product"}],"replies":[{"embeddable":true,"href":"https:\/\/kraftwerk-shop.cc\/pl\/wp-json\/wp\/v2\/comments?post=68253618"}],"version-history":[{"count":0,"href":"https:\/\/kraftwerk-shop.cc\/pl\/wp-json\/wp\/v2\/product\/68253618\/revisions"}],"wp:featuredmedia":[{"embeddable":true,"href":"https:\/\/kraftwerk-shop.cc\/pl\/wp-json\/wp\/v2\/media\/68274817"}],"wp:attachment":[{"href":"https:\/\/kraftwerk-shop.cc\/pl\/wp-json\/wp\/v2\/media?parent=68253618"}],"wp:term":[{"taxonomy":"product_brand","embeddable":true,"href":"https:\/\/kraftwerk-shop.cc\/pl\/wp-json\/wp\/v2\/product_brand?post=68253618"},{"taxonomy":"product_cat","embeddable":true,"href":"https:\/\/kraftwerk-shop.cc\/pl\/wp-json\/wp\/v2\/product_cat?post=68253618"},{"taxonomy":"product_tag","embeddable":true,"href":"https:\/\/kraftwerk-shop.cc\/pl\/wp-json\/wp\/v2\/product_tag?post=68253618"}],"curies":[{"name":"wp","href":"https:\/\/api.w.org\/{rel}","templated":true}]}}