{"id":68253700,"date":"2021-09-17T12:56:56","date_gmt":"2021-09-17T12:56:56","guid":{"rendered":"https:\/\/kraftwerk-gruppe.de\/?post_type=product&#038;p=68253700"},"modified":"2026-04-11T14:41:07","modified_gmt":"2026-04-11T12:41:07","slug":"pasek-kompresora-hd-kolo-pasowe-hellcat-trackhawk-2x","status":"publish","type":"product","link":"https:\/\/kraftwerk-shop.cc\/pl\/produkt\/hd-kompresssorriemen-hellcat-trackhawk-2x-pulley\/","title":{"rendered":"Wzmocniony pasek do\u0142adowania dla Hellcat, Trackhawk i TRX"},"content":{"rendered":"<h1>Wzmocniony pasek do\u0142adowania dla Hellcat, Trackhawk i TRX<\/h1>\n<p>&nbsp;<\/p>\n<p>Zaprojektowana z my\u015bl\u0105 o najtrudniejszych zastosowaniach konstrukcja FleetRunner\u00ae zapewnia doskona\u0142\u0105 elastyczno\u015b\u0107, stabilno\u015b\u0107, no\u015bno\u015b\u0107 i niezr\u00f3wnan\u0105 \u017cywotno\u015b\u0107 paska spr\u0119\u017carki.<\/p>\n<p>Opatentowane materia\u0142y zapewniaj\u0105 najwy\u017csz\u0105 wydajno\u015b\u0107 w ekstremalnie d\u0142ugich temperaturach pracy i sprawiaj\u0105, \u017ce pasek ten jest najlepszym rozwi\u0105zaniem problem\u00f3w.<br \/>\nWysoce rozwini\u0119ta mieszanka gumy EPDM jest odporna na przedwczesne starzenie.<\/p>\n<p>&nbsp;<\/p>\n<p><strong>Odpowiedni dla:<\/strong><\/p>\n<table width=\"449\">\n<tbody>\n<tr>\n<td width=\"115\"><strong>Marka<\/strong><\/td>\n<td width=\"145\"><strong>Model<\/strong><\/td>\n<td width=\"106\"><strong>Silnik<\/strong><\/td>\n<td width=\"83\"><strong>Rok<\/strong><\/td>\n<\/tr>\n<tr>\n<td width=\"115\">Dodge<\/td>\n<td width=\"145\">Charger<\/td>\n<td width=\"106\">6.2 Hellcat<\/td>\n<td width=\"83\">2015\u20132023<\/td>\n<\/tr>\n<tr>\n<td width=\"115\">Dodge<\/td>\n<td width=\"145\">Challenger<\/td>\n<td width=\"106\">6.2 Hellcat<\/td>\n<td width=\"83\">2015\u20132023<\/td>\n<\/tr>\n<tr>\n<td width=\"115\">Dodge<\/td>\n<td width=\"145\">Durango<\/td>\n<td width=\"106\">6.2 Hellcat<\/td>\n<td width=\"83\">2021\u20132025<\/td>\n<\/tr>\n<tr>\n<td width=\"115\">Jeep<\/td>\n<td width=\"145\">Grand Cherokee<\/td>\n<td width=\"106\">6.2 Trackhawk<\/td>\n<td width=\"83\">2018\u20132021<\/td>\n<\/tr>\n<tr>\n<td width=\"115\">RAM<\/td>\n<td width=\"145\">1500<\/td>\n<td width=\"106\">TRX<\/td>\n<td width=\"83\">2021\u20132024<\/td>\n<\/tr>\n<\/tbody>\n<\/table>\n<p>&nbsp;<\/p>\n<p><strong>Do u\u017cytku tylko z ko\u0142ami spr\u0119\u017carki 2,65, 2,75 i 2,85<\/strong><\/p>\n<p>&nbsp;<\/p>","protected":false},"excerpt":{"rendered":"<p>Nadaje si\u0119 do k\u00f3\u0142 spr\u0119\u017carek 2,85\u2033, 2,75\u2033 i 2,65\u2033<\/p>","protected":false},"featured_media":68275712,"comment_status":"open","ping_status":"closed","template":"","meta":{"_acf_changed":false},"product_brand":[],"product_cat":[2585,7505,2709,7509,2708,7512,7519,2669,2701,7525],"product_tag":[475,101,54,53,49,3853,3854,3415,737,56,2452,738,100,723,50,4425,4427,4426,739,736,722,242,394,36,382,157,397,86,735,721,246,102,2353,233,733],"class_list":{"0":"post-68253700","1":"product","2":"type-product","3":"status-publish","4":"has-post-thumbnail","6":"product_cat-challenger-hellcat-kompressor","7":"product_cat-challenger-hellcat-riemenantrieb","8":"product_cat-charger-hellcat-kompressor","9":"product_cat-charger-hellcat-riemenantrieb","10":"product_cat-durango-hellcat-kompressor","11":"product_cat-durango-hellcat-riemenantrieb","12":"product_cat-trackhawk-riemenantrieb","13":"product_cat-trackhawk-kompressor","14":"product_cat-trx-kompressor","15":"product_cat-trx-riemenantrieb","16":"product_tag-475","17":"product_tag-6-2","18":"product_tag-challenger","19":"product_tag-charger","20":"product_tag-dodge","21":"product_tag-dodge-challenger","22":"product_tag-dodge-charger","23":"product_tag-erhoehen","24":"product_tag-gates","25":"product_tag-grand-cherokee","26":"product_tag-hcsc","27":"product_tag-hd","28":"product_tag-hellcat","29":"product_tag-hoeher","30":"product_tag-jeep","31":"product_tag-jeep-grand-cherokee","32":"product_tag-jeep-grand-cherokee-trackhawk","33":"product_tag-jeep-trackhawk","34":"product_tag-k100572hd","35":"product_tag-keilriemen","36":"product_tag-kleiner","37":"product_tag-kompressor","38":"product_tag-kompressorrad","39":"product_tag-kraftwerk","40":"product_tag-ladedruck","41":"product_tag-metco","42":"product_tag-pulley","43":"product_tag-ram","44":"product_tag-riemen","45":"product_tag-riemenscheibe","46":"product_tag-supercharger","47":"product_tag-trackhawk","48":"product_tag-trx","49":"product_tag-tuning","50":"product_tag-werkzeug","52":"first","53":"instock","54":"taxable","55":"shipping-taxable","56":"purchasable","57":"product-type-simple"},"bundled_by":[],"bundle_stock_status":"instock","bundle_stock_quantity":7,"bundle_virtual":false,"bundle_layout":"","bundle_add_to_cart_form_location":"","bundle_editable_in_cart":false,"bundle_sold_individually_context":"","bundle_item_grouping":"","bundle_min_size":"","bundle_max_size":"","bundle_price":[],"bundled_items":[],"bundle_sell_ids":[],"exclude_global_add_ons":[],"addons":[],"acf":[],"_links":{"self":[{"href":"https:\/\/kraftwerk-shop.cc\/pl\/wp-json\/wp\/v2\/product\/68253700","targetHints":{"allow":["GET"]}}],"collection":[{"href":"https:\/\/kraftwerk-shop.cc\/pl\/wp-json\/wp\/v2\/product"}],"about":[{"href":"https:\/\/kraftwerk-shop.cc\/pl\/wp-json\/wp\/v2\/types\/product"}],"replies":[{"embeddable":true,"href":"https:\/\/kraftwerk-shop.cc\/pl\/wp-json\/wp\/v2\/comments?post=68253700"}],"version-history":[{"count":0,"href":"https:\/\/kraftwerk-shop.cc\/pl\/wp-json\/wp\/v2\/product\/68253700\/revisions"}],"wp:featuredmedia":[{"embeddable":true,"href":"https:\/\/kraftwerk-shop.cc\/pl\/wp-json\/wp\/v2\/media\/68275712"}],"wp:attachment":[{"href":"https:\/\/kraftwerk-shop.cc\/pl\/wp-json\/wp\/v2\/media?parent=68253700"}],"wp:term":[{"taxonomy":"product_brand","embeddable":true,"href":"https:\/\/kraftwerk-shop.cc\/pl\/wp-json\/wp\/v2\/product_brand?post=68253700"},{"taxonomy":"product_cat","embeddable":true,"href":"https:\/\/kraftwerk-shop.cc\/pl\/wp-json\/wp\/v2\/product_cat?post=68253700"},{"taxonomy":"product_tag","embeddable":true,"href":"https:\/\/kraftwerk-shop.cc\/pl\/wp-json\/wp\/v2\/product_tag?post=68253700"}],"curies":[{"name":"wp","href":"https:\/\/api.w.org\/{rel}","templated":true}]}}