{"id":68253860,"date":"2021-09-17T12:57:52","date_gmt":"2021-09-17T12:57:52","guid":{"rendered":"https:\/\/kraftwerk-gruppe.de\/?post_type=product&#038;p=68253860"},"modified":"2026-02-15T00:49:12","modified_gmt":"2026-02-14T23:49:12","slug":"eibach-pro-kit-jeep-commander","status":"publish","type":"product","link":"https:\/\/kraftwerk-shop.cc\/pl\/produkt\/eibach-pro-kit-jeep-commander\/","title":{"rendered":"Eibach Pro Kit Jeep Commander"},"content":{"rendered":"<h1>Spr\u0119\u017cyny obni\u017caj\u0105ce Eibach dla Jeep Commander<\/h1>\n<p>&nbsp;<\/p>\n<p>Zestaw Pro-Kit obni\u017ca \u015brodek ci\u0119\u017cko\u015bci pojazdu i zmniejsza ugi\u0119cie zawieszenia podczas przyspieszania, zmniejsza przechy\u0142y nadwozia podczas pokonywania zakr\u0119t\u00f3w i spadki podczas hamowania.<\/p>\n<p>Zestaw Eibach Pro-Kit w po\u0142\u0105czeniu z odpowiednimi ko\u0142ami i oponami to gwarancja sukcesu i optymalnych osi\u0105g\u00f3w.<br \/>\nZestaw Pro-Kit zmniejsza r\u00f3wnie\u017c zb\u0119dn\u0105 szczelin\u0119 mi\u0119dzy oponami a nadkolem i nadaje pojazdowi sportowy wygl\u0105d.<\/p>\n<p>Zestawy Eibach Pro-Kits zosta\u0142y zaprojektowane przez in\u017cynier\u00f3w zawieszenia Eibach i ekspert\u00f3w ds. test\u00f3w, aby zapewni\u0107 po\u0142\u0105czenie sportowego wygl\u0105du i osi\u0105g\u00f3w bez kompromis\u00f3w w zakresie bezpiecze\u0144stwa i jako\u015bci jazdy.<\/p>\n<p>&nbsp;<\/p>\n<p>Opuszczanie: ok. 30 mm<\/p>","protected":false},"excerpt":{"rendered":"<p>Spr\u0119\u017cyny obni\u017caj\u0105ce Eibach dla Jeep Commander Zestaw Pro-Kit obni\u017ca \u015brodek ci\u0119\u017cko\u015bci pojazdu i zmniejsza odbicie podczas przyspieszania,<\/p>","protected":false},"featured_media":68275290,"comment_status":"open","ping_status":"closed","template":"","meta":{"_acf_changed":false},"product_brand":[],"product_cat":[2661],"product_tag":[94,2347,810,318,50,222,36,812,813,745,811,744,649,417],"class_list":{"0":"post-68253860","1":"product","2":"type-product","3":"status-publish","4":"has-post-thumbnail","6":"product_cat-commander-fahrwerk","7":"product_tag-commander","8":"product_tag-e10-28-010-01-22","9":"product_tag-eibach","10":"product_tag-federn","11":"product_tag-jeep","12":"product_tag-kit","13":"product_tag-kraftwerk","14":"product_tag-pro-kit","15":"product_tag-prokit","16":"product_tag-sportfahrwerk","17":"product_tag-sportfedern","18":"product_tag-tieferlegung","19":"product_tag-wh","20":"product_tag-wk","21":"product_shipping_class-deutschlandohne","23":"first","24":"onbackorder","25":"taxable","26":"shipping-taxable","27":"purchasable","28":"product-type-simple"},"bundled_by":[],"bundle_stock_status":"onbackorder","bundle_stock_quantity":0,"bundle_virtual":false,"bundle_layout":"","bundle_add_to_cart_form_location":"","bundle_editable_in_cart":false,"bundle_sold_individually_context":"","bundle_item_grouping":"","bundle_min_size":"","bundle_max_size":"","bundle_price":[],"bundled_items":[],"bundle_sell_ids":[],"exclude_global_add_ons":[],"addons":[],"acf":[],"_links":{"self":[{"href":"https:\/\/kraftwerk-shop.cc\/pl\/wp-json\/wp\/v2\/product\/68253860","targetHints":{"allow":["GET"]}}],"collection":[{"href":"https:\/\/kraftwerk-shop.cc\/pl\/wp-json\/wp\/v2\/product"}],"about":[{"href":"https:\/\/kraftwerk-shop.cc\/pl\/wp-json\/wp\/v2\/types\/product"}],"replies":[{"embeddable":true,"href":"https:\/\/kraftwerk-shop.cc\/pl\/wp-json\/wp\/v2\/comments?post=68253860"}],"version-history":[{"count":0,"href":"https:\/\/kraftwerk-shop.cc\/pl\/wp-json\/wp\/v2\/product\/68253860\/revisions"}],"wp:featuredmedia":[{"embeddable":true,"href":"https:\/\/kraftwerk-shop.cc\/pl\/wp-json\/wp\/v2\/media\/68275290"}],"wp:attachment":[{"href":"https:\/\/kraftwerk-shop.cc\/pl\/wp-json\/wp\/v2\/media?parent=68253860"}],"wp:term":[{"taxonomy":"product_brand","embeddable":true,"href":"https:\/\/kraftwerk-shop.cc\/pl\/wp-json\/wp\/v2\/product_brand?post=68253860"},{"taxonomy":"product_cat","embeddable":true,"href":"https:\/\/kraftwerk-shop.cc\/pl\/wp-json\/wp\/v2\/product_cat?post=68253860"},{"taxonomy":"product_tag","embeddable":true,"href":"https:\/\/kraftwerk-shop.cc\/pl\/wp-json\/wp\/v2\/product_tag?post=68253860"}],"curies":[{"name":"wp","href":"https:\/\/api.w.org\/{rel}","templated":true}]}}