{"id":68253871,"date":"2021-09-17T12:57:53","date_gmt":"2021-09-17T12:57:53","guid":{"rendered":"https:\/\/kraftwerk-gruppe.de\/?post_type=product&#038;p=68253871"},"modified":"2026-02-15T00:06:21","modified_gmt":"2026-02-14T23:06:21","slug":"zestaw-walkow-rozrzadu-jeep-trackhawk-nsr","status":"publish","type":"product","link":"https:\/\/kraftwerk-shop.cc\/pl\/produkt\/jeep-trackhawk-nsr-nockenwellen-kit\/","title":{"rendered":"Zestaw wa\u0142k\u00f3w rozrz\u0105du Jeep Trackhawk NSR"},"content":{"rendered":"<h1>Zestaw wa\u0142k\u00f3w rozrz\u0105du Jeep Trackhawk NSR<\/h1>\n<p>&nbsp;<\/p>\n<p>Nasze zestawy wa\u0142k\u00f3w rozrz\u0105du HEMI zosta\u0142y opracowane tak, aby dob\u00f3r odpowiedniego wa\u0142ka rozrz\u0105du do pojazdu by\u0142 niezwykle prosty.<br \/>\nMo\u017cesz mie\u0107 pewno\u015b\u0107, \u017ce otrzymujesz najwy\u017cszej jako\u015bci cz\u0119\u015bci i najlepsz\u0105 konstrukcj\u0119 wa\u0142ka rozrz\u0105du, stworzon\u0105 dla Ciebie przez najbardziej do\u015bwiadczonych technik\u00f3w w bran\u017cy.<br \/>\n<strong>NSR<\/strong> oznacza <strong>N<\/strong>o <strong>S<\/strong>pier\u015bcienie <strong>R<\/strong>wymagane.<br \/>\nTen wa\u0142ek rozrz\u0105du mo\u017ce by\u0107 u\u017cywany bez wzmocnionych spr\u0119\u017cyn zaworowych.<\/p>\n<p>&nbsp;<\/p>\n<p><strong>Zestaw zawiera:<\/strong><\/p>\n<ul>\n<li>Wa\u0142ek rozrz\u0105du Comp Cams Trackhawk NSR zgodny z naszymi specyfikacjami<\/li>\n<li>Pasuj\u0105ce popychacze<\/li>\n<li>Cam Phaser Limiter<\/li>\n<\/ul>\n<p>&nbsp;<\/p>\n<p><strong>Odpowiedni dla:<\/strong><\/p>\n<table width=\"449\">\n<tbody>\n<tr>\n<td width=\"115\"><strong>Marka<\/strong><\/td>\n<td width=\"145\"><strong>Model<\/strong><\/td>\n<td width=\"106\"><strong>Silnik<\/strong><\/td>\n<td width=\"83\"><strong>Rok<\/strong><\/td>\n<\/tr>\n<tr>\n<td width=\"115\">Jeep<\/td>\n<td width=\"145\">Grand Cherokee<\/td>\n<td width=\"106\">6.2 Trackhawk<\/td>\n<td>2018\u20132021<\/td>\n<\/tr>\n<\/tbody>\n<\/table>\n<p>&nbsp;<\/p>\n<p>&nbsp;<\/p>\n<p>&nbsp;<\/p>\n<p>&nbsp;<\/p>\n<p>&nbsp;<\/p>","protected":false},"excerpt":{"rendered":"<p>Jeep Trackhawk NSR Nockenwellen Kit &nbsp; Unsere HEMI Nockenwellen-Kits wurden entwickelt, um die Auswahl der richtigen Nockenwelle f\u00fcr Ihr Fahrzeug<\/p>","protected":false},"featured_media":68275521,"comment_status":"open","ping_status":"closed","template":"","meta":{"_acf_changed":false},"product_brand":[19068],"product_cat":[6673],"product_tag":[344,365,340,339,341,2329,50,4425,4427,4426,222,36,336,2449,817,96,1056,164,338,102,180,818,819],"class_list":{"0":"post-68253871","1":"product","2":"type-product","3":"status-publish","4":"has-post-thumbnail","6":"product_brand-kraftwerk","7":"product_cat-trackhawk-nockenwelle-ventiltrieb","8":"product_tag-blower","9":"product_tag-cam","10":"product_tag-cams","11":"product_tag-comp","12":"product_tag-compcam","13":"product_tag-compcams","14":"product_tag-jeep","15":"product_tag-jeep-grand-cherokee","16":"product_tag-jeep-grand-cherokee-trackhawk","17":"product_tag-jeep-trackhawk","18":"product_tag-kit","19":"product_tag-kraftwerk","20":"product_tag-nockenwelle","21":"product_tag-nockenwellenkit","22":"product_tag-nsr","23":"product_tag-srt","24":"product_tag-srt-8","25":"product_tag-srt8","26":"product_tag-standgas","27":"product_tag-trackhawk","28":"product_tag-umbau","29":"product_tag-umbausatz","30":"product_tag-unrund","32":"first","33":"onbackorder","34":"taxable","35":"shipping-taxable","36":"purchasable","37":"product-type-simple"},"bundled_by":[],"bundle_stock_status":"onbackorder","bundle_stock_quantity":0,"bundle_virtual":false,"bundle_layout":"","bundle_add_to_cart_form_location":"","bundle_editable_in_cart":false,"bundle_sold_individually_context":"","bundle_item_grouping":"","bundle_min_size":"","bundle_max_size":"","bundle_price":[],"bundled_items":[],"bundle_sell_ids":[],"exclude_global_add_ons":[],"addons":[],"acf":[],"_links":{"self":[{"href":"https:\/\/kraftwerk-shop.cc\/pl\/wp-json\/wp\/v2\/product\/68253871","targetHints":{"allow":["GET"]}}],"collection":[{"href":"https:\/\/kraftwerk-shop.cc\/pl\/wp-json\/wp\/v2\/product"}],"about":[{"href":"https:\/\/kraftwerk-shop.cc\/pl\/wp-json\/wp\/v2\/types\/product"}],"replies":[{"embeddable":true,"href":"https:\/\/kraftwerk-shop.cc\/pl\/wp-json\/wp\/v2\/comments?post=68253871"}],"version-history":[{"count":0,"href":"https:\/\/kraftwerk-shop.cc\/pl\/wp-json\/wp\/v2\/product\/68253871\/revisions"}],"wp:featuredmedia":[{"embeddable":true,"href":"https:\/\/kraftwerk-shop.cc\/pl\/wp-json\/wp\/v2\/media\/68275521"}],"wp:attachment":[{"href":"https:\/\/kraftwerk-shop.cc\/pl\/wp-json\/wp\/v2\/media?parent=68253871"}],"wp:term":[{"taxonomy":"product_brand","embeddable":true,"href":"https:\/\/kraftwerk-shop.cc\/pl\/wp-json\/wp\/v2\/product_brand?post=68253871"},{"taxonomy":"product_cat","embeddable":true,"href":"https:\/\/kraftwerk-shop.cc\/pl\/wp-json\/wp\/v2\/product_cat?post=68253871"},{"taxonomy":"product_tag","embeddable":true,"href":"https:\/\/kraftwerk-shop.cc\/pl\/wp-json\/wp\/v2\/product_tag?post=68253871"}],"curies":[{"name":"wp","href":"https:\/\/api.w.org\/{rel}","templated":true}]}}