{"id":68253886,"date":"2021-09-17T12:57:54","date_gmt":"2021-09-17T12:57:54","guid":{"rendered":"https:\/\/kraftwerk-gruppe.de\/?post_type=product&#038;p=68253886"},"modified":"2026-02-15T00:06:23","modified_gmt":"2026-02-14T23:06:23","slug":"6-1-srt-zestaw-walka-rozrzadu-wydajnosc","status":"publish","type":"product","link":"https:\/\/kraftwerk-shop.cc\/pl\/produkt\/6-1-srt-nockenwellen-kit-performance\/","title":{"rendered":"Zestaw wa\u0142k\u00f3w rozrz\u0105du 6.1 SRT \"Performance\""},"content":{"rendered":"<h1>Zestaw wa\u0142k\u00f3w rozrz\u0105du 6.1 SRT \"Performance\"<\/h1>\n<p>&nbsp;<\/p>\n<p>Nasze zestawy wa\u0142k\u00f3w rozrz\u0105du HEMI zosta\u0142y opracowane tak, aby dob\u00f3r odpowiedniego wa\u0142ka rozrz\u0105du do pojazdu by\u0142 niezwykle prosty.<br \/>\nMo\u017cesz mie\u0107 pewno\u015b\u0107, \u017ce otrzymujesz najwy\u017cszej jako\u015bci cz\u0119\u015bci i najlepsz\u0105 konstrukcj\u0119 wa\u0142ka rozrz\u0105du, stworzon\u0105 dla Ciebie przez najbardziej do\u015bwiadczonych technik\u00f3w w bran\u017cy.<br \/>\nTen wa\u0142ek rozrz\u0105du mo\u017ce by\u0107 u\u017cywany tylko z odpowiednimi spr\u0119\u017cynami zawor\u00f3w.<\/p>\n<p>Zosta\u0142 zaprojektowany w celu zmaksymalizowania wydajno\u015bci przy jednoczesnym zachowaniu oryginalnego przemiennika momentu obrotowego.<\/p>\n<p>Nadaje si\u0119 r\u00f3wnie\u017c do manualnych skrzy\u0144 bieg\u00f3w.<\/p>\n<p>&nbsp;<\/p>\n<p><strong>Zestaw zawiera:<\/strong><\/p>\n<ul>\n<li>Wa\u0142ek rozrz\u0105du Comp Cams 6.1 SRT zgodny z naszymi specyfikacjami<\/li>\n<li>Wzmocnione spr\u0119\u017cyny zaworowe 1511<\/li>\n<li>Wzmocnione popychacze premium<\/li>\n<li>Kompletny zestaw podno\u015bnik\u00f3w innych ni\u017c MDS (16 sztuk)<\/li>\n<li>Uszczelki trzpienia zaworu<\/li>\n<\/ul>\n<p>&nbsp;<\/p>\n<p><strong>Odpowiedni dla:<\/strong><\/p>\n<table width=\"437\">\n<tbody>\n<tr>\n<td width=\"83\"><strong>Marka<\/strong><\/td>\n<td width=\"122\"><strong>Model<\/strong><\/td>\n<td width=\"136\"><strong>Silnik<\/strong><\/td>\n<td width=\"96\"><strong>Rok<\/strong><\/td>\n<\/tr>\n<tr>\n<td>Chrysler<\/td>\n<td>300C<\/td>\n<td>6.1<\/td>\n<td>2005\u20132010<\/td>\n<\/tr>\n<tr>\n<td>Dodge<\/td>\n<td>Challenger<\/td>\n<td>6.1<\/td>\n<td>2008\u20132010<\/td>\n<\/tr>\n<tr>\n<td>Dodge<\/td>\n<td>Charger<\/td>\n<td>6.1<\/td>\n<td>2005\u20132010<\/td>\n<\/tr>\n<tr>\n<td>Dodge<\/td>\n<td>Magnum<\/td>\n<td>6.1<\/td>\n<td>2006\u20132008<\/td>\n<\/tr>\n<tr>\n<td>Jeep<\/td>\n<td>Grand Cherokee<\/td>\n<td>6.1<\/td>\n<td>2006\u20132010<\/td>\n<\/tr>\n<\/tbody>\n<\/table>\n<p>&nbsp;<\/p>","protected":false},"excerpt":{"rendered":"<p>6.1 SRT Nockenwellen Kit &#8220;Performance&#8221; &nbsp; Unsere HEMI Nockenwellen-Kits wurden entwickelt, um die Auswahl der richtigen Nockenwelle f\u00fcr Ihr Fahrzeug<\/p>","protected":false},"featured_media":68275504,"comment_status":"open","ping_status":"closed","template":"","meta":{"_acf_changed":false},"product_brand":[19068],"product_cat":[6683,6688,6693,6697,6702],"product_tag":[52,92,365,340,54,53,821,48,536,339,341,2329,49,3853,3854,56,50,4425,36,55,336,2449,186,337,96,1056,164,338],"class_list":{"0":"post-68253886","1":"product","2":"type-product","3":"status-publish","4":"has-post-thumbnail","6":"product_brand-kraftwerk","7":"product_cat-300c-61-nockenwelle-ventiltrieb","8":"product_cat-challenger-61-nockenwelle-ventiltrieb","9":"product_cat-charger-61-nockenwelle-ventiltrieb","10":"product_cat-magnum-61-nockenwelle-ventiltrieb","11":"product_cat-grand-cherokee-61-nockenwelle-ventiltrieb","12":"product_tag-300c","13":"product_tag-6-1","14":"product_tag-cam","15":"product_tag-cams","16":"product_tag-challenger","17":"product_tag-charger","18":"product_tag-chopstix","19":"product_tag-chrysler","20":"product_tag-chrysler-300c","21":"product_tag-comp","22":"product_tag-compcam","23":"product_tag-compcams","24":"product_tag-dodge","25":"product_tag-dodge-challenger","26":"product_tag-dodge-charger","27":"product_tag-grand-cherokee","28":"product_tag-jeep","29":"product_tag-jeep-grand-cherokee","30":"product_tag-kraftwerk","31":"product_tag-magnum","32":"product_tag-nockenwelle","33":"product_tag-nockenwellenkit","34":"product_tag-performance","35":"product_tag-scharfe","36":"product_tag-srt","37":"product_tag-srt-8","38":"product_tag-srt8","39":"product_tag-standgas","41":"first","42":"onbackorder","43":"taxable","44":"shipping-taxable","45":"purchasable","46":"product-type-simple"},"bundled_by":[],"bundle_stock_status":"onbackorder","bundle_stock_quantity":0,"bundle_virtual":false,"bundle_layout":"","bundle_add_to_cart_form_location":"","bundle_editable_in_cart":false,"bundle_sold_individually_context":"","bundle_item_grouping":"","bundle_min_size":"","bundle_max_size":"","bundle_price":[],"bundled_items":[],"bundle_sell_ids":[],"exclude_global_add_ons":[],"addons":[],"acf":[],"_links":{"self":[{"href":"https:\/\/kraftwerk-shop.cc\/pl\/wp-json\/wp\/v2\/product\/68253886","targetHints":{"allow":["GET"]}}],"collection":[{"href":"https:\/\/kraftwerk-shop.cc\/pl\/wp-json\/wp\/v2\/product"}],"about":[{"href":"https:\/\/kraftwerk-shop.cc\/pl\/wp-json\/wp\/v2\/types\/product"}],"replies":[{"embeddable":true,"href":"https:\/\/kraftwerk-shop.cc\/pl\/wp-json\/wp\/v2\/comments?post=68253886"}],"version-history":[{"count":0,"href":"https:\/\/kraftwerk-shop.cc\/pl\/wp-json\/wp\/v2\/product\/68253886\/revisions"}],"wp:featuredmedia":[{"embeddable":true,"href":"https:\/\/kraftwerk-shop.cc\/pl\/wp-json\/wp\/v2\/media\/68275504"}],"wp:attachment":[{"href":"https:\/\/kraftwerk-shop.cc\/pl\/wp-json\/wp\/v2\/media?parent=68253886"}],"wp:term":[{"taxonomy":"product_brand","embeddable":true,"href":"https:\/\/kraftwerk-shop.cc\/pl\/wp-json\/wp\/v2\/product_brand?post=68253886"},{"taxonomy":"product_cat","embeddable":true,"href":"https:\/\/kraftwerk-shop.cc\/pl\/wp-json\/wp\/v2\/product_cat?post=68253886"},{"taxonomy":"product_tag","embeddable":true,"href":"https:\/\/kraftwerk-shop.cc\/pl\/wp-json\/wp\/v2\/product_tag?post=68253886"}],"curies":[{"name":"wp","href":"https:\/\/api.w.org\/{rel}","templated":true}]}}