{"id":68253943,"date":"2021-09-17T12:58:38","date_gmt":"2021-09-17T12:58:38","guid":{"rendered":"https:\/\/kraftwerk-gruppe.de\/?post_type=product&#038;p=68253943"},"modified":"2026-03-06T14:57:17","modified_gmt":"2026-03-06T13:57:17","slug":"tarcza-hamulcowa-mopar-srt-hellcat-5290538ae","status":"publish","type":"product","link":"https:\/\/kraftwerk-shop.cc\/pl\/produkt\/mopar-bremsscheibe-srt-hellcat-5290538ae\/","title":{"rendered":"Tarcza hamulcowa Mopar SRT i Hellcat (5290538AE)"},"content":{"rendered":"<h1>Oryginalna tarcza hamulcowa Mopar dla modeli SRT i Hellcat, konstrukcja szczelinowa (tylna o\u015b)<\/h1>\n<p>&nbsp;<\/p>\n<p><strong>Numer cz\u0119\u015bci Mopar:<\/strong> 5290538AE<br \/>\n<strong>Zast\u0105piony:<\/strong> 5290538AA, 5290538AB, 5290538AC, 5290538AD<\/p>\n<p>&nbsp;<\/p>\n<p><strong>Odpowiedni dla:<\/strong><\/p>\n<table width=\"734\">\n<tbody>\n<tr>\n<td width=\"209\"><strong>Marka<\/strong><\/td>\n<td width=\"133\"><strong>Model<\/strong><\/td>\n<td width=\"206\"><strong>Silnik<\/strong><\/td>\n<td width=\"186\"><strong>Rok<\/strong><\/td>\n<\/tr>\n<tr>\n<td width=\"209\">Chrysler<\/td>\n<td width=\"133\">300C<\/td>\n<td width=\"206\">6.1<\/td>\n<td width=\"186\">2005\u20132010<\/td>\n<\/tr>\n<tr>\n<td width=\"209\">Chrysler<\/td>\n<td width=\"133\">300C<\/td>\n<td width=\"206\">6.4<\/td>\n<td width=\"186\">2011\u20132020<\/td>\n<\/tr>\n<tr>\n<td width=\"209\">Dodge<\/td>\n<td width=\"133\">Challenger<\/td>\n<td width=\"206\">6.1<\/td>\n<td width=\"186\">2008\u20132010<\/td>\n<\/tr>\n<tr>\n<td width=\"209\">Dodge<\/td>\n<td width=\"133\">Challenger<\/td>\n<td width=\"206\">6.2 Hellcat<\/td>\n<td width=\"186\">2015\u20132020<\/td>\n<\/tr>\n<tr>\n<td width=\"209\">Dodge<\/td>\n<td width=\"133\">Challenger<\/td>\n<td width=\"206\">6.4<\/td>\n<td width=\"186\">2011\u20132020<\/td>\n<\/tr>\n<tr>\n<td width=\"209\">Dodge<\/td>\n<td width=\"133\">Charger<\/td>\n<td width=\"206\">6.1<\/td>\n<td width=\"186\">2005\u20132010<\/td>\n<\/tr>\n<tr>\n<td width=\"209\">Dodge<\/td>\n<td width=\"133\">Charger<\/td>\n<td width=\"206\">6.2 Hellcat<\/td>\n<td width=\"186\">2015\u20132020<\/td>\n<\/tr>\n<tr>\n<td width=\"209\">Dodge<\/td>\n<td width=\"133\">Charger<\/td>\n<td width=\"206\">6.4<\/td>\n<td width=\"186\">2011\u20132020<\/td>\n<\/tr>\n<tr>\n<td width=\"209\">Dodge<\/td>\n<td width=\"133\">Magnum<\/td>\n<td width=\"206\">6.1<\/td>\n<td>2006\u20132008<\/td>\n<\/tr>\n<\/tbody>\n<\/table>\n<p><strong>\u00a0<\/strong><\/p>\n<p>Cena dotyczy jednej p\u0142yty.<\/p>\n<p>&nbsp;<\/p>\n<h4>Dlaczego warto wybra\u0107 oryginalne cz\u0119\u015bci zamienne Mopar?<\/h4>\n<p><strong>Idealne dopasowanie i najwy\u017csza jako\u015b\u0107:<\/strong> Oryginalne cz\u0119\u015bci zamienne Mopar s\u0105 produkowane zgodnie ze \u015bcis\u0142ymi specyfikacjami producenta, co oznacza, \u017ce idealnie pasuj\u0105 do Twojego pojazdu. Zapewnia to nie tylko \u0142atw\u0105 instalacj\u0119, ale tak\u017ce optymaln\u0105 funkcjonalno\u015b\u0107 i bezpiecze\u0144stwo.<\/p>\n<p><strong>Niezawodno\u015b\u0107 i trwa\u0142o\u015b\u0107:<\/strong> Dzi\u0119ki zastosowaniu wysokiej jako\u015bci materia\u0142\u00f3w i rygorystycznej kontroli jako\u015bci, cz\u0119\u015bci zamienne Mopar zapewniaj\u0105 niezawodne dzia\u0142anie pojazdu nawet w ekstremalnych warunkach. Zosta\u0142y zaprojektowane z my\u015bl\u0105 o trwa\u0142o\u015bci i maksymalizacji osi\u0105g\u00f3w pojazdu.<\/p>\n<p>&nbsp;<\/p>\n<p>&nbsp;<\/p>","protected":false},"excerpt":{"rendered":"<p>Oryginalna cz\u0119\u015b\u0107 Mopar<\/p>\n<p>2005 - 2020<\/p>","protected":false},"featured_media":68274636,"comment_status":"open","ping_status":"closed","template":"","meta":{"_acf_changed":false},"product_brand":[16270],"product_cat":[17734,17738,17698,17694,17690,17758,17762,17766,17778],"product_tag":[6816,6817,6818,6819,6820,52,791,792,790,793,3744,795,796,3946,10802,54,53,48,536,49,3853,3854,692,798,799,36,55,31,7221,34,794,673],"class_list":{"0":"post-68253943","1":"product","2":"type-product","3":"status-publish","4":"has-post-thumbnail","6":"product_brand-mopar","7":"product_cat-300c-61-bremsscheiben-hinten","8":"product_cat-300c-64-bremsscheiben-hinten","9":"product_cat-challenger-61-bremsscheiben-hinten","10":"product_cat-challenger-hellcat-bremsscheiben-hinten","11":"product_cat-challenger-64-bremsscheiben-hinten","12":"product_cat-charger-61-bremsscheiben-hinten","13":"product_cat-charger-hellcat-bremsscheiben-hinten","14":"product_cat-charger-64-bremsscheiben-hinten","15":"product_cat-magnum-61-bremsscheiben-hinten","16":"product_tag-05290538aa","17":"product_tag-05290538ab","18":"product_tag-05290538ac","19":"product_tag-05290538ad","20":"product_tag-05290538ae","21":"product_tag-300c","22":"product_tag-5290538aa","23":"product_tag-5290538ab","24":"product_tag-5290538ac","25":"product_tag-5290538ad","26":"product_tag-5290538ae","27":"product_tag-bremse","28":"product_tag-bremsscheibe","29":"product_tag-bremsscheiben-fuer-dodge-challenger","30":"product_tag-bremsscheiben-fuer-dodge-challenger-6-4","31":"product_tag-challenger","32":"product_tag-charger","33":"product_tag-chrysler","34":"product_tag-chrysler-300c","35":"product_tag-dodge","36":"product_tag-dodge-challenger","37":"product_tag-dodge-charger","38":"product_tag-ersatzteil","39":"product_tag-hinten","40":"product_tag-hinterachse","41":"product_tag-kraftwerk","42":"product_tag-magnum","43":"product_tag-mopar","44":"product_tag-mopar10","45":"product_tag-original","46":"product_tag-premium","47":"product_tag-zubehoer","49":"first","50":"instock","51":"taxable","52":"shipping-taxable","53":"purchasable","54":"product-type-simple"},"bundled_by":[],"bundle_stock_status":"instock","bundle_stock_quantity":4,"bundle_virtual":false,"bundle_layout":"","bundle_add_to_cart_form_location":"","bundle_editable_in_cart":false,"bundle_sold_individually_context":"","bundle_item_grouping":"","bundle_min_size":"","bundle_max_size":"","bundle_price":[],"bundled_items":[],"bundle_sell_ids":[],"exclude_global_add_ons":[],"addons":[],"acf":[],"_links":{"self":[{"href":"https:\/\/kraftwerk-shop.cc\/pl\/wp-json\/wp\/v2\/product\/68253943","targetHints":{"allow":["GET"]}}],"collection":[{"href":"https:\/\/kraftwerk-shop.cc\/pl\/wp-json\/wp\/v2\/product"}],"about":[{"href":"https:\/\/kraftwerk-shop.cc\/pl\/wp-json\/wp\/v2\/types\/product"}],"replies":[{"embeddable":true,"href":"https:\/\/kraftwerk-shop.cc\/pl\/wp-json\/wp\/v2\/comments?post=68253943"}],"version-history":[{"count":0,"href":"https:\/\/kraftwerk-shop.cc\/pl\/wp-json\/wp\/v2\/product\/68253943\/revisions"}],"wp:featuredmedia":[{"embeddable":true,"href":"https:\/\/kraftwerk-shop.cc\/pl\/wp-json\/wp\/v2\/media\/68274636"}],"wp:attachment":[{"href":"https:\/\/kraftwerk-shop.cc\/pl\/wp-json\/wp\/v2\/media?parent=68253943"}],"wp:term":[{"taxonomy":"product_brand","embeddable":true,"href":"https:\/\/kraftwerk-shop.cc\/pl\/wp-json\/wp\/v2\/product_brand?post=68253943"},{"taxonomy":"product_cat","embeddable":true,"href":"https:\/\/kraftwerk-shop.cc\/pl\/wp-json\/wp\/v2\/product_cat?post=68253943"},{"taxonomy":"product_tag","embeddable":true,"href":"https:\/\/kraftwerk-shop.cc\/pl\/wp-json\/wp\/v2\/product_tag?post=68253943"}],"curies":[{"name":"wp","href":"https:\/\/api.w.org\/{rel}","templated":true}]}}