{"id":68253952,"date":"2021-09-17T12:58:39","date_gmt":"2021-09-17T12:58:39","guid":{"rendered":"https:\/\/kraftwerk-gruppe.de\/?post_type=product&#038;p=68253952"},"modified":"2026-04-05T20:46:59","modified_gmt":"2026-04-05T18:46:59","slug":"zaslepki-mds","status":"publish","type":"product","link":"https:\/\/kraftwerk-shop.cc\/pl\/produkt\/mds-blindstopfen\/","title":{"rendered":"Za\u015blepka Mopar MDS (53032221AA)"},"content":{"rendered":"<h1>Oryginalna za\u015blepka Mopar MDS<\/h1>\n<p>&nbsp;<\/p>\n<p><strong>Numer cz\u0119\u015bci Mopar:<\/strong> 53032221AA<br \/>\n<strong>Zast\u0105piony:<\/strong> \u2014<\/p>\n<p>&nbsp;<\/p>\n<p>W ramach mechanicznego demonta\u017cu MDS, oryginalne si\u0142owniki MDS s\u0105 zast\u0119powane tymi za\u015blepkami.<br \/>\nTe za\u015blepki s\u0105 montowane fabrycznie w silnikach bez dezaktywacji cylindr\u00f3w.<br \/>\nWymagane s\u0105 4 sztuki.<\/p>\n<p>&nbsp;<\/p>\n<p><strong>Zakres dostawy:<\/strong><\/p>\n<ul>\n<li>1 za\u015blepka Mopar MDS (53032221AA)<\/li>\n<\/ul>\n<p>&nbsp;<\/p>\n<p>&nbsp;<\/p>","protected":false},"excerpt":{"rendered":"<p>Oryginalna cz\u0119\u015b\u0107 Mopar<\/p>","protected":false},"featured_media":68348851,"comment_status":"open","ping_status":"closed","template":"","meta":{"_acf_changed":false},"product_brand":[16270],"product_cat":[6708,6723,6683,6488,6728,6688,6658,6483,6713,6733,6693,6663,6493,6738,6668,6498,8092,6697,19348,6718,6743,6702,6673,6503,6508,7766,6748,6753,9959,9961,19353,6678],"product_tag":[18179,217,91,2341,93,2344,2342,126,328,31,7221,96,164,2343,329],"class_list":{"0":"post-68253952","1":"product","2":"type-product","3":"status-publish","4":"has-post-thumbnail","6":"product_brand-mopar","7":"product_cat-300c-57-2005-2010-nockenwelle-ventiltrieb","8":"product_cat-300c-57-2011-2023-nockenwelle-ventiltrieb","9":"product_cat-300c-61-nockenwelle-ventiltrieb","10":"product_cat-300c-64-nockenwelle-ventiltrieb","11":"product_cat-challenger-57-nockenwelle-ventiltrieb","12":"product_cat-challenger-61-nockenwelle-ventiltrieb","13":"product_cat-challenger-hellcat-nockenwelle-ventiltrieb","14":"product_cat-challenger-64-nockenwelle-ventiltrieb","15":"product_cat-charger-57-nockenwelle-ventiltrieb","16":"product_cat-charger-57-2011-2023-nockenwelle-ventiltrieb","17":"product_cat-charger-61-nockenwelle-ventiltrieb","18":"product_cat-charger-hellcat-nockenwelle-ventiltrieb","19":"product_cat-charger-64-nockenwelle-ventiltrieb","20":"product_cat-durango-57-nockenwelle-ventiltrieb","21":"product_cat-durango-hellcat-nockenwelle-ventiltrieb","22":"product_cat-durango-64-nockenwelle-ventiltrieb","23":"product_cat-magnum-57-nockenwelle-ventiltrieb","24":"product_cat-magnum-61-nockenwelle-ventiltrieb","25":"product_cat-commander-57-nockenwelle-ventiltrieb","26":"product_cat-grand-cherokee-57-2005-2010-nockenwelle-ventiltrieb","27":"product_cat-grand-cherokee-57-2011-2021-nockenwelle-ventiltrieb","28":"product_cat-grand-cherokee-61-nockenwelle-ventiltrieb","29":"product_cat-trackhawk-nockenwelle-ventiltrieb","30":"product_cat-grand-cherokee-64-nockenwelle-ventiltrieb","31":"product_cat-wrangler-64-nockenwelle-ventiltrieb","32":"product_cat-1500-57-2003-2008-nockenwelle-ventiltrieb","33":"product_cat-1500-57-2009-2018-classic-nockenwelle-ventiltrieb","34":"product_cat-1500-57-dt-nockenwelle-ventiltrieb","35":"product_cat-2500-3500-57-dichtungen-hardware","36":"product_cat-2500-3500-57-nockenwelle-ventiltrieb","37":"product_cat-2500-3500-64-nockenwelle-ventiltrieb","38":"product_cat-trx-nockenwelle-ventiltrieb","39":"product_tag-053032221aa","40":"product_tag-217","41":"product_tag-5-7","42":"product_tag-53032221aa","43":"product_tag-6-4","44":"product_tag-blindstopfen","45":"product_tag-entfernung","46":"product_tag-hemi","47":"product_tag-mds","48":"product_tag-mopar","49":"product_tag-mopar10","50":"product_tag-srt","51":"product_tag-srt8","52":"product_tag-stellglied","53":"product_tag-zylinderabschaltung","55":"first","56":"instock","57":"taxable","58":"shipping-taxable","59":"purchasable","60":"product-type-simple"},"bundled_by":[],"bundle_stock_status":"instock","bundle_stock_quantity":31,"bundle_virtual":false,"bundle_layout":"","bundle_add_to_cart_form_location":"","bundle_editable_in_cart":false,"bundle_sold_individually_context":"","bundle_item_grouping":"","bundle_min_size":"","bundle_max_size":"","bundle_price":[],"bundled_items":[],"bundle_sell_ids":[],"exclude_global_add_ons":[],"addons":[],"acf":[],"_links":{"self":[{"href":"https:\/\/kraftwerk-shop.cc\/pl\/wp-json\/wp\/v2\/product\/68253952","targetHints":{"allow":["GET"]}}],"collection":[{"href":"https:\/\/kraftwerk-shop.cc\/pl\/wp-json\/wp\/v2\/product"}],"about":[{"href":"https:\/\/kraftwerk-shop.cc\/pl\/wp-json\/wp\/v2\/types\/product"}],"replies":[{"embeddable":true,"href":"https:\/\/kraftwerk-shop.cc\/pl\/wp-json\/wp\/v2\/comments?post=68253952"}],"version-history":[{"count":0,"href":"https:\/\/kraftwerk-shop.cc\/pl\/wp-json\/wp\/v2\/product\/68253952\/revisions"}],"wp:featuredmedia":[{"embeddable":true,"href":"https:\/\/kraftwerk-shop.cc\/pl\/wp-json\/wp\/v2\/media\/68348851"}],"wp:attachment":[{"href":"https:\/\/kraftwerk-shop.cc\/pl\/wp-json\/wp\/v2\/media?parent=68253952"}],"wp:term":[{"taxonomy":"product_brand","embeddable":true,"href":"https:\/\/kraftwerk-shop.cc\/pl\/wp-json\/wp\/v2\/product_brand?post=68253952"},{"taxonomy":"product_cat","embeddable":true,"href":"https:\/\/kraftwerk-shop.cc\/pl\/wp-json\/wp\/v2\/product_cat?post=68253952"},{"taxonomy":"product_tag","embeddable":true,"href":"https:\/\/kraftwerk-shop.cc\/pl\/wp-json\/wp\/v2\/product_tag?post=68253952"}],"curies":[{"name":"wp","href":"https:\/\/api.w.org\/{rel}","templated":true}]}}