{"id":68254264,"date":"2021-09-17T12:59:23","date_gmt":"2021-09-17T12:59:23","guid":{"rendered":"https:\/\/kraftwerk-gruppe.de\/?post_type=product&#038;p=68254264"},"modified":"2026-03-31T12:30:16","modified_gmt":"2026-03-31T10:30:16","slug":"diablosport-trinity-t2-platinum-programator-chrysler-dodge-jeep-ram","status":"publish","type":"product","link":"https:\/\/kraftwerk-shop.cc\/pl\/produkt\/diablosport-trinity-t2-platinum-programmiergeraet-chrysler-dodge-jeep-ram\/","title":{"rendered":"Diablosport Trinity T2 Platinum"},"content":{"rendered":"<h1>Urz\u0105dzenie tuningowe i rejestrator danych Diablosport Trinity T2 Platinum dla pojazd\u00f3w ameryka\u0144skich<\/h1>\n<p>&nbsp;<\/p>\n<p><span style=\"font-size: 16px;\">5-calowy ekran dotykowy o wysokiej rozdzielczo\u015bci, dostosowane wy\u015bwietlacze przyrz\u0105d\u00f3w kontrolnych i prosta obs\u0142uga sprawiaj\u0105, \u017ce programator jest najlepszy w swoim rodzaju.<\/span><\/p>\n<p><span style=\"font-size: 16px;\">Urz\u0105dzenie mo\u017ce by\u0107 u\u017cywane z dowolnym pojazdem wymienionym na li\u015bcie pojazd\u00f3w. *<br \/>\nAktualizacje i oprogramowanie dla nowych modeli s\u0105 przesy\u0142ane do urz\u0105dzenia za po\u015brednictwem portu USB.<\/span><\/p>\n<p>Opr\u00f3cz standardowego strojenia** zawartego w urz\u0105dzeniu, Trinity T2 Platinum mo\u017ce przetwarza\u0107 \"niestandardowe strojenia\", tj. indywidualnie utworzone zestawy danych. Jest to mo\u017cliwe tylko w oferowanej przez nas wersji Platinum. Inne wersje T2 nie oferuj\u0105 tej opcji.<\/p>\n<p><span style=\"font-size: 16px;\">Custom tuning (indywidualne strojenie na hamowni) dla Chryslera, Dodge'a i Jeepa jest dost\u0119pny u nas.<br \/>\nProsimy o kontakt z nami.<\/span><\/p>\n<p><span style=\"font-size: 16px;\">Opr\u00f3cz funkcji strojenia, Diablosport Trinity oferuje rozbudowane opcje rejestrowania danych i odczytu pami\u0119ci b\u0142\u0119d\u00f3w.<\/span><\/p>\n<p>Urz\u0105dzenie jest dostarczane z uchwytem na p\u0142yt\u0119, dzi\u0119ki czemu wszelkie parametry OBD mog\u0105 by\u0107 przegl\u0105dane i rejestrowane podczas jazdy.<\/p>\n<p><span style=\"font-size: 16px;\"><span style=\"font-family: Arial,Verdana,Helvetica; line-height: 15.6px;\">Jeste\u015bmy <strong><u>bardziej autoryzowany<\/u> <\/strong>Dealer Diablosport.<\/span><\/span><\/p>\n<p>&nbsp;<\/p>\n<p><strong><span style=\"font-size: 16px;\">Zakres dostawy:<\/span><\/strong><\/p>\n<ul>\n<li><span style=\"font-size: 16px;\">Diablosport Trinity T2 Platinum<\/span><\/li>\n<li><span style=\"font-size: 16px;\"> Kabel OBD<\/span><\/li>\n<li><span style=\"font-size: 16px;\">Kabel USB<\/span><\/li>\n<li><span style=\"font-size: 16px;\">Uchwyt dysku<\/span><\/li>\n<li><span style=\"font-size: 16px;\">Instrukcja obs\u0142ugi w j\u0119zyku angielskim\u00a0<\/span><\/li>\n<\/ul>\n<p>&nbsp;<\/p>\n<p><strong><span style=\"font-size: 16px;\">Obs\u0142ugiwane pojazdy Trinity T2:<\/span><\/strong><\/p>\n<p>&nbsp;<\/p>\n<table width=\"706\">\n<tbody>\n<tr>\n<td width=\"62\"><strong>Marka<\/strong><\/td>\n<td width=\"351\"><strong>Model<\/strong><\/td>\n<td width=\"199\"><strong>Silnik<\/strong><\/td>\n<td width=\"47\"><strong>z<\/strong><\/td>\n<td width=\"47\"><strong>do<\/strong><\/td>\n<\/tr>\n<tr>\n<td width=\"62\">Chrysler<\/td>\n<td width=\"351\">200<\/td>\n<td width=\"199\">3.6L<\/td>\n<td width=\"47\">2011<\/td>\n<td width=\"47\">2014<\/td>\n<\/tr>\n<tr>\n<td width=\"62\">Chrysler<\/td>\n<td width=\"351\">300<\/td>\n<td width=\"199\">3.5L \/ 3.6L 5.7L \/ 6.1L \/ 6.4L<\/td>\n<td width=\"47\">2005<\/td>\n<td width=\"47\">2014<\/td>\n<\/tr>\n<tr>\n<td width=\"62\">Chrysler<\/td>\n<td width=\"351\">300 (wymagany zmodyfikowany PCM)<\/td>\n<td width=\"199\">3.6L \/ 5.7L \/ 6.4L<\/td>\n<td width=\"47\">2015*<\/td>\n<td width=\"47\">2017*<\/td>\n<\/tr>\n<tr>\n<td width=\"62\">Chrysler<\/td>\n<td width=\"351\">Aspen<\/td>\n<td width=\"199\">5.7L<\/td>\n<td width=\"47\">2007<\/td>\n<td width=\"47\">2009<\/td>\n<\/tr>\n<tr>\n<td width=\"62\">Chrysler<\/td>\n<td width=\"351\">PT Cruiser GT<\/td>\n<td width=\"199\">2.4L Turbo<\/td>\n<td width=\"47\">2003<\/td>\n<td width=\"47\">2006<\/td>\n<\/tr>\n<tr>\n<td width=\"62\">Chrysler<\/td>\n<td width=\"351\">Sebring<\/td>\n<td width=\"199\">2.7L \/ 3.5L<\/td>\n<td width=\"47\">2008<\/td>\n<td width=\"47\">2010<\/td>\n<\/tr>\n<tr>\n<td width=\"62\">Dodge<\/td>\n<td width=\"351\">Avenger<\/td>\n<td width=\"199\">2.7L \/ 3.5L \/ 3.6L<\/td>\n<td width=\"47\">2008<\/td>\n<td width=\"47\">2014<\/td>\n<\/tr>\n<tr>\n<td width=\"62\">Dodge<\/td>\n<td width=\"351\">Caliber SRT4<\/td>\n<td width=\"199\">2.4L Turbo<\/td>\n<td width=\"47\">2008<\/td>\n<td width=\"47\">2009<\/td>\n<\/tr>\n<tr>\n<td width=\"62\">Dodge<\/td>\n<td width=\"351\">Challenger<\/td>\n<td width=\"199\">3.5L \/ 3.6L \/ 5.7L \/ 6.1L \/ 6.4L<\/td>\n<td width=\"47\">2005<\/td>\n<td width=\"47\">2014<\/td>\n<\/tr>\n<tr>\n<td width=\"62\">Dodge<\/td>\n<td width=\"351\">Challenger (wymagany zmodyfikowany PCM)<\/td>\n<td width=\"199\">5.7L \/ 6.4L<\/td>\n<td width=\"47\">2015*<\/td>\n<td width=\"47\">2022*<\/td>\n<\/tr>\n<tr>\n<td width=\"62\">Dodge<\/td>\n<td width=\"351\">Challenger (wymagany zmodyfikowany PCM)<\/td>\n<td width=\"199\">3.6L<\/td>\n<td width=\"47\">2015*<\/td>\n<td width=\"47\">2018*<\/td>\n<\/tr>\n<tr>\n<td width=\"62\">Dodge<\/td>\n<td width=\"351\">Challenger Hellcat (wymagany zmodyfikowany PCM)<\/td>\n<td width=\"199\">6.2L do\u0142adowanie<\/td>\n<td width=\"47\">2015*<\/td>\n<td width=\"47\">2022*<\/td>\n<\/tr>\n<tr>\n<td width=\"62\">Dodge<\/td>\n<td width=\"351\">Charger<\/td>\n<td width=\"199\">3.5L \/ 3.6L 5.7L \/ 6.1L \/ 6.4L<\/td>\n<td width=\"47\">2005<\/td>\n<td width=\"47\">2014<\/td>\n<\/tr>\n<tr>\n<td width=\"62\">Dodge<\/td>\n<td width=\"351\">Charger (wymagany zmodyfikowany PCM)<\/td>\n<td width=\"199\">5.7L \/ 6.4L<\/td>\n<td width=\"47\">2015*<\/td>\n<td width=\"47\">2022*<\/td>\n<\/tr>\n<tr>\n<td width=\"62\">Dodge<\/td>\n<td width=\"351\">Charger (wymagany zmodyfikowany PCM)<\/td>\n<td width=\"199\">3.6L<\/td>\n<td width=\"47\">2015*<\/td>\n<td width=\"47\">2018*<\/td>\n<\/tr>\n<tr>\n<td width=\"62\">Dodge<\/td>\n<td width=\"351\">Charger Hellcat (wymagany zmodyfikowany PCM)<\/td>\n<td width=\"199\">6.2L do\u0142adowanie<\/td>\n<td width=\"47\">2015*<\/td>\n<td width=\"47\">2022*<\/td>\n<\/tr>\n<tr>\n<td width=\"62\">Dodge<\/td>\n<td width=\"351\">Dakota<\/td>\n<td width=\"199\">4.7L<\/td>\n<td width=\"47\">2008<\/td>\n<td width=\"47\">2011<\/td>\n<\/tr>\n<tr>\n<td width=\"62\">Dodge<\/td>\n<td width=\"351\">Durango<\/td>\n<td width=\"199\">5.7L<\/td>\n<td width=\"47\">2005<\/td>\n<td width=\"47\">2014<\/td>\n<\/tr>\n<tr>\n<td width=\"62\">Dodge<\/td>\n<td width=\"351\">Durango (wymagany zmodyfikowany PCM)<\/td>\n<td width=\"199\">3.6L \/ 5.7L<\/td>\n<td width=\"47\">2015*<\/td>\n<td width=\"47\">2018*<\/td>\n<\/tr>\n<tr>\n<td width=\"62\">Dodge<\/td>\n<td width=\"351\">Durango<\/td>\n<td width=\"199\">4.7L<\/td>\n<td width=\"47\">2006<\/td>\n<td width=\"47\">2006<\/td>\n<\/tr>\n<tr>\n<td width=\"62\">Dodge<\/td>\n<td width=\"351\">Durango<\/td>\n<td width=\"199\">4.7L<\/td>\n<td width=\"47\">2008<\/td>\n<td width=\"47\">2009<\/td>\n<\/tr>\n<tr>\n<td width=\"62\">Dodge<\/td>\n<td width=\"351\">Durango<\/td>\n<td width=\"199\">3.6L<\/td>\n<td width=\"47\">2011<\/td>\n<td width=\"47\">2014<\/td>\n<\/tr>\n<tr>\n<td width=\"62\">Dodge<\/td>\n<td width=\"351\">Magnum<\/td>\n<td width=\"199\">3.5L \/ 5.7L \/ 6.1L<\/td>\n<td width=\"47\">2005<\/td>\n<td width=\"47\">2008<\/td>\n<\/tr>\n<tr>\n<td width=\"62\">Dodge<\/td>\n<td width=\"351\">Neon SRT4<\/td>\n<td width=\"199\">2.4L Turbo<\/td>\n<td width=\"47\">2003<\/td>\n<td width=\"47\">2005<\/td>\n<\/tr>\n<tr>\n<td width=\"62\">Dodge<\/td>\n<td width=\"351\">Ram<\/td>\n<td width=\"199\">4.7L<\/td>\n<td width=\"47\">2011<\/td>\n<td width=\"47\">2013<\/td>\n<\/tr>\n<tr>\n<td width=\"62\">Dodge<\/td>\n<td width=\"351\">Ram<\/td>\n<td width=\"199\">3.6L \/ 5.7L \/ 6.4L<\/td>\n<td width=\"47\">2003<\/td>\n<td width=\"47\">2014<\/td>\n<\/tr>\n<tr>\n<td width=\"62\">Dodge<\/td>\n<td width=\"351\">Ram 1500 (wymagany zmodyfikowany PCM)<\/td>\n<td width=\"199\">3.6L \/ 5.7L<\/td>\n<td width=\"47\">2015*<\/td>\n<td width=\"47\">2022*<\/td>\n<\/tr>\n<tr>\n<td width=\"62\">Dodge<\/td>\n<td width=\"351\">Ram 2500\/3500 (wymagany zmodyfikowany PCM)<\/td>\n<td width=\"199\">6.4L<\/td>\n<td width=\"47\">2015*<\/td>\n<td width=\"47\">2020*<\/td>\n<\/tr>\n<tr>\n<td width=\"62\">Jeep<\/td>\n<td width=\"351\">Commander<\/td>\n<td width=\"199\">4.7L \/ 5.7L<\/td>\n<td width=\"47\">2006<\/td>\n<td width=\"47\">2010<\/td>\n<\/tr>\n<tr>\n<td width=\"62\">Jeep<\/td>\n<td width=\"351\">Grand Cherokee<\/td>\n<td width=\"199\">4.7L<\/td>\n<td width=\"47\">2006<\/td>\n<td width=\"47\">2006<\/td>\n<\/tr>\n<tr>\n<td width=\"62\">Jeep<\/td>\n<td width=\"351\">Grand Cherokee<\/td>\n<td width=\"199\">4.7L<\/td>\n<td width=\"47\">2008<\/td>\n<td width=\"47\">2009<\/td>\n<\/tr>\n<tr>\n<td width=\"62\">Jeep<\/td>\n<td width=\"351\">Grand Cherokee (wymagany zmodyfikowany PCM)<\/td>\n<td width=\"199\">5.7L<\/td>\n<td width=\"47\">2015*<\/td>\n<td width=\"47\">2019*<\/td>\n<\/tr>\n<tr>\n<td width=\"62\">Jeep<\/td>\n<td width=\"351\">Grand Cherokee<\/td>\n<td width=\"199\">3.5L \/3.6L \/ 5.7L **\/ 6.1L \/ 6.4L<\/td>\n<td width=\"47\">2005<\/td>\n<td width=\"47\">2014<\/td>\n<\/tr>\n<tr>\n<td width=\"62\">Jeep<\/td>\n<td width=\"351\">Wrangler<\/td>\n<td width=\"199\">3.8L \/ 3.6L \/ 4.0L<\/td>\n<td width=\"47\">2005<\/td>\n<td width=\"47\">2014<\/td>\n<\/tr>\n<tr>\n<td width=\"62\">Jeep<\/td>\n<td width=\"351\">Wrangler (wymagany zmodyfikowany PCM)<\/td>\n<td width=\"199\">3.6L<\/td>\n<td width=\"47\">2015*<\/td>\n<td width=\"47\">2021*<\/td>\n<\/tr>\n<\/tbody>\n<\/table>\n<p>&nbsp;<\/p>\n<ul>\n<li>\u00a0* Wymagana jest r\u00f3wnie\u017c zmodyfikowana jednostka steruj\u0105ca silnika. U\u017cycie oryginalnego sterownika silnika nie jest mo\u017cliwe. <u>nie <\/u>mo\u017cliwe!<\/li>\n<li>** Modele Grand Cherokee 5.7 2005-2010 EU nie s\u0105 obs\u0142ugiwane. W przypadku tych pojazd\u00f3w prosimy o kontakt.<\/li>\n<li>** Nie przyjmujemy \u017cadnej gwarancji \/ odpowiedzialno\u015bci za dane tuningowe zawarte w urz\u0105dzeniu przez producenta lub za uszkodzenie pojazdu.<\/li>\n<li>* Urz\u0105dzenie jest dostarczane z licencj\u0105 do u\u017cytku w poje\u017adzie. Dodatkowe licencje mo\u017cna naby\u0107 oddzielnie.<\/li>\n<\/ul>\n<p>S\u0105 one sprzedawane wy\u0142\u0105cznie jako artyku\u0142y do sport\u00f3w motorowych.<br \/>\nPrzed u\u017cyciem wymagana jest znajomo\u015b\u0107 j\u0119zyka angielskiego i przeczytanie instrukcji obs\u0142ugi w j\u0119zyku angielskim.<br \/>\nW przypadku Chryslera, Dodge'a, Jeepa i RAM, indywidualny tuning jest dost\u0119pny zgodnie z nasz\u0105 ofert\u0105. <a href=\"http:\/\/www.kraftwerk.cc\/de\/fahrzeugauswahl\" target=\"_blank\" rel=\"noopener\">Ulepszenia wydajno\u015bci<\/a> dost\u0119pny r\u00f3wnie\u017c dla Trinity T2.<\/p>\n<p>&nbsp;<\/p>","protected":false},"excerpt":{"rendered":"<p>Programator dla Chrysler, Dodge, Jeep i RAM<\/p>","protected":false},"featured_media":68278543,"comment_status":"open","ping_status":"closed","template":"","meta":{"_acf_changed":false},"product_brand":[],"product_cat":[1560,1568,1576,4984,1584,1592,2573,1673,1681,1689,1697,1705,1600,1608,1616,5162,1624,1632,1640,1649,1657,1665,1713,1721,1729,2719,3014,1745,4809,1753,1761,1769,1777,19727,2951,19784,2959,4760,19690,7770,1518,5020],"product_tag":[52,913,915,54,53,48,360,921,429,910,427,49,3853,3854,95,518,56,100,428,50,4425,441,36,55,438,914,911,517,86,463,920,628,912,918,919],"class_list":{"0":"post-68254264","1":"product","2":"type-product","3":"status-publish","4":"has-post-thumbnail","6":"product_cat-300c-35-programmiergeraete","7":"product_cat-300c-36-programmiergeraete","8":"product_cat-300c-57-2005-2010-programmiergeraete","9":"product_cat-300c-57-2011-2023-programmiergeraete","10":"product_cat-300c-61-programmiergeraete","11":"product_cat-300c-64-programmiergeraete","12":"product_cat-challenger-35-programmiergerate","13":"product_cat-challenger-36-programmiergeraete","14":"product_cat-challenger-57-programmiergeraete","15":"product_cat-challenger-61-programmiergeraete","16":"product_cat-challenger-hellcat-programmiergeraete","17":"product_cat-challenger-64-programmiergeraete","18":"product_cat-charger-35-programmiergeraete","19":"product_cat-charger-36-programmiergeraete","20":"product_cat-charger-57-programmiergeraete","21":"product_cat-charger-57-2011-2023-programmiergeraete","22":"product_cat-charger-61-programmiergeraete","23":"product_cat-charger-hellcat-programmiergeraete","24":"product_cat-charger-64-programmiergeraete","25":"product_cat-durango-36-programmiergeraete","26":"product_cat-durango-57-programmiergeraete","27":"product_cat-durango-64-programmiergeraete","28":"product_cat-magnum-35-programmiergeraete","29":"product_cat-magnum-57-programmiergeraete","30":"product_cat-magnum-61-programmiergeraete","31":"product_cat-commander-programmiergeraete","32":"product_cat-gladiator-36-programmiergeraete","33":"product_cat-grand-cherokee-36-programmiergeraete","34":"product_cat-grand-cherokee-57-2005-2010-programmiergeraete","35":"product_cat-grand-cherokee-57-2011-2021-programmiergeraete","36":"product_cat-grand-cherokee-61-programmiergeraete","37":"product_cat-trackhawk-programmiergeraete","38":"product_cat-grand-cherokee-64-programmiergeraete","39":"product_cat-wrangler-36-jk-programmiergeraete","40":"product_cat-wrangler-36-programmiergeraete","41":"product_cat-wrangler-38-programmiergeraete","42":"product_cat-wrangler-64-programmiergeraete","43":"product_cat-1500-36-programmiergeraete","44":"product_cat-1500-36-dt-programmiergeraete","45":"product_cat-1500-57-2003-2008-programmiergeraete","46":"product_cat-1500-57-2009-2018-classic-programmiergeraete","47":"product_cat-1500-57-dt-programmiergeraete","48":"product_tag-300c","49":"product_tag-abstimmung","50":"product_tag-bestellen","51":"product_tag-challenger","52":"product_tag-charger","53":"product_tag-chrysler","54":"product_tag-custom","55":"product_tag-deutsch","56":"product_tag-deutschland","57":"product_tag-diablo","58":"product_tag-diablosport","59":"product_tag-dodge","60":"product_tag-dodge-challenger","61":"product_tag-dodge-charger","62":"product_tag-durango","63":"product_tag-flasher","64":"product_tag-grand-cherokee","65":"product_tag-hellcat","66":"product_tag-intune","67":"product_tag-jeep","68":"product_tag-jeep-grand-cherokee","69":"product_tag-kaufen","70":"product_tag-kraftwerk","71":"product_tag-magnum","72":"product_tag-obd","73":"product_tag-online","74":"product_tag-predator","75":"product_tag-programmiergeraet","76":"product_tag-ram","77":"product_tag-shop","78":"product_tag-t2","79":"product_tag-trinity","80":"product_tag-tune","81":"product_tag-tuner","82":"product_tag-tuninggeraet","83":"product_shipping_class-deutschlandohne","85":"first","86":"instock","87":"taxable","88":"shipping-taxable","89":"purchasable","90":"product-type-simple"},"bundled_by":[],"bundle_stock_status":"instock","bundle_stock_quantity":1,"bundle_virtual":false,"bundle_layout":"","bundle_add_to_cart_form_location":"","bundle_editable_in_cart":false,"bundle_sold_individually_context":"","bundle_item_grouping":"","bundle_min_size":"","bundle_max_size":"","bundle_price":[],"bundled_items":[],"bundle_sell_ids":[],"exclude_global_add_ons":[],"addons":[],"acf":[],"_links":{"self":[{"href":"https:\/\/kraftwerk-shop.cc\/pl\/wp-json\/wp\/v2\/product\/68254264","targetHints":{"allow":["GET"]}}],"collection":[{"href":"https:\/\/kraftwerk-shop.cc\/pl\/wp-json\/wp\/v2\/product"}],"about":[{"href":"https:\/\/kraftwerk-shop.cc\/pl\/wp-json\/wp\/v2\/types\/product"}],"replies":[{"embeddable":true,"href":"https:\/\/kraftwerk-shop.cc\/pl\/wp-json\/wp\/v2\/comments?post=68254264"}],"version-history":[{"count":0,"href":"https:\/\/kraftwerk-shop.cc\/pl\/wp-json\/wp\/v2\/product\/68254264\/revisions"}],"wp:featuredmedia":[{"embeddable":true,"href":"https:\/\/kraftwerk-shop.cc\/pl\/wp-json\/wp\/v2\/media\/68278543"}],"wp:attachment":[{"href":"https:\/\/kraftwerk-shop.cc\/pl\/wp-json\/wp\/v2\/media?parent=68254264"}],"wp:term":[{"taxonomy":"product_brand","embeddable":true,"href":"https:\/\/kraftwerk-shop.cc\/pl\/wp-json\/wp\/v2\/product_brand?post=68254264"},{"taxonomy":"product_cat","embeddable":true,"href":"https:\/\/kraftwerk-shop.cc\/pl\/wp-json\/wp\/v2\/product_cat?post=68254264"},{"taxonomy":"product_tag","embeddable":true,"href":"https:\/\/kraftwerk-shop.cc\/pl\/wp-json\/wp\/v2\/product_tag?post=68254264"}],"curies":[{"name":"wp","href":"https:\/\/api.w.org\/{rel}","templated":true}]}}