{"id":68254290,"date":"2021-09-17T13:00:03","date_gmt":"2021-09-17T13:00:03","guid":{"rendered":"https:\/\/kraftwerk-gruppe.de\/?post_type=product&#038;p=68254290"},"modified":"2026-03-02T15:56:03","modified_gmt":"2026-03-02T14:56:03","slug":"klocki-hamulcowe-mopar-srt-hellcat-68144223ad","status":"publish","type":"product","link":"https:\/\/kraftwerk-shop.cc\/pl\/produkt\/mopar-bremsbelaege-srt-hellcat-68144223ad\/","title":{"rendered":"Klocki hamulcowe Mopar SRT i Hellcat (68144223AD)"},"content":{"rendered":"<h1>Oryginalne klocki hamulcowe Mopar dla modeli SRT i Hellcat (tylna o\u015b)<\/h1>\n<p>&nbsp;<\/p>\n<p><strong>Numer cz\u0119\u015bci Mopar:<\/strong> 68144223AD<br \/>\n<strong>Zast\u0105piony:<\/strong> 68144223AA, 68144223AB, 68144223AC<\/p>\n<p>&nbsp;<\/p>\n<p><strong>Odpowiedni dla:<\/strong><\/p>\n<table width=\"734\">\n<tbody>\n<tr>\n<td width=\"209\"><strong>Marka<\/strong><\/td>\n<td width=\"133\"><strong>Model<\/strong><\/td>\n<td width=\"206\"><strong>Silnik<\/strong><\/td>\n<td width=\"186\"><strong>Rok<\/strong><\/td>\n<\/tr>\n<tr>\n<td width=\"209\">Chrysler<\/td>\n<td width=\"133\">300C<\/td>\n<td width=\"206\">6.4<\/td>\n<td width=\"186\">2015\u20132020<\/td>\n<\/tr>\n<tr>\n<td width=\"209\">Dodge<\/td>\n<td width=\"133\">Charger<\/td>\n<td width=\"206\">6.2 Hellcat<\/td>\n<td width=\"186\">2015\u20132020<\/td>\n<\/tr>\n<tr>\n<td width=\"209\">Dodge<\/td>\n<td width=\"133\">Challenger<\/td>\n<td width=\"206\">6.2 Hellcat<\/td>\n<td width=\"186\">2015\u20132020<\/td>\n<\/tr>\n<tr>\n<td width=\"209\">Dodge<\/td>\n<td width=\"133\">Charger<\/td>\n<td width=\"206\">6.4<\/td>\n<td width=\"186\">2015\u20132020<\/td>\n<\/tr>\n<tr>\n<td width=\"209\">Dodge<\/td>\n<td width=\"133\">Challenger<\/td>\n<td width=\"206\">6.4<\/td>\n<td width=\"186\">2015\u20132020<\/td>\n<\/tr>\n<\/tbody>\n<\/table>\n<p>Cena dotyczy 1 zestawu dla kompletnej osi tylnej<\/p>\n<p>&nbsp;<\/p>\n<p><strong>Uwaga:<\/strong> Obecny numer cz\u0119\u015bci 68144223AC ma nieco inny kszta\u0142t klocka ni\u017c jego poprzednik, a zatem tworzy inny wz\u00f3r styku na tarczy hamulcowej. Nie jest to b\u0142\u0105d, ale prawid\u0142owe i zamierzone przez Mopar.<\/p>","protected":false},"excerpt":{"rendered":"<p>Oryginalna cz\u0119\u015b\u0107 Mopar, 2015-2020<\/p>","protected":false},"featured_media":68285989,"comment_status":"open","ping_status":"closed","template":"","meta":{"_acf_changed":false},"product_brand":[16270],"product_cat":[17736,17692,17688,17760,17764],"product_tag":[52,928,949,950,5087,832,838,590,10803,795,839,840,54,53,48,49,3853,3854,692,100,798,799,36,31,7221,34,794,96,673],"class_list":{"0":"post-68254290","1":"product","2":"type-product","3":"status-publish","4":"has-post-thumbnail","6":"product_brand-mopar","7":"product_cat-300c-64-bremsbelaege-hinten","8":"product_cat-challenger-hellcat-bremsbelaege-hinten","9":"product_cat-challenger-64-bremsbelaege-hinten","10":"product_cat-charger-hellcat-bremsbelaege-hinten","11":"product_cat-charger-64-bremsbelaege-hinten","12":"product_tag-300c","13":"product_tag-68144223aa","14":"product_tag-68144223ab","15":"product_tag-68144223ac","16":"product_tag-68144223ad","17":"product_tag-brembo","18":"product_tag-bremsbelag","19":"product_tag-bremsbelaege","20":"product_tag-bremsbelaege-fuer-dodge-challenger-6-4","21":"product_tag-bremse","22":"product_tag-bremsklotz","23":"product_tag-bremskloetze","24":"product_tag-challenger","25":"product_tag-charger","26":"product_tag-chrysler","27":"product_tag-dodge","28":"product_tag-dodge-challenger","29":"product_tag-dodge-charger","30":"product_tag-ersatzteil","31":"product_tag-hellcat","32":"product_tag-hinten","33":"product_tag-hinterachse","34":"product_tag-kraftwerk","35":"product_tag-mopar","36":"product_tag-mopar10","37":"product_tag-original","38":"product_tag-premium","39":"product_tag-srt","40":"product_tag-zubehoer","41":"product_shipping_class-deutschlandohne","43":"first","44":"instock","45":"taxable","46":"shipping-taxable","47":"purchasable","48":"product-type-simple"},"bundled_by":[],"bundle_stock_status":"instock","bundle_stock_quantity":2,"bundle_virtual":false,"bundle_layout":"","bundle_add_to_cart_form_location":"","bundle_editable_in_cart":false,"bundle_sold_individually_context":"","bundle_item_grouping":"","bundle_min_size":"","bundle_max_size":"","bundle_price":[],"bundled_items":[],"bundle_sell_ids":[],"exclude_global_add_ons":[],"addons":[],"acf":[],"_links":{"self":[{"href":"https:\/\/kraftwerk-shop.cc\/pl\/wp-json\/wp\/v2\/product\/68254290","targetHints":{"allow":["GET"]}}],"collection":[{"href":"https:\/\/kraftwerk-shop.cc\/pl\/wp-json\/wp\/v2\/product"}],"about":[{"href":"https:\/\/kraftwerk-shop.cc\/pl\/wp-json\/wp\/v2\/types\/product"}],"replies":[{"embeddable":true,"href":"https:\/\/kraftwerk-shop.cc\/pl\/wp-json\/wp\/v2\/comments?post=68254290"}],"version-history":[{"count":0,"href":"https:\/\/kraftwerk-shop.cc\/pl\/wp-json\/wp\/v2\/product\/68254290\/revisions"}],"wp:featuredmedia":[{"embeddable":true,"href":"https:\/\/kraftwerk-shop.cc\/pl\/wp-json\/wp\/v2\/media\/68285989"}],"wp:attachment":[{"href":"https:\/\/kraftwerk-shop.cc\/pl\/wp-json\/wp\/v2\/media?parent=68254290"}],"wp:term":[{"taxonomy":"product_brand","embeddable":true,"href":"https:\/\/kraftwerk-shop.cc\/pl\/wp-json\/wp\/v2\/product_brand?post=68254290"},{"taxonomy":"product_cat","embeddable":true,"href":"https:\/\/kraftwerk-shop.cc\/pl\/wp-json\/wp\/v2\/product_cat?post=68254290"},{"taxonomy":"product_tag","embeddable":true,"href":"https:\/\/kraftwerk-shop.cc\/pl\/wp-json\/wp\/v2\/product_tag?post=68254290"}],"curies":[{"name":"wp","href":"https:\/\/api.w.org\/{rel}","templated":true}]}}