{"id":68254306,"date":"2021-09-17T13:00:04","date_gmt":"2021-09-17T13:00:04","guid":{"rendered":"https:\/\/kraftwerk-gruppe.de\/?post_type=product&#038;p=68254306"},"modified":"2026-04-16T12:43:20","modified_gmt":"2026-04-16T10:43:20","slug":"tarcza-hamulcowa-mopar-srt-hellcat-68184587ae","status":"publish","type":"product","link":"https:\/\/kraftwerk-shop.cc\/pl\/produkt\/mopar-bremsscheibe-srt-hellcat-68184587ae\/","title":{"rendered":"Tarcza hamulcowa Mopar SRT i Hellcat (68184587AE)"},"content":{"rendered":"<h1>Oryginalna tarcza hamulcowa Mopar do modeli SRT i Hellcat 2015-2020 (o\u015b przednia)<\/h1>\n<p>&nbsp;<\/p>\n<p><strong>Numer cz\u0119\u015bci Mopar:<\/strong> 68184587AE (lewy i prawy)<br \/>\n<strong>Zast\u0105piony:<\/strong> 68184587AA, 68184587AB, 68184587AC, 68184587AD<\/p>\n<p>&nbsp;<\/p>\n<p><strong>Odpowiedni dla:<br \/>\n<\/strong><\/p>\n<table width=\"0\">\n<tbody>\n<tr>\n<td width=\"143\">Chrysler<\/td>\n<td width=\"160\">300C<\/td>\n<td width=\"64\">6.4 SRT<\/td>\n<td width=\"312\">2015-2020 z tarczami hamulcowymi 390 mm<\/td>\n<\/tr>\n<tr>\n<td width=\"143\">Dodge<\/td>\n<td width=\"160\">Challenger<\/td>\n<td width=\"64\">6.4 SRT<\/td>\n<td width=\"312\">2015-2020 z tarczami hamulcowymi 390 mm<\/td>\n<\/tr>\n<tr>\n<td width=\"143\">Dodge<\/td>\n<td width=\"160\">Challenger Hellcat<\/td>\n<td width=\"64\">6.2<\/td>\n<td width=\"312\">2015\u20132020<\/td>\n<\/tr>\n<tr>\n<td width=\"143\">Dodge<\/td>\n<td width=\"160\">Charger<\/td>\n<td width=\"64\">6.4 SRT<\/td>\n<td width=\"312\">2015-2020 z tarczami hamulcowymi 390 mm<\/td>\n<\/tr>\n<tr>\n<td width=\"143\">Dodge<\/td>\n<td width=\"160\">Charger Hellcat<\/td>\n<td width=\"64\">6.2<\/td>\n<td width=\"312\">2015\u20132020<\/td>\n<\/tr>\n<\/tbody>\n<\/table>\n<p>&nbsp;<\/p>\n<p>Cena dotyczy jednej p\u0142yty.<\/p>\n<p>Uwaga: Obecny numer cz\u0119\u015bci 68184587AE ma mniej szczelin na pier\u015bcieniu ciernym ni\u017c starsze numery cz\u0119\u015bci.<br \/>\nNie jest to b\u0142\u0105d, ale prawid\u0142owe i zamierzone przez Mopar.<\/p>","protected":false},"excerpt":{"rendered":"<p>Oryginalna cz\u0119\u015b\u0107 Mopar, \u015brednica 390 mm (2015-2020)<\/p>","protected":false},"featured_media":68274627,"comment_status":"open","ping_status":"closed","template":"","meta":{"_acf_changed":false},"product_brand":[16270],"product_cat":[17737,17693,17689,17761,17765],"product_tag":[52,2324,936,938,937,939,795,796,3946,10802,54,53,48,536,49,3853,3854,692,100,36,31,34,794,797,96,842,841,673],"class_list":{"0":"post-68254306","1":"product","2":"type-product","3":"status-publish","4":"has-post-thumbnail","6":"product_brand-mopar","7":"product_cat-300c-64-bremsscheiben-vorne","8":"product_cat-challenger-hellcat-bremsscheiben-vorne","9":"product_cat-challenger-64-bremsscheiben-vorne","10":"product_cat-charger-hellcat-bremsscheiben-vorne","11":"product_cat-charger-64-bremsscheiben-vorne","12":"product_tag-300c","13":"product_tag-68184587aa","14":"product_tag-68184587ab","15":"product_tag-68184587ac","16":"product_tag-68184587ad","17":"product_tag-68184587ae","18":"product_tag-bremse","19":"product_tag-bremsscheibe","20":"product_tag-bremsscheiben-fuer-dodge-challenger","21":"product_tag-bremsscheiben-fuer-dodge-challenger-6-4","22":"product_tag-challenger","23":"product_tag-charger","24":"product_tag-chrysler","25":"product_tag-chrysler-300c","26":"product_tag-dodge","27":"product_tag-dodge-challenger","28":"product_tag-dodge-charger","29":"product_tag-ersatzteil","30":"product_tag-hellcat","31":"product_tag-kraftwerk","32":"product_tag-mopar","33":"product_tag-original","34":"product_tag-premium","35":"product_tag-sportbremsscheibe","36":"product_tag-srt","37":"product_tag-vorderachse","38":"product_tag-vorne","39":"product_tag-zubehoer","40":"product_shipping_class-deutschlandohne","42":"first","43":"instock","44":"taxable","45":"shipping-taxable","46":"purchasable","47":"product-type-simple"},"bundled_by":[],"bundle_stock_status":"instock","bundle_stock_quantity":2,"bundle_virtual":false,"bundle_layout":"","bundle_add_to_cart_form_location":"","bundle_editable_in_cart":false,"bundle_sold_individually_context":"","bundle_item_grouping":"","bundle_min_size":"","bundle_max_size":"","bundle_price":[],"bundled_items":[],"bundle_sell_ids":[],"exclude_global_add_ons":[],"addons":[],"acf":[],"_links":{"self":[{"href":"https:\/\/kraftwerk-shop.cc\/pl\/wp-json\/wp\/v2\/product\/68254306","targetHints":{"allow":["GET"]}}],"collection":[{"href":"https:\/\/kraftwerk-shop.cc\/pl\/wp-json\/wp\/v2\/product"}],"about":[{"href":"https:\/\/kraftwerk-shop.cc\/pl\/wp-json\/wp\/v2\/types\/product"}],"replies":[{"embeddable":true,"href":"https:\/\/kraftwerk-shop.cc\/pl\/wp-json\/wp\/v2\/comments?post=68254306"}],"version-history":[{"count":0,"href":"https:\/\/kraftwerk-shop.cc\/pl\/wp-json\/wp\/v2\/product\/68254306\/revisions"}],"wp:featuredmedia":[{"embeddable":true,"href":"https:\/\/kraftwerk-shop.cc\/pl\/wp-json\/wp\/v2\/media\/68274627"}],"wp:attachment":[{"href":"https:\/\/kraftwerk-shop.cc\/pl\/wp-json\/wp\/v2\/media?parent=68254306"}],"wp:term":[{"taxonomy":"product_brand","embeddable":true,"href":"https:\/\/kraftwerk-shop.cc\/pl\/wp-json\/wp\/v2\/product_brand?post=68254306"},{"taxonomy":"product_cat","embeddable":true,"href":"https:\/\/kraftwerk-shop.cc\/pl\/wp-json\/wp\/v2\/product_cat?post=68254306"},{"taxonomy":"product_tag","embeddable":true,"href":"https:\/\/kraftwerk-shop.cc\/pl\/wp-json\/wp\/v2\/product_tag?post=68254306"}],"curies":[{"name":"wp","href":"https:\/\/api.w.org\/{rel}","templated":true}]}}