{"id":68255162,"date":"2021-09-17T13:02:32","date_gmt":"2021-09-17T13:02:32","guid":{"rendered":"https:\/\/kraftwerk-gruppe.de\/?post_type=product&#038;p=68255162"},"modified":"2026-03-30T02:02:39","modified_gmt":"2026-03-30T00:02:39","slug":"uklad-wydechowy-typu-borla-ram-1500-5-7-140308","status":"publish","type":"product","link":"https:\/\/kraftwerk-shop.cc\/pl\/produkt\/borla-s-type-auspuffanlage-ram-1500-5-7-140308\/","title":{"rendered":"Uk\u0142ad wydechowy BORLA S-Type dla RAM 1500 5.7"},"content":{"rendered":"<h1>BORLA S-Type 140308 Wysokowydajny uk\u0142ad wydechowy dla RAM 1500 5.7 od 2009 do 2018 i Classic 2019 - 2024<\/h1>\n<p>&nbsp;<\/p>\n<p>G\u0142\u0119boki, pot\u0119\u017cny d\u017awi\u0119k jest g\u0142o\u015bniejszy ni\u017c standardowy uk\u0142ad wydechowy RAM i podkre\u015bla charakter silnika.<br \/>\nChocia\u017c nie jest to dozwolone, d\u017awi\u0119k nie jest tak g\u0142o\u015bny, aby powodowa\u0107 problemy.<\/p>\n<p><strong>Uk\u0142ad wydechowy S-Type jest \u015brodkowym z trzech wariant\u00f3w d\u017awi\u0119kowych Borla.<\/strong><\/p>\n<p>Podczas opracowywania tego uk\u0142adu wydechowego priorytetem by\u0142a aerodynamika i aerodynamika, a nast\u0119pnie in\u017cynieria d\u017awi\u0119ku.<br \/>\nTo skomplikowane podej\u015bcie, kt\u00f3re jest rzadko praktykowane w bran\u017cy, oznacza, \u017ce moc i moment obrotowy nie s\u0105 po\u015bwi\u0119cane na rzecz d\u017awi\u0119ku, ale s\u0105 ze sob\u0105 zharmonizowane.<br \/>\nTo szczeg\u00f3lne osi\u0105gni\u0119cie Borli. Nie zawsze jest rozpoznawalny na pierwszy rzut oka - ale to du\u017ca r\u00f3\u017cnica mi\u0119dzy przeci\u0119tno\u015bci\u0105 a techniczn\u0105 doskona\u0142o\u015bci\u0105.<\/p>\n<p>W przypadku wielu innych uk\u0142ad\u00f3w wydechowych koszty rozwoju s\u0105 utrzymywane na niskim poziomie, a uwag\u0119 zwraca si\u0119 jedynie na d\u017awi\u0119k. W rezultacie uk\u0142ady te cz\u0119sto brzmi\u0105 dobrze, ale powoduj\u0105 utrat\u0119 mocy i dlatego nie zas\u0142uguj\u0105 na miano \"sportowego uk\u0142adu wydechowego\".<\/p>\n<p>Powiniene\u015b by\u0107 tego \u015bwiadomy. Dzi\u0119ki tej wiedzy mo\u017cesz podj\u0105\u0107 \u015bwiadom\u0105 decyzj\u0119 za lub przeciw konkretnemu sportowemu uk\u0142adowi wydechowemu.<\/p>\n<p>Sportowe uk\u0142ady wydechowe Borla s\u0105 produkowane z wysokostopowej stali nierdzewnej serii T304 zgodnie z ameryka\u0144skim standardem AISI.<\/p>\n<p>&nbsp;<\/p>\n<table border=\"0\" width=\"513\" cellspacing=\"0\" cellpadding=\"0\">\n<colgroup>\n<col \/>\n<col \/> <\/colgroup>\n<tbody>\n<tr>\n<td style=\"height: 21px; width: 223px;\" height=\"21\">Typ uk\u0142adu wydechowego<\/td>\n<td style=\"width: 291px;\">Cat-Back<\/td>\n<\/tr>\n<tr>\n<td style=\"height: 21px; width: 223px;\" height=\"21\">\u015arednica rury<\/td>\n<td style=\"width: 291px;\">3 cale do 2,5 cala<\/td>\n<\/tr>\n<tr>\n<td style=\"height: 21px; width: 223px;\" height=\"21\">Rura wydechowa<\/td>\n<td>Pojedynczy okr\u0105g\u0142y walcowany k\u0105townik<br \/>\nPasuje pod oryginalny zderzak (patrz zdj\u0119cia)<\/td>\n<\/tr>\n<\/tbody>\n<\/table>\n<p>&nbsp;<\/p>\n<p><strong>Wa\u017cna uwaga dla pojazd\u00f3w z dezaktywacj\u0105 cylindr\u00f3w:<\/strong><\/p>\n<p>Ze wzgl\u0119du na dezaktywacj\u0119 cylindr\u00f3w, d\u017awi\u0119k w trybie 4-cylindrowym w po\u0142\u0105czeniu ze sportowym wydechem (niezale\u017cnie od producenta) jest cz\u0119sto postrzegany jako \"nieodpowiedni\".<br \/>\nMo\u017cemy temu zaradzi\u0107 poprzez elektroniczn\u0105 dezaktywacj\u0119 cylindr\u00f3w.<br \/>\nPojazd zawsze pracuje na wszystkich 8 cylindrach i zawsze ma po\u017c\u0105dany d\u017awi\u0119k V8.<\/p>\n<p>Klientom, kt\u00f3rzy zakupi\u0105 u nas ten uk\u0142ad wydechowy Borla, oferujemy dezaktywacj\u0119 cylindr\u00f3w dla tego modelu w specjalnej cenie 179 euro (zamiast 279 euro) z VAT.<\/p>","protected":false},"excerpt":{"rendered":"<p>2009 - 2018 i Classic 2019 - 2024<\/p>","protected":false},"featured_media":68276345,"comment_status":"open","ping_status":"closed","template":"","meta":{"_acf_changed":false},"product_brand":[17170],"product_cat":[3024,6620],"product_tag":[2303,475,1046,1035,1036,546,1037,1032,2443,1047,429,49,1043,1039,1042,532,529,441,20273,1040,1044,86,1033,1045,1041,547,1034,1038,233],"class_list":{"0":"post-68255162","1":"product","2":"type-product","3":"status-publish","4":"has-post-thumbnail","6":"product_brand-borla","7":"product_cat-nicht-nach-eu","8":"product_cat-1500-57-2009-2018-classic-abgasanlage-catback","9":"product_tag-2303","10":"product_tag-475","11":"product_tag-abe","12":"product_tag-abgasanlage","13":"product_tag-abgassystem","14":"product_tag-auspuff","15":"product_tag-auspuffsystem","16":"product_tag-borla","17":"product_tag-borla-exhaust","18":"product_tag-cat-back","19":"product_tag-deutschland","20":"product_tag-dodge","21":"product_tag-endrohr","22":"product_tag-endschalldaempfer","23":"product_tag-endtopf","24":"product_tag-kat","25":"product_tag-katalysator","26":"product_tag-kaufen","27":"product_tag-keintuev","28":"product_tag-laut","29":"product_tag-mittelschalldaempfer","30":"product_tag-ram","31":"product_tag-s-type","32":"product_tag-sound","33":"product_tag-sport","34":"product_tag-sportauspuff","35":"product_tag-sportauspuffanlage","36":"product_tag-sportendschalldaempfer","37":"product_tag-tuning","38":"product_shipping_class-spedition-1","40":"first","41":"onbackorder","42":"taxable","43":"shipping-taxable","44":"purchasable","45":"product-type-simple"},"bundled_by":[],"bundle_stock_status":"onbackorder","bundle_stock_quantity":0,"bundle_virtual":false,"bundle_layout":"","bundle_add_to_cart_form_location":"","bundle_editable_in_cart":false,"bundle_sold_individually_context":"","bundle_item_grouping":"","bundle_min_size":"","bundle_max_size":"","bundle_price":[],"bundled_items":[],"bundle_sell_ids":[],"exclude_global_add_ons":[],"addons":[],"acf":[],"_links":{"self":[{"href":"https:\/\/kraftwerk-shop.cc\/pl\/wp-json\/wp\/v2\/product\/68255162","targetHints":{"allow":["GET"]}}],"collection":[{"href":"https:\/\/kraftwerk-shop.cc\/pl\/wp-json\/wp\/v2\/product"}],"about":[{"href":"https:\/\/kraftwerk-shop.cc\/pl\/wp-json\/wp\/v2\/types\/product"}],"replies":[{"embeddable":true,"href":"https:\/\/kraftwerk-shop.cc\/pl\/wp-json\/wp\/v2\/comments?post=68255162"}],"version-history":[{"count":0,"href":"https:\/\/kraftwerk-shop.cc\/pl\/wp-json\/wp\/v2\/product\/68255162\/revisions"}],"wp:featuredmedia":[{"embeddable":true,"href":"https:\/\/kraftwerk-shop.cc\/pl\/wp-json\/wp\/v2\/media\/68276345"}],"wp:attachment":[{"href":"https:\/\/kraftwerk-shop.cc\/pl\/wp-json\/wp\/v2\/media?parent=68255162"}],"wp:term":[{"taxonomy":"product_brand","embeddable":true,"href":"https:\/\/kraftwerk-shop.cc\/pl\/wp-json\/wp\/v2\/product_brand?post=68255162"},{"taxonomy":"product_cat","embeddable":true,"href":"https:\/\/kraftwerk-shop.cc\/pl\/wp-json\/wp\/v2\/product_cat?post=68255162"},{"taxonomy":"product_tag","embeddable":true,"href":"https:\/\/kraftwerk-shop.cc\/pl\/wp-json\/wp\/v2\/product_tag?post=68255162"}],"curies":[{"name":"wp","href":"https:\/\/api.w.org\/{rel}","templated":true}]}}