{"id":68255344,"date":"2021-09-17T13:03:20","date_gmt":"2021-09-17T13:03:20","guid":{"rendered":"https:\/\/kraftwerk-gruppe.de\/?post_type=product&#038;p=68255344"},"modified":"2026-02-15T00:44:43","modified_gmt":"2026-02-14T23:44:43","slug":"borla-atak-uklad-wydechowy-ram-1500-5-7-140753","status":"publish","type":"product","link":"https:\/\/kraftwerk-shop.cc\/pl\/produkt\/borla-atak-auspuffanlage-ram-1500-5-7-140753\/","title":{"rendered":"Uk\u0142ad wydechowy BORLA ATAK dla RAM 1500 5.7"},"content":{"rendered":"<h1>BORLA ATAK 140753 Wysokowydajny uk\u0142ad wydechowy dla RAM 1500 5.7 model 2019 - 2024<\/h1>\n<p>&nbsp;<\/p>\n<p>Uk\u0142ady wydechowe BORLA\u00ae ATAK\u00ae (Acoustically Tuned Applied Kinetics) zosta\u0142y zaprojektowane dla puryst\u00f3w o wysokich osi\u0105gach, kt\u00f3rzy wol\u0105 s\u0142ucha\u0107 wydechu swojego Mustanga ni\u017c systemu stereo.<\/p>\n<p>Uk\u0142ady wydechowe ATAK\u00ae zapewniaj\u0105 najwy\u017csze warto\u015bci dB w\u015br\u00f3d r\u00f3\u017cnych uk\u0142ad\u00f3w Borla bez kompromis\u00f3w w zakresie jako\u015bci d\u017awi\u0119ku, co cz\u0119sto ma miejsce w przypadku innych g\u0142o\u015bnych uk\u0142ad\u00f3w wydechowych.<\/p>\n<p>Technologia ATAK\u00ae opiera si\u0119 na specjalnie dobranych w\u0142a\u015bciwo\u015bciach rdzeni t\u0142umik\u00f3w, kt\u00f3re s\u0105 indywidualnie dostrajane do ka\u017cdego typu pojazdu w celu uzyskania najlepszego d\u017awi\u0119ku.<\/p>\n<p><strong>Super agresywny, mocny, g\u0142o\u015bny d\u017awi\u0119k ameryka\u0144skiego samochodu. System jest zdecydowanie zbyt g\u0142o\u015bny jak na licencj\u0119 - ale pojazd ma d\u017awi\u0119k, kt\u00f3rego oczekuje prawdziwy entuzjasta.<\/strong><br \/>\nSportowe uk\u0142ady wydechowe Borla wykonane s\u0105 z wysokostopowych stali nierdzewnych z serii<br \/>\nT304 produkowany zgodnie z ameryka\u0144skim standardem AISI.<\/p>\n<p>&nbsp;<\/p>\n<table border=\"0\" width=\"335\" cellspacing=\"0\" cellpadding=\"0\">\n<colgroup>\n<col \/>\n<col \/> <\/colgroup>\n<tbody>\n<tr>\n<td style=\"height: 20px; width: 149px;\" height=\"20\">Typ uk\u0142adu wydechowego<\/td>\n<td style=\"width: 187px;\">Cat-Back<\/td>\n<\/tr>\n<tr>\n<td style=\"height: 40px; width: 149px;\" height=\"40\">\u015arednica rury<\/td>\n<td>3 cale do 2,5 cala<\/td>\n<\/tr>\n<tr>\n<td style=\"height: 80px; width: 149px;\" height=\"80\">Rura wydechowa<\/td>\n<td style=\"width: 187px;\">Pojedynczy okr\u0105g\u0142y k\u0105townik walcowany, pasuje do oryginalnych wyci\u0119\u0107 w zderzaku (patrz zdj\u0119cia)<\/td>\n<\/tr>\n<\/tbody>\n<\/table>\n<p><u><strong>Nie nadaje si\u0119 do pami\u0119ci RAM Classic.<\/strong><\/u><\/p>\n<p>&nbsp;<\/p>\n<p><strong>Wa\u017cna uwaga dla pojazd\u00f3w z dezaktywacj\u0105 cylindr\u00f3w:<\/strong><\/p>\n<p>Ze wzgl\u0119du na dezaktywacj\u0119 cylindr\u00f3w, d\u017awi\u0119k w trybie 4-cylindrowym w po\u0142\u0105czeniu ze sportowym wydechem (niezale\u017cnie od producenta) jest cz\u0119sto postrzegany jako \"nieodpowiedni\".<br \/>\nMo\u017cemy temu zaradzi\u0107 poprzez elektroniczn\u0105 dezaktywacj\u0119 cylindr\u00f3w.<br \/>\nPojazd zawsze pracuje na wszystkich 8 cylindrach i zawsze ma po\u017c\u0105dany d\u017awi\u0119k V8.<\/p>\n<p>Klientom, kt\u00f3rzy zakupi\u0105 u nas ten uk\u0142ad wydechowy Borla, oferujemy dezaktywacj\u0119 cylindr\u00f3w dla tego modelu w specjalnej cenie 179 euro (zamiast 279 euro) z VAT.<\/p>\n<p>&nbsp;<\/p>\n<p><iframe loading=\"lazy\" title=\"Wydech Borla dla 2019 2022 RAM 1500 D\u017awi\u0119ki wydechu\" width=\"500\" height=\"281\" src=\"https:\/\/www.youtube.com\/embed\/LrUXBwdG8ow?feature=oembed\" frameborder=\"0\" allow=\"accelerometer; autoplay; clipboard-write; encrypted-media; gyroscope; picture-in-picture; web-share\" referrerpolicy=\"strict-origin-when-cross-origin\" allowfullscreen><\/iframe><\/p>","protected":false},"excerpt":{"rendered":"<p>2019\u20132024<\/p>","protected":false},"featured_media":68276537,"comment_status":"open","ping_status":"closed","template":"","meta":{"_acf_changed":false},"product_brand":[17170],"product_cat":[3024,6623],"product_tag":[2252,475,1046,1035,1036,1048,546,1037,1032,2443,1047,429,49,1043,1039,1042,532,529,441,20273,1040,1044,86,1045,1041,547,1034,1038,233],"class_list":{"0":"post-68255344","1":"product","2":"type-product","3":"status-publish","4":"has-post-thumbnail","6":"product_brand-borla","7":"product_cat-nicht-nach-eu","8":"product_cat-1500-57-dt-abgasanlage-catback","9":"product_tag-2252","10":"product_tag-475","11":"product_tag-abe","12":"product_tag-abgasanlage","13":"product_tag-abgassystem","14":"product_tag-atak","15":"product_tag-auspuff","16":"product_tag-auspuffsystem","17":"product_tag-borla","18":"product_tag-borla-exhaust","19":"product_tag-cat-back","20":"product_tag-deutschland","21":"product_tag-dodge","22":"product_tag-endrohr","23":"product_tag-endschalldaempfer","24":"product_tag-endtopf","25":"product_tag-kat","26":"product_tag-katalysator","27":"product_tag-kaufen","28":"product_tag-keintuev","29":"product_tag-laut","30":"product_tag-mittelschalldaempfer","31":"product_tag-ram","32":"product_tag-sound","33":"product_tag-sport","34":"product_tag-sportauspuff","35":"product_tag-sportauspuffanlage","36":"product_tag-sportendschalldaempfer","37":"product_tag-tuning","38":"product_shipping_class-spedition-1","40":"first","41":"onbackorder","42":"taxable","43":"shipping-taxable","44":"purchasable","45":"product-type-simple"},"bundled_by":[],"bundle_stock_status":"onbackorder","bundle_stock_quantity":0,"bundle_virtual":false,"bundle_layout":"","bundle_add_to_cart_form_location":"","bundle_editable_in_cart":false,"bundle_sold_individually_context":"","bundle_item_grouping":"","bundle_min_size":"","bundle_max_size":"","bundle_price":[],"bundled_items":[],"bundle_sell_ids":[],"exclude_global_add_ons":[],"addons":[],"acf":[],"_links":{"self":[{"href":"https:\/\/kraftwerk-shop.cc\/pl\/wp-json\/wp\/v2\/product\/68255344","targetHints":{"allow":["GET"]}}],"collection":[{"href":"https:\/\/kraftwerk-shop.cc\/pl\/wp-json\/wp\/v2\/product"}],"about":[{"href":"https:\/\/kraftwerk-shop.cc\/pl\/wp-json\/wp\/v2\/types\/product"}],"replies":[{"embeddable":true,"href":"https:\/\/kraftwerk-shop.cc\/pl\/wp-json\/wp\/v2\/comments?post=68255344"}],"version-history":[{"count":0,"href":"https:\/\/kraftwerk-shop.cc\/pl\/wp-json\/wp\/v2\/product\/68255344\/revisions"}],"wp:featuredmedia":[{"embeddable":true,"href":"https:\/\/kraftwerk-shop.cc\/pl\/wp-json\/wp\/v2\/media\/68276537"}],"wp:attachment":[{"href":"https:\/\/kraftwerk-shop.cc\/pl\/wp-json\/wp\/v2\/media?parent=68255344"}],"wp:term":[{"taxonomy":"product_brand","embeddable":true,"href":"https:\/\/kraftwerk-shop.cc\/pl\/wp-json\/wp\/v2\/product_brand?post=68255344"},{"taxonomy":"product_cat","embeddable":true,"href":"https:\/\/kraftwerk-shop.cc\/pl\/wp-json\/wp\/v2\/product_cat?post=68255344"},{"taxonomy":"product_tag","embeddable":true,"href":"https:\/\/kraftwerk-shop.cc\/pl\/wp-json\/wp\/v2\/product_tag?post=68255344"}],"curies":[{"name":"wp","href":"https:\/\/api.w.org\/{rel}","templated":true}]}}