{"id":68255422,"date":"2021-09-17T13:03:54","date_gmt":"2021-09-17T13:03:54","guid":{"rendered":"https:\/\/kraftwerk-gruppe.de\/?post_type=product&#038;p=68255422"},"modified":"2026-04-11T11:38:58","modified_gmt":"2026-04-11T09:38:58","slug":"klocki-hamulcowe-dba-db2375xp","status":"publish","type":"product","link":"https:\/\/kraftwerk-shop.cc\/pl\/produkt\/dba-bremsbelaege-db2375xp\/","title":{"rendered":"Klocki hamulcowe DBA Xtreme Performance Dodge SRT, Hellcat i Grand Cherokee SRT"},"content":{"rendered":"<h1>Klocki hamulcowe DBA DB2375XP dla Chrysler 300C, Dodge Challenger i Charger 6.2 Hellcat i 6.4 SRT, Dodge Durango 6.4 SRT i Jeep Grand Cherokee 6.4 SRT<\/h1>\n<p>&nbsp;<\/p>\n<p>Klocki hamulcowe Xtreme Performance firmy DBA zosta\u0142y opracowane dla kierowc\u00f3w, kt\u00f3rzy oczekuj\u0105 wysokiej przyczepno\u015bci pocz\u0105tkowej i odporno\u015bci na tarcie w niskich i wysokich temperaturach.<br \/>\nSeria XP zosta\u0142a zaprojektowana do ci\u0119\u017ckich zastosowa\u0144, w kt\u00f3rych wymagany jest wy\u017cszy poziom tarcia w celu bezpiecznego hamowania w ekstremalnych warunkach.<\/p>\n<p>DBA zaleca po\u0142\u0105czenie z tarczami szczelinowymi T3 z serii 4000 i 5000 w celu uzyskania optymalnej skuteczno\u015bci hamowania.<br \/>\nSpecyfikacje:<\/p>\n<ul>\n<li>P\u00f3\u0142metaliczny materia\u0142 cierny wzmocniony w\u0142\u00f3knem w\u0119glowym<\/li>\n<li>Wsp\u00f3\u0142czynnik tarcia wynosi \u015brednio 0,45 od niskich do wysokich temperatur.<\/li>\n<li>\u00a0Wyj\u0105tkowa wydajno\u015b\u0107 w wysokich temperaturach<\/li>\n<li>Optymalna sp\u00f3jno\u015b\u0107 hamowania do 550<span style=\"font-family: cambria math,serif;\">\u2103<\/span> (1022<span style=\"font-family: cambria math,serif;\">\u2109<\/span>)<\/li>\n<\/ul>\n<p>&nbsp;<\/p>\n<p><strong>Liczby por\u00f3wnawcze Mopar:<\/strong> 68144427AA, 68144427AB, 68303052AA, 68248384AA, 68248384AB, 68248384AC, 68248384AD, 68525329AA, 68525329AB<\/p>\n<p>&nbsp;<\/p>\n<p><strong>Odpowiedni dla:<\/strong><\/p>\n<table width=\"873\">\n<tbody>\n<tr>\n<td width=\"209\">Chrysler<\/td>\n<td width=\"133\">300C<\/td>\n<td width=\"206\">6.4<\/td>\n<td width=\"325\">2015-2020 z tarczami hamulcowymi 390 mm<\/td>\n<\/tr>\n<tr>\n<td width=\"209\">Chrysler<\/td>\n<td width=\"133\">300C<\/td>\n<td width=\"206\">6.4<\/td>\n<td width=\"325\">2021 - 2023 z tarczami hamulcowymi 400 mm<\/td>\n<\/tr>\n<tr>\n<td width=\"209\">Dodge<\/td>\n<td width=\"133\">Challenger<\/td>\n<td width=\"206\">6.4<\/td>\n<td width=\"325\">2015-2020 z tarczami hamulcowymi 390 mm<\/td>\n<\/tr>\n<tr>\n<td width=\"209\">Dodge<\/td>\n<td width=\"133\">Challenger<\/td>\n<td width=\"206\">6.4<\/td>\n<td width=\"325\">2021 - 2023 z tarczami hamulcowymi 400 mm<\/td>\n<\/tr>\n<tr>\n<td width=\"209\">Dodge<\/td>\n<td width=\"133\">Challenger Hellcat<\/td>\n<td width=\"206\">6.2<\/td>\n<td width=\"325\">2015-2020 z tarczami hamulcowymi 390 mm<\/td>\n<\/tr>\n<tr>\n<td width=\"209\">Dodge<\/td>\n<td width=\"133\">Challenger Hellcat<\/td>\n<td width=\"206\">6.2<\/td>\n<td width=\"325\">2021 - 2023 z tarczami hamulcowymi 400 mm<\/td>\n<\/tr>\n<tr>\n<td width=\"209\">Dodge<\/td>\n<td width=\"133\">Charger<\/td>\n<td width=\"206\">6.4<\/td>\n<td width=\"325\">2015-2020 z tarczami hamulcowymi 390 mm<\/td>\n<\/tr>\n<tr>\n<td width=\"209\">Dodge<\/td>\n<td width=\"133\">Charger<\/td>\n<td width=\"206\">6.4<\/td>\n<td width=\"325\">2021 - 2023 z tarczami hamulcowymi 400 mm<\/td>\n<\/tr>\n<tr>\n<td width=\"209\">Dodge<\/td>\n<td width=\"133\">Charger Hellcat<\/td>\n<td width=\"206\">6.2<\/td>\n<td width=\"325\">2015-2020 z tarczami hamulcowymi 390 mm<\/td>\n<\/tr>\n<tr>\n<td width=\"209\">Dodge<\/td>\n<td width=\"133\">Charger Hellcat<\/td>\n<td width=\"206\">6.2<\/td>\n<td width=\"325\">2021 - 2023 z tarczami hamulcowymi 400 mm<\/td>\n<\/tr>\n<tr>\n<td width=\"209\">Jeep<\/td>\n<td width=\"133\">Grand Cherokee<\/td>\n<td width=\"206\">6.4<\/td>\n<td width=\"325\">2011 - 2021 z tarczami hamulcowymi 380 mm<\/td>\n<\/tr>\n<tr>\n<td width=\"209\">Dodge<\/td>\n<td width=\"133\">Durango<\/td>\n<td width=\"206\">6.4<\/td>\n<td width=\"325\">2018 - 2024 z tarczami hamulcowymi 380 mm<\/td>\n<\/tr>\n<\/tbody>\n<\/table>\n<p>&nbsp;<\/p>\n<p><strong>Autoryzacja:<\/strong> Tak<\/p>\n<p>Cena dotyczy 1 zestawu dla kompletnej osi przedniej.<\/p>\n<p>&nbsp;<\/p>","protected":false},"excerpt":{"rendered":"<p>Nadaje si\u0119 do tarcz hamulcowych 380, 390 i 400 mm<\/p>","protected":false},"featured_media":68271227,"comment_status":"open","ping_status":"closed","template":"","meta":{"_acf_changed":false},"product_brand":[18922],"product_cat":[17735,17691,17687,17759,17763,17932,17966],"product_tag":[929,930,945,943,944,6821,931,1046,832,838,590,10803,10805,795,839,840,54,53,9901,789,49,3853,3854,95,2325,692,56,1070,100,50,4425,31,96,102,2139,842,841,673,2137],"class_list":{"0":"post-68255422","1":"product","2":"type-product","3":"status-publish","4":"has-post-thumbnail","6":"product_brand-dba","7":"product_cat-300c-64-bremsbelaege-vorne","8":"product_cat-challenger-hellcat-bremsbelaege-vorne","9":"product_cat-challenger-64-bremsbelaege-vorne","10":"product_cat-charger-hellcat-bremsbelaege-vorne","11":"product_cat-charger-64-bremsbelaege-vorne","12":"product_cat-durango-64-bremsbelaege-vorne","13":"product_cat-grand-cherokee-64-bremsbelaege-vorne","14":"product_tag-68144427aa","15":"product_tag-68144427ab","16":"product_tag-68248384aa","17":"product_tag-68248384ab","18":"product_tag-68248384ac","19":"product_tag-68248384ad","20":"product_tag-68303052aa","21":"product_tag-abe","22":"product_tag-brembo","23":"product_tag-bremsbelag","24":"product_tag-bremsbelaege","25":"product_tag-bremsbelaege-fuer-dodge-challenger-6-4","26":"product_tag-bremsbelaege-fuer-jeep-grand-cherokee-6-4-srt","27":"product_tag-bremse","28":"product_tag-bremsklotz","29":"product_tag-bremskloetze","30":"product_tag-challenger","31":"product_tag-charger","32":"product_tag-db2375xp","33":"product_tag-dba","34":"product_tag-dodge","35":"product_tag-dodge-challenger","36":"product_tag-dodge-charger","37":"product_tag-durango","38":"product_tag-eg","39":"product_tag-ersatzteil","40":"product_tag-grand-cherokee","41":"product_tag-hawk","42":"product_tag-hellcat","43":"product_tag-jeep","44":"product_tag-jeep-grand-cherokee","45":"product_tag-mopar","46":"product_tag-srt","47":"product_tag-trackhawk","48":"product_tag-tuev","49":"product_tag-vorderachse","50":"product_tag-vorne","51":"product_tag-zubehoer","52":"product_tag-zulassung","53":"product_shipping_class-deutschlandohne","55":"first","56":"instock","57":"taxable","58":"shipping-taxable","59":"purchasable","60":"product-type-simple"},"bundled_by":[],"bundle_stock_status":"instock","bundle_stock_quantity":7,"bundle_virtual":false,"bundle_layout":"","bundle_add_to_cart_form_location":"","bundle_editable_in_cart":false,"bundle_sold_individually_context":"","bundle_item_grouping":"","bundle_min_size":"","bundle_max_size":"","bundle_price":[],"bundled_items":[],"bundle_sell_ids":[],"exclude_global_add_ons":[],"addons":[],"acf":[],"_links":{"self":[{"href":"https:\/\/kraftwerk-shop.cc\/pl\/wp-json\/wp\/v2\/product\/68255422","targetHints":{"allow":["GET"]}}],"collection":[{"href":"https:\/\/kraftwerk-shop.cc\/pl\/wp-json\/wp\/v2\/product"}],"about":[{"href":"https:\/\/kraftwerk-shop.cc\/pl\/wp-json\/wp\/v2\/types\/product"}],"replies":[{"embeddable":true,"href":"https:\/\/kraftwerk-shop.cc\/pl\/wp-json\/wp\/v2\/comments?post=68255422"}],"version-history":[{"count":0,"href":"https:\/\/kraftwerk-shop.cc\/pl\/wp-json\/wp\/v2\/product\/68255422\/revisions"}],"wp:featuredmedia":[{"embeddable":true,"href":"https:\/\/kraftwerk-shop.cc\/pl\/wp-json\/wp\/v2\/media\/68271227"}],"wp:attachment":[{"href":"https:\/\/kraftwerk-shop.cc\/pl\/wp-json\/wp\/v2\/media?parent=68255422"}],"wp:term":[{"taxonomy":"product_brand","embeddable":true,"href":"https:\/\/kraftwerk-shop.cc\/pl\/wp-json\/wp\/v2\/product_brand?post=68255422"},{"taxonomy":"product_cat","embeddable":true,"href":"https:\/\/kraftwerk-shop.cc\/pl\/wp-json\/wp\/v2\/product_cat?post=68255422"},{"taxonomy":"product_tag","embeddable":true,"href":"https:\/\/kraftwerk-shop.cc\/pl\/wp-json\/wp\/v2\/product_tag?post=68255422"}],"curies":[{"name":"wp","href":"https:\/\/api.w.org\/{rel}","templated":true}]}}