{"id":68255491,"date":"2021-09-17T13:04:02","date_gmt":"2021-09-17T13:04:02","guid":{"rendered":"https:\/\/kraftwerk-gruppe.de\/?post_type=product&#038;p=68255491"},"modified":"2026-04-02T17:24:05","modified_gmt":"2026-04-02T15:24:05","slug":"jlt-oil-catch-can-hellcat-trackhawk","status":"publish","type":"product","link":"https:\/\/kraftwerk-shop.cc\/pl\/produkt\/jlt-oil-catch-can-hellcat-trackhawk\/","title":{"rendered":"J&amp;L Oil Catch Can Hellcat &amp; Trackhawk"},"content":{"rendered":"<h1>J&amp;L 3.0 Oil Catch Can do Dodge Challenger, Charger &amp; Durango Hellcat, Demon i Jeep Trackhawk<\/h1>\n<p>&nbsp;<\/p>\n<ul>\n<li>Pojemno\u015b\u0107 90 ml<\/li>\n<li>Solidna konstrukcja z k\u0119s\u00f3w<\/li>\n<li>Szybkoz\u0142\u0105cza PCV w stylu OEM<\/li>\n<li>Wielostopniowy system filtracji, kt\u00f3ry wychwytuje najdrobniejsze opary i zatrzymuje je w \u0142atwo wyjmowanym pojemniku, jednocze\u015bnie przepuszczaj\u0105c czyste powietrze do przewodu wlotowego.<\/li>\n<\/ul>\n<p>&nbsp;<\/p>\n<p><strong>Jak dzia\u0142a system?<\/strong><\/p>\n<p>Gdy ci\u015bnienie ze skrzyni korbowej jest odprowadzane przez przew\u00f3d dolotowy, du\u017ce ilo\u015bci oleju dostaj\u0105 si\u0119 do kolektora dolotowego i kolektor\u00f3w dolotowych w postaci opar\u00f3w, a nawet rozcie\u0144czaj\u0105 benzyn\u0119, powoduj\u0105c spadek liczby oktanowej.<br \/>\nZjawisko to wyst\u0119puje we wszystkich silnikach i jest jeszcze bardziej widoczne w pojazdach z wymuszonym do\u0142adowaniem (do\u0142adowaniem i turbospr\u0119\u017cark\u0105), poniewa\u017c wzrasta ci\u015bnienie w skrzyni korbowej.<br \/>\nAby temu przeciwdzia\u0142a\u0107, opracowano separator oleju o w\u0142asnej konstrukcji.<br \/>\nWykonany z litego aluminium k\u0119sowego, jest to solidna cz\u0119\u015b\u0107. Posiada rade\u0142kowan\u0105 podstaw\u0119 zbiornika, kt\u00f3ra u\u0142atwia spuszczanie zu\u017cytego oleju oraz uszczelk\u0119 O-ring, kt\u00f3ra zapobiega wyciekom.<\/p>\n<p>Filtracja sk\u0142ada si\u0119 z sita ze stali nierdzewnej o drobnych oczkach, kt\u00f3re wychwytuje drobne opary oleju i uwalnia je, gdy tylko s\u0105 wystarczaj\u0105co ci\u0119\u017ckie, aby opa\u015b\u0107.<br \/>\nS\u0105 one nast\u0119pnie przepuszczane przez aluminiowy filtr o strukturze plastra miodu 1\/2\u2033 i grubo\u015bci 1\/16\u2033, gdzie staj\u0105 si\u0119 coraz wi\u0119ksze i ostatecznie spadaj\u0105 do pojemnika.<br \/>\nJe\u015bli olej przedostanie si\u0119 przez filtr, jest zbyt ci\u0119\u017cki, aby przedosta\u0107 si\u0119 do uk\u0142adu dolotowego.<br \/>\nPojemnik zbiorczy mie\u015bci 90 ml p\u0142ynu. Mo\u017ce to nie wydawa\u0107 si\u0119 du\u017co, ale w uk\u0142adzie PCV nie powinno by\u0107 a\u017c tyle oleju.<\/p>\n<p>&nbsp;<\/p>\n<p><strong>Odpowiedni dla:<\/strong><\/p>\n<table width=\"403\">\n<tbody>\n<tr>\n<td width=\"178\">Dodge Charger Hellcat<\/td>\n<td width=\"225\">2015-2023<\/td>\n<\/tr>\n<tr>\n<td width=\"178\">Dodge Challenger Hellcat<\/td>\n<td width=\"225\">2015-2023<\/td>\n<\/tr>\n<tr>\n<td>Dodge Demon<\/td>\n<td>2018<\/td>\n<\/tr>\n<tr>\n<td width=\"178\">Dodge Durango Hellcat<\/td>\n<td width=\"225\">2021-2025<\/td>\n<\/tr>\n<tr>\n<td width=\"178\">Jeep Trackhawk<\/td>\n<td width=\"225\">2018-2021<\/td>\n<\/tr>\n<\/tbody>\n<\/table>\n<p>&nbsp;<\/p>\n<p><strong>Zakres dostawy<\/strong>:<\/p>\n<ul>\n<li>Oil Catch Can (czarny)<\/li>\n<li>Wspornik<\/li>\n<li>W\u0119\u017ce<\/li>\n<li>Po\u0142\u0105czenia<\/li>\n<li>Instrukcje obs\u0142ugi w j\u0119zyku niemieckim i angielskim<\/li>\n<\/ul>\n<p>&nbsp;<\/p>\n<p><strong>Uwaga:<\/strong> Uwaga: JLT Oil Catch Can s\u0105 obecnie sprzedawane r\u00f3wnie\u017c pod mark\u0105 J&amp;L Oil Separator Co. (OSC).<br \/>\nW okresie przej\u015bciowym modele Oil Catch Can s\u0105 dost\u0119pne z obydwoma oznaczeniami.<br \/>\nOba s\u0105 tym samym produktem.<\/p>","protected":false},"excerpt":{"rendered":"<p>J&amp;L 3.0 Oil Catch Can f\u00fcr Dodge Challenger, Charger &amp; Durango Hellcat, Demon und Jeep Trackhawk &nbsp; 90 ml Kapazit\u00e4t<\/p>","protected":false},"featured_media":68277593,"comment_status":"open","ping_status":"closed","template":"","meta":{"_acf_changed":false},"product_brand":[17171],"product_cat":[1693,1628,2713,1765],"product_tag":[3595,18228,101,54,53,152,49,3853,3854,95,100,3245,50,4427,4426,903,1093,2444,2234,36,84,82,85,3243,406,83,3242,3244,102],"class_list":{"0":"post-68255491","1":"product","2":"type-product","3":"status-publish","4":"has-post-thumbnail","6":"product_brand-jl","7":"product_cat-challenger-hellcat-oil-catch-can","8":"product_cat-charger-hellcat-oil-catch-can","9":"product_cat-durango-hellcat-oil-catch-can","10":"product_cat-trackhawk-oil-catch-can","11":"product_tag-3060p","12":"product_tag-3060p-b","13":"product_tag-6-2","14":"product_tag-challenger","15":"product_tag-charger","16":"product_tag-demon","17":"product_tag-dodge","18":"product_tag-dodge-challenger","19":"product_tag-dodge-charger","20":"product_tag-durango","21":"product_tag-hellcat","22":"product_tag-jl-oil-separator-co","23":"product_tag-jeep","24":"product_tag-jeep-grand-cherokee-trackhawk","25":"product_tag-jeep-trackhawk","26":"product_tag-jl","27":"product_tag-jlt","28":"product_tag-jlt-performance","29":"product_tag-jlt3060p","30":"product_tag-kraftwerk","31":"product_tag-kurbelgehaeuseentlueftung","32":"product_tag-oil-catch-can","33":"product_tag-oil-catch-tank","34":"product_tag-oil-separator","35":"product_tag-oel","36":"product_tag-oelabscheider","37":"product_tag-osc","38":"product_tag-separator","39":"product_tag-trackhawk","41":"first","42":"instock","43":"taxable","44":"shipping-taxable","45":"purchasable","46":"product-type-simple"},"bundled_by":[],"bundle_stock_status":"instock","bundle_stock_quantity":3,"bundle_virtual":false,"bundle_layout":"","bundle_add_to_cart_form_location":"","bundle_editable_in_cart":false,"bundle_sold_individually_context":"","bundle_item_grouping":"","bundle_min_size":"","bundle_max_size":"","bundle_price":[],"bundled_items":[],"bundle_sell_ids":[],"exclude_global_add_ons":[],"addons":[],"acf":[],"_links":{"self":[{"href":"https:\/\/kraftwerk-shop.cc\/pl\/wp-json\/wp\/v2\/product\/68255491","targetHints":{"allow":["GET"]}}],"collection":[{"href":"https:\/\/kraftwerk-shop.cc\/pl\/wp-json\/wp\/v2\/product"}],"about":[{"href":"https:\/\/kraftwerk-shop.cc\/pl\/wp-json\/wp\/v2\/types\/product"}],"replies":[{"embeddable":true,"href":"https:\/\/kraftwerk-shop.cc\/pl\/wp-json\/wp\/v2\/comments?post=68255491"}],"version-history":[{"count":0,"href":"https:\/\/kraftwerk-shop.cc\/pl\/wp-json\/wp\/v2\/product\/68255491\/revisions"}],"wp:featuredmedia":[{"embeddable":true,"href":"https:\/\/kraftwerk-shop.cc\/pl\/wp-json\/wp\/v2\/media\/68277593"}],"wp:attachment":[{"href":"https:\/\/kraftwerk-shop.cc\/pl\/wp-json\/wp\/v2\/media?parent=68255491"}],"wp:term":[{"taxonomy":"product_brand","embeddable":true,"href":"https:\/\/kraftwerk-shop.cc\/pl\/wp-json\/wp\/v2\/product_brand?post=68255491"},{"taxonomy":"product_cat","embeddable":true,"href":"https:\/\/kraftwerk-shop.cc\/pl\/wp-json\/wp\/v2\/product_cat?post=68255491"},{"taxonomy":"product_tag","embeddable":true,"href":"https:\/\/kraftwerk-shop.cc\/pl\/wp-json\/wp\/v2\/product_tag?post=68255491"}],"curies":[{"name":"wp","href":"https:\/\/api.w.org\/{rel}","templated":true}]}}