{"id":68255493,"date":"2021-09-17T13:04:02","date_gmt":"2021-09-17T13:04:02","guid":{"rendered":"https:\/\/kraftwerk-gruppe.de\/?post_type=product&#038;p=68255493"},"modified":"2026-03-23T15:47:39","modified_gmt":"2026-03-23T14:47:39","slug":"jlt-oil-catch-can-57-hemi","status":"publish","type":"product","link":"https:\/\/kraftwerk-shop.cc\/pl\/produkt\/jlt-oil-catch-can-57-hemi\/","title":{"rendered":"J&amp;L Oil Catch Can 5.7 Hemi"},"content":{"rendered":"<h1>J&amp;L Oil Catch Can dla Chrysler 300C, Dodge Challenger, Charger i Magnum 5.7 <strong><br \/>\n<\/strong><\/h1>\n<p>&nbsp;<\/p>\n<ul>\n<li>Pojemno\u015b\u0107 90 ml<\/li>\n<li>Solidna konstrukcja z k\u0119s\u00f3w<\/li>\n<li>Szybkoz\u0142\u0105cza PCV w stylu OEM<\/li>\n<li>Wielostopniowy system filtracji, kt\u00f3ry wychwytuje najdrobniejsze opary i zatrzymuje je w \u0142atwo wyjmowanym pojemniku, jednocze\u015bnie przepuszczaj\u0105c czyste powietrze do przewodu wlotowego.<\/li>\n<\/ul>\n<p>&nbsp;<\/p>\n<p><strong>Jak dzia\u0142a system?<\/strong><\/p>\n<p>Gdy ci\u015bnienie ze skrzyni korbowej jest odprowadzane przez przew\u00f3d dolotowy, du\u017ce ilo\u015bci oleju dostaj\u0105 si\u0119 do kolektora dolotowego i kolektor\u00f3w dolotowych w postaci opar\u00f3w, a nawet rozcie\u0144czaj\u0105 benzyn\u0119, powoduj\u0105c spadek liczby oktanowej.<br \/>\nZjawisko to wyst\u0119puje we wszystkich silnikach i jest jeszcze bardziej widoczne w pojazdach z wymuszonym do\u0142adowaniem (do\u0142adowaniem i turbospr\u0119\u017cark\u0105), poniewa\u017c wzrasta ci\u015bnienie w skrzyni korbowej.<br \/>\nAby temu przeciwdzia\u0142a\u0107, opracowano separator oleju o w\u0142asnej konstrukcji.<br \/>\nWykonany z litego aluminium k\u0119sowego, jest to solidna cz\u0119\u015b\u0107. Posiada rade\u0142kowan\u0105 podstaw\u0119 zbiornika, kt\u00f3ra u\u0142atwia spuszczanie zu\u017cytego oleju oraz uszczelk\u0119 O-ring, kt\u00f3ra zapobiega wyciekom.<\/p>\n<p>Filtracja sk\u0142ada si\u0119 z sita ze stali nierdzewnej o drobnych oczkach, kt\u00f3re wychwytuje drobne opary oleju i uwalnia je, gdy tylko s\u0105 wystarczaj\u0105co ci\u0119\u017ckie, aby opa\u015b\u0107.<br \/>\nS\u0105 one nast\u0119pnie przepuszczane przez aluminiowy filtr o strukturze plastra miodu 1\/2\u2033 i grubo\u015bci 1\/16\u2033, gdzie staj\u0105 si\u0119 coraz wi\u0119ksze i ostatecznie spadaj\u0105 do pojemnika.<br \/>\nJe\u015bli olej przedostanie si\u0119 przez filtr, jest zbyt ci\u0119\u017cki, aby przedosta\u0107 si\u0119 do uk\u0142adu dolotowego.<br \/>\nPojemnik zbiorczy mie\u015bci 90 ml p\u0142ynu. Mo\u017ce to nie wydawa\u0107 si\u0119 du\u017co, ale w uk\u0142adzie PCV nie powinno by\u0107 a\u017c tyle oleju.<\/p>\n<p>&nbsp;<\/p>\n<p><strong>Odpowiedni dla:<\/strong><\/p>\n<table border=\"0\" width=\"497\" cellspacing=\"0\" cellpadding=\"0\">\n<colgroup>\n<col \/>\n<col \/> <\/colgroup>\n<tbody>\n<tr>\n<td style=\"height: 19px; width: 233px;\" height=\"19\">Chrysler 300C 5.7<\/td>\n<td style=\"width: 264px;\">2005\u20132023<\/td>\n<\/tr>\n<tr>\n<td style=\"height: 19px;\" height=\"19\">Dodge Challenger 5.7<\/td>\n<td>2005\u20132023<\/td>\n<\/tr>\n<tr>\n<td style=\"height: 19px;\" height=\"19\">Dodge Charger 5.7<\/td>\n<td>2005\u20132023<\/td>\n<\/tr>\n<tr>\n<td style=\"height: 19px;\" height=\"19\">Dodge Magnum 5.7<\/td>\n<td>2005\u20132010<\/td>\n<\/tr>\n<\/tbody>\n<\/table>\n<p>&nbsp;<\/p>\n<p><strong>Zakres dostawy<\/strong>:<\/p>\n<ul>\n<li>Oil Catch Can (czarny)<\/li>\n<li>Wspornik<\/li>\n<li>W\u0119\u017ce<\/li>\n<li>Po\u0142\u0105czenia<\/li>\n<li>Instrukcje obs\u0142ugi w j\u0119zyku niemieckim i angielskim<\/li>\n<\/ul>\n<p>&nbsp;<\/p>\n<p><strong>Uwaga:<\/strong> Uwaga: JLT Oil Catch Can s\u0105 obecnie sprzedawane r\u00f3wnie\u017c pod mark\u0105 J&amp;L Oil Separator Co. (OSC).<br \/>\nW okresie przej\u015bciowym modele Oil Catch Can s\u0105 dost\u0119pne z obydwoma oznaczeniami.<br \/>\nOba s\u0105 tym samym produktem.<\/p>","protected":false},"excerpt":{"rendered":"<p>2005\u20132023<\/p>","protected":false},"featured_media":68277589,"comment_status":"open","ping_status":"closed","template":"","meta":{"_acf_changed":false},"product_brand":[17171],"product_cat":[1572,4983,1677,1612,5161,1717],"product_tag":[52,18227,91,54,53,48,536,49,3853,3854,126,3245,903,1093,2444,2235,36,84,82,85,3243,406,83,3242,3244],"class_list":{"0":"post-68255493","1":"product","2":"type-product","3":"status-publish","4":"has-post-thumbnail","6":"product_brand-jl","7":"product_cat-300c-57-2005-2010-oil-catch-can","8":"product_cat-300c-57-2011-2023-oil-catch-can","9":"product_cat-challenger-57-oil-catch-can","10":"product_cat-charger-57-oil-catch-can","11":"product_cat-charger-57-2011-2023-oil-catch-can","12":"product_cat-magnum-57-oil-catch-can","13":"product_tag-300c","14":"product_tag-3061p-b","15":"product_tag-5-7","16":"product_tag-challenger","17":"product_tag-charger","18":"product_tag-chrysler","19":"product_tag-chrysler-300c","20":"product_tag-dodge","21":"product_tag-dodge-challenger","22":"product_tag-dodge-charger","23":"product_tag-hemi","24":"product_tag-jl-oil-separator-co","25":"product_tag-jl","26":"product_tag-jlt","27":"product_tag-jlt-performance","28":"product_tag-jlt3061p","29":"product_tag-kraftwerk","30":"product_tag-kurbelgehaeuseentlueftung","31":"product_tag-oil-catch-can","32":"product_tag-oil-catch-tank","33":"product_tag-oil-separator","34":"product_tag-oel","35":"product_tag-oelabscheider","36":"product_tag-osc","37":"product_tag-separator","39":"first","40":"instock","41":"taxable","42":"shipping-taxable","43":"purchasable","44":"product-type-simple"},"bundled_by":[],"bundle_stock_status":"instock","bundle_stock_quantity":3,"bundle_virtual":false,"bundle_layout":"","bundle_add_to_cart_form_location":"","bundle_editable_in_cart":false,"bundle_sold_individually_context":"","bundle_item_grouping":"","bundle_min_size":"","bundle_max_size":"","bundle_price":[],"bundled_items":[],"bundle_sell_ids":[],"exclude_global_add_ons":[],"addons":[],"acf":[],"_links":{"self":[{"href":"https:\/\/kraftwerk-shop.cc\/pl\/wp-json\/wp\/v2\/product\/68255493","targetHints":{"allow":["GET"]}}],"collection":[{"href":"https:\/\/kraftwerk-shop.cc\/pl\/wp-json\/wp\/v2\/product"}],"about":[{"href":"https:\/\/kraftwerk-shop.cc\/pl\/wp-json\/wp\/v2\/types\/product"}],"replies":[{"embeddable":true,"href":"https:\/\/kraftwerk-shop.cc\/pl\/wp-json\/wp\/v2\/comments?post=68255493"}],"version-history":[{"count":0,"href":"https:\/\/kraftwerk-shop.cc\/pl\/wp-json\/wp\/v2\/product\/68255493\/revisions"}],"wp:featuredmedia":[{"embeddable":true,"href":"https:\/\/kraftwerk-shop.cc\/pl\/wp-json\/wp\/v2\/media\/68277589"}],"wp:attachment":[{"href":"https:\/\/kraftwerk-shop.cc\/pl\/wp-json\/wp\/v2\/media?parent=68255493"}],"wp:term":[{"taxonomy":"product_brand","embeddable":true,"href":"https:\/\/kraftwerk-shop.cc\/pl\/wp-json\/wp\/v2\/product_brand?post=68255493"},{"taxonomy":"product_cat","embeddable":true,"href":"https:\/\/kraftwerk-shop.cc\/pl\/wp-json\/wp\/v2\/product_cat?post=68255493"},{"taxonomy":"product_tag","embeddable":true,"href":"https:\/\/kraftwerk-shop.cc\/pl\/wp-json\/wp\/v2\/product_tag?post=68255493"}],"curies":[{"name":"wp","href":"https:\/\/api.w.org\/{rel}","templated":true}]}}