{"id":68255648,"date":"2021-09-17T13:04:32","date_gmt":"2021-09-17T13:04:32","guid":{"rendered":"https:\/\/kraftwerk-gruppe.de\/?post_type=product&#038;p=68255648"},"modified":"2026-03-08T13:49:37","modified_gmt":"2026-03-08T12:49:37","slug":"ngk-2315-lztr6aix-13-ix-swiece-zaplonowe-irydowe","status":"publish","type":"product","link":"https:\/\/kraftwerk-shop.cc\/pl\/produkt\/ngk-2315-lztr6aix-13-ix-iridium-zuendkerzen\/","title":{"rendered":"\u015awiece zap\u0142onowe NGK 2315 LZTR6AIX-13 IX Iridium (16 sztuk)"},"content":{"rendered":"<h1><span style=\"color: #ff0000;\">Artyku\u0142 nie jest ju\u017c produkowany<\/span><\/h1>\n<p>&nbsp;<\/p>\n<h2>\u015awiece zap\u0142onowe NGK Iridium do silnik\u00f3w Chrysler, Dodge i Jeep 5.7 Hemi do 2008 roku, 6.1 SRT8 i 6.4 SRT.<\/h2>\n<p>&nbsp;<\/p>\n<p>Te wysokowydajne \u015bwiece zap\u0142onowe z elektrod\u0105 \u015brodkow\u0105 wykonan\u0105 z metalu szlachetnego irydu s\u0105 u\u017cywane przez wielu producent\u00f3w jako oryginalne wyposa\u017cenie.<br \/>\nZosta\u0142y one opracowane specjalnie z my\u015bl\u0105 o najnowszych technologiach silnikowych, ale stanowi\u0105 r\u00f3wnie\u017c alternatyw\u0119 dla standardowego typu w starszych modelach, aby w pe\u0142ni wykorzysta\u0107 rezerwy mocy.<\/p>\n<p>Wyj\u0105tkowa rzecz:<\/p>\n<ul>\n<li>Materia\u0142 elektrody - iryd - jest praktycznie odporny na erozj\u0119 iskrow\u0105<\/li>\n<li>Iridium umo\u017cliwia zastosowanie wyj\u0105tkowo w\u0105skich elektrod \u015brodkowych o \u015brednicy zaledwie 0,6 mm.<\/li>\n<li>Dzi\u0119ki w\u0105skim elektrodom \u015brodkowym do iskry zap\u0142onowej dociera wi\u0119cej mieszanki nadaj\u0105cej si\u0119 do zap\u0142onu. Prowadzi to do niezawodnego zap\u0142onu i lepszej propagacji frontu p\u0142omienia<\/li>\n<\/ul>\n<p>&nbsp;<\/p>\n<p><strong>Odpowiedni dla:<\/strong><\/p>\n<p>Silniki 5.7 Hemi (2 stopnie ch\u0142odniejsze ni\u017c wtyczki seryjne) do 2008 roku w\u0142\u0105cznie<br \/>\nSilniki 6.1 SRT8 (o 1 stopie\u0144 ch\u0142odniejsze ni\u017c wtyczki szeregowe)<br \/>\nSilniki 6.4 SRT8 (taka sama warto\u015b\u0107 cieplna jak standardowe wtyczki)<\/p>\n<p>&nbsp;<\/p>\n<p><strong>Zakres dostawy:<br \/>\n<\/strong><br \/>\n16 \u015bwiec zap\u0142onowych<\/p>","protected":false},"excerpt":{"rendered":"<p>Der Artikel wird nicht mehr hergestellt &nbsp; NGK Iridium Z\u00fcndkerzen f\u00fcr Chrysler, Dodge und Jeep 5.7 Hemi Motoren bis 2008,<\/p>","protected":false},"featured_media":68274684,"comment_status":"open","ping_status":"closed","template":"","meta":{"_acf_changed":false},"product_brand":[19384],"product_cat":[7261,7272,7277,7294,7298,7316,7324,7332,7343,7353,7362,7368,7373,7393,7402,7412,7418,7428],"product_tag":[1122,52,9093,217,9233,9234,9083,9196,9214,9095,9142,9037,9228,9222,9122,9110,9102,8855,8870,54,9202,9078,9079,9200,9197,8868,8872,53,9208,9205,8862,48,9191,9193,8852,9097,9195,9092,9096,8857,8856,9094,8858,8854,94,49,9198,8873,9081,9076,8871,8869,9210,8860,9207,8863,8861,8864,8865,9211,9216,9085,9213,9086,9089,9090,56,9100,9104,9218,9098,9105,50,9219,9106,9223,9101,9103,1123,55,1117,9121,9082,9111,9117,9123,9124,9126,9125,9206,9118,9221,9057,9212,9229,9080,9215,9119,9113,9230,6993,9226,9227,9091,9194,9075,9199,9204,9084,9120,9203,9192,9231,9115,9087,9209,9225,9099,9220,9112,9107,9232,9217,9224,9201,9108,9114,9053,164,3574,1073,8851,8867,8859,8866,8853,4422],"class_list":{"0":"post-68255648","1":"product","2":"type-product","3":"status-publish","4":"has-post-thumbnail","6":"product_brand-ngk","7":"product_cat-300c-57-2005-2010-zuendung","8":"product_cat-300c-61-zuendung","9":"product_cat-300c-64-zuendung","10":"product_cat-challenger-61-zuendung","11":"product_cat-challenger-64-zuendung","12":"product_cat-charger-57-zuendung","13":"product_cat-charger-61-zuendung","14":"product_cat-charger-64-zuendung","15":"product_cat-durango-57-zuendung","16":"product_cat-durango-64-zuendung","17":"product_cat-magnum-57-zuendung","18":"product_cat-magnum-61-zuendung","19":"product_cat-commander-zuendung","20":"product_cat-grand-cherokee-57-2005-2010-zuendung","21":"product_cat-grand-cherokee-61-zuendung","22":"product_cat-grand-cherokee-64-zuendung","23":"product_cat-wagoneer-64-zuendung","24":"product_cat-wrangler-64-zuendung","25":"product_tag-1122","26":"product_tag-300c","27":"product_tag-300c-ngk-performance-zuendkerzen","28":"product_tag-217","29":"product_tag-6-1-hemi-ngk-ersatzteile","30":"product_tag-6-4-hemi-ngk-tuning-zuendkerzen","31":"product_tag-beste-ngk-zuendkerzen-challenger","32":"product_tag-beste-ngk-zuendkerzen-chrysler-300c","33":"product_tag-beste-ngk-zuendkerzen-durango","34":"product_tag-beste-ngk-zuendkerzen-fuer-chrysler-300c","35":"product_tag-beste-ngk-zuendkerzen-fuer-dodge-charger","36":"product_tag-beste-ngk-zuendkerzen-fuer-durango","37":"product_tag-beste-ngk-zuendkerzen-fuer-hemi-motoren","38":"product_tag-beste-ngk-zuendkerzen-fuer-jeep-grand-cherokee","39":"product_tag-beste-ngk-zuendkerzen-fuer-jeep-und-dodge","40":"product_tag-beste-ngk-zuendkerzen-fuer-ram-1500","41":"product_tag-beste-ngk-zuendkerzen-grand-cherokee","42":"product_tag-beste-zuendkerzen-300c","43":"product_tag-beste-zuendkerzen-challenger","44":"product_tag-challenger","45":"product_tag-challenger-hemi-ngk-platinum-zuendkerzen","46":"product_tag-challenger-hemi-ngk-zuendkerzen","47":"product_tag-challenger-ngk-performance-zuendkerzen","48":"product_tag-challenger-ngk-tuning-zuendkerzen","49":"product_tag-challenger-ngk-zuendkerzen-5-7l","50":"product_tag-challenger-zuendkerzen-set","51":"product_tag-challenger-zuendkerzen-wechsel","52":"product_tag-charger","53":"product_tag-charger-ngk-tuning-zuendkerzen","54":"product_tag-charger-ngk-zuendkerzen-5-7","55":"product_tag-charger-zuendkerzen-kaufen","56":"product_tag-chrysler","57":"product_tag-chrysler-300c-5-7-ngk-zuendkerzen","58":"product_tag-chrysler-300c-6-1l-ngk-performance-zuendkerzen","59":"product_tag-chrysler-300c-ersatzteile","60":"product_tag-chrysler-300c-ngk-ersatzteile","61":"product_tag-chrysler-300c-ngk-platinum-zuendkerzen","62":"product_tag-chrysler-300c-ngk-silver-racing","63":"product_tag-chrysler-300c-ngk-zuendkerzen-kaufen","64":"product_tag-chrysler-300c-originalteile","65":"product_tag-chrysler-300c-performance-zuendkerzen","66":"product_tag-chrysler-300c-tuning-ngk-zuendkerzen","67":"product_tag-chrysler-300c-zuendkerzen-preis","68":"product_tag-chrysler-300c-zuendkerzen-wechsel","69":"product_tag-commander","70":"product_tag-dodge","71":"product_tag-dodge-challenger-6-1-hemi-ngk-zuendkerzen","72":"product_tag-dodge-challenger-ersatzteile","73":"product_tag-dodge-challenger-ngk-ersatzteile","74":"product_tag-dodge-challenger-ngk-zuendkerzen","75":"product_tag-dodge-challenger-srt-zuendkerzen","76":"product_tag-dodge-challenger-tuning","77":"product_tag-dodge-charger-6-4-hemi-ngk-zuendkerzen-set","78":"product_tag-dodge-charger-ersatzteile","79":"product_tag-dodge-charger-ngk-zuendkerzen-6-4l","80":"product_tag-dodge-charger-performance","81":"product_tag-dodge-charger-tuning-zuendkerzen","82":"product_tag-dodge-charger-zuendkerzen-set","83":"product_tag-dodge-charger-zuendkerzen-vergleich","84":"product_tag-dodge-durango-5-7-hemi-ngk-zuendkerzen","85":"product_tag-dodge-durango-ngk-ersatzteile-zuendkerzen","86":"product_tag-dodge-durango-ngk-performance-zuendkerzen","87":"product_tag-dodge-durango-ngk-performance-zuendkerzen-6-4-hemi","88":"product_tag-durango-hemi-ngk-zuendkerzen","89":"product_tag-durango-ngk-hochleistungszuendkerzen","90":"product_tag-durango-ngk-tuning-zuendkerzen","91":"product_tag-grand-cherokee","92":"product_tag-grand-cherokee-hemi-ngk-zuendkerzen","93":"product_tag-grand-cherokee-ngk-tuning-zuendkerzen","94":"product_tag-grand-cherokee-ngk-zuendkerzen-5-7l","95":"product_tag-hochleistungszuendkerzen-chrysler-300c-ngk","96":"product_tag-hochleistungszuendkerzen-jeep-grand-cherokee-ngk","97":"product_tag-jeep","98":"product_tag-jeep-grand-cherokee-6-1-hemi-ngk-zuendkerzen","99":"product_tag-jeep-grand-cherokee-ngk-ersatzteile","100":"product_tag-jeep-grand-cherokee-ngk-platinum-zuendkerzen","101":"product_tag-jeep-grand-cherokee-ngk-silver-racing","102":"product_tag-jeep-grand-cherokee-performance-zuendkerzen-ngk","103":"product_tag-lztr6aix-13-ix","104":"product_tag-magnum","105":"product_tag-ngk","106":"product_tag-ngk-ersatzteile-fuer-ram","107":"product_tag-ngk-hochleistungszuendkerzen-challenger","108":"product_tag-ngk-hochleistungszuendkerzen-ram","109":"product_tag-ngk-hochleistungszuendkerzen-v8","110":"product_tag-ngk-iridium-dodge-challenger","111":"product_tag-ngk-iridium-zuendkerzen-durango","112":"product_tag-ngk-iridium-zuendkerzen-fuer-hemi","113":"product_tag-ngk-iridium-zuendkerzen-ram","114":"product_tag-ngk-performance-zuendkerzen-charger-6-1-hemi","115":"product_tag-ngk-performance-zuendkerzen-hemi","116":"product_tag-ngk-performance-zuendkerzen-jeep-grand-cherokee","117":"product_tag-ngk-performance-zuendkerzen-v8-hemi","118":"product_tag-ngk-platinum-zuendkerzen-durango-6-1l","119":"product_tag-ngk-platinum-zuendkerzen-hemi","120":"product_tag-ngk-tuning-zuendkerzen-challenger","121":"product_tag-ngk-tuning-zuendkerzen-durango-hemi","122":"product_tag-ngk-tuning-zuendkerzen-fuer-chrysler","123":"product_tag-ngk-tuning-zuendkerzen-fuer-ram-hemi","124":"product_tag-ngk-tuning-zuendkerzen-hemi","125":"product_tag-ngk-zuendkerzen","126":"product_tag-ngk-zuendkerzen-6-1-hemi","127":"product_tag-ngk-zuendkerzen-6-4-hemi","128":"product_tag-ngk-zuendkerzen-chrysler-300c","129":"product_tag-ngk-zuendkerzen-chrysler-300c-6-4-hemi","130":"product_tag-ngk-zuendkerzen-dodge-challenger","131":"product_tag-ngk-zuendkerzen-dodge-challenger-6-4-hemi","132":"product_tag-ngk-zuendkerzen-dodge-charger","133":"product_tag-ngk-zuendkerzen-dodge-durango","134":"product_tag-ngk-zuendkerzen-fuer-amerikanische-autos","135":"product_tag-ngk-zuendkerzen-fuer-challenger-kaufen","136":"product_tag-ngk-zuendkerzen-fuer-chrysler-300c-hemi","137":"product_tag-ngk-zuendkerzen-fuer-chrysler-hemi","138":"product_tag-ngk-zuendkerzen-fuer-dodge-und-jeep","139":"product_tag-ngk-zuendkerzen-fuer-durango","140":"product_tag-ngk-zuendkerzen-fuer-hemi-dodge-charger","141":"product_tag-ngk-zuendkerzen-hemi-5-7","142":"product_tag-ngk-zuendkerzen-jeep-grand-cherokee","143":"product_tag-ngk-zuendkerzen-jeep-grand-cherokee-6-4-hemi","144":"product_tag-ngk-zuendkerzen-kaufen-ram","145":"product_tag-ngk-zuendkerzen-ram","146":"product_tag-ngk-zuendkerzen-set-fuer-5-7-hemi","147":"product_tag-ngk-zuendkerzen-set-fuer-durango","148":"product_tag-ngk-zuendkerzen-set-hemi-grand-cherokee","149":"product_tag-performance-ngk-zuendkerzen-challenger","150":"product_tag-ram-hemi-ngk-zuendkerzen","151":"product_tag-ram-ngk-ersatzteile","152":"product_tag-ram-trx-ngk-performance-zuendkerzen","153":"product_tag-srt8","154":"product_tag-zuendkerze","155":"product_tag-zuendkerzen","156":"product_tag-zuendkerzen-chrysler-300c","157":"product_tag-zuendkerzen-dodge-challenger","158":"product_tag-zuendkerzen-dodge-charger","159":"product_tag-zuendkerzen-dodge-charger-srt","160":"product_tag-zuendkerzen-fuer-chrysler-300c","161":"product_tag-zuendung","162":"product_shipping_class-deutschlandohne","164":"first","165":"outofstock","166":"taxable","167":"shipping-taxable","168":"purchasable","169":"product-type-simple"},"bundled_by":[],"bundle_stock_status":"outofstock","bundle_stock_quantity":0,"bundle_virtual":false,"bundle_layout":"","bundle_add_to_cart_form_location":"","bundle_editable_in_cart":false,"bundle_sold_individually_context":"","bundle_item_grouping":"","bundle_min_size":"","bundle_max_size":"","bundle_price":[],"bundled_items":[],"bundle_sell_ids":[],"exclude_global_add_ons":[],"addons":[],"acf":[],"_links":{"self":[{"href":"https:\/\/kraftwerk-shop.cc\/pl\/wp-json\/wp\/v2\/product\/68255648","targetHints":{"allow":["GET"]}}],"collection":[{"href":"https:\/\/kraftwerk-shop.cc\/pl\/wp-json\/wp\/v2\/product"}],"about":[{"href":"https:\/\/kraftwerk-shop.cc\/pl\/wp-json\/wp\/v2\/types\/product"}],"replies":[{"embeddable":true,"href":"https:\/\/kraftwerk-shop.cc\/pl\/wp-json\/wp\/v2\/comments?post=68255648"}],"version-history":[{"count":0,"href":"https:\/\/kraftwerk-shop.cc\/pl\/wp-json\/wp\/v2\/product\/68255648\/revisions"}],"wp:featuredmedia":[{"embeddable":true,"href":"https:\/\/kraftwerk-shop.cc\/pl\/wp-json\/wp\/v2\/media\/68274684"}],"wp:attachment":[{"href":"https:\/\/kraftwerk-shop.cc\/pl\/wp-json\/wp\/v2\/media?parent=68255648"}],"wp:term":[{"taxonomy":"product_brand","embeddable":true,"href":"https:\/\/kraftwerk-shop.cc\/pl\/wp-json\/wp\/v2\/product_brand?post=68255648"},{"taxonomy":"product_cat","embeddable":true,"href":"https:\/\/kraftwerk-shop.cc\/pl\/wp-json\/wp\/v2\/product_cat?post=68255648"},{"taxonomy":"product_tag","embeddable":true,"href":"https:\/\/kraftwerk-shop.cc\/pl\/wp-json\/wp\/v2\/product_tag?post=68255648"}],"curies":[{"name":"wp","href":"https:\/\/api.w.org\/{rel}","templated":true}]}}