{"id":68255655,"date":"2021-09-17T13:04:33","date_gmt":"2021-09-17T13:04:33","guid":{"rendered":"https:\/\/kraftwerk-gruppe.de\/?post_type=product&#038;p=68255655"},"modified":"2026-02-15T00:01:02","modified_gmt":"2026-02-14T23:01:02","slug":"swiece-zaplonowe-brisk-silver-racing-rr12s","status":"publish","type":"product","link":"https:\/\/kraftwerk-shop.cc\/pl\/produkt\/brisk-silver-racing-rr12s-zuendkerzen\/","title":{"rendered":"\u015awiece zap\u0142onowe Brisk Silver Racing RR12S (16 sztuk)"},"content":{"rendered":"<h1>\u015awiece zap\u0142onowe Brisk Silver Racing RR12S do Chrysler, Dodge i Jeep 5.7, 6.1 i 6.4<\/h1>\n<p>&nbsp;<\/p>\n<p>\u015awiece zap\u0142onowe Brisk Silver Racing zosta\u0142y opracowane specjalnie dla pojazd\u00f3w o wysokich osi\u0105gach.<br \/>\nSrebrna elektroda \u015brodkowa jest doskona\u0142ym przewodnikiem elektryczno\u015bci i ciep\u0142a.<br \/>\nZwi\u0119kszona zap\u0142onno\u015b\u0107 \u015bwiecy zap\u0142onowej zwi\u0119ksza wydajno\u015b\u0107 silnika.<br \/>\nWymagane jest ni\u017csze napi\u0119cie zap\u0142onu.<br \/>\nDobra odporno\u015b\u0107 na zanieczyszczenia i lepsze w\u0142a\u015bciwo\u015bci rozruchowe.<\/p>\n<p>&nbsp;<\/p>\n<ul>\n<li>\u015arednica gwintu: 14 mm<\/li>\n<li>Zakres gwint\u00f3w: 25 mm -1 \"<\/li>\n<li>Sze\u015bciok\u0105t: 16 mm -5\/8\u2033<\/li>\n<li>Typ siedziska: sto\u017ckowe<\/li>\n<li>Wersja: Silver Racing<\/li>\n<li>Odporno\u015b\u0107: Tak<\/li>\n<li>Przewidywane: Nie<\/li>\n<li>Warto\u015b\u0107 cieplna: 12<\/li>\n<\/ul>\n<p>&nbsp;<\/p>\n<p>\u015awiece zap\u0142onowe Brisk Silver Racing maj\u0105 srebrny rdze\u0144 o mniejszej \u015brednicy i konwencjonaln\u0105 otwart\u0105 elektrod\u0119 masow\u0105, kt\u00f3ra zapewnia doskona\u0142\u0105 wydajno\u015b\u0107 podczas zap\u0142onu wysokooktanowych mieszanek paliwowych.<\/p>\n<p>Srebro jest najlepszym materia\u0142em na elektrod\u0119 rdzeniow\u0105 \u015bwiecy zap\u0142onowej, poniewa\u017c mo\u017ce szybko rozprasza\u0107 ciep\u0142o, co skutkuje og\u00f3lnie ni\u017csz\u0105 temperatur\u0105 \u015bwiecy zap\u0142onowej i silniejsz\u0105 iskr\u0105.<\/p>\n<p>Im silniejsza iskra, tym szybszy i lepszy front p\u0142omienia i pr\u0119dko\u015b\u0107 p\u0142omienia, co prowadzi do p\u0142ynniejszego, wy\u017cszego zakresu pr\u0119dko\u015bci w silnikach.<\/p>\n<p>Seria Brisk Silver Racing dobrze wsp\u00f3\u0142pracuje z wi\u0119kszo\u015bci\u0105 uk\u0142ad\u00f3w zap\u0142onowych dost\u0119pnych na rynku wt\u00f3rnym i OEM, od prostych cewek i rozdzielaczy po elektroniczne uk\u0142ady zap\u0142onowe i wysokowydajne uk\u0142ady bezpo\u015bredniego zap\u0142onu stosowane w nowoczesnych silnikach z wtryskiem bezpo\u015brednim i portowym.<\/p>\n<p>&nbsp;<\/p>\n<p><strong>Odpowiedni dla:<\/strong><\/p>\n<div>\n<p>Silniki 5.7 Hemi (4 stopnie zimniejsze ni\u017c \u015bwiece seryjne) do 2008 roku w\u0142\u0105cznie<br \/>\nSilniki 6.1 SRT8 (2 stopnie ch\u0142odniejsze ni\u017c wtyczki seryjne)<br \/>\nSilniki 6.4 SRT8 (2 stopnie ch\u0142odniejsze ni\u017c wtyczki seryjne)<\/p>\n<p>\u015awiece te nadaj\u0105 si\u0119 do silnik\u00f3w o wysokim stopniu do\u0142adowania.<br \/>\nW szczeg\u00f3lno\u015bci pojazdy o mocy ponad 800 KM wymagaj\u0105 tych wtyczek.<\/p>\n<\/div>\n<p>&nbsp;<\/p>\n<p><strong>Zakres dostawy:<\/strong><\/p>\n<ul>\n<li>16 \u015bwiec zap\u0142onowych Brisk Silver Racing RR12S<\/li>\n<\/ul>\n<div>\n<p>&nbsp;<\/p>\n<\/div>","protected":false},"excerpt":{"rendered":"<p>Brisk Silver Racing RR12S Z\u00fcndkerzen f\u00fcr Chrysler, Dodge und Jeep 5.7, 6.1 und 6.4 &nbsp; Brisk Silver Racing Z\u00fcndkerzen sind<\/p>","protected":false},"featured_media":68274756,"comment_status":"open","ping_status":"closed","template":"","meta":{"_acf_changed":false},"product_brand":[18923],"product_cat":[7261,7272,7277,7294,7298,7316,7324,7332,7343,7353,7362,7368,7373,7393,7402,7412,7418],"product_tag":[52,8893,8882,8895,8890,8923,8910,8902,8855,8870,1074,8922,8881,8912,8918,8919,8876,8887,8917,8909,8879,8920,8914,8891,8874,8883,8921,8916,8886,8899,8913,8907,54,8878,8877,8868,8872,53,8862,48,8897,8892,8896,8852,8857,8856,8894,8858,8854,94,49,8880,8875,8873,8871,8869,8860,8863,8861,8864,8865,8884,8888,8889,8885,56,8904,8900,8898,8905,50,8906,8901,8903,55,1077,8915,8908,8911,1129,1076,1073,8851,8867,8859,8866,8853],"class_list":{"0":"post-68255655","1":"product","2":"type-product","3":"status-publish","4":"has-post-thumbnail","6":"product_brand-brisk","7":"product_cat-300c-57-2005-2010-zuendung","8":"product_cat-300c-61-zuendung","9":"product_cat-300c-64-zuendung","10":"product_cat-challenger-61-zuendung","11":"product_cat-challenger-64-zuendung","12":"product_cat-charger-57-zuendung","13":"product_cat-charger-61-zuendung","14":"product_cat-charger-64-zuendung","15":"product_cat-durango-57-zuendung","16":"product_cat-durango-64-zuendung","17":"product_cat-magnum-57-zuendung","18":"product_cat-magnum-61-zuendung","19":"product_cat-commander-zuendung","20":"product_cat-grand-cherokee-57-2005-2010-zuendung","21":"product_cat-grand-cherokee-61-zuendung","22":"product_cat-grand-cherokee-64-zuendung","23":"product_cat-wagoneer-64-zuendung","24":"product_tag-300c","25":"product_tag-300c-brisk-performance-zuendkerzen","26":"product_tag-beste-brisk-zuendkerzen-challenger","27":"product_tag-beste-brisk-zuendkerzen-fuer-chrysler-300c","28":"product_tag-beste-brisk-zuendkerzen-fuer-durango","29":"product_tag-beste-brisk-zuendkerzen-fuer-jeep-und-dodge","30":"product_tag-beste-brisk-zuendkerzen-fuer-ram-1500","31":"product_tag-beste-brisk-zuendkerzen-grand-cherokee","32":"product_tag-beste-zuendkerzen-300c","33":"product_tag-beste-zuendkerzen-challenger","34":"product_tag-brisk","35":"product_tag-brisk-ersatzteile-fuer-ram","36":"product_tag-brisk-hochleistungszuendkerzen-challenger","37":"product_tag-brisk-hochleistungszuendkerzen-ram","38":"product_tag-brisk-hochleistungszuendkerzen-v8","39":"product_tag-brisk-performance-zuendkerzen-hemi","40":"product_tag-brisk-silver-racing-dodge-challenger","41":"product_tag-brisk-silver-racing-zuendkerzen-durango","42":"product_tag-brisk-silver-racing-zuendkerzen-fuer-hemi","43":"product_tag-brisk-silver-racing-zuendkerzen-ram","44":"product_tag-brisk-tuning-zuendkerzen-challenger","45":"product_tag-brisk-tuning-zuendkerzen-fuer-chrysler","46":"product_tag-brisk-tuning-zuendkerzen-fuer-ram-hemi","47":"product_tag-brisk-zuendkerzen-chrysler-300c","48":"product_tag-brisk-zuendkerzen-dodge-challenger","49":"product_tag-brisk-zuendkerzen-dodge-durango","50":"product_tag-brisk-zuendkerzen-fuer-amerikanische-autos","51":"product_tag-brisk-zuendkerzen-fuer-dodge-und-jeep","52":"product_tag-brisk-zuendkerzen-fuer-durango","53":"product_tag-brisk-zuendkerzen-jeep-grand-cherokee","54":"product_tag-brisk-zuendkerzen-kaufen-ram","55":"product_tag-brisk-zuendkerzen-ram","56":"product_tag-challenger","57":"product_tag-challenger-brisk-performance-zuendkerzen","58":"product_tag-challenger-hemi-brisk-zuendkerzen","59":"product_tag-challenger-zuendkerzen-set","60":"product_tag-challenger-zuendkerzen-wechsel","61":"product_tag-charger","62":"product_tag-charger-zuendkerzen-kaufen","63":"product_tag-chrysler","64":"product_tag-chrysler-300c-brisk-ersatzteile","65":"product_tag-chrysler-300c-brisk-silver-racing","66":"product_tag-chrysler-300c-brisk-zuendkerzen-kaufen","67":"product_tag-chrysler-300c-ersatzteile","68":"product_tag-chrysler-300c-originalteile","69":"product_tag-chrysler-300c-performance-zuendkerzen","70":"product_tag-chrysler-300c-tuning-brisk-zuendkerzen","71":"product_tag-chrysler-300c-zuendkerzen-preis","72":"product_tag-chrysler-300c-zuendkerzen-wechsel","73":"product_tag-commander","74":"product_tag-dodge","75":"product_tag-dodge-challenger-brisk-ersatzteile","76":"product_tag-dodge-challenger-brisk-zuendkerzen","77":"product_tag-dodge-challenger-ersatzteile","78":"product_tag-dodge-challenger-srt-zuendkerzen","79":"product_tag-dodge-challenger-tuning","80":"product_tag-dodge-charger-ersatzteile","81":"product_tag-dodge-charger-performance","82":"product_tag-dodge-charger-tuning-zuendkerzen","83":"product_tag-dodge-charger-zuendkerzen-set","84":"product_tag-dodge-charger-zuendkerzen-vergleich","85":"product_tag-dodge-durango-brisk-performance-zuendkerzen","86":"product_tag-durango-brisk-hochleistungszuendkerzen","87":"product_tag-durango-brisk-tuning-zuendkerzen","88":"product_tag-durango-hemi-brisk-zuendkerzen","89":"product_tag-grand-cherokee","90":"product_tag-grand-cherokee-brisk-tuning-zuendkerzen","91":"product_tag-grand-cherokee-hemi-brisk-zuendkerzen","92":"product_tag-hochleistungszuendkerzen-chrysler-300c-brisk","93":"product_tag-hochleistungszuendkerzen-jeep-grand-cherokee-brisk","94":"product_tag-jeep","95":"product_tag-jeep-grand-cherokee-brisk-ersatzteile","96":"product_tag-jeep-grand-cherokee-brisk-silver-racing","97":"product_tag-jeep-grand-cherokee-performance-zuendkerzen-brisk","98":"product_tag-magnum","99":"product_tag-racing","100":"product_tag-ram-brisk-ersatzteile","101":"product_tag-ram-hemi-brisk-zuendkerzen","102":"product_tag-ram-trx-brisk-performance-zuendkerzen","103":"product_tag-rr12s","104":"product_tag-silver","105":"product_tag-zuendkerzen","106":"product_tag-zuendkerzen-chrysler-300c","107":"product_tag-zuendkerzen-dodge-challenger","108":"product_tag-zuendkerzen-dodge-charger","109":"product_tag-zuendkerzen-dodge-charger-srt","110":"product_tag-zuendkerzen-fuer-chrysler-300c","112":"first","113":"instock","114":"taxable","115":"shipping-taxable","116":"purchasable","117":"product-type-simple"},"bundled_by":[],"bundle_stock_status":"instock","bundle_stock_quantity":1,"bundle_virtual":false,"bundle_layout":"","bundle_add_to_cart_form_location":"","bundle_editable_in_cart":false,"bundle_sold_individually_context":"","bundle_item_grouping":"","bundle_min_size":"","bundle_max_size":"","bundle_price":[],"bundled_items":[],"bundle_sell_ids":[],"exclude_global_add_ons":[],"addons":[],"acf":[],"_links":{"self":[{"href":"https:\/\/kraftwerk-shop.cc\/pl\/wp-json\/wp\/v2\/product\/68255655","targetHints":{"allow":["GET"]}}],"collection":[{"href":"https:\/\/kraftwerk-shop.cc\/pl\/wp-json\/wp\/v2\/product"}],"about":[{"href":"https:\/\/kraftwerk-shop.cc\/pl\/wp-json\/wp\/v2\/types\/product"}],"replies":[{"embeddable":true,"href":"https:\/\/kraftwerk-shop.cc\/pl\/wp-json\/wp\/v2\/comments?post=68255655"}],"version-history":[{"count":0,"href":"https:\/\/kraftwerk-shop.cc\/pl\/wp-json\/wp\/v2\/product\/68255655\/revisions"}],"wp:featuredmedia":[{"embeddable":true,"href":"https:\/\/kraftwerk-shop.cc\/pl\/wp-json\/wp\/v2\/media\/68274756"}],"wp:attachment":[{"href":"https:\/\/kraftwerk-shop.cc\/pl\/wp-json\/wp\/v2\/media?parent=68255655"}],"wp:term":[{"taxonomy":"product_brand","embeddable":true,"href":"https:\/\/kraftwerk-shop.cc\/pl\/wp-json\/wp\/v2\/product_brand?post=68255655"},{"taxonomy":"product_cat","embeddable":true,"href":"https:\/\/kraftwerk-shop.cc\/pl\/wp-json\/wp\/v2\/product_cat?post=68255655"},{"taxonomy":"product_tag","embeddable":true,"href":"https:\/\/kraftwerk-shop.cc\/pl\/wp-json\/wp\/v2\/product_tag?post=68255655"}],"curies":[{"name":"wp","href":"https:\/\/api.w.org\/{rel}","templated":true}]}}