{"id":68255693,"date":"2021-09-17T13:04:36","date_gmt":"2021-09-17T13:04:36","guid":{"rendered":"https:\/\/kraftwerk-gruppe.de\/?post_type=product&#038;p=68255693"},"modified":"2026-02-15T00:46:12","modified_gmt":"2026-02-14T23:46:12","slug":"klocki-hamulcowe-powerstop-z23-1058","status":"publish","type":"product","link":"https:\/\/kraftwerk-shop.cc\/pl\/produkt\/powerstop-z23-1058-bremsbelaege\/","title":{"rendered":"Klocki hamulcowe PowerStop Z23 Evolution Plus"},"content":{"rendered":"<h1>Klocki hamulcowe PowerStop do Chrysler 300C, Dodge Challenger, Charger, Magnum i Lancia Thema 3.0 CRD, 3.5, 3.6 i 5.7 (o\u015b przednia)<\/h1>\n<p>&nbsp;<\/p>\n<p>PowerStop Z23 Evolution Plus Carbon - Ceramiczne klocki hamulcowe<\/p>\n<ul>\n<li>Znaczne ograniczenie powstawania py\u0142u hamulcowego<\/li>\n<li>Nadaje si\u0119 do codziennego u\u017cytku<\/li>\n<li>Zawiera past\u0119 monta\u017cow\u0105 i zestaw osprz\u0119tu ze stali nierdzewnej<\/li>\n<\/ul>\n<p>&nbsp;<\/p>\n<p><strong>Liczby por\u00f3wnawcze Mopar:<\/strong> 05142555AA, 05174001AA, 05174001AB, 05174001AC<strong>, <\/strong>68147681AA<\/p>\n<p>&nbsp;<\/p>\n<p><strong>Odpowiedni dla:<\/strong><\/p>\n<table width=\"0\">\n<tbody>\n<tr>\n<td width=\"64\">Chrysler<\/td>\n<td width=\"115\">300C<\/td>\n<td width=\"115\">3.0 CRD, 3.5, 3.6, 5.7<\/td>\n<td width=\"301\">z tarczami hamulcowymi 345 mm<\/td>\n<\/tr>\n<tr>\n<td width=\"64\">Dodge<\/td>\n<td width=\"115\">Challenger<\/td>\n<td width=\"115\">3.5, 3.6, 5.7<\/td>\n<td width=\"301\">z tarczami hamulcowymi 345 mm<\/td>\n<\/tr>\n<tr>\n<td width=\"64\">Dodge<\/td>\n<td width=\"115\">Charger<\/td>\n<td width=\"115\">3.5, 3.6, 5.7<\/td>\n<td width=\"301\">z tarczami hamulcowymi 345 mm<\/td>\n<\/tr>\n<tr>\n<td width=\"64\">Dodge<\/td>\n<td width=\"115\">Magnum<\/td>\n<td width=\"115\">3.5, 3.6, 5.7<\/td>\n<td width=\"301\">z tarczami hamulcowymi 345 mm<\/td>\n<\/tr>\n<\/tbody>\n<\/table>\n<p><strong>\u00a0<\/strong><\/p>\n<p>Nadaje si\u0119 tylko do pojazd\u00f3w z tarczami hamulcowymi 345 mm.<\/p>\n<p>Cena dotyczy 1 zestawu dla kompletnej osi przedniej.<\/p>\n<p>&nbsp;<\/p>\n<p>&nbsp;<\/p>","protected":false},"excerpt":{"rendered":"<p>Nadaje si\u0119 do tarcz hamulcowych 345 mm<\/p>","protected":false},"featured_media":68334187,"comment_status":"open","ping_status":"closed","template":"","meta":{"_acf_changed":false},"product_brand":[],"product_cat":[17712,17715,17719,17723,17727,17709,17703,17701,17739,17743,17747,17751,17767,17771],"product_tag":[2149,2150,2151,2152,87,88,52,18215,18216,18217,18218,2153,838,590,795,839,840,54,53,48,536,49,3853,3854,692,1166,1167,36,55,953,954,2445,1168,842,841,955,17684,673],"class_list":{"0":"post-68255693","1":"product","2":"type-product","3":"status-publish","4":"has-post-thumbnail","6":"product_cat-300c-30-diesel-bremsbelaege-vorne","7":"product_cat-300c-35-bremsbelaege-vorne","8":"product_cat-300c-36-bremsbelaege-vorne","9":"product_cat-300c-57-2005-2010-bremsbelaege-vorne","10":"product_cat-300c-57-2011-2023-bremsbelaege-vorne","11":"product_cat-challenger-35-bremsbelaege-vorne","12":"product_cat-challenger-36-bremsbelaege-vorne","13":"product_cat-challenger-57-bremsbelaege-vorne","14":"product_cat-charger-35-bremsbelaege-vorne","15":"product_cat-charger-36-bremsbelaege-vorne","16":"product_cat-charger-57-bremsbelaege-vorne","17":"product_cat-charger-57-2011-2023-bremsbelaege-vorne","18":"product_cat-magnum-35-bremsbelaege-vorne","19":"product_cat-magnum-57-bremsbelaege-vorne","20":"product_tag-05142555aa","21":"product_tag-05174001aa","22":"product_tag-05174001ab","23":"product_tag-05174001ac","24":"product_tag-2-7","25":"product_tag-3-5","26":"product_tag-300c","27":"product_tag-5142555aa","28":"product_tag-5174001aa","29":"product_tag-5174001ab","30":"product_tag-5174001ac","31":"product_tag-68147681aa","32":"product_tag-bremsbelag","33":"product_tag-bremsbelaege","34":"product_tag-bremse","35":"product_tag-bremsklotz","36":"product_tag-bremskloetze","37":"product_tag-challenger","38":"product_tag-charger","39":"product_tag-chrysler","40":"product_tag-chrysler-300c","41":"product_tag-dodge","42":"product_tag-dodge-challenger","43":"product_tag-dodge-charger","44":"product_tag-ersatzteil","45":"product_tag-keramik","46":"product_tag-keramisch","47":"product_tag-kraftwerk","48":"product_tag-magnum","49":"product_tag-power-stop","50":"product_tag-powerstop","51":"product_tag-powerstop-pads","52":"product_tag-staubfrei","53":"product_tag-vorderachse","54":"product_tag-vorne","55":"product_tag-z23","56":"product_tag-z23-1058","57":"product_tag-zubehoer","59":"first","60":"instock","61":"taxable","62":"shipping-taxable","63":"purchasable","64":"product-type-simple"},"bundled_by":[],"bundle_stock_status":"instock","bundle_stock_quantity":1,"bundle_virtual":false,"bundle_layout":"","bundle_add_to_cart_form_location":"","bundle_editable_in_cart":false,"bundle_sold_individually_context":"","bundle_item_grouping":"","bundle_min_size":"","bundle_max_size":"","bundle_price":[],"bundled_items":[],"bundle_sell_ids":[],"exclude_global_add_ons":[],"addons":[],"acf":[],"_links":{"self":[{"href":"https:\/\/kraftwerk-shop.cc\/pl\/wp-json\/wp\/v2\/product\/68255693","targetHints":{"allow":["GET"]}}],"collection":[{"href":"https:\/\/kraftwerk-shop.cc\/pl\/wp-json\/wp\/v2\/product"}],"about":[{"href":"https:\/\/kraftwerk-shop.cc\/pl\/wp-json\/wp\/v2\/types\/product"}],"replies":[{"embeddable":true,"href":"https:\/\/kraftwerk-shop.cc\/pl\/wp-json\/wp\/v2\/comments?post=68255693"}],"version-history":[{"count":0,"href":"https:\/\/kraftwerk-shop.cc\/pl\/wp-json\/wp\/v2\/product\/68255693\/revisions"}],"wp:featuredmedia":[{"embeddable":true,"href":"https:\/\/kraftwerk-shop.cc\/pl\/wp-json\/wp\/v2\/media\/68334187"}],"wp:attachment":[{"href":"https:\/\/kraftwerk-shop.cc\/pl\/wp-json\/wp\/v2\/media?parent=68255693"}],"wp:term":[{"taxonomy":"product_brand","embeddable":true,"href":"https:\/\/kraftwerk-shop.cc\/pl\/wp-json\/wp\/v2\/product_brand?post=68255693"},{"taxonomy":"product_cat","embeddable":true,"href":"https:\/\/kraftwerk-shop.cc\/pl\/wp-json\/wp\/v2\/product_cat?post=68255693"},{"taxonomy":"product_tag","embeddable":true,"href":"https:\/\/kraftwerk-shop.cc\/pl\/wp-json\/wp\/v2\/product_tag?post=68255693"}],"curies":[{"name":"wp","href":"https:\/\/api.w.org\/{rel}","templated":true}]}}