{"id":68255695,"date":"2021-09-17T13:04:36","date_gmt":"2021-09-17T13:04:36","guid":{"rendered":"https:\/\/kraftwerk-gruppe.de\/?post_type=product&#038;p=68255695"},"modified":"2026-02-15T00:48:41","modified_gmt":"2026-02-14T23:48:41","slug":"klocki-hamulcowe-powerstop-z17-1904a","status":"publish","type":"product","link":"https:\/\/kraftwerk-shop.cc\/pl\/produkt\/powerstop-z17-1904a-bremsbelaege\/","title":{"rendered":"Klocki hamulcowe PowerStop Z17 Evolution Plus"},"content":{"rendered":"<h1>Klocki hamulcowe PowerStop do Dodge Durango 3.6, 5.7 i Jeep Grand Cherokee 3.0 MultiJet, 3.6 i 5.7 od 2011 (o\u015b przednia)<\/h1>\n<p>&nbsp;<\/p>\n<p>Ceramiczne klocki hamulcowe Power Stop Z17 Evolution Plus<\/p>\n<ul>\n<li>Znaczne ograniczenie powstawania py\u0142u hamulcowego<\/li>\n<li>Nadaje si\u0119 do codziennego u\u017cytku<\/li>\n<li>Zawiera past\u0119 monta\u017cow\u0105 i zestaw osprz\u0119tu ze stali nierdzewnej<\/li>\n<\/ul>\n<p>&nbsp;<\/p>\n<p><strong>Liczby por\u00f3wnawcze Mopar:<\/strong> 68052369AA, 68052369AB<\/p>\n<p>&nbsp;<\/p>\n<p><strong>Odpowiedni dla:<\/strong><\/p>\n<table width=\"695\">\n<tbody>\n<tr>\n<td width=\"178\">Dodge<\/td>\n<td width=\"225\">Durango<\/td>\n<td width=\"120\">3.6<\/td>\n<td width=\"172\">2011\u20132025<\/td>\n<\/tr>\n<tr>\n<td width=\"178\">Dodge<\/td>\n<td width=\"225\">Durango<\/td>\n<td width=\"120\">5.7<\/td>\n<td width=\"172\">2011\u20132025<\/td>\n<\/tr>\n<tr>\n<td width=\"178\">Jeep<\/td>\n<td width=\"225\">Grand Cherokee<\/td>\n<td width=\"120\">3.0 MultiJet<\/td>\n<td width=\"172\">2011\u20132021<\/td>\n<\/tr>\n<tr>\n<td width=\"178\">Jeep<\/td>\n<td width=\"225\">Grand Cherokee<\/td>\n<td width=\"120\">3.6<\/td>\n<td width=\"172\">2011\u20132021<\/td>\n<\/tr>\n<tr>\n<td width=\"178\">Jeep<\/td>\n<td width=\"225\">Grand Cherokee<\/td>\n<td width=\"120\">5.7<\/td>\n<td width=\"172\">2011\u20132021<\/td>\n<\/tr>\n<\/tbody>\n<\/table>\n<p>&nbsp;<\/p>\n<p><strong>Nadaje si\u0119 tylko do pojazd\u00f3w z tarczami hamulcowymi 350 mm<\/strong>.<\/p>\n<p>Cena dotyczy 1 zestawu dla kompletnej osi przedniej.<\/p>\n<p>&nbsp;<\/p>\n<p>&nbsp;<\/p>","protected":false},"excerpt":{"rendered":"<p>2011\u20132023<\/p>","protected":false},"featured_media":68274492,"comment_status":"open","ping_status":"closed","template":"","meta":{"_acf_changed":false},"product_brand":[],"product_cat":[17916,17920,17936,17941,17951],"product_tag":[169,91,838,590,795,839,840,49,95,692,56,50,4425,1166,1167,36,953,954,2445,1168,842,841,1164,1172,1173,673],"class_list":{"0":"post-68255695","1":"product","2":"type-product","3":"status-publish","4":"has-post-thumbnail","6":"product_cat-durango-36-bremsbelaege-vorne","7":"product_cat-durango-57-bremsbelaege-vorne","8":"product_cat-grand-cherokee-30-diesel-bremsbelaege-vorne","9":"product_cat-grand-cherokee-36-bremsbelaege-vorne","10":"product_cat-grand-cherokee-57-2011-2021-bremsbelaege-vorne","11":"product_tag-3-6","12":"product_tag-5-7","13":"product_tag-bremsbelag","14":"product_tag-bremsbelaege","15":"product_tag-bremse","16":"product_tag-bremsklotz","17":"product_tag-bremskloetze","18":"product_tag-dodge","19":"product_tag-durango","20":"product_tag-ersatzteil","21":"product_tag-grand-cherokee","22":"product_tag-jeep","23":"product_tag-jeep-grand-cherokee","24":"product_tag-keramik","25":"product_tag-keramisch","26":"product_tag-kraftwerk","27":"product_tag-power-stop","28":"product_tag-powerstop","29":"product_tag-powerstop-pads","30":"product_tag-staubfrei","31":"product_tag-vorderachse","32":"product_tag-vorne","33":"product_tag-z17","34":"product_tag-z17-1904a","35":"product_tag-z171904a","36":"product_tag-zubehoer","38":"first","39":"instock","40":"taxable","41":"shipping-taxable","42":"purchasable","43":"product-type-simple"},"bundled_by":[],"bundle_stock_status":"instock","bundle_stock_quantity":2,"bundle_virtual":false,"bundle_layout":"","bundle_add_to_cart_form_location":"","bundle_editable_in_cart":false,"bundle_sold_individually_context":"","bundle_item_grouping":"","bundle_min_size":"","bundle_max_size":"","bundle_price":[],"bundled_items":[],"bundle_sell_ids":[],"exclude_global_add_ons":[],"addons":[],"acf":[],"_links":{"self":[{"href":"https:\/\/kraftwerk-shop.cc\/pl\/wp-json\/wp\/v2\/product\/68255695","targetHints":{"allow":["GET"]}}],"collection":[{"href":"https:\/\/kraftwerk-shop.cc\/pl\/wp-json\/wp\/v2\/product"}],"about":[{"href":"https:\/\/kraftwerk-shop.cc\/pl\/wp-json\/wp\/v2\/types\/product"}],"replies":[{"embeddable":true,"href":"https:\/\/kraftwerk-shop.cc\/pl\/wp-json\/wp\/v2\/comments?post=68255695"}],"version-history":[{"count":0,"href":"https:\/\/kraftwerk-shop.cc\/pl\/wp-json\/wp\/v2\/product\/68255695\/revisions"}],"wp:featuredmedia":[{"embeddable":true,"href":"https:\/\/kraftwerk-shop.cc\/pl\/wp-json\/wp\/v2\/media\/68274492"}],"wp:attachment":[{"href":"https:\/\/kraftwerk-shop.cc\/pl\/wp-json\/wp\/v2\/media?parent=68255695"}],"wp:term":[{"taxonomy":"product_brand","embeddable":true,"href":"https:\/\/kraftwerk-shop.cc\/pl\/wp-json\/wp\/v2\/product_brand?post=68255695"},{"taxonomy":"product_cat","embeddable":true,"href":"https:\/\/kraftwerk-shop.cc\/pl\/wp-json\/wp\/v2\/product_cat?post=68255695"},{"taxonomy":"product_tag","embeddable":true,"href":"https:\/\/kraftwerk-shop.cc\/pl\/wp-json\/wp\/v2\/product_tag?post=68255695"}],"curies":[{"name":"wp","href":"https:\/\/api.w.org\/{rel}","templated":true}]}}