{"id":68255696,"date":"2021-09-17T13:04:36","date_gmt":"2021-09-17T13:04:36","guid":{"rendered":"https:\/\/kraftwerk-gruppe.de\/?post_type=product&#038;p=68255696"},"modified":"2026-03-13T12:09:38","modified_gmt":"2026-03-13T11:09:38","slug":"powerstop-z23-1053-klocki-hamulcowe-srt-hellcat","status":"publish","type":"product","link":"https:\/\/kraftwerk-shop.cc\/pl\/produkt\/powerstop-z23-1053-bremsbelaege-srt-hellcat\/","title":{"rendered":"Klocki hamulcowe PowerStop Z23 Evolution Sport SRT i Hellcat"},"content":{"rendered":"<h1>Klocki hamulcowe PowerStop do Chrysler 300C, Dodge Challenger, Charger, Magnum, Durango, Jeep Grand Cherokee 6.1 SRT8, 6.2 Hellcat, 6.4 SRT (tylna o\u015b)<\/h1>\n<p>&nbsp;<\/p>\n<p>Evolution Sport Carbon - ceramiczne klocki hamulcowe dla modeli SRT i Hellcat<\/p>\n<ul>\n<li>Znaczne ograniczenie powstawania py\u0142u hamulcowego<\/li>\n<li>Nadaje si\u0119 do codziennego u\u017cytku<\/li>\n<li>Zawiera past\u0119 monta\u017cow\u0105 i zestaw osprz\u0119tu ze stali nierdzewnej<\/li>\n<\/ul>\n<p>&nbsp;<\/p>\n<p><strong>Liczby por\u00f3wnawcze Mopar:<\/strong> 68144223AA, 68144223AB, 68144223AC, 5174327AA, 5174327AB, 05174327AA, 05174327AB, 05174327AC<\/p>\n<p>&nbsp;<\/p>\n<p><strong>Odpowiedni dla:<\/strong><\/p>\n<table width=\"572\">\n<tbody>\n<tr>\n<td width=\"83\">Chrysler<\/td>\n<td width=\"220\">300C<\/td>\n<td width=\"269\">6.1, 6.4<\/td>\n<\/tr>\n<tr>\n<td width=\"83\">Dodge<\/td>\n<td width=\"220\">Challenger<\/td>\n<td width=\"269\">6.1, 6.2 Hellcat, 6.4<\/td>\n<\/tr>\n<tr>\n<td width=\"83\">Dodge<\/td>\n<td width=\"220\">Charger<\/td>\n<td width=\"269\">6.1, 6.2 Hellcat, 6.4<\/td>\n<\/tr>\n<tr>\n<td width=\"83\">Dodge<\/td>\n<td width=\"220\">Durango<\/td>\n<td width=\"269\">6.4<\/td>\n<\/tr>\n<tr>\n<td width=\"83\">Dodge<\/td>\n<td width=\"220\">Magnum<\/td>\n<td width=\"269\">6.1<\/td>\n<\/tr>\n<tr>\n<td width=\"83\">Jeep<\/td>\n<td width=\"220\">Grand Cherokee<\/td>\n<td width=\"269\">6.1, 6.4 do 2017 r.<\/td>\n<\/tr>\n<\/tbody>\n<\/table>\n<p>Cena dotyczy 1 zestawu dla kompletnej osi tylnej.<\/p>\n<p>&nbsp;<\/p>","protected":false},"excerpt":{"rendered":"<p>Klocki hamulcowe PowerStop do Chrysler 300C, Dodge Challenger, Charger, Magnum, Durango, Jeep Grand Cherokee 6.1 SRT8, 6.2 Hellcat, 6.4 SRT (tylna o\u015b)<\/p>","protected":false},"featured_media":68274506,"comment_status":"open","ping_status":"closed","template":"","meta":{"_acf_changed":false},"product_brand":[],"product_cat":[17732,17736,17696,17692,17688,17756,17760,17764,17776,17957,17967],"product_tag":[846,951,952,52,844,845,843,928,949,950,832,838,590,10803,795,839,840,54,53,48,536,49,3853,3854,692,100,799,50,4425,36,953,954,2445,96,841,955,956,673],"class_list":{"0":"post-68255696","1":"product","2":"type-product","3":"status-publish","4":"has-post-thumbnail","6":"product_cat-300c-61-bremsbelaege-hinten","7":"product_cat-300c-64-bremsbelaege-hinten","8":"product_cat-challenger-61-bremsbelaege-hinten","9":"product_cat-challenger-hellcat-bremsbelaege-hinten","10":"product_cat-challenger-64-bremsbelaege-hinten","11":"product_cat-charger-61-bremsbelaege-hinten","12":"product_cat-charger-hellcat-bremsbelaege-hinten","13":"product_cat-charger-64-bremsbelaege-hinten","14":"product_cat-magnum-61-bremsbelaege-hinten","15":"product_cat-grand-cherokee-61-bremsbelaege-hinten","16":"product_cat-grand-cherokee-64-bremsbelaege-hinten","17":"product_tag-05174327aa","18":"product_tag-05174327ab","19":"product_tag-05174327ac","20":"product_tag-300c","21":"product_tag-5174327aa","22":"product_tag-5174327ab","23":"product_tag-5174327ac","24":"product_tag-68144223aa","25":"product_tag-68144223ab","26":"product_tag-68144223ac","27":"product_tag-brembo","28":"product_tag-bremsbelag","29":"product_tag-bremsbelaege","30":"product_tag-bremsbelaege-fuer-dodge-challenger-6-4","31":"product_tag-bremse","32":"product_tag-bremsklotz","33":"product_tag-bremskloetze","34":"product_tag-challenger","35":"product_tag-charger","36":"product_tag-chrysler","37":"product_tag-chrysler-300c","38":"product_tag-dodge","39":"product_tag-dodge-challenger","40":"product_tag-dodge-charger","41":"product_tag-ersatzteil","42":"product_tag-hellcat","43":"product_tag-hinterachse","44":"product_tag-jeep","45":"product_tag-jeep-grand-cherokee","46":"product_tag-kraftwerk","47":"product_tag-power-stop","48":"product_tag-powerstop","49":"product_tag-powerstop-pads","50":"product_tag-srt","51":"product_tag-vorne","52":"product_tag-z23","53":"product_tag-z23-1053","54":"product_tag-zubehoer","56":"first","57":"instock","58":"taxable","59":"shipping-taxable","60":"purchasable","61":"product-type-simple"},"bundled_by":[],"bundle_stock_status":"instock","bundle_stock_quantity":2,"bundle_virtual":false,"bundle_layout":"","bundle_add_to_cart_form_location":"","bundle_editable_in_cart":false,"bundle_sold_individually_context":"","bundle_item_grouping":"","bundle_min_size":"","bundle_max_size":"","bundle_price":[],"bundled_items":[],"bundle_sell_ids":[],"exclude_global_add_ons":[],"addons":[],"acf":[],"_links":{"self":[{"href":"https:\/\/kraftwerk-shop.cc\/pl\/wp-json\/wp\/v2\/product\/68255696","targetHints":{"allow":["GET"]}}],"collection":[{"href":"https:\/\/kraftwerk-shop.cc\/pl\/wp-json\/wp\/v2\/product"}],"about":[{"href":"https:\/\/kraftwerk-shop.cc\/pl\/wp-json\/wp\/v2\/types\/product"}],"replies":[{"embeddable":true,"href":"https:\/\/kraftwerk-shop.cc\/pl\/wp-json\/wp\/v2\/comments?post=68255696"}],"version-history":[{"count":0,"href":"https:\/\/kraftwerk-shop.cc\/pl\/wp-json\/wp\/v2\/product\/68255696\/revisions"}],"wp:featuredmedia":[{"embeddable":true,"href":"https:\/\/kraftwerk-shop.cc\/pl\/wp-json\/wp\/v2\/media\/68274506"}],"wp:attachment":[{"href":"https:\/\/kraftwerk-shop.cc\/pl\/wp-json\/wp\/v2\/media?parent=68255696"}],"wp:term":[{"taxonomy":"product_brand","embeddable":true,"href":"https:\/\/kraftwerk-shop.cc\/pl\/wp-json\/wp\/v2\/product_brand?post=68255696"},{"taxonomy":"product_cat","embeddable":true,"href":"https:\/\/kraftwerk-shop.cc\/pl\/wp-json\/wp\/v2\/product_cat?post=68255696"},{"taxonomy":"product_tag","embeddable":true,"href":"https:\/\/kraftwerk-shop.cc\/pl\/wp-json\/wp\/v2\/product_tag?post=68255696"}],"curies":[{"name":"wp","href":"https:\/\/api.w.org\/{rel}","templated":true}]}}