{"id":68255702,"date":"2021-09-17T13:04:37","date_gmt":"2021-09-17T13:04:37","guid":{"rendered":"https:\/\/kraftwerk-gruppe.de\/?post_type=product&#038;p=68255702"},"modified":"2026-03-13T12:09:36","modified_gmt":"2026-03-13T11:09:36","slug":"klocki-hamulcowe-powerstop-z23-1498","status":"publish","type":"product","link":"https:\/\/kraftwerk-shop.cc\/pl\/produkt\/powerstop-z23-1498-bremsbelaege\/","title":{"rendered":"Klocki hamulcowe PowerStop Z23 Evolution Sport"},"content":{"rendered":"<h1>Klocki hamulcowe PowerStop Z23 do Dodge Durango 3.6, 5.7 i Jeep Grand Cherokee 3.0 MultiJet, 3.6 i 5.7 od 2011 (tylna o\u015b)<\/h1>\n<p>&nbsp;<\/p>\n<p>Evolution Sport Carbon - ceramiczne klocki hamulcowe<\/p>\n<ul>\n<li>Znaczne ograniczenie powstawania py\u0142u hamulcowego<\/li>\n<li>Nadaje si\u0119 do codziennego u\u017cytku<\/li>\n<li>Zawiera past\u0119 monta\u017cow\u0105 i zestaw osprz\u0119tu ze stali nierdzewnej<\/li>\n<\/ul>\n<p>&nbsp;<\/p>\n<p>Numer por\u00f3wnawczy Mopar: 68052386AA<\/p>\n<p>&nbsp;<\/p>\n<p><strong>Odpowiedni dla:<\/strong><\/p>\n<table width=\"695\">\n<tbody>\n<tr>\n<td width=\"178\">Dodge<\/td>\n<td width=\"225\">Durango<\/td>\n<td width=\"120\">3.6<\/td>\n<td width=\"172\">2011\u20132025<\/td>\n<\/tr>\n<tr>\n<td width=\"178\">Dodge<\/td>\n<td width=\"225\">Durango<\/td>\n<td width=\"120\">5.7<\/td>\n<td width=\"172\">2011\u20132025<\/td>\n<\/tr>\n<tr>\n<td width=\"178\">Jeep<\/td>\n<td width=\"225\">Grand Cherokee<\/td>\n<td width=\"120\">3.0 MultiJet<\/td>\n<td width=\"172\">2011\u20132021<\/td>\n<\/tr>\n<tr>\n<td width=\"178\">Jeep<\/td>\n<td width=\"225\">Grand Cherokee<\/td>\n<td width=\"120\">3.6<\/td>\n<td width=\"172\">2011\u20132021<\/td>\n<\/tr>\n<tr>\n<td width=\"178\">Jeep<\/td>\n<td width=\"225\">Grand Cherokee<\/td>\n<td width=\"120\">5.7<\/td>\n<td width=\"172\">2011\u20132021<\/td>\n<\/tr>\n<\/tbody>\n<\/table>\n<p>&nbsp;<\/p>\n<p><strong>Nadaje si\u0119 tylko do pojazd\u00f3w z tarcz\u0105 hamulcow\u0105 330 mm.<\/strong><\/p>\n<p>Cena dotyczy 1 zestawu dla kompletnej osi tylnej.<\/p>\n<p>&nbsp;<\/p>\n<p>&nbsp;<\/p>","protected":false},"excerpt":{"rendered":"<p>2011\u20132023<\/p>","protected":false},"featured_media":68274502,"comment_status":"open","ping_status":"closed","template":"","meta":{"_acf_changed":false},"product_brand":[],"product_cat":[17917,17921,17937,17942,17952],"product_tag":[1176,940,1177,839,840,692,798,799,50,4425,36,954,2445,1181,1183,1182,1041,96,841,2323,673],"class_list":{"0":"post-68255702","1":"product","2":"type-product","3":"status-publish","4":"has-post-thumbnail","6":"product_cat-durango-36-bremsbelaege-hinten","7":"product_cat-durango-57-bremsbelaege-hinten","8":"product_cat-grand-cherokee-30-diesel-bremsbelaege-hinten","9":"product_cat-grand-cherokee-36-bremsbelaege-hinten","10":"product_cat-grand-cherokee-57-2011-2021-bremsbelaege-hinten","11":"product_tag-23-1053","12":"product_tag-aftermarket","13":"product_tag-brake","14":"product_tag-bremsklotz","15":"product_tag-bremskloetze","16":"product_tag-ersatzteil","17":"product_tag-hinten","18":"product_tag-hinterachse","19":"product_tag-jeep","20":"product_tag-jeep-grand-cherokee","21":"product_tag-kraftwerk","22":"product_tag-powerstop","23":"product_tag-powerstop-pads","24":"product_tag-race","25":"product_tag-rear","26":"product_tag-replacement","27":"product_tag-sport","28":"product_tag-srt","29":"product_tag-vorne","30":"product_tag-z23-1498","31":"product_tag-zubehoer","33":"first","34":"instock","35":"taxable","36":"shipping-taxable","37":"purchasable","38":"product-type-simple"},"bundled_by":[],"bundle_stock_status":"instock","bundle_stock_quantity":2,"bundle_virtual":false,"bundle_layout":"","bundle_add_to_cart_form_location":"","bundle_editable_in_cart":false,"bundle_sold_individually_context":"","bundle_item_grouping":"","bundle_min_size":"","bundle_max_size":"","bundle_price":[],"bundled_items":[],"bundle_sell_ids":[],"exclude_global_add_ons":[],"addons":[],"acf":[],"_links":{"self":[{"href":"https:\/\/kraftwerk-shop.cc\/pl\/wp-json\/wp\/v2\/product\/68255702","targetHints":{"allow":["GET"]}}],"collection":[{"href":"https:\/\/kraftwerk-shop.cc\/pl\/wp-json\/wp\/v2\/product"}],"about":[{"href":"https:\/\/kraftwerk-shop.cc\/pl\/wp-json\/wp\/v2\/types\/product"}],"replies":[{"embeddable":true,"href":"https:\/\/kraftwerk-shop.cc\/pl\/wp-json\/wp\/v2\/comments?post=68255702"}],"version-history":[{"count":0,"href":"https:\/\/kraftwerk-shop.cc\/pl\/wp-json\/wp\/v2\/product\/68255702\/revisions"}],"wp:featuredmedia":[{"embeddable":true,"href":"https:\/\/kraftwerk-shop.cc\/pl\/wp-json\/wp\/v2\/media\/68274502"}],"wp:attachment":[{"href":"https:\/\/kraftwerk-shop.cc\/pl\/wp-json\/wp\/v2\/media?parent=68255702"}],"wp:term":[{"taxonomy":"product_brand","embeddable":true,"href":"https:\/\/kraftwerk-shop.cc\/pl\/wp-json\/wp\/v2\/product_brand?post=68255702"},{"taxonomy":"product_cat","embeddable":true,"href":"https:\/\/kraftwerk-shop.cc\/pl\/wp-json\/wp\/v2\/product_cat?post=68255702"},{"taxonomy":"product_tag","embeddable":true,"href":"https:\/\/kraftwerk-shop.cc\/pl\/wp-json\/wp\/v2\/product_tag?post=68255702"}],"curies":[{"name":"wp","href":"https:\/\/api.w.org\/{rel}","templated":true}]}}