{"id":68255747,"date":"2021-09-18T17:06:29","date_gmt":"2021-09-18T15:06:29","guid":{"rendered":"https:\/\/kraftwerk-gruppe.de\/?post_type=product&#038;p=68255747"},"modified":"2026-02-15T00:48:33","modified_gmt":"2026-02-14T23:48:33","slug":"tarcze-hamulcowe-ebc-premium-d7240","status":"publish","type":"product","link":"https:\/\/kraftwerk-shop.cc\/pl\/produkt\/ebc-premium-bremsscheiben-d7240\/","title":{"rendered":"Tarcze hamulcowe EBC Premium D7240"},"content":{"rendered":"<h1>Tarcze hamulcowe EBC Premium do Chrysler 300C, Dodge Challenger, Charger, Magnum i Lancia Thema 3.5, 3.6 i 5.7 (o\u015b przednia)<\/h1>\n<p>&nbsp;<\/p>\n<p>EBC oferuje najwy\u017cszej jako\u015bci tarcze hamulcowe jako cz\u0119\u015bci zamienne OE. EBC przywi\u0105zuje r\u00f3wnie\u017c du\u017c\u0105 wag\u0119 do wytwarzania wysokiej jako\u015bci produkt\u00f3w w sektorze cz\u0119\u015bci zamiennych OE, aby zagwarantowa\u0107 bezpiecze\u0144stwo u\u017cytkownika.<\/p>\n<p>Wszystkie tarcze hamulcowe EBC Premium s\u0105 wykonane z \u017celiwa szarego i maj\u0105 wytrzyma\u0142o\u015b\u0107 na rozci\u0105ganie 150N\/m2 z odchyleniem twardo\u015bci powierzchni maks. 20HB.<\/p>\n<p>Tarcze hamulcowe EBC Premium s\u0105 frezowane CNC z tolerancj\u0105 powierzchni 0,01 mm.<\/p>\n<p>Nie jest to zatem tani produkt importowany, ale wysokiej jako\u015bci cz\u0119\u015b\u0107 zamienna OE, kt\u00f3ra w \u017caden spos\u00f3b nie ust\u0119puje jako\u015bci\u0105 oryginalnym tarczom hamulcowym.<\/p>\n<p>Czarna pow\u0142oka proszkowa tarcz hamulcowych zapewnia najlepsz\u0105 mo\u017cliw\u0105 ochron\u0119 przed korozj\u0105 i jest szczeg\u00f3lnie odpowiednia dla pojazd\u00f3w z otwart\u0105 konstrukcj\u0105 obr\u0119czy.<\/p>\n<p>&nbsp;<\/p>\n<p><strong>Cechy produktu:<\/strong><\/p>\n<p>345x28mm \/ wysoko\u015b\u0107: 55mm \/ liczba otwor\u00f3w: 5 \/ okr\u0105g \u015bruby: 114.3mm \/ wentylowany \/ miejsce monta\u017cu: prz\u00f3d<br \/>\nABE: bez rejestracji<\/p>\n<p>Numer OE (tylko do cel\u00f3w por\u00f3wnawczych): 04779196AA, K04779196AF, 00K04779196AG, 4779196AD, 4779196AE, 4779196AF, 4779196AG, 68368064AA<\/p>\n<p><strong>Odpowiedni dla:<\/strong><\/p>\n<table width=\"0\">\n<tbody>\n<tr>\n<td width=\"64\">Chrysler<\/td>\n<td width=\"100\">300C<\/td>\n<td width=\"163\">3.5, 3.6, 5.7<\/td>\n<td width=\"305\">Wszystkie lata modelowe z tarczami hamulcowymi 320 mm<\/td>\n<\/tr>\n<tr>\n<td width=\"64\">Dodge<\/td>\n<td width=\"100\">Challenger<\/td>\n<td width=\"163\">3.5, 3.6, 5.7<\/td>\n<td width=\"305\">Wszystkie lata modelowe z tarczami hamulcowymi 320 mm<\/td>\n<\/tr>\n<tr>\n<td width=\"64\">Dodge<\/td>\n<td width=\"100\">Charger<\/td>\n<td width=\"163\">3.5, 3.6, 5.7<\/td>\n<td width=\"305\">Wszystkie lata modelowe z tarczami hamulcowymi 320 mm<\/td>\n<\/tr>\n<tr>\n<td width=\"64\">Dodge<\/td>\n<td width=\"100\">Magnum<\/td>\n<td width=\"163\">3.5, 5.7<\/td>\n<td width=\"305\">Wszystkie lata modelowe z tarczami hamulcowymi 320 mm<\/td>\n<\/tr>\n<tr>\n<td width=\"64\">Lancia<\/td>\n<td width=\"100\">Temat<\/td>\n<td width=\"163\">3.6<\/td>\n<td width=\"305\">Wszystkie lata modelowe z tarczami hamulcowymi 320 mm<\/td>\n<\/tr>\n<\/tbody>\n<\/table>\n<p><strong><br \/>\nZakres dostawy: <\/strong><\/p>\n<p>- 2 tarcze hamulcowe EBC Premium (D7240) na przedni\u0105 o\u015b<\/p>\n<p><strong>Uwaga:<\/strong><\/p>\n<p>Przed z\u0142o\u017ceniem zam\u00f3wienia nale\u017cy sprawdzi\u0107, czy z przodu pojazdu zamontowane s\u0105 tarcze hamulcowe o \u015brednicy 345 mm czy 320 mm.<br \/>\nDla orientacji mo\u017cna por\u00f3wna\u0107 rozmiar przedniej i tylnej tarczy hamulcowej.<br \/>\nTylne tarcze hamulcowe maj\u0105 zawsze \u015brednic\u0119 320 mm.<\/p>","protected":false},"excerpt":{"rendered":"<p>Tarcze hamulcowe 320 mm<\/p>","protected":false},"featured_media":68274265,"comment_status":"open","ping_status":"closed","template":"","meta":{"_acf_changed":false},"product_brand":[16875],"product_cat":[17714,17717,17721,17725,17729,17707,17705,17699,17741,17745,17749,17753,17769,17773],"product_tag":[2053,2051,18211,18212,18213,18214,87,572,88,52,18210,2054,17578,17579,17580,91,17581,795,796,54,53,48,536,2035,49,3853,3854,964,2442,16877,16876,16878,692,126,2052,36,173,55,794,797,174,216,842,841,673],"class_list":{"0":"post-68255747","1":"product","2":"type-product","3":"status-publish","4":"has-post-thumbnail","6":"product_brand-ebc-brakes","7":"product_cat-300c-30-diesel-bremsscheiben-vorne","8":"product_cat-300c-35-bremsscheiben-vorne","9":"product_cat-300c-36-bremsscheiben-vorne","10":"product_cat-300c-57-2005-2010-bremsscheiben-vorne","11":"product_cat-300c-57-2011-2023-bremsscheiben-vorne","12":"product_cat-challenger-35-bremsscheiben-vorne","13":"product_cat-challenger-36-bremsscheiben-vorne","14":"product_cat-challenger-57-bremsscheiben-vorne","15":"product_cat-charger-35-bremsscheiben-vorne","16":"product_cat-charger-36-bremsscheiben-vorne","17":"product_cat-charger-57-bremsscheiben-vorne","18":"product_cat-charger-57-2011-2023-bremsscheiben-vorne","19":"product_cat-magnum-35-bremsscheiben-vorne","20":"product_cat-magnum-57-bremsscheiben-vorne","21":"product_tag-00k04779196ag","22":"product_tag-04779196aa","23":"product_tag-04779196ad","24":"product_tag-04779196ae","25":"product_tag-04779196af","26":"product_tag-04779196ag","27":"product_tag-2-7","28":"product_tag-3-0-crd","29":"product_tag-3-5","30":"product_tag-300c","31":"product_tag-4779196aa","32":"product_tag-4779196ad","33":"product_tag-4779196ae","34":"product_tag-4779196af","35":"product_tag-4779196ag","36":"product_tag-5-7","37":"product_tag-68368064aa","38":"product_tag-bremse","39":"product_tag-bremsscheibe","40":"product_tag-challenger","41":"product_tag-charger","42":"product_tag-chrysler","43":"product_tag-chrysler-300c","44":"product_tag-d7240","45":"product_tag-dodge","46":"product_tag-dodge-challenger","47":"product_tag-dodge-charger","48":"product_tag-ebc","49":"product_tag-ebc-brakes","50":"product_tag-ebc-bremsbelaege","51":"product_tag-ebc-bremsen","52":"product_tag-ebc-bremsscheiben","53":"product_tag-ersatzteil","54":"product_tag-hemi","55":"product_tag-k04779196af","56":"product_tag-kraftwerk","57":"product_tag-lancia","58":"product_tag-magnum","59":"product_tag-premium","60":"product_tag-sportbremsscheibe","61":"product_tag-thema","62":"product_tag-upgrade","63":"product_tag-vorderachse","64":"product_tag-vorne","65":"product_tag-zubehoer","67":"first","68":"onbackorder","69":"taxable","70":"shipping-taxable","71":"purchasable","72":"product-type-simple"},"bundled_by":[],"bundle_stock_status":"onbackorder","bundle_stock_quantity":0,"bundle_virtual":false,"bundle_layout":"","bundle_add_to_cart_form_location":"","bundle_editable_in_cart":false,"bundle_sold_individually_context":"","bundle_item_grouping":"","bundle_min_size":"","bundle_max_size":"","bundle_price":[],"bundled_items":[],"bundle_sell_ids":[],"exclude_global_add_ons":[],"addons":[],"acf":[],"_links":{"self":[{"href":"https:\/\/kraftwerk-shop.cc\/pl\/wp-json\/wp\/v2\/product\/68255747","targetHints":{"allow":["GET"]}}],"collection":[{"href":"https:\/\/kraftwerk-shop.cc\/pl\/wp-json\/wp\/v2\/product"}],"about":[{"href":"https:\/\/kraftwerk-shop.cc\/pl\/wp-json\/wp\/v2\/types\/product"}],"replies":[{"embeddable":true,"href":"https:\/\/kraftwerk-shop.cc\/pl\/wp-json\/wp\/v2\/comments?post=68255747"}],"version-history":[{"count":0,"href":"https:\/\/kraftwerk-shop.cc\/pl\/wp-json\/wp\/v2\/product\/68255747\/revisions"}],"wp:featuredmedia":[{"embeddable":true,"href":"https:\/\/kraftwerk-shop.cc\/pl\/wp-json\/wp\/v2\/media\/68274265"}],"wp:attachment":[{"href":"https:\/\/kraftwerk-shop.cc\/pl\/wp-json\/wp\/v2\/media?parent=68255747"}],"wp:term":[{"taxonomy":"product_brand","embeddable":true,"href":"https:\/\/kraftwerk-shop.cc\/pl\/wp-json\/wp\/v2\/product_brand?post=68255747"},{"taxonomy":"product_cat","embeddable":true,"href":"https:\/\/kraftwerk-shop.cc\/pl\/wp-json\/wp\/v2\/product_cat?post=68255747"},{"taxonomy":"product_tag","embeddable":true,"href":"https:\/\/kraftwerk-shop.cc\/pl\/wp-json\/wp\/v2\/product_tag?post=68255747"}],"curies":[{"name":"wp","href":"https:\/\/api.w.org\/{rel}","templated":true}]}}