{"id":68255818,"date":"2021-09-21T01:15:25","date_gmt":"2021-09-20T23:15:25","guid":{"rendered":"https:\/\/kraftwerk-gruppe.de\/?post_type=product&#038;p=68255818"},"modified":"2026-02-15T00:47:36","modified_gmt":"2026-02-14T23:47:36","slug":"tarcze-hamulcowe-ebc-premium-d7241","status":"publish","type":"product","link":"https:\/\/kraftwerk-shop.cc\/pl\/produkt\/ebc-premium-bremsscheiben-d7241\/","title":{"rendered":"Tarcze hamulcowe EBC Premium D7241"},"content":{"rendered":"<h1>Tarcze hamulcowe EBC Premium do Chrysler 300C, Dodge Challenger, Charger, Magnum i Lancia Thema 3.0 CRD, 3.5, 3.6 i 5.7 (o\u015b przednia)<\/h1>\n<p>&nbsp;<\/p>\n<p>EBC oferuje najwy\u017cszej jako\u015bci tarcze hamulcowe jako cz\u0119\u015bci zamienne OE. EBC przywi\u0105zuje r\u00f3wnie\u017c du\u017c\u0105 wag\u0119 do wytwarzania wysokiej jako\u015bci produkt\u00f3w w sektorze cz\u0119\u015bci zamiennych OE, aby zagwarantowa\u0107 bezpiecze\u0144stwo u\u017cytkownika.<\/p>\n<p>Wszystkie tarcze hamulcowe EBC Premium s\u0105 wykonane z \u017celiwa szarego i maj\u0105 wytrzyma\u0142o\u015b\u0107 na rozci\u0105ganie 150N\/m2 z odchyleniem twardo\u015bci powierzchni maks. 20HB.<\/p>\n<p>Tarcze hamulcowe EBC Premium s\u0105 frezowane CNC z tolerancj\u0105 powierzchni 0,01 mm.<\/p>\n<p>Nie jest to zatem tani produkt importowany, ale wysokiej jako\u015bci cz\u0119\u015b\u0107 zamienna OE, kt\u00f3ra w \u017caden spos\u00f3b nie ust\u0119puje jako\u015bci\u0105 oryginalnym tarczom hamulcowym.<\/p>\n<p>Czarna pow\u0142oka proszkowa tarcz hamulcowych zapewnia najlepsz\u0105 mo\u017cliw\u0105 ochron\u0119 przed korozj\u0105 i jest szczeg\u00f3lnie odpowiednia dla pojazd\u00f3w z otwart\u0105 konstrukcj\u0105 obr\u0119czy.<\/p>\n<p>&nbsp;<\/p>\n<p><strong>Cechy produktu:<\/strong><\/p>\n<p>345x28mm \/ wysoko\u015b\u0107: 55mm \/ liczba otwor\u00f3w: 5 \/ okr\u0105g \u015bruby: 114.3mm \/ wentylowany \/ miejsce monta\u017cu: prz\u00f3d<br \/>\nABE: bez rejestracji<\/p>\n<p>Numer OE (tylko do cel\u00f3w por\u00f3wnawczych): 4779197AA, 4779197AB, 4779197AC, 4779197AD, 4779197AE, 4779197AF, 4779197AG, 5154118AA, 5154118AB, 5154118AC, 5154118AD, 68368065AA<\/p>\n<p>&nbsp;<\/p>\n<p><strong>Odpowiedni dla:<br \/>\n<\/strong><\/p>\n<table width=\"0\">\n<tbody>\n<tr>\n<td width=\"64\">Chrysler<\/td>\n<td width=\"100\">300C<\/td>\n<td width=\"163\">3.0 CRD, 3.5, 3.6, 5.7<\/td>\n<td width=\"305\">Wszystkie lata modelowe z tarczami hamulcowymi 345 mm<\/td>\n<\/tr>\n<tr>\n<td width=\"64\">Dodge<\/td>\n<td width=\"100\">Challenger<\/td>\n<td width=\"163\">3.5, 3.6, 5.7<\/td>\n<td width=\"305\">Wszystkie lata modelowe z tarczami hamulcowymi 345 mm<\/td>\n<\/tr>\n<tr>\n<td width=\"64\">Dodge<\/td>\n<td width=\"100\">Charger<\/td>\n<td width=\"163\">3.5, 3.6, 5.7<\/td>\n<td width=\"305\">Wszystkie lata modelowe z tarczami hamulcowymi 345 mm<\/td>\n<\/tr>\n<tr>\n<td width=\"64\">Dodge<\/td>\n<td width=\"100\">Magnum<\/td>\n<td width=\"163\">3.5, 5.7<\/td>\n<td width=\"305\">Wszystkie lata modelowe z tarczami hamulcowymi 345 mm<\/td>\n<\/tr>\n<tr>\n<td width=\"64\">Lancia<\/td>\n<td width=\"100\">Temat<\/td>\n<td width=\"163\">3.0 MultiJet, 3.6<\/td>\n<td width=\"305\">Wszystkie lata modelowe z tarczami hamulcowymi 345 mm<\/td>\n<\/tr>\n<\/tbody>\n<\/table>\n<p><strong><br \/>\nZakres dostawy: <\/strong><\/p>\n<p>- 2 tarcze hamulcowe EBC Premium (D7241) na przedni\u0105 o\u015b<\/p>\n<p><strong>Uwaga:<\/strong><\/p>\n<p>Przed z\u0142o\u017ceniem zam\u00f3wienia nale\u017cy sprawdzi\u0107, czy z przodu pojazdu zamontowane s\u0105 tarcze hamulcowe o \u015brednicy 345 mm czy 320 mm.<br \/>\nDla orientacji mo\u017cna por\u00f3wna\u0107 rozmiar przedniej i tylnej tarczy hamulcowej.<br \/>\nTylne tarcze hamulcowe maj\u0105 zawsze \u015brednic\u0119 320 mm.<\/p>","protected":false},"excerpt":{"rendered":"<p>Tarcze hamulcowe 345 mm<\/p>","protected":false},"featured_media":68274264,"comment_status":"open","ping_status":"closed","template":"","meta":{"_acf_changed":false},"product_brand":[16875],"product_cat":[17714,17717,17721,17725,17729,17707,17705,17699,17741,17745,17749,17753,17769,17773],"product_tag":[18199,18200,18201,18202,18203,18204,18205,18206,18207,18208,18209,87,572,88,52,2055,2056,2057,2058,2059,17568,17569,91,2060,17570,17571,17572,17573,795,796,54,53,48,536,2049,49,3853,3854,964,2442,16877,16876,16878,692,126,36,173,55,794,797,174,216,842,841,673],"class_list":{"0":"post-68255818","1":"product","2":"type-product","3":"status-publish","4":"has-post-thumbnail","6":"product_brand-ebc-brakes","7":"product_cat-300c-30-diesel-bremsscheiben-vorne","8":"product_cat-300c-35-bremsscheiben-vorne","9":"product_cat-300c-36-bremsscheiben-vorne","10":"product_cat-300c-57-2005-2010-bremsscheiben-vorne","11":"product_cat-300c-57-2011-2023-bremsscheiben-vorne","12":"product_cat-challenger-35-bremsscheiben-vorne","13":"product_cat-challenger-36-bremsscheiben-vorne","14":"product_cat-challenger-57-bremsscheiben-vorne","15":"product_cat-charger-35-bremsscheiben-vorne","16":"product_cat-charger-36-bremsscheiben-vorne","17":"product_cat-charger-57-bremsscheiben-vorne","18":"product_cat-charger-57-2011-2023-bremsscheiben-vorne","19":"product_cat-magnum-35-bremsscheiben-vorne","20":"product_cat-magnum-57-bremsscheiben-vorne","21":"product_tag-04779197aa","22":"product_tag-04779197ab","23":"product_tag-04779197ac","24":"product_tag-04779197ad","25":"product_tag-04779197ae","26":"product_tag-04779197af","27":"product_tag-04779197ag","28":"product_tag-05154118aa","29":"product_tag-05154118ab","30":"product_tag-05154118ac","31":"product_tag-05154118ad","32":"product_tag-2-7","33":"product_tag-3-0-crd","34":"product_tag-3-5","35":"product_tag-300c","36":"product_tag-4779197aa","37":"product_tag-4779197ab","38":"product_tag-4779197ac","39":"product_tag-4779197ad","40":"product_tag-4779197ae","41":"product_tag-4779197af","42":"product_tag-4779197ag","43":"product_tag-5-7","44":"product_tag-5154118aa","45":"product_tag-5154118ab","46":"product_tag-5154118ac","47":"product_tag-5154118ad","48":"product_tag-68368065aa","49":"product_tag-bremse","50":"product_tag-bremsscheibe","51":"product_tag-challenger","52":"product_tag-charger","53":"product_tag-chrysler","54":"product_tag-chrysler-300c","55":"product_tag-d7241","56":"product_tag-dodge","57":"product_tag-dodge-challenger","58":"product_tag-dodge-charger","59":"product_tag-ebc","60":"product_tag-ebc-brakes","61":"product_tag-ebc-bremsbelaege","62":"product_tag-ebc-bremsen","63":"product_tag-ebc-bremsscheiben","64":"product_tag-ersatzteil","65":"product_tag-hemi","66":"product_tag-kraftwerk","67":"product_tag-lancia","68":"product_tag-magnum","69":"product_tag-premium","70":"product_tag-sportbremsscheibe","71":"product_tag-thema","72":"product_tag-upgrade","73":"product_tag-vorderachse","74":"product_tag-vorne","75":"product_tag-zubehoer","77":"first","78":"instock","79":"taxable","80":"shipping-taxable","81":"purchasable","82":"product-type-simple"},"bundled_by":[],"bundle_stock_status":"instock","bundle_stock_quantity":1,"bundle_virtual":false,"bundle_layout":"","bundle_add_to_cart_form_location":"","bundle_editable_in_cart":false,"bundle_sold_individually_context":"","bundle_item_grouping":"","bundle_min_size":"","bundle_max_size":"","bundle_price":[],"bundled_items":[],"bundle_sell_ids":[],"exclude_global_add_ons":[],"addons":[],"acf":[],"_links":{"self":[{"href":"https:\/\/kraftwerk-shop.cc\/pl\/wp-json\/wp\/v2\/product\/68255818","targetHints":{"allow":["GET"]}}],"collection":[{"href":"https:\/\/kraftwerk-shop.cc\/pl\/wp-json\/wp\/v2\/product"}],"about":[{"href":"https:\/\/kraftwerk-shop.cc\/pl\/wp-json\/wp\/v2\/types\/product"}],"replies":[{"embeddable":true,"href":"https:\/\/kraftwerk-shop.cc\/pl\/wp-json\/wp\/v2\/comments?post=68255818"}],"version-history":[{"count":0,"href":"https:\/\/kraftwerk-shop.cc\/pl\/wp-json\/wp\/v2\/product\/68255818\/revisions"}],"wp:featuredmedia":[{"embeddable":true,"href":"https:\/\/kraftwerk-shop.cc\/pl\/wp-json\/wp\/v2\/media\/68274264"}],"wp:attachment":[{"href":"https:\/\/kraftwerk-shop.cc\/pl\/wp-json\/wp\/v2\/media?parent=68255818"}],"wp:term":[{"taxonomy":"product_brand","embeddable":true,"href":"https:\/\/kraftwerk-shop.cc\/pl\/wp-json\/wp\/v2\/product_brand?post=68255818"},{"taxonomy":"product_cat","embeddable":true,"href":"https:\/\/kraftwerk-shop.cc\/pl\/wp-json\/wp\/v2\/product_cat?post=68255818"},{"taxonomy":"product_tag","embeddable":true,"href":"https:\/\/kraftwerk-shop.cc\/pl\/wp-json\/wp\/v2\/product_tag?post=68255818"}],"curies":[{"name":"wp","href":"https:\/\/api.w.org\/{rel}","templated":true}]}}