{"id":68255828,"date":"2021-09-24T12:13:43","date_gmt":"2021-09-24T10:13:43","guid":{"rendered":"https:\/\/kraftwerk-gruppe.de\/?post_type=product&#038;p=68255828"},"modified":"2026-02-15T00:49:59","modified_gmt":"2026-02-14T23:49:59","slug":"magnaflow-19367-dodge-challenger","status":"publish","type":"product","link":"https:\/\/kraftwerk-shop.cc\/pl\/produkt\/magnaflow-19367-dodge-challenger\/","title":{"rendered":"Uk\u0142ad wydechowy MagnaFlow Competition Series Dodge Challenger"},"content":{"rendered":"<h1>Uk\u0142ad wydechowy MagnaFlow Competition Series dla Dodge Challenger<\/h1>\n<p>&nbsp;<\/p>\n<p>Zaanga\u017cowanie MagnaFlow w projektowanie i produkcj\u0119 najlepszych sportowych uk\u0142ad\u00f3w wydechowych zapewnia doskona\u0142y d\u017awi\u0119k i wra\u017cenia z jazdy. Wykonane z wysokiej jako\u015bci materia\u0142\u00f3w, zaprojektowane z my\u015bl\u0105 o optymalnym dopasowaniu i wydajno\u015bci.<\/p>\n<p>Uk\u0142ad wydechowy ze stali nierdzewnej z serii Competition oferuje maksymaln\u0105 wydajno\u015b\u0107 i agresywny d\u017awi\u0119k wydechu dla Twojego pojazdu.<\/p>\n<p><img decoding=\"async\" class=\"alignnone size-medium wp-image-68255830\" src=\"https:\/\/kraftwerk-shop.cc\/wp-content\/uploads\/2021\/09\/19367_sound-300x141.jpg\" alt=\"\" width=\"300\" height=\"141\" \/><\/p>\n<p>MagnaFlow Competition Series 19367 pasuje do nast\u0119puj\u0105cych modeli:<\/p>\n<table width=\"437\">\n<tbody>\n<tr>\n<td width=\"122\"><strong>Marka<\/strong><\/td>\n<td width=\"136\"><strong>Model<\/strong><\/td>\n<td width=\"96\"><strong>Silnik<\/strong><\/td>\n<td width=\"83\"><strong>Rok<\/strong><\/td>\n<\/tr>\n<tr>\n<td>Dodge<\/td>\n<td>Challenger<\/td>\n<td>5.7<\/td>\n<td>2015\u20132023<\/td>\n<\/tr>\n<tr>\n<td>Dodge<\/td>\n<td>Challenger<\/td>\n<td>6.2 Hellcat<\/td>\n<td>2015\u20132023<\/td>\n<\/tr>\n<tr>\n<td>Dodge<\/td>\n<td>Challenger<\/td>\n<td>6.4<\/td>\n<td>2015\u20132023<\/td>\n<\/tr>\n<\/tbody>\n<\/table>\n<p>&nbsp;<\/p>\n<p><iframe loading=\"lazy\" title=\"Odtwarzacz wideo YouTube\" src=\"https:\/\/www.youtube.com\/embed\/sxFPlXjr7OU\" width=\"882\" height=\"496\" frameborder=\"0\" allowfullscreen=\"allowfullscreen\"><\/iframe><\/p>\n<p><strong>Wa\u017cna uwaga dla pojazd\u00f3w z dezaktywacj\u0105 cylindr\u00f3w:<\/strong><\/p>\n<p>Ze wzgl\u0119du na dezaktywacj\u0119 cylindr\u00f3w, d\u017awi\u0119k w trybie 4-cylindrowym w po\u0142\u0105czeniu ze sportowym wydechem (niezale\u017cnie od producenta) jest cz\u0119sto postrzegany jako \"nieodpowiedni\".<br \/>\nMo\u017cemy temu zaradzi\u0107 poprzez elektroniczn\u0105 dezaktywacj\u0119 cylindr\u00f3w.<br \/>\nPojazd zawsze pracuje na wszystkich 8 cylindrach i zawsze ma po\u017c\u0105dany d\u017awi\u0119k V8.<\/p>","protected":false},"excerpt":{"rendered":"<p>2015\u20132023<\/p>","protected":false},"featured_media":68267009,"comment_status":"open","ping_status":"closed","template":"","meta":{"_acf_changed":false},"product_brand":[18925],"product_cat":[3024,6602,6593,6520],"product_tag":[2063,249,250,251,252,419,420,2066,91,101,93,1035,54,2065,49,3853,2934,100,126,20273,2062,787,547,1034,96,194,2064],"class_list":{"0":"post-68255828","1":"product","2":"type-product","3":"status-publish","4":"has-post-thumbnail","6":"product_brand-magnaflow","7":"product_cat-nicht-nach-eu","8":"product_cat-challenger-57-abgasanlage-catback","9":"product_cat-challenger-hellcat-abgasanlage-catback","10":"product_cat-challenger-64-catback","11":"product_tag-2063","12":"product_tag-249","13":"product_tag-250","14":"product_tag-251","15":"product_tag-252","16":"product_tag-419","17":"product_tag-420","18":"product_tag-2066","19":"product_tag-5-7","20":"product_tag-6-2","21":"product_tag-6-4","22":"product_tag-abgasanlage","23":"product_tag-challenger","24":"product_tag-competition","25":"product_tag-dodge","26":"product_tag-dodge-challenger","27":"product_tag-harder","28":"product_tag-hellcat","29":"product_tag-hemi","30":"product_tag-keintuev","31":"product_tag-magnaflow","32":"product_tag-rt","33":"product_tag-sportauspuff","34":"product_tag-sportauspuffanlage","35":"product_tag-srt","36":"product_tag-v8","37":"product_tag-v8sound","38":"product_shipping_class-spedition-1","40":"first","41":"onbackorder","42":"taxable","43":"shipping-taxable","44":"purchasable","45":"product-type-simple"},"bundled_by":[],"bundle_stock_status":"onbackorder","bundle_stock_quantity":0,"bundle_virtual":false,"bundle_layout":"","bundle_add_to_cart_form_location":"","bundle_editable_in_cart":false,"bundle_sold_individually_context":"","bundle_item_grouping":"","bundle_min_size":"","bundle_max_size":"","bundle_price":[],"bundled_items":[],"bundle_sell_ids":[],"exclude_global_add_ons":[],"addons":[],"acf":[],"_links":{"self":[{"href":"https:\/\/kraftwerk-shop.cc\/pl\/wp-json\/wp\/v2\/product\/68255828","targetHints":{"allow":["GET"]}}],"collection":[{"href":"https:\/\/kraftwerk-shop.cc\/pl\/wp-json\/wp\/v2\/product"}],"about":[{"href":"https:\/\/kraftwerk-shop.cc\/pl\/wp-json\/wp\/v2\/types\/product"}],"replies":[{"embeddable":true,"href":"https:\/\/kraftwerk-shop.cc\/pl\/wp-json\/wp\/v2\/comments?post=68255828"}],"version-history":[{"count":0,"href":"https:\/\/kraftwerk-shop.cc\/pl\/wp-json\/wp\/v2\/product\/68255828\/revisions"}],"wp:featuredmedia":[{"embeddable":true,"href":"https:\/\/kraftwerk-shop.cc\/pl\/wp-json\/wp\/v2\/media\/68267009"}],"wp:attachment":[{"href":"https:\/\/kraftwerk-shop.cc\/pl\/wp-json\/wp\/v2\/media?parent=68255828"}],"wp:term":[{"taxonomy":"product_brand","embeddable":true,"href":"https:\/\/kraftwerk-shop.cc\/pl\/wp-json\/wp\/v2\/product_brand?post=68255828"},{"taxonomy":"product_cat","embeddable":true,"href":"https:\/\/kraftwerk-shop.cc\/pl\/wp-json\/wp\/v2\/product_cat?post=68255828"},{"taxonomy":"product_tag","embeddable":true,"href":"https:\/\/kraftwerk-shop.cc\/pl\/wp-json\/wp\/v2\/product_tag?post=68255828"}],"curies":[{"name":"wp","href":"https:\/\/api.w.org\/{rel}","templated":true}]}}