{"id":68255852,"date":"2021-09-25T12:57:38","date_gmt":"2021-09-25T10:57:38","guid":{"rendered":"https:\/\/kraftwerk-gruppe.de\/?post_type=product&#038;p=68255852"},"modified":"2026-02-15T00:44:46","modified_gmt":"2026-02-14T23:44:46","slug":"tarcze-hamulcowe-ebc-premium-d7558","status":"publish","type":"product","link":"https:\/\/kraftwerk-shop.cc\/pl\/produkt\/ebc-premium-bremsscheiben-d7558\/","title":{"rendered":"Tarcze hamulcowe EBC Premium D7558"},"content":{"rendered":"<h1>Tarcze hamulcowe EBC Premium do Dodge Durango 3.6, 5.7 i Jeep Grand Cherokee 3.0 MultiJet, 3.6 i 5.7 od 2011 (tylna o\u015b)<\/h1>\n<p>&nbsp;<\/p>\n<p>EBC oferuje najwy\u017cszej jako\u015bci tarcze hamulcowe jako cz\u0119\u015bci zamienne OE. EBC przywi\u0105zuje r\u00f3wnie\u017c du\u017c\u0105 wag\u0119 do wytwarzania wysokiej jako\u015bci produkt\u00f3w w sektorze cz\u0119\u015bci zamiennych OE, aby zagwarantowa\u0107 bezpiecze\u0144stwo u\u017cytkownika.<\/p>\n<p>Wszystkie tarcze hamulcowe EBC Premium s\u0105 wykonane z \u017celiwa szarego i maj\u0105 wytrzyma\u0142o\u015b\u0107 na rozci\u0105ganie 150N\/m2 z odchyleniem twardo\u015bci powierzchni maks. 20HB.<\/p>\n<p>Tarcze hamulcowe EBC Premium s\u0105 frezowane CNC z tolerancj\u0105 powierzchni 0,01 mm.<\/p>\n<p>Nie jest to zatem tani produkt importowany, ale wysokiej jako\u015bci cz\u0119\u015b\u0107 zamienna OE, kt\u00f3ra w \u017caden spos\u00f3b nie ust\u0119puje jako\u015bci\u0105 oryginalnym tarczom hamulcowym.<\/p>\n<p>Czarna pow\u0142oka proszkowa tarcz hamulcowych zapewnia najlepsz\u0105 mo\u017cliw\u0105 ochron\u0119 przed korozj\u0105 i jest szczeg\u00f3lnie odpowiednia dla pojazd\u00f3w z otwart\u0105 konstrukcj\u0105 obr\u0119czy.<\/p>\n<p>&nbsp;<\/p>\n<p><strong>Cechy produktu:<\/strong><\/p>\n<p>330x22mm \/ wysoko\u015b\u0107: 63mm \/ liczba otwor\u00f3w: 5 \/ okr\u0105g \u015bruby: 127mm \/ wentylowany \/ zamontowany: ty\u0142<br \/>\nZatwierdzenie: bez rejestracji<\/p>\n<p>Numer OE (tylko do cel\u00f3w por\u00f3wnawczych): 68035022AA, 68035022AB, 68035022AC, 68035022AD, 68035022AE<\/p>\n<p>&nbsp;<\/p>\n<p><strong>Odpowiedni dla:<br \/>\n<\/strong><\/p>\n<table width=\"0\">\n<tbody>\n<tr>\n<td width=\"64\">Dodge<\/td>\n<td width=\"117\">Durango<\/td>\n<td width=\"147\">3.6, 5.7<\/td>\n<td width=\"208\">2011\u20132025<\/td>\n<\/tr>\n<tr>\n<td width=\"64\">Jeep<\/td>\n<td width=\"117\">Grand Cherokee<\/td>\n<td width=\"147\">3.0 MultiJet, 3.6, 5.7<\/td>\n<td width=\"208\">2011\u20132021<\/td>\n<\/tr>\n<\/tbody>\n<\/table>\n<p><strong><br \/>\nZakres dostawy: <\/strong><\/p>\n<p>- 2 tarcze hamulcowe EBC Premium (D7558) na tyln\u0105 o\u015b<\/p>\n<p><strong>Uwaga:<\/strong><\/p>\n<p>Przed z\u0142o\u017ceniem zam\u00f3wienia nale\u017cy sprawdzi\u0107, czy pojazd jest wyposa\u017cony w wentylowane czy niewentylowane tarcze hamulcowe.<br \/>\nTylko nieliczne pojazdy maj\u0105 niewentylowane tarcze hamulcowe z ty\u0142u. Pojazdy te maj\u0105 zwykle ma\u0142e tarcze hamulcowe 320 mm na przedniej osi.<\/p>","protected":false},"excerpt":{"rendered":"<p>2011\u20132023<\/p>","protected":false},"featured_media":68274203,"comment_status":"open","ping_status":"closed","template":"","meta":{"_acf_changed":false},"product_brand":[16875],"product_cat":[17919,17923,17939,17944,17954],"product_tag":[572,169,91,2098,2099,2100,2101,2102,795,796,2097,49,95,964,2442,16877,16876,16878,692,56,126,798,799,50,4425,36,794,797,216,673],"class_list":{"0":"post-68255852","1":"product","2":"type-product","3":"status-publish","4":"has-post-thumbnail","6":"product_brand-ebc-brakes","7":"product_cat-durango-36-bremsscheiben-hinten","8":"product_cat-durango-57-bremsscheiben-hinten","9":"product_cat-grand-cherokee-30-diesel-bremsscheiben-hinten","10":"product_cat-grand-cherokee-36-bremsscheiben-hinten","11":"product_cat-grand-cherokee-57-2011-2021-bremsscheiben-hinten","12":"product_tag-3-0-crd","13":"product_tag-3-6","14":"product_tag-5-7","15":"product_tag-68035022aa","16":"product_tag-68035022ab","17":"product_tag-68035022ac","18":"product_tag-68035022ad","19":"product_tag-68035022ae","20":"product_tag-bremse","21":"product_tag-bremsscheibe","22":"product_tag-d7558","23":"product_tag-dodge","24":"product_tag-durango","25":"product_tag-ebc","26":"product_tag-ebc-brakes","27":"product_tag-ebc-bremsbelaege","28":"product_tag-ebc-bremsen","29":"product_tag-ebc-bremsscheiben","30":"product_tag-ersatzteil","31":"product_tag-grand-cherokee","32":"product_tag-hemi","33":"product_tag-hinten","34":"product_tag-hinterachse","35":"product_tag-jeep","36":"product_tag-jeep-grand-cherokee","37":"product_tag-kraftwerk","38":"product_tag-premium","39":"product_tag-sportbremsscheibe","40":"product_tag-upgrade","41":"product_tag-zubehoer","43":"first","44":"onbackorder","45":"taxable","46":"shipping-taxable","47":"purchasable","48":"product-type-simple"},"bundled_by":[],"bundle_stock_status":"onbackorder","bundle_stock_quantity":0,"bundle_virtual":false,"bundle_layout":"","bundle_add_to_cart_form_location":"","bundle_editable_in_cart":false,"bundle_sold_individually_context":"","bundle_item_grouping":"","bundle_min_size":"","bundle_max_size":"","bundle_price":[],"bundled_items":[],"bundle_sell_ids":[],"exclude_global_add_ons":[],"addons":[],"acf":[],"_links":{"self":[{"href":"https:\/\/kraftwerk-shop.cc\/pl\/wp-json\/wp\/v2\/product\/68255852","targetHints":{"allow":["GET"]}}],"collection":[{"href":"https:\/\/kraftwerk-shop.cc\/pl\/wp-json\/wp\/v2\/product"}],"about":[{"href":"https:\/\/kraftwerk-shop.cc\/pl\/wp-json\/wp\/v2\/types\/product"}],"replies":[{"embeddable":true,"href":"https:\/\/kraftwerk-shop.cc\/pl\/wp-json\/wp\/v2\/comments?post=68255852"}],"version-history":[{"count":0,"href":"https:\/\/kraftwerk-shop.cc\/pl\/wp-json\/wp\/v2\/product\/68255852\/revisions"}],"wp:featuredmedia":[{"embeddable":true,"href":"https:\/\/kraftwerk-shop.cc\/pl\/wp-json\/wp\/v2\/media\/68274203"}],"wp:attachment":[{"href":"https:\/\/kraftwerk-shop.cc\/pl\/wp-json\/wp\/v2\/media?parent=68255852"}],"wp:term":[{"taxonomy":"product_brand","embeddable":true,"href":"https:\/\/kraftwerk-shop.cc\/pl\/wp-json\/wp\/v2\/product_brand?post=68255852"},{"taxonomy":"product_cat","embeddable":true,"href":"https:\/\/kraftwerk-shop.cc\/pl\/wp-json\/wp\/v2\/product_cat?post=68255852"},{"taxonomy":"product_tag","embeddable":true,"href":"https:\/\/kraftwerk-shop.cc\/pl\/wp-json\/wp\/v2\/product_tag?post=68255852"}],"curies":[{"name":"wp","href":"https:\/\/api.w.org\/{rel}","templated":true}]}}