{"id":68255854,"date":"2021-09-25T12:58:07","date_gmt":"2021-09-25T10:58:07","guid":{"rendered":"https:\/\/kraftwerk-gruppe.de\/?post_type=product&#038;p=68255854"},"modified":"2026-02-15T00:45:14","modified_gmt":"2026-02-14T23:45:14","slug":"tarcze-hamulcowe-ebc-premium-d7598","status":"publish","type":"product","link":"https:\/\/kraftwerk-shop.cc\/pl\/produkt\/ebc-premium-bremsscheiben-d7598\/","title":{"rendered":"Tarcze hamulcowe EBC Premium D7598"},"content":{"rendered":"<h1>Tarcze hamulcowe EBC Premium do Dodge Durango 6.2 Hellcat, 6.4 SRT, Jeep Grand Cherokee 6.2 Trackhawk i 6.4 SRT (tylna o\u015b)<\/h1>\n<p>&nbsp;<\/p>\n<p>EBC oferuje najwy\u017cszej jako\u015bci tarcze hamulcowe jako cz\u0119\u015bci zamienne OE. EBC przywi\u0105zuje r\u00f3wnie\u017c du\u017c\u0105 wag\u0119 do wytwarzania wysokiej jako\u015bci produkt\u00f3w w sektorze cz\u0119\u015bci zamiennych OE, aby zagwarantowa\u0107 bezpiecze\u0144stwo u\u017cytkownika.<\/p>\n<p>Wszystkie tarcze hamulcowe EBC Premium s\u0105 wykonane z \u017celiwa szarego i maj\u0105 wytrzyma\u0142o\u015b\u0107 na rozci\u0105ganie 150N\/m2 z odchyleniem twardo\u015bci powierzchni maks. 20HB.<\/p>\n<p>Tarcze hamulcowe EBC Premium s\u0105 frezowane CNC z tolerancj\u0105 powierzchni 0,01 mm.<\/p>\n<p>Nie jest to zatem tani produkt importowany, ale wysokiej jako\u015bci cz\u0119\u015b\u0107 zamienna OE, kt\u00f3ra w \u017caden spos\u00f3b nie ust\u0119puje jako\u015bci\u0105 oryginalnym tarczom hamulcowym.<\/p>\n<p>Czarna pow\u0142oka proszkowa tarcz hamulcowych zapewnia najlepsz\u0105 mo\u017cliw\u0105 ochron\u0119 przed korozj\u0105 i jest szczeg\u00f3lnie odpowiednia dla pojazd\u00f3w z otwart\u0105 konstrukcj\u0105 obr\u0119czy.<\/p>\n<p>&nbsp;<\/p>\n<p><strong>Cechy produktu:<\/strong><\/p>\n<p>350x28mm \/ wysoko\u015b\u0107: 64mm \/ liczba otwor\u00f3w: 5 \/ okr\u0105g \u015bruby: 127mm \/ wentylowany \/ zamontowany: ty\u0142<br \/>\nZatwierdzenie: bez rejestracji<\/p>\n<p>Numer OE (tylko do cel\u00f3w por\u00f3wnawczych): 5181512AA, 5181512AB, 5181512AC, 68256680AA, 68256680AB, 68256680AC<\/p>\n<p>&nbsp;<\/p>\n<p><strong>Odpowiedni dla:<\/strong><\/p>\n<table width=\"530\">\n<tbody>\n<tr>\n<td width=\"141\">Dodge<\/td>\n<td width=\"116\">Durango<\/td>\n<td width=\"176\">6.2 Hellcat<\/td>\n<td width=\"97\">2021\u20132025<\/td>\n<\/tr>\n<tr>\n<td>Dodge<\/td>\n<td>Durango<\/td>\n<td>6.4 SRT<\/td>\n<td>2018\u20132024<\/td>\n<\/tr>\n<tr>\n<td width=\"141\">Jeep<\/td>\n<td width=\"116\">Grand Cherokee<\/td>\n<td width=\"176\">6.2 Trackhawk<\/td>\n<td width=\"97\">2018\u20132021<\/td>\n<\/tr>\n<tr>\n<td>Jeep<\/td>\n<td width=\"116\">Grand Cherokee<\/td>\n<td>6.4 SRT<\/td>\n<td>2011\u20132021<\/td>\n<\/tr>\n<\/tbody>\n<\/table>\n<p>&nbsp;<\/p>\n<p><strong>Zakres dostawy: <\/strong><\/p>\n<p>- 2 tarcze hamulcowe EBC Premium (D7598) dla tylnej osi<\/p>\n<p>&nbsp;<\/p>","protected":false},"excerpt":{"rendered":"<p>Tarcze hamulcowe EBC Premium do Dodge Durango 6.2 Hellcat, 6.4 SRT, Jeep Grand Cherokee 6.2 Trackhawk i 6.4 SRT (tylna o\u015b) &nbsp;<\/p>","protected":false},"featured_media":68274201,"comment_status":"open","ping_status":"closed","template":"","meta":{"_acf_changed":false},"product_brand":[16875],"product_cat":[17931,17935,17964,17969],"product_tag":[18232,18233,18234,217,2106,2107,2108,93,807,808,809,795,796,2105,49,95,964,2442,16877,16876,16878,692,56,100,126,798,799,50,4425,4427,4426,36,794,797,96,102,216,673],"class_list":{"0":"post-68255854","1":"product","2":"type-product","3":"status-publish","4":"has-post-thumbnail","6":"product_brand-ebc-brakes","7":"product_cat-durango-hellcat-bremsscheiben-hinten","8":"product_cat-durango-64-bremsscheiben-hinten","9":"product_cat-trackhawk-bremsscheiben-hinten","10":"product_cat-grand-cherokee-64-bremsscheiben-hinten","11":"product_tag-05181512aa","12":"product_tag-05181512ab","13":"product_tag-05181512ac","14":"product_tag-217","15":"product_tag-5181512aa","16":"product_tag-5181512ab","17":"product_tag-5181512ac","18":"product_tag-6-4","19":"product_tag-68256680aa","20":"product_tag-68256680ab","21":"product_tag-68256680ac","22":"product_tag-bremse","23":"product_tag-bremsscheibe","24":"product_tag-d7598","25":"product_tag-dodge","26":"product_tag-durango","27":"product_tag-ebc","28":"product_tag-ebc-brakes","29":"product_tag-ebc-bremsbelaege","30":"product_tag-ebc-bremsen","31":"product_tag-ebc-bremsscheiben","32":"product_tag-ersatzteil","33":"product_tag-grand-cherokee","34":"product_tag-hellcat","35":"product_tag-hemi","36":"product_tag-hinten","37":"product_tag-hinterachse","38":"product_tag-jeep","39":"product_tag-jeep-grand-cherokee","40":"product_tag-jeep-grand-cherokee-trackhawk","41":"product_tag-jeep-trackhawk","42":"product_tag-kraftwerk","43":"product_tag-premium","44":"product_tag-sportbremsscheibe","45":"product_tag-srt","46":"product_tag-trackhawk","47":"product_tag-upgrade","48":"product_tag-zubehoer","50":"first","51":"outofstock","52":"taxable","53":"shipping-taxable","54":"purchasable","55":"product-type-simple"},"bundled_by":[],"bundle_stock_status":"outofstock","bundle_stock_quantity":0,"bundle_virtual":false,"bundle_layout":"","bundle_add_to_cart_form_location":"","bundle_editable_in_cart":false,"bundle_sold_individually_context":"","bundle_item_grouping":"","bundle_min_size":"","bundle_max_size":"","bundle_price":[],"bundled_items":[],"bundle_sell_ids":[],"exclude_global_add_ons":[],"addons":[],"acf":[],"_links":{"self":[{"href":"https:\/\/kraftwerk-shop.cc\/pl\/wp-json\/wp\/v2\/product\/68255854","targetHints":{"allow":["GET"]}}],"collection":[{"href":"https:\/\/kraftwerk-shop.cc\/pl\/wp-json\/wp\/v2\/product"}],"about":[{"href":"https:\/\/kraftwerk-shop.cc\/pl\/wp-json\/wp\/v2\/types\/product"}],"replies":[{"embeddable":true,"href":"https:\/\/kraftwerk-shop.cc\/pl\/wp-json\/wp\/v2\/comments?post=68255854"}],"version-history":[{"count":0,"href":"https:\/\/kraftwerk-shop.cc\/pl\/wp-json\/wp\/v2\/product\/68255854\/revisions"}],"wp:featuredmedia":[{"embeddable":true,"href":"https:\/\/kraftwerk-shop.cc\/pl\/wp-json\/wp\/v2\/media\/68274201"}],"wp:attachment":[{"href":"https:\/\/kraftwerk-shop.cc\/pl\/wp-json\/wp\/v2\/media?parent=68255854"}],"wp:term":[{"taxonomy":"product_brand","embeddable":true,"href":"https:\/\/kraftwerk-shop.cc\/pl\/wp-json\/wp\/v2\/product_brand?post=68255854"},{"taxonomy":"product_cat","embeddable":true,"href":"https:\/\/kraftwerk-shop.cc\/pl\/wp-json\/wp\/v2\/product_cat?post=68255854"},{"taxonomy":"product_tag","embeddable":true,"href":"https:\/\/kraftwerk-shop.cc\/pl\/wp-json\/wp\/v2\/product_tag?post=68255854"}],"curies":[{"name":"wp","href":"https:\/\/api.w.org\/{rel}","templated":true}]}}