{"id":68255875,"date":"2021-09-25T15:47:18","date_gmt":"2021-09-25T13:47:18","guid":{"rendered":"https:\/\/kraftwerk-gruppe.de\/?post_type=product&#038;p=68255875"},"modified":"2026-03-13T14:21:05","modified_gmt":"2026-03-13T13:21:05","slug":"tarcze-hamulcowe-ebc-premium-gd7243","status":"publish","type":"product","link":"https:\/\/kraftwerk-shop.cc\/pl\/produkt\/ebc-premium-bremsscheiben-gd7243\/","title":{"rendered":"Sportowe tarcze hamulcowe EBC Turbo Groove GD7243"},"content":{"rendered":"<h1>Tarcze hamulcowe EBC Turbo Groove do Chrysler 300C, Dodge Challenger, Charger, Magnum i Lancia Thema 3.0 CRD, 3.5, 3.6 i 5.7 (tylna o\u015b)<\/h1>\n<p>&nbsp;<\/p>\n<p>Powierzchnia cierna sportowej tarczy hamulcowej Turbo Groove jest rowkowana i nacinana.<\/p>\n<p>Szczeliny w tych tarczach hamulcowych s\u0105 frezowane a\u017c do zewn\u0119trznej kraw\u0119dzi.<br \/>\nGwarantuje to, \u017ce gazy hamulcowe, \u015bcieranie, brud i woda mog\u0105 by\u0107 prawie ca\u0142kowicie usuni\u0119te z powierzchni ciernej tarcz hamulcowych.<\/p>\n<p>Co wi\u0119cej, \"ch\u0142odniejsze\" powietrze jest dostarczane przez szczeliny, aby optymalnie przeciwdzia\u0142a\u0107 przegrzaniu klock\u00f3w hamulcowych i tarcz hamulcowych.<\/p>\n<p>Dodatkowe \u017c\u0142obienia na bie\u017cnikach znacznie poprawiaj\u0105 t\u0119 w\u0142a\u015bciwo\u015b\u0107.<br \/>\nZapewnia to wszystkie zalety nawiercanej sportowej tarczy hamulcowej, ale bez ryzyka dobrze znanych p\u0119kni\u0119\u0107 termicznych zwi\u0105zanych z w pe\u0142ni nawierconymi tarczami hamulcowymi.<\/p>\n<p>Dzi\u0119ki naci\u0119ciom klocki hamulcowe zu\u017cywaj\u0105 si\u0119 r\u00f3wnomiernie i r\u00f3wnolegle przez ca\u0142y okres eksploatacji.<\/p>\n<p>Czarna pow\u0142oka proszkowa tarcz Black Dash zapewnia najlepsz\u0105 mo\u017cliw\u0105 ochron\u0119 przed korozj\u0105 i jest szczeg\u00f3lnie odpowiednia dla pojazd\u00f3w z otwart\u0105 konstrukcj\u0105 obr\u0119czy.<\/p>\n<p>&nbsp;<\/p>\n<p><strong>Zalety i wady w skr\u00f3cie:<\/strong><\/p>\n<p>+ Najlepsze mo\u017cliwe ch\u0142odzenie dzi\u0119ki rowkom i szczelinom<br \/>\n+ Najlepsze mo\u017cliwe usuwanie gaz\u00f3w, brudu, wody itp.<br \/>\n+ Ochrona przed korozj\u0105 dzi\u0119ki z\u0142otej pow\u0142oce<br \/>\n+ Brak ryzyka p\u0119kni\u0119\u0107 termicznych, poniewa\u017c nie jest przewiercony na wylot<br \/>\n+ R\u00f3wnomierne zu\u017cycie klock\u00f3w hamulcowych przez ca\u0142y okres eksploatacji<\/p>\n<p>- Wy\u017cszy poziom ha\u0142asu ni\u017c w przypadku tarcz hamulcowych Black Dash<\/p>\n<p>&nbsp;<\/p>\n<p><strong>Cechy produktu:<\/strong><\/p>\n<p>320x22mm \/ wysoko\u015b\u0107: 67mm \/ liczba otwor\u00f3w: 5 \/ okr\u0105g \u015bruby: 114.3mm \/ wentylowany \/ zamontowany: ty\u0142<br \/>\nAutoryzacja: tak<\/p>\n<p>Numer OE (tylko do cel\u00f3w por\u00f3wnawczych): 4779209AB, 4779209AC, 4779209AD, 4779209AE, 4779209AF, 4779209AG, 68241042AA, 68241042AB, 68368072AA, 68368071AA<\/p>\n<p>&nbsp;<\/p>\n<p><strong>Odpowiedni dla:<\/strong><\/p>\n<table width=\"0\">\n<tbody>\n<tr>\n<td width=\"64\">Chrysler<\/td>\n<td width=\"100\">300C<\/td>\n<td width=\"163\">3.0 CRD, 3.5, 3.6, 5.7<\/td>\n<td width=\"305\">Wszystkie lata modelowe z wentylowanymi tarczami hamulcowymi<\/td>\n<\/tr>\n<tr>\n<td width=\"64\">Dodge<\/td>\n<td width=\"100\">Challenger<\/td>\n<td width=\"163\">3.5, 3.6, 5.7<\/td>\n<td width=\"305\">Wszystkie lata modelowe z wentylowanymi tarczami hamulcowymi<\/td>\n<\/tr>\n<tr>\n<td width=\"64\">Dodge<\/td>\n<td width=\"100\">Charger<\/td>\n<td width=\"163\">3.5, 3.6, 5.7<\/td>\n<td width=\"305\">Wszystkie lata modelowe z wentylowanymi tarczami hamulcowymi<\/td>\n<\/tr>\n<tr>\n<td width=\"64\">Dodge<\/td>\n<td width=\"100\">Magnum<\/td>\n<td width=\"163\">3.5, 5.7<\/td>\n<td width=\"305\">Wszystkie lata modelowe z wentylowanymi tarczami hamulcowymi<\/td>\n<\/tr>\n<tr>\n<td width=\"64\">Lancia<\/td>\n<td width=\"100\">Temat<\/td>\n<td width=\"163\">3.0 MultiJet, 3.6<\/td>\n<td width=\"305\">Wszystkie lata modelowe z wentylowanymi tarczami hamulcowymi<\/td>\n<\/tr>\n<\/tbody>\n<\/table>\n<p><strong><br \/>\nZakres dostawy: <\/strong><\/p>\n<p>- 2 tarcze hamulcowe EBC Turbo Groove (GD7243) na tyln\u0105 o\u015b<\/p>\n<p><strong>Uwaga:<\/strong><\/p>\n<p>Przed z\u0142o\u017ceniem zam\u00f3wienia nale\u017cy sprawdzi\u0107, czy pojazd jest wyposa\u017cony w wentylowane czy niewentylowane tarcze hamulcowe.<br \/>\nTylko nieliczne pojazdy maj\u0105 niewentylowane tarcze hamulcowe z ty\u0142u. Pojazdy te maj\u0105 zwykle ma\u0142e tarcze hamulcowe 320 mm na przedniej osi.<\/p>","protected":false},"excerpt":{"rendered":"<p>Wentylowane tarcze hamulcowe<\/p>","protected":false},"featured_media":68274134,"comment_status":"open","ping_status":"closed","template":"","meta":{"_acf_changed":false},"product_brand":[16875],"product_cat":[17713,17718,17722,17726,17730,17708,17706,17700,17742,17746,17750,17754,17770,17774],"product_tag":[18193,18194,18195,18196,18197,18198,87,572,88,52,2071,2072,2074,2073,2075,2077,91,2060,17574,17575,17577,17576,795,796,54,53,48,536,49,3853,3854,964,2442,16877,16876,16878,692,2113,942,2111,941,126,2076,36,173,55,797,174,2110,216,842,841,673],"class_list":{"0":"post-68255875","1":"product","2":"type-product","3":"status-publish","4":"has-post-thumbnail","6":"product_brand-ebc-brakes","7":"product_cat-300c-30-diesel-bremsscheiben-hinten","8":"product_cat-300c-35-bremsscheiben-hinten","9":"product_cat-300c-36-bremsscheiben-hinten","10":"product_cat-300c-57-2005-2010-bremsscheiben-hinten","11":"product_cat-300c-57-2011-2023-bremsscheiben-hinten","12":"product_cat-challenger-35-bremsscheiben-hinten","13":"product_cat-challenger-36-bremsscheiben-hinten","14":"product_cat-challenger-57-bremsscheiben-hinten","15":"product_cat-charger-35-bremsscheiben-hinten","16":"product_cat-charger-36-bremsscheiben-hinten","17":"product_cat-charger-57-bremsscheiben-hinten","18":"product_cat-charger-57-2011-2023-bremsscheiben-hinten","19":"product_cat-magnum-35-bremsscheiben-hinten","20":"product_cat-magnum-57-bremsscheiben-hinten","21":"product_tag-04779209ab","22":"product_tag-04779209ac","23":"product_tag-04779209ad","24":"product_tag-04779209ae","25":"product_tag-04779209af","26":"product_tag-04779209ag","27":"product_tag-2-7","28":"product_tag-3-0-crd","29":"product_tag-3-5","30":"product_tag-300c","31":"product_tag-4779209ab","32":"product_tag-4779209ac","33":"product_tag-4779209ad","34":"product_tag-4779209ae","35":"product_tag-4779209af","36":"product_tag-4779209ag","37":"product_tag-5-7","38":"product_tag-5154118aa","39":"product_tag-68241042aa","40":"product_tag-68241042ab","41":"product_tag-68368071aa","42":"product_tag-68368072aa","43":"product_tag-bremse","44":"product_tag-bremsscheibe","45":"product_tag-challenger","46":"product_tag-charger","47":"product_tag-chrysler","48":"product_tag-chrysler-300c","49":"product_tag-dodge","50":"product_tag-dodge-challenger","51":"product_tag-dodge-charger","52":"product_tag-ebc","53":"product_tag-ebc-brakes","54":"product_tag-ebc-bremsbelaege","55":"product_tag-ebc-bremsen","56":"product_tag-ebc-bremsscheiben","57":"product_tag-ersatzteil","58":"product_tag-gd7243","59":"product_tag-gelocht","60":"product_tag-genutet","61":"product_tag-geschlitzt","62":"product_tag-hemi","63":"product_tag-k04779209aa","64":"product_tag-kraftwerk","65":"product_tag-lancia","66":"product_tag-magnum","67":"product_tag-sportbremsscheibe","68":"product_tag-thema","69":"product_tag-turbo-groove","70":"product_tag-upgrade","71":"product_tag-vorderachse","72":"product_tag-vorne","73":"product_tag-zubehoer","75":"first","76":"instock","77":"taxable","78":"shipping-taxable","79":"purchasable","80":"product-type-simple"},"bundled_by":[],"bundle_stock_status":"instock","bundle_stock_quantity":1,"bundle_virtual":false,"bundle_layout":"","bundle_add_to_cart_form_location":"","bundle_editable_in_cart":false,"bundle_sold_individually_context":"","bundle_item_grouping":"","bundle_min_size":"","bundle_max_size":"","bundle_price":[],"bundled_items":[],"bundle_sell_ids":[],"exclude_global_add_ons":[],"addons":[],"acf":[],"_links":{"self":[{"href":"https:\/\/kraftwerk-shop.cc\/pl\/wp-json\/wp\/v2\/product\/68255875","targetHints":{"allow":["GET"]}}],"collection":[{"href":"https:\/\/kraftwerk-shop.cc\/pl\/wp-json\/wp\/v2\/product"}],"about":[{"href":"https:\/\/kraftwerk-shop.cc\/pl\/wp-json\/wp\/v2\/types\/product"}],"replies":[{"embeddable":true,"href":"https:\/\/kraftwerk-shop.cc\/pl\/wp-json\/wp\/v2\/comments?post=68255875"}],"version-history":[{"count":0,"href":"https:\/\/kraftwerk-shop.cc\/pl\/wp-json\/wp\/v2\/product\/68255875\/revisions"}],"wp:featuredmedia":[{"embeddable":true,"href":"https:\/\/kraftwerk-shop.cc\/pl\/wp-json\/wp\/v2\/media\/68274134"}],"wp:attachment":[{"href":"https:\/\/kraftwerk-shop.cc\/pl\/wp-json\/wp\/v2\/media?parent=68255875"}],"wp:term":[{"taxonomy":"product_brand","embeddable":true,"href":"https:\/\/kraftwerk-shop.cc\/pl\/wp-json\/wp\/v2\/product_brand?post=68255875"},{"taxonomy":"product_cat","embeddable":true,"href":"https:\/\/kraftwerk-shop.cc\/pl\/wp-json\/wp\/v2\/product_cat?post=68255875"},{"taxonomy":"product_tag","embeddable":true,"href":"https:\/\/kraftwerk-shop.cc\/pl\/wp-json\/wp\/v2\/product_tag?post=68255875"}],"curies":[{"name":"wp","href":"https:\/\/api.w.org\/{rel}","templated":true}]}}